{"id":164,"date":"2021-03-23T04:55:56","date_gmt":"2021-03-23T04:55:56","guid":{"rendered":"https:\/\/bli.com.vn\/?page_id=164"},"modified":"2021-05-06T10:18:09","modified_gmt":"2021-05-06T10:18:09","slug":"giai-phap-phan-mem","status":"publish","type":"page","link":"https:\/\/bli.com.vn\/en\/giai-phap-phan-mem\/","title":{"rendered":"Solutions"},"content":{"rendered":"<div class=\"vc_row wpb_row vc_row-fluid\"><div class=\"wpb_column vc_column_container vc_col-sm-12\"><div class=\"vc_column-inner\"><div class=\"wpb_wrapper\">\n\t<div  class=\"wpb_single_image wpb_content_element vc_align_center\">\n\t\t\n\t\t<figure class=\"wpb_wrapper vc_figure\">\n\t\t\t<div class=\"vc_single_image-wrapper   vc_box_border_grey\"><img decoding=\"async\" width=\"1600\" height=\"800\" src=\"https:\/\/bli.com.vn\/wp-content\/uploads\/2021\/03\/giai-phap-phan-mem.jpg\" class=\"vc_single_image-img attachment-full\" alt=\"Gi\u1ea3i ph\u00e1p ph\u1ea7n m\u1ec1m m\u00e3 v\u1ea1ch - bli.com.vn\" srcset=\"https:\/\/bli.com.vn\/wp-content\/uploads\/2021\/03\/giai-phap-phan-mem.jpg 1600w, https:\/\/bli.com.vn\/wp-content\/uploads\/2021\/03\/giai-phap-phan-mem-300x150.jpg 300w, https:\/\/bli.com.vn\/wp-content\/uploads\/2021\/03\/giai-phap-phan-mem-1024x512.jpg 1024w, https:\/\/bli.com.vn\/wp-content\/uploads\/2021\/03\/giai-phap-phan-mem-768x384.jpg 768w, https:\/\/bli.com.vn\/wp-content\/uploads\/2021\/03\/giai-phap-phan-mem-1536x768.jpg 1536w, https:\/\/bli.com.vn\/wp-content\/uploads\/2021\/03\/giai-phap-phan-mem-720x360.jpg 720w\" sizes=\"(max-width: 1600px) 100vw, 1600px\" \/><\/div>\n\t\t<\/figure>\n\t<\/div>\n<\/div><\/div><\/div><\/div><div class=\"vc_row wpb_row vc_row-fluid vc_custom_1620296234420\"><div class=\"wpb_column vc_column_container vc_col-sm-12\"><div class=\"vc_column-inner\"><div class=\"wpb_wrapper\">\n\t<div class=\"wpb_text_column wpb_content_element\" >\n\t\t<div class=\"wpb_wrapper\">\n\t\t\t<h3 style=\"text-align: center;\"><strong>Bringing the Right Solution for the Most Complex Requirements of Production System.<\/strong><\/h3>\n<hr style=\"size: 1px; width: 50px; color: black; margin: auto;\" \/>\n\n\t\t<\/div>\n\t<\/div>\n\n\t<div class=\"wpb_text_column wpb_content_element\" >\n\t\t<div class=\"wpb_wrapper\">\n\t\t\t<p>Barcode \/ coding is an inevitable trend in the development of production and business of enterprises and is increasingly being widely applied in many activities in different industries and fields. It can be said that this is an effective technology to help businesses improve and optimize their operations effectively with a much more economical investment cost than other technology solutions.<\/p>\n<p>Current popular barcode solutions can be mentioned as: retail management, warehouse management, production line management, hospital management, library management, etc.<\/p>\n<p>With a team of experienced programmers, along with the technology support of manufacturing partner firms, BLI Vietnam is capable of providing customers with specialized barcode software solutions, which can be customized according to the needs of customers. transform according to the most complex requirements, bringing the highest operational efficiency to the enterprise's production system.<\/p>\n<h3 style=\"text-align: center;\"><span style=\"color: #ff0000;\"><strong>BLI Vietnam is proud to be the pioneer in building barcode production management software systems according to the actual production requirements of factories in Vietnam.<\/strong><\/span><\/h3>\n<p style=\"text-align: left;\">With a team of experienced engineers, we are confident we can meet the most complex requirements of any model or production scale.<\/p>\n<p><strong>For detailed advice, please contact us at Hotline: 0.82.82.13579 or Email: contact@bli.com.vn<\/strong><\/p>\n\n\t\t<\/div>\n\t<\/div>\n<\/div><\/div><\/div><\/div><div class=\"vc_row wpb_row vc_row-fluid\"><div class=\"wpb_column vc_column_container vc_col-sm-12\"><div class=\"vc_column-inner\"><div class=\"wpb_wrapper\">\n\t<div class=\"wpb_text_column wpb_content_element  vc_custom_1617618974865\" >\n\t\t<div class=\"wpb_wrapper\">\n\t\t\t<h1 style=\"text-align: center;\"><span style=\"color: #ffffff;\"><strong>SOME TYPICAL PROJECTS<\/strong><\/span><\/h1>\n\n\t\t<\/div>\n\t<\/div>\n<\/div><\/div><\/div><\/div><div class=\"vc_row wpb_row vc_row-fluid vc_custom_1620296266102\"><div class=\"wpb_column vc_column_container vc_col-sm-6\"><div class=\"vc_column-inner\"><div class=\"wpb_wrapper\">\n\t<div class=\"wpb_text_column wpb_content_element\" >\n\t\t<div class=\"wpb_wrapper\">\n\t\t\t<p style=\"text-align: center;\"><a href=\"https:\/\/bli.com.vn\/en\/xay-dung-he-thong-quan-ly-san-xuat-bang-ma-vach-cho-nha-may-ina-vina\/\"><img decoding=\"async\" class=\"aligncenter wp-image-271 size-full\" src=\"https:\/\/bli.com.vn\/wp-content\/uploads\/2021\/04\/He-thong-quan-ly-san-xuat-bang-ma-vach-cong-ty-INA-Vina.jpg\" alt=\"X\u00e2y d\u1ef1ng h\u1ec7 th\u1ed1ng qu\u1ea3n l\u00fd s\u1ea3n xu\u1ea5t b\u1eb1ng m\u00e3 v\u1ea1ch cho c\u00f4ng ty INA VINA - bli.com.vn\" width=\"1600\" height=\"592\" srcset=\"https:\/\/bli.com.vn\/wp-content\/uploads\/2021\/04\/He-thong-quan-ly-san-xuat-bang-ma-vach-cong-ty-INA-Vina.jpg 1600w, https:\/\/bli.com.vn\/wp-content\/uploads\/2021\/04\/He-thong-quan-ly-san-xuat-bang-ma-vach-cong-ty-INA-Vina-300x111.jpg 300w, https:\/\/bli.com.vn\/wp-content\/uploads\/2021\/04\/He-thong-quan-ly-san-xuat-bang-ma-vach-cong-ty-INA-Vina-1024x379.jpg 1024w, https:\/\/bli.com.vn\/wp-content\/uploads\/2021\/04\/He-thong-quan-ly-san-xuat-bang-ma-vach-cong-ty-INA-Vina-768x284.jpg 768w, https:\/\/bli.com.vn\/wp-content\/uploads\/2021\/04\/He-thong-quan-ly-san-xuat-bang-ma-vach-cong-ty-INA-Vina-1536x568.jpg 1536w, https:\/\/bli.com.vn\/wp-content\/uploads\/2021\/04\/He-thong-quan-ly-san-xuat-bang-ma-vach-cong-ty-INA-Vina-720x266.jpg 720w\" sizes=\"(max-width: 1600px) 100vw, 1600px\" \/><\/a><a href=\"https:\/\/bli.com.vn\/en\/xay-dung-he-thong-quan-ly-san-xuat-bang-ma-vach-cho-nha-may-ina-vina\/\">Building a production management system by barcode for INA VINA company.<\/a><\/p>\n\n\t\t<\/div>\n\t<\/div>\n<\/div><\/div><\/div><div class=\"wpb_column vc_column_container vc_col-sm-6\"><div class=\"vc_column-inner\"><div class=\"wpb_wrapper\">\n\t<div class=\"wpb_text_column wpb_content_element\" >\n\t\t<div class=\"wpb_wrapper\">\n\t\t\t<p style=\"text-align: center;\"><a href=\"https:\/\/bli.com.vn\/en\/xay-dung-he-thong-kiem-soat-san-xuat-bang-ma-vach-cho-cong-ty-nichias-viet-nam\/\"><img decoding=\"async\" class=\"aligncenter wp-image-300 size-full\" src=\"https:\/\/bli.com.vn\/wp-content\/uploads\/2021\/04\/he-thong-kiem-soat-san-xuat-bang-ma-vach-nichias-viet-nam.jpg\" alt=\"X\u00e2y d\u1ef1ng h\u1ec7 th\u1ed1ng ki\u1ec3m so\u00e1t s\u1ea3n xu\u1ea5t b\u1eb1ng m\u00e3 v\u1ea1ch cho c\u00f4ng ty Nichias Vi\u1ec7t Nam\" width=\"1600\" height=\"592\" srcset=\"https:\/\/bli.com.vn\/wp-content\/uploads\/2021\/04\/he-thong-kiem-soat-san-xuat-bang-ma-vach-nichias-viet-nam.jpg 1600w, https:\/\/bli.com.vn\/wp-content\/uploads\/2021\/04\/he-thong-kiem-soat-san-xuat-bang-ma-vach-nichias-viet-nam-300x111.jpg 300w, https:\/\/bli.com.vn\/wp-content\/uploads\/2021\/04\/he-thong-kiem-soat-san-xuat-bang-ma-vach-nichias-viet-nam-1024x379.jpg 1024w, https:\/\/bli.com.vn\/wp-content\/uploads\/2021\/04\/he-thong-kiem-soat-san-xuat-bang-ma-vach-nichias-viet-nam-768x284.jpg 768w, https:\/\/bli.com.vn\/wp-content\/uploads\/2021\/04\/he-thong-kiem-soat-san-xuat-bang-ma-vach-nichias-viet-nam-1536x568.jpg 1536w, https:\/\/bli.com.vn\/wp-content\/uploads\/2021\/04\/he-thong-kiem-soat-san-xuat-bang-ma-vach-nichias-viet-nam-720x266.jpg 720w\" sizes=\"(max-width: 1600px) 100vw, 1600px\" \/><\/a><a href=\"https:\/\/bli.com.vn\/en\/xay-dung-he-thong-kiem-soat-san-xuat-bang-ma-vach-cho-cong-ty-nichias-viet-nam\/\">Building a production control system with barcodes for Nichias Vietnam Company.<\/a><\/p>\n\n\t\t<\/div>\n\t<\/div>\n<\/div><\/div><\/div><\/div><div class=\"vc_row wpb_row vc_row-fluid vc_custom_1620296285577\"><div class=\"wpb_column vc_column_container vc_col-sm-6\"><div class=\"vc_column-inner\"><div class=\"wpb_wrapper\">\n\t<div class=\"wpb_text_column wpb_content_element\" >\n\t\t<div class=\"wpb_wrapper\">\n\t\t\t<p style=\"text-align: center;\"><a href=\"https:\/\/bli.com.vn\/en\/he-thong-phan-mem-ma-vach-quan-ly-san-xuat-cong-ty-dongyang-hai-phong\/\"><img decoding=\"async\" class=\"alignnone wp-image-380 size-full\" src=\"https:\/\/bli.com.vn\/wp-content\/uploads\/2021\/04\/he-thong-phan-mem-ma-vach-quan-ly-san-xuat-DongYang.jpg\" alt=\"H\u1ec7 th\u1ed1ng ph\u1ea7n m\u1ec1m m\u00e3 v\u1ea1ch qu\u1ea3n l\u00fd s\u1ea3n xu\u1ea5t Drying House cho c\u00f4ng ty DongYang H\u1ea3i Ph\u00f2ng\" width=\"1600\" height=\"592\" srcset=\"https:\/\/bli.com.vn\/wp-content\/uploads\/2021\/04\/he-thong-phan-mem-ma-vach-quan-ly-san-xuat-DongYang.jpg 1600w, https:\/\/bli.com.vn\/wp-content\/uploads\/2021\/04\/he-thong-phan-mem-ma-vach-quan-ly-san-xuat-DongYang-300x111.jpg 300w, https:\/\/bli.com.vn\/wp-content\/uploads\/2021\/04\/he-thong-phan-mem-ma-vach-quan-ly-san-xuat-DongYang-1024x379.jpg 1024w, https:\/\/bli.com.vn\/wp-content\/uploads\/2021\/04\/he-thong-phan-mem-ma-vach-quan-ly-san-xuat-DongYang-768x284.jpg 768w, https:\/\/bli.com.vn\/wp-content\/uploads\/2021\/04\/he-thong-phan-mem-ma-vach-quan-ly-san-xuat-DongYang-1536x568.jpg 1536w, https:\/\/bli.com.vn\/wp-content\/uploads\/2021\/04\/he-thong-phan-mem-ma-vach-quan-ly-san-xuat-DongYang-720x266.jpg 720w\" sizes=\"(max-width: 1600px) 100vw, 1600px\" \/><\/a><a href=\"https:\/\/bli.com.vn\/en\/he-thong-phan-mem-ma-vach-quan-ly-san-xuat-cong-ty-dongyang-hai-phong\/\">Building a barcode software system to manage Drying House production for DongYang Hai Phong company.<\/a><\/p>\n\n\t\t<\/div>\n\t<\/div>\n<\/div><\/div><\/div><div class=\"wpb_column vc_column_container vc_col-sm-6\"><div class=\"vc_column-inner\"><div class=\"wpb_wrapper\"><\/div><\/div><\/div><\/div>","protected":false},"excerpt":{"rendered":"Mang \u0110\u1ebfn Gi\u1ea3i Ph\u00e1p Ph\u00f9 H\u1ee3p Cho Nh\u1eefng Y\u00eau C\u1ea7u Ph\u1ee9c T\u1ea1p Nh\u1ea5t C\u1ee7a H\u1ec7 Th\u1ed1ng S\u1ea3n Xu\u1ea5t M\u00e3 v\u1ea1ch \/ m\u00e3 h\u00f3a l\u00e0 xu th\u1ebf t\u1ea5t y\u1ebfu trong ph\u00e1t tri\u1ec3n s\u1ea3n xu\u1ea5t, kinh doanh c\u1ee7a doanh nghi\u1ec7p v\u00e0 \u0111ang ng\u00e0y c\u00e0ng \u0111\u01b0\u1ee3c \u1ee9ng d\u1ee5ng r\u1ed9ng r\u00e3i trong nhi\u1ec1u ho\u1ea1t \u0111\u1ed9ng t\u1ea1i c\u00e1c ng\u00e0nh ngh\u1ec1, [...]","protected":false},"author":1,"featured_media":0,"parent":0,"menu_order":0,"comment_status":"closed","ping_status":"closed","template":"template-page-builder.php","meta":{"_genesis_hide_title":false,"_genesis_hide_breadcrumbs":false,"_genesis_hide_singular_image":false,"_genesis_hide_footer_widgets":false,"_genesis_custom_body_class":"","_genesis_custom_post_class":"","_genesis_layout":"","footnotes":""},"class_list":{"0":"post-164","1":"page","2":"type-page","3":"status-publish","5":"entry"},"yoast_head":"<!-- This site is optimized with the Yoast SEO plugin v27.3 - https:\/\/yoast.com\/product\/yoast-seo-wordpress\/ -->\n<title>Gi\u1ea3i Ph\u00e1p Ph\u1ea7n M\u1ec1m - BLI Vi\u1ec7t Nam<\/title>\n<meta name=\"robots\" content=\"index, follow, max-snippet:-1, max-image-preview:large, max-video-preview:-1\" \/>\n<link rel=\"canonical\" href=\"https:\/\/bli.com.vn\/en\/giai-phap-phan-mem\/\" \/>\n<meta property=\"og:locale\" content=\"en_US\" \/>\n<meta property=\"og:type\" content=\"article\" \/>\n<meta property=\"og:title\" content=\"Gi\u1ea3i Ph\u00e1p Ph\u1ea7n M\u1ec1m - BLI Vi\u1ec7t Nam\" \/>\n<meta property=\"og:url\" content=\"https:\/\/bli.com.vn\/en\/giai-phap-phan-mem\/\" \/>\n<meta property=\"og:site_name\" content=\"BLI Vi\u1ec7t Nam\" \/>\n<meta property=\"article:modified_time\" content=\"2021-05-06T10:18:09+00:00\" \/>\n<meta property=\"og:image\" content=\"https:\/\/bli.com.vn\/wp-content\/uploads\/2021\/03\/giai-phap-phan-mem.jpg\" \/>\n\t<meta property=\"og:image:width\" content=\"1600\" \/>\n\t<meta property=\"og:image:height\" content=\"800\" \/>\n\t<meta property=\"og:image:type\" content=\"image\/jpeg\" \/>\n<meta name=\"twitter:card\" content=\"summary_large_image\" \/>\n<meta name=\"twitter:image\" content=\"https:\/\/bli.com.vn\/wp-content\/uploads\/2021\/03\/giai-phap-phan-mem.jpg\" \/>\n<meta name=\"twitter:label1\" content=\"Est. reading time\" \/>\n\t<meta name=\"twitter:data1\" content=\"3 minutes\" \/>\n<script type=\"application\/ld+json\" class=\"yoast-schema-graph\">{\"@context\":\"https:\\\/\\\/schema.org\",\"@graph\":[{\"@type\":\"WebPage\",\"@id\":\"https:\\\/\\\/bli.com.vn\\\/giai-phap-phan-mem\\\/\",\"url\":\"https:\\\/\\\/bli.com.vn\\\/giai-phap-phan-mem\\\/\",\"name\":\"Gi\u1ea3i Ph\u00e1p Ph\u1ea7n M\u1ec1m - BLI Vi\u1ec7t Nam\",\"isPartOf\":{\"@id\":\"https:\\\/\\\/bli.com.vn\\\/#website\"},\"primaryImageOfPage\":{\"@id\":\"https:\\\/\\\/bli.com.vn\\\/giai-phap-phan-mem\\\/#primaryimage\"},\"image\":{\"@id\":\"https:\\\/\\\/bli.com.vn\\\/giai-phap-phan-mem\\\/#primaryimage\"},\"thumbnailUrl\":\"https:\\\/\\\/bli.com.vn\\\/wp-content\\\/uploads\\\/2021\\\/04\\\/He-thong-quan-ly-san-xuat-bang-ma-vach-cong-ty-INA-Vina.jpg\",\"datePublished\":\"2021-03-23T04:55:56+00:00\",\"dateModified\":\"2021-05-06T10:18:09+00:00\",\"breadcrumb\":{\"@id\":\"https:\\\/\\\/bli.com.vn\\\/giai-phap-phan-mem\\\/#breadcrumb\"},\"inLanguage\":\"en-US\",\"potentialAction\":[{\"@type\":\"ReadAction\",\"target\":[\"https:\\\/\\\/bli.com.vn\\\/giai-phap-phan-mem\\\/\"]}]},{\"@type\":\"ImageObject\",\"inLanguage\":\"en-US\",\"@id\":\"https:\\\/\\\/bli.com.vn\\\/giai-phap-phan-mem\\\/#primaryimage\",\"url\":\"https:\\\/\\\/bli.com.vn\\\/wp-content\\\/uploads\\\/2021\\\/04\\\/He-thong-quan-ly-san-xuat-bang-ma-vach-cong-ty-INA-Vina.jpg\",\"contentUrl\":\"https:\\\/\\\/bli.com.vn\\\/wp-content\\\/uploads\\\/2021\\\/04\\\/He-thong-quan-ly-san-xuat-bang-ma-vach-cong-ty-INA-Vina.jpg\"},{\"@type\":\"BreadcrumbList\",\"@id\":\"https:\\\/\\\/bli.com.vn\\\/giai-phap-phan-mem\\\/#breadcrumb\",\"itemListElement\":[{\"@type\":\"ListItem\",\"position\":1,\"name\":\"Home\",\"item\":\"https:\\\/\\\/bli.com.vn\\\/\"},{\"@type\":\"ListItem\",\"position\":2,\"name\":\"Gi\u1ea3i Ph\u00e1p Ph\u1ea7n M\u1ec1m\"}]},{\"@type\":\"WebSite\",\"@id\":\"https:\\\/\\\/bli.com.vn\\\/#website\",\"url\":\"https:\\\/\\\/bli.com.vn\\\/\",\"name\":\"BLI Vi\u1ec7t Nam\",\"description\":\"M\u00e1y in, m\u00e1y qu\u00e9t m\u00e3 v\u1ea1ch Zebra, Honeywell, Datalogic\",\"publisher\":{\"@id\":\"https:\\\/\\\/bli.com.vn\\\/#organization\"},\"potentialAction\":[{\"@type\":\"SearchAction\",\"target\":{\"@type\":\"EntryPoint\",\"urlTemplate\":\"https:\\\/\\\/bli.com.vn\\\/?s={search_term_string}\"},\"query-input\":{\"@type\":\"PropertyValueSpecification\",\"valueRequired\":true,\"valueName\":\"search_term_string\"}}],\"inLanguage\":\"en-US\"},{\"@type\":\"Organization\",\"@id\":\"https:\\\/\\\/bli.com.vn\\\/#organization\",\"name\":\"BLI Vi\u1ec7t Nam\",\"url\":\"https:\\\/\\\/bli.com.vn\\\/\",\"logo\":{\"@type\":\"ImageObject\",\"inLanguage\":\"en-US\",\"@id\":\"https:\\\/\\\/bli.com.vn\\\/#\\\/schema\\\/logo\\\/image\\\/\",\"url\":\"https:\\\/\\\/bli.com.vn\\\/wp-content\\\/uploads\\\/2021\\\/03\\\/site-logo.png\",\"contentUrl\":\"https:\\\/\\\/bli.com.vn\\\/wp-content\\\/uploads\\\/2021\\\/03\\\/site-logo.png\",\"width\":\"400\",\"height\":\"150\",\"caption\":\"BLI Vi\u1ec7t Nam\"},\"image\":{\"@id\":\"https:\\\/\\\/bli.com.vn\\\/#\\\/schema\\\/logo\\\/image\\\/\"}}]}<\/script>\n<!-- \/ Yoast SEO plugin. -->","yoast_head_json":{"title":"Gi\u1ea3i Ph\u00e1p Ph\u1ea7n M\u1ec1m - BLI Vi\u1ec7t Nam","robots":{"index":"index","follow":"follow","max-snippet":"max-snippet:-1","max-image-preview":"max-image-preview:large","max-video-preview":"max-video-preview:-1"},"canonical":"https:\/\/bli.com.vn\/en\/giai-phap-phan-mem\/","og_locale":"en_US","og_type":"article","og_title":"Gi\u1ea3i Ph\u00e1p Ph\u1ea7n M\u1ec1m - BLI Vi\u1ec7t Nam","og_url":"https:\/\/bli.com.vn\/en\/giai-phap-phan-mem\/","og_site_name":"BLI Vi\u1ec7t Nam","article_modified_time":"2021-05-06T10:18:09+00:00","og_image":[{"width":1600,"height":800,"url":"https:\/\/bli.com.vn\/wp-content\/uploads\/2021\/03\/giai-phap-phan-mem.jpg","type":"image\/jpeg"}],"twitter_card":"summary_large_image","twitter_image":"https:\/\/bli.com.vn\/wp-content\/uploads\/2021\/03\/giai-phap-phan-mem.jpg","twitter_misc":{"Est. reading time":"3 minutes"},"schema":{"@context":"https:\/\/schema.org","@graph":[{"@type":"WebPage","@id":"https:\/\/bli.com.vn\/giai-phap-phan-mem\/","url":"https:\/\/bli.com.vn\/giai-phap-phan-mem\/","name":"Gi\u1ea3i Ph\u00e1p Ph\u1ea7n M\u1ec1m - BLI Vi\u1ec7t Nam","isPartOf":{"@id":"https:\/\/bli.com.vn\/#website"},"primaryImageOfPage":{"@id":"https:\/\/bli.com.vn\/giai-phap-phan-mem\/#primaryimage"},"image":{"@id":"https:\/\/bli.com.vn\/giai-phap-phan-mem\/#primaryimage"},"thumbnailUrl":"https:\/\/bli.com.vn\/wp-content\/uploads\/2021\/04\/He-thong-quan-ly-san-xuat-bang-ma-vach-cong-ty-INA-Vina.jpg","datePublished":"2021-03-23T04:55:56+00:00","dateModified":"2021-05-06T10:18:09+00:00","breadcrumb":{"@id":"https:\/\/bli.com.vn\/giai-phap-phan-mem\/#breadcrumb"},"inLanguage":"en-US","potentialAction":[{"@type":"ReadAction","target":["https:\/\/bli.com.vn\/giai-phap-phan-mem\/"]}]},{"@type":"ImageObject","inLanguage":"en-US","@id":"https:\/\/bli.com.vn\/giai-phap-phan-mem\/#primaryimage","url":"https:\/\/bli.com.vn\/wp-content\/uploads\/2021\/04\/He-thong-quan-ly-san-xuat-bang-ma-vach-cong-ty-INA-Vina.jpg","contentUrl":"https:\/\/bli.com.vn\/wp-content\/uploads\/2021\/04\/He-thong-quan-ly-san-xuat-bang-ma-vach-cong-ty-INA-Vina.jpg"},{"@type":"BreadcrumbList","@id":"https:\/\/bli.com.vn\/giai-phap-phan-mem\/#breadcrumb","itemListElement":[{"@type":"ListItem","position":1,"name":"Home","item":"https:\/\/bli.com.vn\/"},{"@type":"ListItem","position":2,"name":"Gi\u1ea3i Ph\u00e1p Ph\u1ea7n M\u1ec1m"}]},{"@type":"WebSite","@id":"https:\/\/bli.com.vn\/#website","url":"https:\/\/bli.com.vn\/","name":"BLI Vi\u1ec7t Nam","description":"M\u00e1y in, m\u00e1y qu\u00e9t m\u00e3 v\u1ea1ch Zebra, Honeywell, Datalogic","publisher":{"@id":"https:\/\/bli.com.vn\/#organization"},"potentialAction":[{"@type":"SearchAction","target":{"@type":"EntryPoint","urlTemplate":"https:\/\/bli.com.vn\/?s={search_term_string}"},"query-input":{"@type":"PropertyValueSpecification","valueRequired":true,"valueName":"search_term_string"}}],"inLanguage":"en-US"},{"@type":"Organization","@id":"https:\/\/bli.com.vn\/#organization","name":"BLI Vi\u1ec7t Nam","url":"https:\/\/bli.com.vn\/","logo":{"@type":"ImageObject","inLanguage":"en-US","@id":"https:\/\/bli.com.vn\/#\/schema\/logo\/image\/","url":"https:\/\/bli.com.vn\/wp-content\/uploads\/2021\/03\/site-logo.png","contentUrl":"https:\/\/bli.com.vn\/wp-content\/uploads\/2021\/03\/site-logo.png","width":"400","height":"150","caption":"BLI Vi\u1ec7t Nam"},"image":{"@id":"https:\/\/bli.com.vn\/#\/schema\/logo\/image\/"}}]}},"featured_image_src":null,"featured_image_src_square":null,"_links":{"self":[{"href":"https:\/\/bli.com.vn\/en\/wp-json\/wp\/v2\/pages\/164","targetHints":{"allow":["GET"]}}],"collection":[{"href":"https:\/\/bli.com.vn\/en\/wp-json\/wp\/v2\/pages"}],"about":[{"href":"https:\/\/bli.com.vn\/en\/wp-json\/wp\/v2\/types\/page"}],"author":[{"embeddable":true,"href":"https:\/\/bli.com.vn\/en\/wp-json\/wp\/v2\/users\/1"}],"replies":[{"embeddable":true,"href":"https:\/\/bli.com.vn\/en\/wp-json\/wp\/v2\/comments?post=164"}],"version-history":[{"count":1,"href":"https:\/\/bli.com.vn\/en\/wp-json\/wp\/v2\/pages\/164\/revisions"}],"predecessor-version":[{"id":444,"href":"https:\/\/bli.com.vn\/en\/wp-json\/wp\/v2\/pages\/164\/revisions\/444"}],"wp:attachment":[{"href":"https:\/\/bli.com.vn\/en\/wp-json\/wp\/v2\/media?parent=164"}],"curies":[{"name":"wp","href":"https:\/\/api.w.org\/{rel}","templated":true}]}}