{"id":268,"date":"2021-04-05T10:22:52","date_gmt":"2021-04-05T10:22:52","guid":{"rendered":"https:\/\/bli.com.vn\/?page_id=268"},"modified":"2021-04-27T10:45:42","modified_gmt":"2021-04-27T10:45:42","slug":"xay-dung-he-thong-quan-ly-san-xuat-bang-ma-vach-cho-nha-may-ina-vina","status":"publish","type":"page","link":"https:\/\/bli.com.vn\/en\/xay-dung-he-thong-quan-ly-san-xuat-bang-ma-vach-cho-nha-may-ina-vina\/","title":{"rendered":"X\u00e2y d\u1ef1ng h\u1ec7 th\u1ed1ng qu\u1ea3n l\u00fd s\u1ea3n xu\u1ea5t b\u1eb1ng m\u00e3 v\u1ea1ch cho nh\u00e0 m\u00e1y INA Vina"},"content":{"rendered":"<div class=\"vc_row wpb_row vc_row-fluid\"><div class=\"wpb_column vc_column_container vc_col-sm-12\"><div class=\"vc_column-inner\"><div class=\"wpb_wrapper\">\n\t<div  class=\"wpb_single_image wpb_content_element vc_align_center\">\n\t\t\n\t\t<figure class=\"wpb_wrapper vc_figure\">\n\t\t\t<div class=\"vc_single_image-wrapper   vc_box_border_grey\"><img decoding=\"async\" width=\"1600\" height=\"592\" src=\"https:\/\/bli.com.vn\/wp-content\/uploads\/2021\/04\/He-thong-quan-ly-san-xuat-bang-ma-vach-cong-ty-INA-Vina.jpg\" class=\"vc_single_image-img attachment-full\" alt=\"X\u00e2y d\u1ef1ng h\u1ec7 th\u1ed1ng qu\u1ea3n l\u00fd s\u1ea3n xu\u1ea5t b\u1eb1ng m\u00e3 v\u1ea1ch cho c\u00f4ng ty INA VINA - bli.com.vn\" srcset=\"https:\/\/bli.com.vn\/wp-content\/uploads\/2021\/04\/He-thong-quan-ly-san-xuat-bang-ma-vach-cong-ty-INA-Vina.jpg 1600w, https:\/\/bli.com.vn\/wp-content\/uploads\/2021\/04\/He-thong-quan-ly-san-xuat-bang-ma-vach-cong-ty-INA-Vina-300x111.jpg 300w, https:\/\/bli.com.vn\/wp-content\/uploads\/2021\/04\/He-thong-quan-ly-san-xuat-bang-ma-vach-cong-ty-INA-Vina-1024x379.jpg 1024w, https:\/\/bli.com.vn\/wp-content\/uploads\/2021\/04\/He-thong-quan-ly-san-xuat-bang-ma-vach-cong-ty-INA-Vina-768x284.jpg 768w, https:\/\/bli.com.vn\/wp-content\/uploads\/2021\/04\/He-thong-quan-ly-san-xuat-bang-ma-vach-cong-ty-INA-Vina-1536x568.jpg 1536w, https:\/\/bli.com.vn\/wp-content\/uploads\/2021\/04\/He-thong-quan-ly-san-xuat-bang-ma-vach-cong-ty-INA-Vina-720x266.jpg 720w\" sizes=\"(max-width: 1600px) 100vw, 1600px\" \/><\/div>\n\t\t<\/figure>\n\t<\/div>\n<\/div><\/div><\/div><\/div><div class=\"vc_row wpb_row vc_row-fluid\"><div class=\"wpb_column vc_column_container vc_col-sm-12\"><div class=\"vc_column-inner\"><div class=\"wpb_wrapper\">\n\t<div class=\"wpb_text_column wpb_content_element  vc_custom_1618032943008\" >\n\t\t<div class=\"wpb_wrapper\">\n\t\t\t<h2 style=\"text-align: center;\">Building a production management system by barcode for INA VINA company.<\/h2>\n<hr style=\"size: 1px; width: 50px; color: black; margin: auto;\" \/>\n\n\t\t<\/div>\n\t<\/div>\n<\/div><\/div><\/div><\/div><div class=\"vc_row wpb_row vc_row-fluid\"><div class=\"wpb_column vc_column_container vc_col-sm-12\"><div class=\"vc_column-inner\"><div class=\"wpb_wrapper\">\n\t<div class=\"wpb_text_column wpb_content_element  vc_custom_1617618093330\" >\n\t\t<div class=\"wpb_wrapper\">\n\t\t\t<p>The actual application of barcodes in the production process of most factories in Vietnam today is:<br \/>\n\u2013 Design and print labels on Bartender or Label Matrix software<br \/>\n\u2013 Manage operations and edit information on Bartender or Label Matrix software for different codes (part number)<\/p>\n<p>Studies show that a person will make at least one typing error every 250 keystrokes, while a computer has an error rate of one error every 36 trillion characters scanned.<\/p>\n<p>Therefore, there is a phenomenon that when printed, barcode labels have the same code as previous stamps and the system cannot accurately control the products that have been stamped.<\/p>\n\n\t\t<\/div>\n\t<\/div>\n<\/div><\/div><\/div><\/div><div class=\"vc_row wpb_row vc_row-fluid\"><div class=\"wpb_column vc_column_container vc_col-sm-12\"><div class=\"vc_column-inner\"><div class=\"wpb_wrapper\">\n\t<div class=\"wpb_text_column wpb_content_element  vc_custom_1617620411594\" >\n\t\t<div class=\"wpb_wrapper\">\n\t\t\t<p><strong>Basic features of label printing software and actual data management for INA Vina factory:<\/strong><br \/>\n\u2013 Perform automatic barcode scanning for data checking<br \/>\n\u2013 Requirements to ensure the absolute accuracy of the system<br \/>\n\u2013 System software is designed separately according to the requirements of the factory with an easy-to-see, easy-to-interact interface<\/p>\n<p><strong>Software operation process:<\/strong><br \/>\n<strong>1. Software for printing stamps<\/strong><br \/>\n\u2013 Planning and Managing production tracking (product type, quantity, time, etc.)<br \/>\n\u2013 Operator enters part number and number of labels to print\nSelect the printer to print<br \/>\nCh\u1ecdn m\u00e1y in c\u1ea7n in<br \/>\n<strong>2. Labeling and inspecting goods<\/strong><br \/>\n\u2013 Workers put stamps on products and then put them in the correct position on the conveyor belt<br \/>\n\u2013 When the product passes through the sensor, the sensor will activate for the scanner to read the barcode<br \/>\n\u2013 The barcode will send data to the computer, then there are 2 cases:<br \/>\n<strong>TH1<\/strong>: No fault detected (green light and OK display) -&gt; line continues to run.<br \/>\n<strong>TH2<\/strong>: Fault detected (red indicator light, display NG) -&gt; line stops -&gt; workers remove defective products from conveyor belt -&gt; Reset conveyor belt to continue running.<\/p>\n<p><img decoding=\"async\" class=\"aligncenter wp-image-284 size-full\" src=\"https:\/\/bli.com.vn\/wp-content\/uploads\/2021\/04\/Quy-trinh-dan-nhan-va-kiem-tra-hang-hoa.jpg\" alt=\"Quy trinh d\u00e1n nh\u00e3n v\u00e0 ki\u1ec3m tra h\u00e0ng h\u00f3a - bli.com.vn\" width=\"674\" height=\"312\" srcset=\"https:\/\/bli.com.vn\/wp-content\/uploads\/2021\/04\/Quy-trinh-dan-nhan-va-kiem-tra-hang-hoa.jpg 674w, https:\/\/bli.com.vn\/wp-content\/uploads\/2021\/04\/Quy-trinh-dan-nhan-va-kiem-tra-hang-hoa-300x139.jpg 300w\" sizes=\"(max-width: 674px) 100vw, 674px\" \/><\/p>\n\n\t\t<\/div>\n\t<\/div>\n<\/div><\/div><\/div><\/div><div class=\"vc_row wpb_row vc_row-fluid\"><div class=\"wpb_column vc_column_container vc_col-sm-12\"><div class=\"vc_column-inner\"><div class=\"wpb_wrapper\">\n\t<div class=\"wpb_text_column wpb_content_element  vc_custom_1617617990240\" >\n\t\t<div class=\"wpb_wrapper\">\n\t\t\t<p><strong>List of equipment needed for the system:<\/strong><br \/>\n\u2013 SQL Server installation<br \/>\n\u2013 Computer for test station<br \/>\n\u2013 Computer for test station<br \/>\n\u2013 Warning lights and whistles<br \/>\n\u2013 Barcode scanner\/reader<br \/>\n- Barcode Printer<\/p>\n\n\t\t<\/div>\n\t<\/div>\n<\/div><\/div><\/div><\/div><div class=\"vc_row wpb_row vc_row-fluid\"><div class=\"wpb_column vc_column_container vc_col-sm-12 vc_col-xs-12\"><div class=\"vc_column-inner vc_custom_1618133046645\"><div class=\"wpb_wrapper\">\n\t<div class=\"wpb_video_widget wpb_content_element vc_clearfix   vc_video-aspect-ratio-169 vc_video-el-width-100 vc_video-align-center\" >\n\t\t<div class=\"wpb_wrapper\">\n\t\t\t\n\t\t\t<div class=\"wpb_video_wrapper\"><iframe title=\"X\u00e2y d\u1ef1ng ph\u1ea7n m\u1ec1m qu\u1ea3n l\u00fd m\u00e3 v\u1ea1ch cho quy tr\u00ecnh s\u1ea3n xu\u1ea5t c\u1ee7a c\u00f4ng ty INA VINA\" width=\"500\" height=\"281\" src=\"https:\/\/www.youtube.com\/embed\/B8HdmXhvZ2I?feature=oembed\" frameborder=\"0\" allow=\"accelerometer; autoplay; clipboard-write; encrypted-media; gyroscope; picture-in-picture; web-share\" referrerpolicy=\"strict-origin-when-cross-origin\" allowfullscreen><\/iframe><\/div>\n\t\t<\/div>\n\t<\/div>\n<\/div><\/div><\/div><\/div>","protected":false},"excerpt":{"rendered":"X\u00e2y d\u1ef1ng h\u1ec7 th\u1ed1ng qu\u1ea3n l\u00fd s\u1ea3n xu\u1ea5t b\u1eb1ng m\u00e3 v\u1ea1ch cho c\u00f4ng ty INA VINA Th\u1ef1c t\u1ebf \u1ee9ng d\u1ee5ng m\u00e3 v\u1ea1ch trong quy tr\u00ecnh s\u1ea3n xu\u1ea5t c\u1ee7a h\u1ea7u h\u1ebft c\u00e1c nh\u00e0 m\u00e1y t\u1ea1i Vi\u1ec7t Nam hi\u1ec7n nay l\u00e0: - Thi\u1ebft k\u1ebf v\u00e0 in tem nh\u00e3n tr\u00ean ph\u1ea7n m\u1ec1m Bartender ho\u1eb7c Label Matrix - Qu\u1ea3n [...]","protected":false},"author":1,"featured_media":0,"parent":0,"menu_order":0,"comment_status":"closed","ping_status":"closed","template":"template-page-builder.php","meta":{"_genesis_hide_title":false,"_genesis_hide_breadcrumbs":false,"_genesis_hide_singular_image":false,"_genesis_hide_footer_widgets":false,"_genesis_custom_body_class":"","_genesis_custom_post_class":"","_genesis_layout":"","footnotes":""},"class_list":{"0":"post-268","1":"page","2":"type-page","3":"status-publish","5":"entry"},"yoast_head":"<!-- This site is optimized with the Yoast SEO plugin v27.3 - https:\/\/yoast.com\/product\/yoast-seo-wordpress\/ -->\n<title>X\u00e2y d\u1ef1ng h\u1ec7 th\u1ed1ng qu\u1ea3n l\u00fd s\u1ea3n xu\u1ea5t b\u1eb1ng m\u00e3 v\u1ea1ch cho nh\u00e0 m\u00e1y INA Vina - BLI Vi\u1ec7t Nam<\/title>\n<meta name=\"robots\" content=\"index, follow, max-snippet:-1, max-image-preview:large, max-video-preview:-1\" \/>\n<link rel=\"canonical\" href=\"https:\/\/bli.com.vn\/en\/xay-dung-he-thong-quan-ly-san-xuat-bang-ma-vach-cho-nha-may-ina-vina\/\" \/>\n<meta property=\"og:locale\" content=\"en_US\" \/>\n<meta property=\"og:type\" content=\"article\" \/>\n<meta property=\"og:title\" content=\"X\u00e2y d\u1ef1ng h\u1ec7 th\u1ed1ng qu\u1ea3n l\u00fd s\u1ea3n xu\u1ea5t b\u1eb1ng m\u00e3 v\u1ea1ch cho nh\u00e0 m\u00e1y INA Vina - BLI Vi\u1ec7t Nam\" \/>\n<meta property=\"og:url\" content=\"https:\/\/bli.com.vn\/en\/xay-dung-he-thong-quan-ly-san-xuat-bang-ma-vach-cho-nha-may-ina-vina\/\" \/>\n<meta property=\"og:site_name\" content=\"BLI Vi\u1ec7t Nam\" \/>\n<meta property=\"article:modified_time\" content=\"2021-04-27T10:45:42+00:00\" \/>\n<meta property=\"og:image\" content=\"https:\/\/bli.com.vn\/wp-content\/uploads\/2021\/04\/He-thong-quan-ly-san-xuat-bang-ma-vach-cong-ty-INA-Vina.jpg\" \/>\n\t<meta property=\"og:image:width\" content=\"1600\" \/>\n\t<meta property=\"og:image:height\" content=\"592\" \/>\n\t<meta property=\"og:image:type\" content=\"image\/jpeg\" \/>\n<meta name=\"twitter:card\" content=\"summary_large_image\" \/>\n<meta name=\"twitter:image\" content=\"https:\/\/bli.com.vn\/wp-content\/uploads\/2021\/04\/He-thong-quan-ly-san-xuat-bang-ma-vach-cong-ty-INA-Vina.jpg\" \/>\n<meta name=\"twitter:label1\" content=\"Est. reading time\" \/>\n\t<meta name=\"twitter:data1\" content=\"4 minutes\" \/>\n<script type=\"application\/ld+json\" class=\"yoast-schema-graph\">{\"@context\":\"https:\\\/\\\/schema.org\",\"@graph\":[{\"@type\":\"WebPage\",\"@id\":\"https:\\\/\\\/bli.com.vn\\\/xay-dung-he-thong-quan-ly-san-xuat-bang-ma-vach-cho-nha-may-ina-vina\\\/\",\"url\":\"https:\\\/\\\/bli.com.vn\\\/xay-dung-he-thong-quan-ly-san-xuat-bang-ma-vach-cho-nha-may-ina-vina\\\/\",\"name\":\"X\u00e2y d\u1ef1ng h\u1ec7 th\u1ed1ng qu\u1ea3n l\u00fd s\u1ea3n xu\u1ea5t b\u1eb1ng m\u00e3 v\u1ea1ch cho nh\u00e0 m\u00e1y INA Vina - BLI Vi\u1ec7t Nam\",\"isPartOf\":{\"@id\":\"https:\\\/\\\/bli.com.vn\\\/#website\"},\"primaryImageOfPage\":{\"@id\":\"https:\\\/\\\/bli.com.vn\\\/xay-dung-he-thong-quan-ly-san-xuat-bang-ma-vach-cho-nha-may-ina-vina\\\/#primaryimage\"},\"image\":{\"@id\":\"https:\\\/\\\/bli.com.vn\\\/xay-dung-he-thong-quan-ly-san-xuat-bang-ma-vach-cho-nha-may-ina-vina\\\/#primaryimage\"},\"thumbnailUrl\":\"https:\\\/\\\/bli.com.vn\\\/wp-content\\\/uploads\\\/2021\\\/04\\\/Quy-trinh-dan-nhan-va-kiem-tra-hang-hoa.jpg\",\"datePublished\":\"2021-04-05T10:22:52+00:00\",\"dateModified\":\"2021-04-27T10:45:42+00:00\",\"breadcrumb\":{\"@id\":\"https:\\\/\\\/bli.com.vn\\\/xay-dung-he-thong-quan-ly-san-xuat-bang-ma-vach-cho-nha-may-ina-vina\\\/#breadcrumb\"},\"inLanguage\":\"en-US\",\"potentialAction\":[{\"@type\":\"ReadAction\",\"target\":[\"https:\\\/\\\/bli.com.vn\\\/xay-dung-he-thong-quan-ly-san-xuat-bang-ma-vach-cho-nha-may-ina-vina\\\/\"]}]},{\"@type\":\"ImageObject\",\"inLanguage\":\"en-US\",\"@id\":\"https:\\\/\\\/bli.com.vn\\\/xay-dung-he-thong-quan-ly-san-xuat-bang-ma-vach-cho-nha-may-ina-vina\\\/#primaryimage\",\"url\":\"https:\\\/\\\/bli.com.vn\\\/wp-content\\\/uploads\\\/2021\\\/04\\\/Quy-trinh-dan-nhan-va-kiem-tra-hang-hoa.jpg\",\"contentUrl\":\"https:\\\/\\\/bli.com.vn\\\/wp-content\\\/uploads\\\/2021\\\/04\\\/Quy-trinh-dan-nhan-va-kiem-tra-hang-hoa.jpg\"},{\"@type\":\"BreadcrumbList\",\"@id\":\"https:\\\/\\\/bli.com.vn\\\/xay-dung-he-thong-quan-ly-san-xuat-bang-ma-vach-cho-nha-may-ina-vina\\\/#breadcrumb\",\"itemListElement\":[{\"@type\":\"ListItem\",\"position\":1,\"name\":\"Home\",\"item\":\"https:\\\/\\\/bli.com.vn\\\/\"},{\"@type\":\"ListItem\",\"position\":2,\"name\":\"X\u00e2y d\u1ef1ng h\u1ec7 th\u1ed1ng qu\u1ea3n l\u00fd s\u1ea3n xu\u1ea5t b\u1eb1ng m\u00e3 v\u1ea1ch cho nh\u00e0 m\u00e1y INA Vina\"}]},{\"@type\":\"WebSite\",\"@id\":\"https:\\\/\\\/bli.com.vn\\\/#website\",\"url\":\"https:\\\/\\\/bli.com.vn\\\/\",\"name\":\"BLI Vi\u1ec7t Nam\",\"description\":\"M\u00e1y in, m\u00e1y qu\u00e9t m\u00e3 v\u1ea1ch Zebra, Honeywell, Datalogic\",\"publisher\":{\"@id\":\"https:\\\/\\\/bli.com.vn\\\/#organization\"},\"potentialAction\":[{\"@type\":\"SearchAction\",\"target\":{\"@type\":\"EntryPoint\",\"urlTemplate\":\"https:\\\/\\\/bli.com.vn\\\/?s={search_term_string}\"},\"query-input\":{\"@type\":\"PropertyValueSpecification\",\"valueRequired\":true,\"valueName\":\"search_term_string\"}}],\"inLanguage\":\"en-US\"},{\"@type\":\"Organization\",\"@id\":\"https:\\\/\\\/bli.com.vn\\\/#organization\",\"name\":\"BLI Vi\u1ec7t Nam\",\"url\":\"https:\\\/\\\/bli.com.vn\\\/\",\"logo\":{\"@type\":\"ImageObject\",\"inLanguage\":\"en-US\",\"@id\":\"https:\\\/\\\/bli.com.vn\\\/#\\\/schema\\\/logo\\\/image\\\/\",\"url\":\"https:\\\/\\\/bli.com.vn\\\/wp-content\\\/uploads\\\/2021\\\/03\\\/site-logo.png\",\"contentUrl\":\"https:\\\/\\\/bli.com.vn\\\/wp-content\\\/uploads\\\/2021\\\/03\\\/site-logo.png\",\"width\":\"400\",\"height\":\"150\",\"caption\":\"BLI Vi\u1ec7t Nam\"},\"image\":{\"@id\":\"https:\\\/\\\/bli.com.vn\\\/#\\\/schema\\\/logo\\\/image\\\/\"}}]}<\/script>\n<!-- \/ Yoast SEO plugin. -->","yoast_head_json":{"title":"X\u00e2y d\u1ef1ng h\u1ec7 th\u1ed1ng qu\u1ea3n l\u00fd s\u1ea3n xu\u1ea5t b\u1eb1ng m\u00e3 v\u1ea1ch cho nh\u00e0 m\u00e1y INA Vina - BLI Vi\u1ec7t Nam","robots":{"index":"index","follow":"follow","max-snippet":"max-snippet:-1","max-image-preview":"max-image-preview:large","max-video-preview":"max-video-preview:-1"},"canonical":"https:\/\/bli.com.vn\/en\/xay-dung-he-thong-quan-ly-san-xuat-bang-ma-vach-cho-nha-may-ina-vina\/","og_locale":"en_US","og_type":"article","og_title":"X\u00e2y d\u1ef1ng h\u1ec7 th\u1ed1ng qu\u1ea3n l\u00fd s\u1ea3n xu\u1ea5t b\u1eb1ng m\u00e3 v\u1ea1ch cho nh\u00e0 m\u00e1y INA Vina - BLI Vi\u1ec7t Nam","og_url":"https:\/\/bli.com.vn\/en\/xay-dung-he-thong-quan-ly-san-xuat-bang-ma-vach-cho-nha-may-ina-vina\/","og_site_name":"BLI Vi\u1ec7t Nam","article_modified_time":"2021-04-27T10:45:42+00:00","og_image":[{"width":1600,"height":592,"url":"https:\/\/bli.com.vn\/wp-content\/uploads\/2021\/04\/He-thong-quan-ly-san-xuat-bang-ma-vach-cong-ty-INA-Vina.jpg","type":"image\/jpeg"}],"twitter_card":"summary_large_image","twitter_image":"https:\/\/bli.com.vn\/wp-content\/uploads\/2021\/04\/He-thong-quan-ly-san-xuat-bang-ma-vach-cong-ty-INA-Vina.jpg","twitter_misc":{"Est. reading time":"4 minutes"},"schema":{"@context":"https:\/\/schema.org","@graph":[{"@type":"WebPage","@id":"https:\/\/bli.com.vn\/xay-dung-he-thong-quan-ly-san-xuat-bang-ma-vach-cho-nha-may-ina-vina\/","url":"https:\/\/bli.com.vn\/xay-dung-he-thong-quan-ly-san-xuat-bang-ma-vach-cho-nha-may-ina-vina\/","name":"X\u00e2y d\u1ef1ng h\u1ec7 th\u1ed1ng qu\u1ea3n l\u00fd s\u1ea3n xu\u1ea5t b\u1eb1ng m\u00e3 v\u1ea1ch cho nh\u00e0 m\u00e1y INA Vina - BLI Vi\u1ec7t Nam","isPartOf":{"@id":"https:\/\/bli.com.vn\/#website"},"primaryImageOfPage":{"@id":"https:\/\/bli.com.vn\/xay-dung-he-thong-quan-ly-san-xuat-bang-ma-vach-cho-nha-may-ina-vina\/#primaryimage"},"image":{"@id":"https:\/\/bli.com.vn\/xay-dung-he-thong-quan-ly-san-xuat-bang-ma-vach-cho-nha-may-ina-vina\/#primaryimage"},"thumbnailUrl":"https:\/\/bli.com.vn\/wp-content\/uploads\/2021\/04\/Quy-trinh-dan-nhan-va-kiem-tra-hang-hoa.jpg","datePublished":"2021-04-05T10:22:52+00:00","dateModified":"2021-04-27T10:45:42+00:00","breadcrumb":{"@id":"https:\/\/bli.com.vn\/xay-dung-he-thong-quan-ly-san-xuat-bang-ma-vach-cho-nha-may-ina-vina\/#breadcrumb"},"inLanguage":"en-US","potentialAction":[{"@type":"ReadAction","target":["https:\/\/bli.com.vn\/xay-dung-he-thong-quan-ly-san-xuat-bang-ma-vach-cho-nha-may-ina-vina\/"]}]},{"@type":"ImageObject","inLanguage":"en-US","@id":"https:\/\/bli.com.vn\/xay-dung-he-thong-quan-ly-san-xuat-bang-ma-vach-cho-nha-may-ina-vina\/#primaryimage","url":"https:\/\/bli.com.vn\/wp-content\/uploads\/2021\/04\/Quy-trinh-dan-nhan-va-kiem-tra-hang-hoa.jpg","contentUrl":"https:\/\/bli.com.vn\/wp-content\/uploads\/2021\/04\/Quy-trinh-dan-nhan-va-kiem-tra-hang-hoa.jpg"},{"@type":"BreadcrumbList","@id":"https:\/\/bli.com.vn\/xay-dung-he-thong-quan-ly-san-xuat-bang-ma-vach-cho-nha-may-ina-vina\/#breadcrumb","itemListElement":[{"@type":"ListItem","position":1,"name":"Home","item":"https:\/\/bli.com.vn\/"},{"@type":"ListItem","position":2,"name":"X\u00e2y d\u1ef1ng h\u1ec7 th\u1ed1ng qu\u1ea3n l\u00fd s\u1ea3n xu\u1ea5t b\u1eb1ng m\u00e3 v\u1ea1ch cho nh\u00e0 m\u00e1y INA Vina"}]},{"@type":"WebSite","@id":"https:\/\/bli.com.vn\/#website","url":"https:\/\/bli.com.vn\/","name":"BLI Vi\u1ec7t Nam","description":"M\u00e1y in, m\u00e1y qu\u00e9t m\u00e3 v\u1ea1ch Zebra, Honeywell, Datalogic","publisher":{"@id":"https:\/\/bli.com.vn\/#organization"},"potentialAction":[{"@type":"SearchAction","target":{"@type":"EntryPoint","urlTemplate":"https:\/\/bli.com.vn\/?s={search_term_string}"},"query-input":{"@type":"PropertyValueSpecification","valueRequired":true,"valueName":"search_term_string"}}],"inLanguage":"en-US"},{"@type":"Organization","@id":"https:\/\/bli.com.vn\/#organization","name":"BLI Vi\u1ec7t Nam","url":"https:\/\/bli.com.vn\/","logo":{"@type":"ImageObject","inLanguage":"en-US","@id":"https:\/\/bli.com.vn\/#\/schema\/logo\/image\/","url":"https:\/\/bli.com.vn\/wp-content\/uploads\/2021\/03\/site-logo.png","contentUrl":"https:\/\/bli.com.vn\/wp-content\/uploads\/2021\/03\/site-logo.png","width":"400","height":"150","caption":"BLI Vi\u1ec7t Nam"},"image":{"@id":"https:\/\/bli.com.vn\/#\/schema\/logo\/image\/"}}]}},"featured_image_src":null,"featured_image_src_square":null,"_links":{"self":[{"href":"https:\/\/bli.com.vn\/en\/wp-json\/wp\/v2\/pages\/268","targetHints":{"allow":["GET"]}}],"collection":[{"href":"https:\/\/bli.com.vn\/en\/wp-json\/wp\/v2\/pages"}],"about":[{"href":"https:\/\/bli.com.vn\/en\/wp-json\/wp\/v2\/types\/page"}],"author":[{"embeddable":true,"href":"https:\/\/bli.com.vn\/en\/wp-json\/wp\/v2\/users\/1"}],"replies":[{"embeddable":true,"href":"https:\/\/bli.com.vn\/en\/wp-json\/wp\/v2\/comments?post=268"}],"version-history":[{"count":0,"href":"https:\/\/bli.com.vn\/en\/wp-json\/wp\/v2\/pages\/268\/revisions"}],"wp:attachment":[{"href":"https:\/\/bli.com.vn\/en\/wp-json\/wp\/v2\/media?parent=268"}],"curies":[{"name":"wp","href":"https:\/\/api.w.org\/{rel}","templated":true}]}}