{"id":294,"date":"2021-04-09T03:57:06","date_gmt":"2021-04-09T03:57:06","guid":{"rendered":"https:\/\/bli.com.vn\/?page_id=294"},"modified":"2021-05-06T10:30:03","modified_gmt":"2021-05-06T10:30:03","slug":"xay-dung-he-thong-kiem-soat-san-xuat-bang-ma-vach-cho-cong-ty-nichias-viet-nam","status":"publish","type":"page","link":"https:\/\/bli.com.vn\/en\/xay-dung-he-thong-kiem-soat-san-xuat-bang-ma-vach-cho-cong-ty-nichias-viet-nam\/","title":{"rendered":"Building a production control system with barcodes for Nichias Vietnam Company."},"content":{"rendered":"<div class=\"vc_row wpb_row vc_row-fluid\"><div class=\"wpb_column vc_column_container vc_col-sm-12\"><div class=\"vc_column-inner\"><div class=\"wpb_wrapper\">\n\t<div  class=\"wpb_single_image wpb_content_element vc_align_center\">\n\t\t\n\t\t<figure class=\"wpb_wrapper vc_figure\">\n\t\t\t<div class=\"vc_single_image-wrapper   vc_box_border_grey\"><img decoding=\"async\" width=\"1600\" height=\"592\" src=\"https:\/\/bli.com.vn\/wp-content\/uploads\/2021\/04\/he-thong-kiem-soat-san-xuat-bang-ma-vach-nichias-viet-nam.jpg\" class=\"vc_single_image-img attachment-full\" alt=\"X\u00e2y d\u1ef1ng h\u1ec7 th\u1ed1ng ki\u1ec3m so\u00e1t s\u1ea3n xu\u1ea5t b\u1eb1ng m\u00e3 v\u1ea1ch cho c\u00f4ng ty Nichias Vi\u1ec7t Nam\" srcset=\"https:\/\/bli.com.vn\/wp-content\/uploads\/2021\/04\/he-thong-kiem-soat-san-xuat-bang-ma-vach-nichias-viet-nam.jpg 1600w, https:\/\/bli.com.vn\/wp-content\/uploads\/2021\/04\/he-thong-kiem-soat-san-xuat-bang-ma-vach-nichias-viet-nam-300x111.jpg 300w, https:\/\/bli.com.vn\/wp-content\/uploads\/2021\/04\/he-thong-kiem-soat-san-xuat-bang-ma-vach-nichias-viet-nam-1024x379.jpg 1024w, https:\/\/bli.com.vn\/wp-content\/uploads\/2021\/04\/he-thong-kiem-soat-san-xuat-bang-ma-vach-nichias-viet-nam-768x284.jpg 768w, https:\/\/bli.com.vn\/wp-content\/uploads\/2021\/04\/he-thong-kiem-soat-san-xuat-bang-ma-vach-nichias-viet-nam-1536x568.jpg 1536w, https:\/\/bli.com.vn\/wp-content\/uploads\/2021\/04\/he-thong-kiem-soat-san-xuat-bang-ma-vach-nichias-viet-nam-720x266.jpg 720w\" sizes=\"(max-width: 1600px) 100vw, 1600px\" \/><\/div>\n\t\t<\/figure>\n\t<\/div>\n<\/div><\/div><\/div><\/div><div class=\"vc_row wpb_row vc_row-fluid vc_custom_1617876358144\"><div class=\"wpb_column vc_column_container vc_col-sm-12\"><div class=\"vc_column-inner\"><div class=\"wpb_wrapper\">\n\t<div class=\"wpb_text_column wpb_content_element\" >\n\t\t<div class=\"wpb_wrapper\">\n\t\t\t<h2 style=\"text-align: center;\">Building a production control system with barcodes for Nichias Vietnam Company.<\/h2>\n<hr style=\"size: 1px; width: 50px; color: black; margin: auto;\" \/>\n\n\t\t<\/div>\n\t<\/div>\n\n\t<div class=\"wpb_video_widget wpb_content_element vc_clearfix   vc_video-aspect-ratio-169 vc_video-el-width-100 vc_video-align-left\" >\n\t\t<div class=\"wpb_wrapper\">\n\t\t\t\n\t\t\t<div class=\"wpb_video_wrapper\"><iframe title=\"Production control system for Nichias Vietnam - BLI VI\u1ec6T NAM\" width=\"500\" height=\"281\" src=\"https:\/\/www.youtube.com\/embed\/y4IG92DugjE?feature=oembed\" frameborder=\"0\" allow=\"accelerometer; autoplay; clipboard-write; encrypted-media; gyroscope; picture-in-picture; web-share\" referrerpolicy=\"strict-origin-when-cross-origin\" allowfullscreen><\/iframe><\/div>\n\t\t<\/div>\n\t<\/div>\n<\/div><\/div><\/div><\/div>","protected":false},"excerpt":{"rendered":"Building a production control system with barcodes for Nichias Vietnam Company.","protected":false},"author":1,"featured_media":0,"parent":0,"menu_order":0,"comment_status":"closed","ping_status":"closed","template":"template-page-builder.php","meta":{"_genesis_hide_title":false,"_genesis_hide_breadcrumbs":false,"_genesis_hide_singular_image":false,"_genesis_hide_footer_widgets":false,"_genesis_custom_body_class":"","_genesis_custom_post_class":"","_genesis_layout":"","footnotes":""},"class_list":{"0":"post-294","1":"page","2":"type-page","3":"status-publish","5":"entry"},"yoast_head":"<!-- This site is optimized with the Yoast SEO plugin v27.3 - https:\/\/yoast.com\/product\/yoast-seo-wordpress\/ -->\n<title>X\u00e2y d\u1ef1ng h\u1ec7 th\u1ed1ng ki\u1ec3m so\u00e1t s\u1ea3n xu\u1ea5t b\u1eb1ng m\u00e3 v\u1ea1ch cho C\u00f4ng ty Nichias Vi\u1ec7t Nam - BLI Vi\u1ec7t Nam<\/title>\n<meta name=\"robots\" content=\"index, follow, max-snippet:-1, max-image-preview:large, max-video-preview:-1\" \/>\n<link rel=\"canonical\" href=\"https:\/\/bli.com.vn\/en\/xay-dung-he-thong-kiem-soat-san-xuat-bang-ma-vach-cho-cong-ty-nichias-viet-nam\/\" \/>\n<meta property=\"og:locale\" content=\"en_US\" \/>\n<meta property=\"og:type\" content=\"article\" \/>\n<meta property=\"og:title\" content=\"X\u00e2y d\u1ef1ng h\u1ec7 th\u1ed1ng ki\u1ec3m so\u00e1t s\u1ea3n xu\u1ea5t b\u1eb1ng m\u00e3 v\u1ea1ch cho C\u00f4ng ty Nichias Vi\u1ec7t Nam - BLI Vi\u1ec7t Nam\" \/>\n<meta property=\"og:url\" content=\"https:\/\/bli.com.vn\/en\/xay-dung-he-thong-kiem-soat-san-xuat-bang-ma-vach-cho-cong-ty-nichias-viet-nam\/\" \/>\n<meta property=\"og:site_name\" content=\"BLI Vi\u1ec7t Nam\" \/>\n<meta property=\"article:modified_time\" content=\"2021-05-06T10:30:03+00:00\" \/>\n<meta property=\"og:image\" content=\"https:\/\/bli.com.vn\/wp-content\/uploads\/2021\/04\/he-thong-kiem-soat-san-xuat-bang-ma-vach-nichias-viet-nam.jpg\" \/>\n\t<meta property=\"og:image:width\" content=\"1600\" \/>\n\t<meta property=\"og:image:height\" content=\"592\" \/>\n\t<meta property=\"og:image:type\" content=\"image\/jpeg\" \/>\n<meta name=\"twitter:card\" content=\"summary_large_image\" \/>\n<meta name=\"twitter:image\" content=\"https:\/\/bli.com.vn\/wp-content\/uploads\/2021\/04\/he-thong-kiem-soat-san-xuat-bang-ma-vach-nichias-viet-nam.jpg\" \/>\n<meta name=\"twitter:label1\" content=\"Est. reading time\" \/>\n\t<meta name=\"twitter:data1\" content=\"1 minute\" \/>\n<script type=\"application\/ld+json\" class=\"yoast-schema-graph\">{\"@context\":\"https:\\\/\\\/schema.org\",\"@graph\":[{\"@type\":\"WebPage\",\"@id\":\"https:\\\/\\\/bli.com.vn\\\/xay-dung-he-thong-kiem-soat-san-xuat-bang-ma-vach-cho-cong-ty-nichias-viet-nam\\\/\",\"url\":\"https:\\\/\\\/bli.com.vn\\\/xay-dung-he-thong-kiem-soat-san-xuat-bang-ma-vach-cho-cong-ty-nichias-viet-nam\\\/\",\"name\":\"X\u00e2y d\u1ef1ng h\u1ec7 th\u1ed1ng ki\u1ec3m so\u00e1t s\u1ea3n xu\u1ea5t b\u1eb1ng m\u00e3 v\u1ea1ch cho C\u00f4ng ty Nichias Vi\u1ec7t Nam - BLI Vi\u1ec7t Nam\",\"isPartOf\":{\"@id\":\"https:\\\/\\\/bli.com.vn\\\/#website\"},\"datePublished\":\"2021-04-09T03:57:06+00:00\",\"dateModified\":\"2021-05-06T10:30:03+00:00\",\"breadcrumb\":{\"@id\":\"https:\\\/\\\/bli.com.vn\\\/xay-dung-he-thong-kiem-soat-san-xuat-bang-ma-vach-cho-cong-ty-nichias-viet-nam\\\/#breadcrumb\"},\"inLanguage\":\"en-US\",\"potentialAction\":[{\"@type\":\"ReadAction\",\"target\":[\"https:\\\/\\\/bli.com.vn\\\/xay-dung-he-thong-kiem-soat-san-xuat-bang-ma-vach-cho-cong-ty-nichias-viet-nam\\\/\"]}]},{\"@type\":\"BreadcrumbList\",\"@id\":\"https:\\\/\\\/bli.com.vn\\\/xay-dung-he-thong-kiem-soat-san-xuat-bang-ma-vach-cho-cong-ty-nichias-viet-nam\\\/#breadcrumb\",\"itemListElement\":[{\"@type\":\"ListItem\",\"position\":1,\"name\":\"Home\",\"item\":\"https:\\\/\\\/bli.com.vn\\\/\"},{\"@type\":\"ListItem\",\"position\":2,\"name\":\"X\u00e2y d\u1ef1ng h\u1ec7 th\u1ed1ng ki\u1ec3m so\u00e1t s\u1ea3n xu\u1ea5t b\u1eb1ng m\u00e3 v\u1ea1ch cho C\u00f4ng ty Nichias Vi\u1ec7t Nam\"}]},{\"@type\":\"WebSite\",\"@id\":\"https:\\\/\\\/bli.com.vn\\\/#website\",\"url\":\"https:\\\/\\\/bli.com.vn\\\/\",\"name\":\"BLI Vi\u1ec7t Nam\",\"description\":\"M\u00e1y in, m\u00e1y qu\u00e9t m\u00e3 v\u1ea1ch Zebra, Honeywell, Datalogic\",\"publisher\":{\"@id\":\"https:\\\/\\\/bli.com.vn\\\/#organization\"},\"potentialAction\":[{\"@type\":\"SearchAction\",\"target\":{\"@type\":\"EntryPoint\",\"urlTemplate\":\"https:\\\/\\\/bli.com.vn\\\/?s={search_term_string}\"},\"query-input\":{\"@type\":\"PropertyValueSpecification\",\"valueRequired\":true,\"valueName\":\"search_term_string\"}}],\"inLanguage\":\"en-US\"},{\"@type\":\"Organization\",\"@id\":\"https:\\\/\\\/bli.com.vn\\\/#organization\",\"name\":\"BLI Vi\u1ec7t Nam\",\"url\":\"https:\\\/\\\/bli.com.vn\\\/\",\"logo\":{\"@type\":\"ImageObject\",\"inLanguage\":\"en-US\",\"@id\":\"https:\\\/\\\/bli.com.vn\\\/#\\\/schema\\\/logo\\\/image\\\/\",\"url\":\"https:\\\/\\\/bli.com.vn\\\/wp-content\\\/uploads\\\/2021\\\/03\\\/site-logo.png\",\"contentUrl\":\"https:\\\/\\\/bli.com.vn\\\/wp-content\\\/uploads\\\/2021\\\/03\\\/site-logo.png\",\"width\":\"400\",\"height\":\"150\",\"caption\":\"BLI Vi\u1ec7t Nam\"},\"image\":{\"@id\":\"https:\\\/\\\/bli.com.vn\\\/#\\\/schema\\\/logo\\\/image\\\/\"}}]}<\/script>\n<!-- \/ Yoast SEO plugin. -->","yoast_head_json":{"title":"X\u00e2y d\u1ef1ng h\u1ec7 th\u1ed1ng ki\u1ec3m so\u00e1t s\u1ea3n xu\u1ea5t b\u1eb1ng m\u00e3 v\u1ea1ch cho C\u00f4ng ty Nichias Vi\u1ec7t Nam - BLI Vi\u1ec7t Nam","robots":{"index":"index","follow":"follow","max-snippet":"max-snippet:-1","max-image-preview":"max-image-preview:large","max-video-preview":"max-video-preview:-1"},"canonical":"https:\/\/bli.com.vn\/en\/xay-dung-he-thong-kiem-soat-san-xuat-bang-ma-vach-cho-cong-ty-nichias-viet-nam\/","og_locale":"en_US","og_type":"article","og_title":"X\u00e2y d\u1ef1ng h\u1ec7 th\u1ed1ng ki\u1ec3m so\u00e1t s\u1ea3n xu\u1ea5t b\u1eb1ng m\u00e3 v\u1ea1ch cho C\u00f4ng ty Nichias Vi\u1ec7t Nam - BLI Vi\u1ec7t Nam","og_url":"https:\/\/bli.com.vn\/en\/xay-dung-he-thong-kiem-soat-san-xuat-bang-ma-vach-cho-cong-ty-nichias-viet-nam\/","og_site_name":"BLI Vi\u1ec7t Nam","article_modified_time":"2021-05-06T10:30:03+00:00","og_image":[{"width":1600,"height":592,"url":"https:\/\/bli.com.vn\/wp-content\/uploads\/2021\/04\/he-thong-kiem-soat-san-xuat-bang-ma-vach-nichias-viet-nam.jpg","type":"image\/jpeg"}],"twitter_card":"summary_large_image","twitter_image":"https:\/\/bli.com.vn\/wp-content\/uploads\/2021\/04\/he-thong-kiem-soat-san-xuat-bang-ma-vach-nichias-viet-nam.jpg","twitter_misc":{"Est. reading time":"1 minute"},"schema":{"@context":"https:\/\/schema.org","@graph":[{"@type":"WebPage","@id":"https:\/\/bli.com.vn\/xay-dung-he-thong-kiem-soat-san-xuat-bang-ma-vach-cho-cong-ty-nichias-viet-nam\/","url":"https:\/\/bli.com.vn\/xay-dung-he-thong-kiem-soat-san-xuat-bang-ma-vach-cho-cong-ty-nichias-viet-nam\/","name":"X\u00e2y d\u1ef1ng h\u1ec7 th\u1ed1ng ki\u1ec3m so\u00e1t s\u1ea3n xu\u1ea5t b\u1eb1ng m\u00e3 v\u1ea1ch cho C\u00f4ng ty Nichias Vi\u1ec7t Nam - BLI Vi\u1ec7t Nam","isPartOf":{"@id":"https:\/\/bli.com.vn\/#website"},"datePublished":"2021-04-09T03:57:06+00:00","dateModified":"2021-05-06T10:30:03+00:00","breadcrumb":{"@id":"https:\/\/bli.com.vn\/xay-dung-he-thong-kiem-soat-san-xuat-bang-ma-vach-cho-cong-ty-nichias-viet-nam\/#breadcrumb"},"inLanguage":"en-US","potentialAction":[{"@type":"ReadAction","target":["https:\/\/bli.com.vn\/xay-dung-he-thong-kiem-soat-san-xuat-bang-ma-vach-cho-cong-ty-nichias-viet-nam\/"]}]},{"@type":"BreadcrumbList","@id":"https:\/\/bli.com.vn\/xay-dung-he-thong-kiem-soat-san-xuat-bang-ma-vach-cho-cong-ty-nichias-viet-nam\/#breadcrumb","itemListElement":[{"@type":"ListItem","position":1,"name":"Home","item":"https:\/\/bli.com.vn\/"},{"@type":"ListItem","position":2,"name":"X\u00e2y d\u1ef1ng h\u1ec7 th\u1ed1ng ki\u1ec3m so\u00e1t s\u1ea3n xu\u1ea5t b\u1eb1ng m\u00e3 v\u1ea1ch cho C\u00f4ng ty Nichias Vi\u1ec7t Nam"}]},{"@type":"WebSite","@id":"https:\/\/bli.com.vn\/#website","url":"https:\/\/bli.com.vn\/","name":"BLI Vi\u1ec7t Nam","description":"M\u00e1y in, m\u00e1y qu\u00e9t m\u00e3 v\u1ea1ch Zebra, Honeywell, Datalogic","publisher":{"@id":"https:\/\/bli.com.vn\/#organization"},"potentialAction":[{"@type":"SearchAction","target":{"@type":"EntryPoint","urlTemplate":"https:\/\/bli.com.vn\/?s={search_term_string}"},"query-input":{"@type":"PropertyValueSpecification","valueRequired":true,"valueName":"search_term_string"}}],"inLanguage":"en-US"},{"@type":"Organization","@id":"https:\/\/bli.com.vn\/#organization","name":"BLI Vi\u1ec7t Nam","url":"https:\/\/bli.com.vn\/","logo":{"@type":"ImageObject","inLanguage":"en-US","@id":"https:\/\/bli.com.vn\/#\/schema\/logo\/image\/","url":"https:\/\/bli.com.vn\/wp-content\/uploads\/2021\/03\/site-logo.png","contentUrl":"https:\/\/bli.com.vn\/wp-content\/uploads\/2021\/03\/site-logo.png","width":"400","height":"150","caption":"BLI Vi\u1ec7t Nam"},"image":{"@id":"https:\/\/bli.com.vn\/#\/schema\/logo\/image\/"}}]}},"featured_image_src":null,"featured_image_src_square":null,"_links":{"self":[{"href":"https:\/\/bli.com.vn\/en\/wp-json\/wp\/v2\/pages\/294","targetHints":{"allow":["GET"]}}],"collection":[{"href":"https:\/\/bli.com.vn\/en\/wp-json\/wp\/v2\/pages"}],"about":[{"href":"https:\/\/bli.com.vn\/en\/wp-json\/wp\/v2\/types\/page"}],"author":[{"embeddable":true,"href":"https:\/\/bli.com.vn\/en\/wp-json\/wp\/v2\/users\/1"}],"replies":[{"embeddable":true,"href":"https:\/\/bli.com.vn\/en\/wp-json\/wp\/v2\/comments?post=294"}],"version-history":[{"count":2,"href":"https:\/\/bli.com.vn\/en\/wp-json\/wp\/v2\/pages\/294\/revisions"}],"predecessor-version":[{"id":447,"href":"https:\/\/bli.com.vn\/en\/wp-json\/wp\/v2\/pages\/294\/revisions\/447"}],"wp:attachment":[{"href":"https:\/\/bli.com.vn\/en\/wp-json\/wp\/v2\/media?parent=294"}],"curies":[{"name":"wp","href":"https:\/\/api.w.org\/{rel}","templated":true}]}}