{"id":312,"date":"2021-04-09T10:05:49","date_gmt":"2021-04-09T10:05:49","guid":{"rendered":"https:\/\/bli.com.vn\/?page_id=312"},"modified":"2021-05-06T10:26:23","modified_gmt":"2021-05-06T10:26:23","slug":"he-thong-phan-mem-ma-vach-quan-ly-san-xuat-cong-ty-dongyang-hai-phong","status":"publish","type":"page","link":"https:\/\/bli.com.vn\/en\/he-thong-phan-mem-ma-vach-quan-ly-san-xuat-cong-ty-dongyang-hai-phong\/","title":{"rendered":"H\u1ec7 th\u1ed1ng ph\u1ea7n m\u1ec1m m\u00e3 v\u1ea1ch qu\u1ea3n l\u00fd s\u1ea3n xu\u1ea5t C\u00f4ng ty DongYang H\u1ea3i Ph\u00f2ng"},"content":{"rendered":"<div class=\"vc_row wpb_row vc_row-fluid\"><div class=\"wpb_column vc_column_container vc_col-sm-12\"><div class=\"vc_column-inner\"><div class=\"wpb_wrapper\">\n\t<div  class=\"wpb_single_image wpb_content_element vc_align_center\">\n\t\t\n\t\t<figure class=\"wpb_wrapper vc_figure\">\n\t\t\t<div class=\"vc_single_image-wrapper   vc_box_border_grey\"><img decoding=\"async\" width=\"1600\" height=\"592\" src=\"https:\/\/bli.com.vn\/wp-content\/uploads\/2021\/04\/he-thong-phan-mem-ma-vach-quan-ly-san-xuat-DongYang.jpg\" class=\"vc_single_image-img attachment-full\" alt=\"H\u1ec7 th\u1ed1ng ph\u1ea7n m\u1ec1m m\u00e3 v\u1ea1ch qu\u1ea3n l\u00fd s\u1ea3n xu\u1ea5t Drying House cho c\u00f4ng ty DongYang H\u1ea3i Ph\u00f2ng\" srcset=\"https:\/\/bli.com.vn\/wp-content\/uploads\/2021\/04\/he-thong-phan-mem-ma-vach-quan-ly-san-xuat-DongYang.jpg 1600w, https:\/\/bli.com.vn\/wp-content\/uploads\/2021\/04\/he-thong-phan-mem-ma-vach-quan-ly-san-xuat-DongYang-300x111.jpg 300w, https:\/\/bli.com.vn\/wp-content\/uploads\/2021\/04\/he-thong-phan-mem-ma-vach-quan-ly-san-xuat-DongYang-1024x379.jpg 1024w, https:\/\/bli.com.vn\/wp-content\/uploads\/2021\/04\/he-thong-phan-mem-ma-vach-quan-ly-san-xuat-DongYang-768x284.jpg 768w, https:\/\/bli.com.vn\/wp-content\/uploads\/2021\/04\/he-thong-phan-mem-ma-vach-quan-ly-san-xuat-DongYang-1536x568.jpg 1536w, https:\/\/bli.com.vn\/wp-content\/uploads\/2021\/04\/he-thong-phan-mem-ma-vach-quan-ly-san-xuat-DongYang-720x266.jpg 720w\" sizes=\"(max-width: 1600px) 100vw, 1600px\" \/><\/div>\n\t\t<\/figure>\n\t<\/div>\n<\/div><\/div><\/div><\/div><div class=\"vc_row wpb_row vc_row-fluid\"><div class=\"wpb_column vc_column_container vc_col-sm-12\"><div class=\"vc_column-inner\"><div class=\"wpb_wrapper\">\n\t<div class=\"wpb_text_column wpb_content_element  vc_custom_1618033092717\" >\n\t\t<div class=\"wpb_wrapper\">\n\t\t\t<h2 style=\"text-align: center;\">Building a barcode software system to manage Drying House production for DongYang Hai Phong company.<\/h2>\n<hr style=\"size: 1px; width: 50px; color: black; margin: auto;\" \/>\n\n\t\t<\/div>\n\t<\/div>\n<\/div><\/div><\/div><\/div><div class=\"vc_row wpb_row vc_row-fluid\"><div class=\"wpb_column vc_column_container vc_col-sm-12\"><div class=\"vc_column-inner\"><div class=\"wpb_wrapper\">\n\t<div class=\"wpb_text_column wpb_content_element  vc_custom_1618033127250\" >\n\t\t<div class=\"wpb_wrapper\">\n\t\t\t<h3><strong>Software functions:<\/strong><\/h3>\n<table width=\"453\">\n<tbody>\n<tr>\n<td width=\"453\"><strong>User Administration<\/strong><br \/>\nAdminister user accounts when logging into the system<\/td>\n<\/tr>\n<tr>\n<td width=\"453\"><strong>Decentralized management<\/strong><br \/>\nDecentralize accounts according to each function of the system<\/td>\n<\/tr>\n<tr>\n<td width=\"453\">Declare a list of warehouses<br \/>\nDeclare warehouse list information and print input + output barcodes<\/td>\n<\/tr>\n<tr>\n<td width=\"453\"><strong>Request a list of products<\/strong><br \/>\nDeclare product list information<\/td>\n<\/tr>\n<tr>\n<td width=\"453\"><strong>Setting up the drying time matrix<\/strong><br \/>\nSet product drying time in multiple steps<\/td>\n<\/tr>\n<tr>\n<td width=\"453\"><strong>Sign up for barcode printing<\/strong><br \/>\nRegister to print product barcodes by date and ordinal number<\/td>\n<\/tr>\n<tr>\n<td width=\"453\"><strong>Enter the warehouse of dried products<\/strong><br \/>\nScan barcode on the PDA (BC location + product BC) to register to store dried products (If it is step 2 onwards, the drying result of step 1 must be OK to enter the warehouse)<\/td>\n<\/tr>\n<tr>\n<td width=\"453\"><strong>Export of dried products<\/strong><br \/>\nScan barcode on PDA (BC location + product BC) to check the results of drying products and warn if the product has not had enough time or is over time<\/td>\n<\/tr>\n<tr>\n<td width=\"453\"><strong>Monitor and alert dried products<\/strong><br \/>\nDisplays a list of products that are drying and receives a signal from a mobile device when an OK\/NG product is available to send a signal to the buzzer light.<\/td>\n<\/tr>\n<tr>\n<td width=\"453\"><strong>Check the status of the dried product<\/strong><br \/>\nScan barcode on mobile device (product BC) to check the status of product drying steps<\/td>\n<\/tr>\n<tr>\n<td width=\"453\"><strong>Synthesis report<\/strong><br \/>\n\u2013 Statistics of product drying results by step and time period<br \/>\n- Summary statistics of finished products over time.<br \/>\n\u2013 Look up drying history<\/td>\n<\/tr>\n<\/tbody>\n<\/table>\n\n\t\t<\/div>\n\t<\/div>\n<\/div><\/div><\/div><\/div><div class=\"vc_row wpb_row vc_row-fluid\"><div class=\"wpb_column vc_column_container vc_col-sm-12\"><div class=\"vc_column-inner\"><div class=\"wpb_wrapper\">\n\t<div class=\"wpb_video_widget wpb_content_element vc_clearfix   vc_custom_1620296618711 vc_video-aspect-ratio-169 vc_video-el-width-100 vc_video-align-center\" >\n\t\t<div class=\"wpb_wrapper\">\n\t\t\t\n\t\t\t<div class=\"wpb_video_wrapper\"><iframe title=\"H\u1ec7 th\u1ed1ng ph\u1ea7n m\u1ec1m m\u00e3 v\u1ea1ch qu\u1ea3n l\u00fd s\u1ea3n xu\u1ea5t - C\u00f4ng ty DongYang H\u1ea3i Ph\u00f2ng | BLI Vi\u1ec7t Nam\" width=\"500\" height=\"281\" src=\"https:\/\/www.youtube.com\/embed\/7eIkW4n9sxA?feature=oembed\" frameborder=\"0\" allow=\"accelerometer; autoplay; clipboard-write; encrypted-media; gyroscope; picture-in-picture; web-share\" referrerpolicy=\"strict-origin-when-cross-origin\" allowfullscreen><\/iframe><\/div>\n\t\t<\/div>\n\t<\/div>\n<\/div><\/div><\/div><\/div>","protected":false},"excerpt":{"rendered":"X\u00e2y d\u1ef1ng h\u1ec7 th\u1ed1ng ph\u1ea7n m\u1ec1m m\u00e3 v\u1ea1ch qu\u1ea3n l\u00fd s\u1ea3n xu\u1ea5t Drying House cho c\u00f4ng ty DongYang H\u1ea3i Ph\u00f2ng C\u00e1c ch\u1ee9c n\u0103ng c\u1ee7a ph\u1ea7n m\u1ec1m: Qu\u1ea3n tr\u1ecb ng\u01b0\u1eddi d\u00f9ng Qu\u1ea3n tr\u1ecb t\u00e0i kho\u1ea3n ng\u01b0\u1eddi d\u00f9ng khi \u0111\u0103ng nh\u1eadp v\u00e0o h\u1ec7 th\u1ed1ng Qu\u1ea3n l\u00fd ph\u00e2n quy\u1ec1n Ph\u00e2n quy\u1ec1n t\u00e0i kho\u1ea3n theo t\u1eebng ch\u1ee9c n\u0103ng c\u1ee7a [...]","protected":false},"author":1,"featured_media":0,"parent":0,"menu_order":0,"comment_status":"closed","ping_status":"closed","template":"template-page-builder.php","meta":{"_genesis_hide_title":false,"_genesis_hide_breadcrumbs":false,"_genesis_hide_singular_image":false,"_genesis_hide_footer_widgets":false,"_genesis_custom_body_class":"","_genesis_custom_post_class":"","_genesis_layout":"","footnotes":""},"class_list":{"0":"post-312","1":"page","2":"type-page","3":"status-publish","5":"entry"},"yoast_head":"<!-- This site is optimized with the Yoast SEO plugin v27.3 - https:\/\/yoast.com\/product\/yoast-seo-wordpress\/ -->\n<title>H\u1ec7 th\u1ed1ng ph\u1ea7n m\u1ec1m m\u00e3 v\u1ea1ch qu\u1ea3n l\u00fd s\u1ea3n xu\u1ea5t C\u00f4ng ty DongYang H\u1ea3i Ph\u00f2ng - BLI Vi\u1ec7t Nam<\/title>\n<meta name=\"robots\" content=\"index, follow, max-snippet:-1, max-image-preview:large, max-video-preview:-1\" \/>\n<link rel=\"canonical\" href=\"https:\/\/bli.com.vn\/en\/he-thong-phan-mem-ma-vach-quan-ly-san-xuat-cong-ty-dongyang-hai-phong\/\" \/>\n<meta property=\"og:locale\" content=\"en_US\" \/>\n<meta property=\"og:type\" content=\"article\" \/>\n<meta property=\"og:title\" content=\"H\u1ec7 th\u1ed1ng ph\u1ea7n m\u1ec1m m\u00e3 v\u1ea1ch qu\u1ea3n l\u00fd s\u1ea3n xu\u1ea5t C\u00f4ng ty DongYang H\u1ea3i Ph\u00f2ng - BLI Vi\u1ec7t Nam\" \/>\n<meta property=\"og:url\" content=\"https:\/\/bli.com.vn\/en\/he-thong-phan-mem-ma-vach-quan-ly-san-xuat-cong-ty-dongyang-hai-phong\/\" \/>\n<meta property=\"og:site_name\" content=\"BLI Vi\u1ec7t Nam\" \/>\n<meta property=\"article:modified_time\" content=\"2021-05-06T10:26:23+00:00\" \/>\n<meta property=\"og:image\" content=\"https:\/\/bli.com.vn\/wp-content\/uploads\/2021\/04\/he-thong-phan-mem-ma-vach-quan-ly-san-xuat-DongYang.jpg\" \/>\n\t<meta property=\"og:image:width\" content=\"1600\" \/>\n\t<meta property=\"og:image:height\" content=\"592\" \/>\n\t<meta property=\"og:image:type\" content=\"image\/jpeg\" \/>\n<meta name=\"twitter:card\" content=\"summary_large_image\" \/>\n<meta name=\"twitter:image\" content=\"https:\/\/bli.com.vn\/wp-content\/uploads\/2021\/04\/he-thong-phan-mem-ma-vach-quan-ly-san-xuat-DongYang.jpg\" \/>\n<meta name=\"twitter:label1\" content=\"Est. reading time\" \/>\n\t<meta name=\"twitter:data1\" content=\"2 minutes\" \/>\n<script type=\"application\/ld+json\" class=\"yoast-schema-graph\">{\"@context\":\"https:\\\/\\\/schema.org\",\"@graph\":[{\"@type\":\"WebPage\",\"@id\":\"https:\\\/\\\/bli.com.vn\\\/he-thong-phan-mem-ma-vach-quan-ly-san-xuat-cong-ty-dongyang-hai-phong\\\/\",\"url\":\"https:\\\/\\\/bli.com.vn\\\/he-thong-phan-mem-ma-vach-quan-ly-san-xuat-cong-ty-dongyang-hai-phong\\\/\",\"name\":\"H\u1ec7 th\u1ed1ng ph\u1ea7n m\u1ec1m m\u00e3 v\u1ea1ch qu\u1ea3n l\u00fd s\u1ea3n xu\u1ea5t C\u00f4ng ty DongYang H\u1ea3i Ph\u00f2ng - BLI Vi\u1ec7t Nam\",\"isPartOf\":{\"@id\":\"https:\\\/\\\/bli.com.vn\\\/#website\"},\"datePublished\":\"2021-04-09T10:05:49+00:00\",\"dateModified\":\"2021-05-06T10:26:23+00:00\",\"breadcrumb\":{\"@id\":\"https:\\\/\\\/bli.com.vn\\\/he-thong-phan-mem-ma-vach-quan-ly-san-xuat-cong-ty-dongyang-hai-phong\\\/#breadcrumb\"},\"inLanguage\":\"en-US\",\"potentialAction\":[{\"@type\":\"ReadAction\",\"target\":[\"https:\\\/\\\/bli.com.vn\\\/he-thong-phan-mem-ma-vach-quan-ly-san-xuat-cong-ty-dongyang-hai-phong\\\/\"]}]},{\"@type\":\"BreadcrumbList\",\"@id\":\"https:\\\/\\\/bli.com.vn\\\/he-thong-phan-mem-ma-vach-quan-ly-san-xuat-cong-ty-dongyang-hai-phong\\\/#breadcrumb\",\"itemListElement\":[{\"@type\":\"ListItem\",\"position\":1,\"name\":\"Home\",\"item\":\"https:\\\/\\\/bli.com.vn\\\/\"},{\"@type\":\"ListItem\",\"position\":2,\"name\":\"H\u1ec7 th\u1ed1ng ph\u1ea7n m\u1ec1m m\u00e3 v\u1ea1ch qu\u1ea3n l\u00fd s\u1ea3n xu\u1ea5t C\u00f4ng ty DongYang H\u1ea3i Ph\u00f2ng\"}]},{\"@type\":\"WebSite\",\"@id\":\"https:\\\/\\\/bli.com.vn\\\/#website\",\"url\":\"https:\\\/\\\/bli.com.vn\\\/\",\"name\":\"BLI Vi\u1ec7t Nam\",\"description\":\"M\u00e1y in, m\u00e1y qu\u00e9t m\u00e3 v\u1ea1ch Zebra, Honeywell, Datalogic\",\"publisher\":{\"@id\":\"https:\\\/\\\/bli.com.vn\\\/#organization\"},\"potentialAction\":[{\"@type\":\"SearchAction\",\"target\":{\"@type\":\"EntryPoint\",\"urlTemplate\":\"https:\\\/\\\/bli.com.vn\\\/?s={search_term_string}\"},\"query-input\":{\"@type\":\"PropertyValueSpecification\",\"valueRequired\":true,\"valueName\":\"search_term_string\"}}],\"inLanguage\":\"en-US\"},{\"@type\":\"Organization\",\"@id\":\"https:\\\/\\\/bli.com.vn\\\/#organization\",\"name\":\"BLI Vi\u1ec7t Nam\",\"url\":\"https:\\\/\\\/bli.com.vn\\\/\",\"logo\":{\"@type\":\"ImageObject\",\"inLanguage\":\"en-US\",\"@id\":\"https:\\\/\\\/bli.com.vn\\\/#\\\/schema\\\/logo\\\/image\\\/\",\"url\":\"https:\\\/\\\/bli.com.vn\\\/wp-content\\\/uploads\\\/2021\\\/03\\\/site-logo.png\",\"contentUrl\":\"https:\\\/\\\/bli.com.vn\\\/wp-content\\\/uploads\\\/2021\\\/03\\\/site-logo.png\",\"width\":\"400\",\"height\":\"150\",\"caption\":\"BLI Vi\u1ec7t Nam\"},\"image\":{\"@id\":\"https:\\\/\\\/bli.com.vn\\\/#\\\/schema\\\/logo\\\/image\\\/\"}}]}<\/script>\n<!-- \/ Yoast SEO plugin. -->","yoast_head_json":{"title":"H\u1ec7 th\u1ed1ng ph\u1ea7n m\u1ec1m m\u00e3 v\u1ea1ch qu\u1ea3n l\u00fd s\u1ea3n xu\u1ea5t C\u00f4ng ty DongYang H\u1ea3i Ph\u00f2ng - BLI Vi\u1ec7t Nam","robots":{"index":"index","follow":"follow","max-snippet":"max-snippet:-1","max-image-preview":"max-image-preview:large","max-video-preview":"max-video-preview:-1"},"canonical":"https:\/\/bli.com.vn\/en\/he-thong-phan-mem-ma-vach-quan-ly-san-xuat-cong-ty-dongyang-hai-phong\/","og_locale":"en_US","og_type":"article","og_title":"H\u1ec7 th\u1ed1ng ph\u1ea7n m\u1ec1m m\u00e3 v\u1ea1ch qu\u1ea3n l\u00fd s\u1ea3n xu\u1ea5t C\u00f4ng ty DongYang H\u1ea3i Ph\u00f2ng - BLI Vi\u1ec7t Nam","og_url":"https:\/\/bli.com.vn\/en\/he-thong-phan-mem-ma-vach-quan-ly-san-xuat-cong-ty-dongyang-hai-phong\/","og_site_name":"BLI Vi\u1ec7t Nam","article_modified_time":"2021-05-06T10:26:23+00:00","og_image":[{"width":1600,"height":592,"url":"https:\/\/bli.com.vn\/wp-content\/uploads\/2021\/04\/he-thong-phan-mem-ma-vach-quan-ly-san-xuat-DongYang.jpg","type":"image\/jpeg"}],"twitter_card":"summary_large_image","twitter_image":"https:\/\/bli.com.vn\/wp-content\/uploads\/2021\/04\/he-thong-phan-mem-ma-vach-quan-ly-san-xuat-DongYang.jpg","twitter_misc":{"Est. reading time":"2 minutes"},"schema":{"@context":"https:\/\/schema.org","@graph":[{"@type":"WebPage","@id":"https:\/\/bli.com.vn\/he-thong-phan-mem-ma-vach-quan-ly-san-xuat-cong-ty-dongyang-hai-phong\/","url":"https:\/\/bli.com.vn\/he-thong-phan-mem-ma-vach-quan-ly-san-xuat-cong-ty-dongyang-hai-phong\/","name":"H\u1ec7 th\u1ed1ng ph\u1ea7n m\u1ec1m m\u00e3 v\u1ea1ch qu\u1ea3n l\u00fd s\u1ea3n xu\u1ea5t C\u00f4ng ty DongYang H\u1ea3i Ph\u00f2ng - BLI Vi\u1ec7t Nam","isPartOf":{"@id":"https:\/\/bli.com.vn\/#website"},"datePublished":"2021-04-09T10:05:49+00:00","dateModified":"2021-05-06T10:26:23+00:00","breadcrumb":{"@id":"https:\/\/bli.com.vn\/he-thong-phan-mem-ma-vach-quan-ly-san-xuat-cong-ty-dongyang-hai-phong\/#breadcrumb"},"inLanguage":"en-US","potentialAction":[{"@type":"ReadAction","target":["https:\/\/bli.com.vn\/he-thong-phan-mem-ma-vach-quan-ly-san-xuat-cong-ty-dongyang-hai-phong\/"]}]},{"@type":"BreadcrumbList","@id":"https:\/\/bli.com.vn\/he-thong-phan-mem-ma-vach-quan-ly-san-xuat-cong-ty-dongyang-hai-phong\/#breadcrumb","itemListElement":[{"@type":"ListItem","position":1,"name":"Home","item":"https:\/\/bli.com.vn\/"},{"@type":"ListItem","position":2,"name":"H\u1ec7 th\u1ed1ng ph\u1ea7n m\u1ec1m m\u00e3 v\u1ea1ch qu\u1ea3n l\u00fd s\u1ea3n xu\u1ea5t C\u00f4ng ty DongYang H\u1ea3i Ph\u00f2ng"}]},{"@type":"WebSite","@id":"https:\/\/bli.com.vn\/#website","url":"https:\/\/bli.com.vn\/","name":"BLI Vi\u1ec7t Nam","description":"M\u00e1y in, m\u00e1y qu\u00e9t m\u00e3 v\u1ea1ch Zebra, Honeywell, Datalogic","publisher":{"@id":"https:\/\/bli.com.vn\/#organization"},"potentialAction":[{"@type":"SearchAction","target":{"@type":"EntryPoint","urlTemplate":"https:\/\/bli.com.vn\/?s={search_term_string}"},"query-input":{"@type":"PropertyValueSpecification","valueRequired":true,"valueName":"search_term_string"}}],"inLanguage":"en-US"},{"@type":"Organization","@id":"https:\/\/bli.com.vn\/#organization","name":"BLI Vi\u1ec7t Nam","url":"https:\/\/bli.com.vn\/","logo":{"@type":"ImageObject","inLanguage":"en-US","@id":"https:\/\/bli.com.vn\/#\/schema\/logo\/image\/","url":"https:\/\/bli.com.vn\/wp-content\/uploads\/2021\/03\/site-logo.png","contentUrl":"https:\/\/bli.com.vn\/wp-content\/uploads\/2021\/03\/site-logo.png","width":"400","height":"150","caption":"BLI Vi\u1ec7t Nam"},"image":{"@id":"https:\/\/bli.com.vn\/#\/schema\/logo\/image\/"}}]}},"featured_image_src":null,"featured_image_src_square":null,"_links":{"self":[{"href":"https:\/\/bli.com.vn\/en\/wp-json\/wp\/v2\/pages\/312","targetHints":{"allow":["GET"]}}],"collection":[{"href":"https:\/\/bli.com.vn\/en\/wp-json\/wp\/v2\/pages"}],"about":[{"href":"https:\/\/bli.com.vn\/en\/wp-json\/wp\/v2\/types\/page"}],"author":[{"embeddable":true,"href":"https:\/\/bli.com.vn\/en\/wp-json\/wp\/v2\/users\/1"}],"replies":[{"embeddable":true,"href":"https:\/\/bli.com.vn\/en\/wp-json\/wp\/v2\/comments?post=312"}],"version-history":[{"count":1,"href":"https:\/\/bli.com.vn\/en\/wp-json\/wp\/v2\/pages\/312\/revisions"}],"predecessor-version":[{"id":445,"href":"https:\/\/bli.com.vn\/en\/wp-json\/wp\/v2\/pages\/312\/revisions\/445"}],"wp:attachment":[{"href":"https:\/\/bli.com.vn\/en\/wp-json\/wp\/v2\/media?parent=312"}],"curies":[{"name":"wp","href":"https:\/\/api.w.org\/{rel}","templated":true}]}}