{"id":73,"date":"2021-03-19T08:15:35","date_gmt":"2021-03-19T08:15:35","guid":{"rendered":"https:\/\/bli.com.vn\/?page_id=73"},"modified":"2024-12-04T06:58:02","modified_gmt":"2024-12-04T06:58:02","slug":"gioi-thieu","status":"publish","type":"page","link":"https:\/\/bli.com.vn\/en\/gioi-thieu\/","title":{"rendered":"About Us"},"content":{"rendered":"<div class=\"vc_row wpb_row vc_row-fluid\"><div class=\"wpb_column vc_column_container vc_col-sm-12\"><div class=\"vc_column-inner\"><div class=\"wpb_wrapper\">\n\t<div  class=\"wpb_single_image wpb_content_element vc_align_center\">\n\t\t\n\t\t<figure class=\"wpb_wrapper vc_figure\">\n\t\t\t<div class=\"vc_single_image-wrapper   vc_box_border_grey\"><img decoding=\"async\" width=\"1600\" height=\"750\" src=\"https:\/\/bli.com.vn\/wp-content\/uploads\/2021\/03\/gioi-thieu.jpg\" class=\"vc_single_image-img attachment-full\" alt=\"\" srcset=\"https:\/\/bli.com.vn\/wp-content\/uploads\/2021\/03\/gioi-thieu.jpg 1600w, https:\/\/bli.com.vn\/wp-content\/uploads\/2021\/03\/gioi-thieu-300x141.jpg 300w, https:\/\/bli.com.vn\/wp-content\/uploads\/2021\/03\/gioi-thieu-1024x480.jpg 1024w, https:\/\/bli.com.vn\/wp-content\/uploads\/2021\/03\/gioi-thieu-768x360.jpg 768w, https:\/\/bli.com.vn\/wp-content\/uploads\/2021\/03\/gioi-thieu-1536x720.jpg 1536w, https:\/\/bli.com.vn\/wp-content\/uploads\/2021\/03\/gioi-thieu-720x338.jpg 720w\" sizes=\"(max-width: 1600px) 100vw, 1600px\" \/><\/div>\n\t\t<\/figure>\n\t<\/div>\n<\/div><\/div><\/div><\/div><div class=\"vc_row wpb_row vc_row-fluid\"><div class=\"wpb_column vc_column_container vc_col-sm-12\"><div class=\"vc_column-inner\"><div class=\"wpb_wrapper\">\n\t<div class=\"wpb_text_column wpb_content_element  vc_custom_1733295477129\" >\n\t\t<div class=\"wpb_wrapper\">\n\t\t\t<h1><strong>ABOUT US<\/strong><\/h1>\n<hr style=\"height: 1px; ;color: black; width: 50px;\" \/>\n<p>BLI Vietnam Joint Stock Company was established in 2013. We aim to become the leading distributor in Vietnam providing products, solutions, production management services, warehouse management, sales management by barcode solutions.<\/p>\n<p>BLI Vietnam gathers individuals who have many years of experience working in large factories, system integrators, and large manufacturers in Vietnam. We are confident that we can bring the best and most optimal products, solutions and services to our customers.<\/p>\n<p>Being a reliable partner of brands like Zebra, Honeywell, Datalogic, etc.; As a reputable IT system integrator, with customers being large companies and corporations such as Bridgestone, Samsung, LG, Fuji Xerox, GE, Vin Group, etc. \u2013 BLI Vietnam has great advantages in skills and experience Experience in comprehensively supporting the design and implementation of the most optimal barcode solutions according to customer needs.<\/p>\n<p>With the slogan \"<strong>Your Belief Partner<\/strong>\u201d, BLI implies that, we always want and do our best to become a reliable partner of our customers and partners.<\/p>\n<h2>\u00a0<\/h2>\n<h2><strong>COMPANY INFORMATION<\/strong><\/h2>\n<hr style=\"height: 1px; ;color: black; width: 50px;\" \/>\n<figure class=\"wp-block-table is-style-stripes\">\n<table>\n<tbody>\n<tr>\n<td><strong>Name<\/strong><\/td>\n<\/tr>\n<tr>\n<td>BLI Vietnam Joint Stock Company<\/td>\n<\/tr>\n<tr>\n<td><strong>Ng\u00e0y th\u00e0nh l\u1eadp<\/strong><\/td>\n<\/tr>\n<tr>\n<td>02\/12\/2013<\/td>\n<\/tr>\n<tr>\n<td><strong>Headquarter<\/strong><\/td>\n<\/tr>\n<tr>\n<td>134 Ph\u01b0\u01a1ng L\u01b0u, Ph\u01b0\u1eddng V\u1ea1n M\u1ef9, Qu\u1eadn Ng\u00f4 Quy\u1ec1n, TP. H\u1ea3i Ph\u00f2ng<\/td>\n<\/tr>\n<tr>\n<td><strong>Hanoi office<\/strong><\/td>\n<\/tr>\n<tr>\n<td>6th floor, 141 Hoang Quoc Viet Str, Cau Giay Dist, Hanoi<\/td>\n<\/tr>\n<tr>\n<td><strong>Phone<\/strong><\/td>\n<\/tr>\n<tr>\n<td>024.3993.0193<\/td>\n<\/tr>\n<tr>\n<td><strong>Email<\/strong><\/td>\n<\/tr>\n<tr>\n<td>contact@bli.com.vn<\/td>\n<\/tr>\n<tr>\n<td>\u00a0<\/td>\n<\/tr>\n<\/tbody>\n<\/table>\n<\/figure>\n\n\t\t<\/div>\n\t<\/div>\n<\/div><\/div><\/div><\/div>","protected":false},"excerpt":{"rendered":"V\u1ec0 CH\u00daNG T\u00d4I C\u00f4ng ty C\u1ed5 ph\u1ea7n BLI Vi\u1ec7t Nam \u0111\u01b0\u1ee3c th\u00e0nh l\u1eadp t\u1eeb n\u0103m 2013. Ch\u00fang t\u00f4i \u0111\u1ecbnh h\u01b0\u1edbng tr\u1edf th\u00e0nh nh\u00e0 ph\u00e2n ph\u1ed1i h\u00e0ng \u0111\u1ea7u Vi\u1ec7t Nam cung c\u1ea5p c\u00e1c s\u1ea3n ph\u1ea9m, gi\u1ea3i ph\u00e1p, d\u1ecbch v\u1ee5 qu\u1ea3n l\u00fd s\u1ea3n xu\u1ea5t, qu\u1ea3n l\u00fd kho h\u00e0ng, qu\u1ea3n l\u00fd b\u00e1n h\u00e0ng b\u1eb1ng gi\u1ea3i ph\u00e1p m\u00e3 v\u1ea1ch. [...]","protected":false},"author":1,"featured_media":0,"parent":0,"menu_order":0,"comment_status":"closed","ping_status":"closed","template":"template-page-builder.php","meta":{"_genesis_hide_title":false,"_genesis_hide_breadcrumbs":false,"_genesis_hide_singular_image":false,"_genesis_hide_footer_widgets":false,"_genesis_custom_body_class":"","_genesis_custom_post_class":"","_genesis_layout":"full-width-content","footnotes":""},"class_list":{"0":"post-73","1":"page","2":"type-page","3":"status-publish","5":"entry"},"yoast_head":"<!-- This site is optimized with the Yoast SEO plugin v27.3 - https:\/\/yoast.com\/product\/yoast-seo-wordpress\/ -->\n<title>Gi\u1edbi Thi\u1ec7u - BLI Vi\u1ec7t Nam<\/title>\n<meta name=\"robots\" content=\"index, follow, max-snippet:-1, max-image-preview:large, max-video-preview:-1\" \/>\n<link rel=\"canonical\" href=\"https:\/\/bli.com.vn\/en\/gioi-thieu\/\" \/>\n<meta property=\"og:locale\" content=\"en_US\" \/>\n<meta property=\"og:type\" content=\"article\" \/>\n<meta property=\"og:title\" content=\"Gi\u1edbi Thi\u1ec7u - BLI Vi\u1ec7t Nam\" \/>\n<meta property=\"og:url\" content=\"https:\/\/bli.com.vn\/en\/gioi-thieu\/\" \/>\n<meta property=\"og:site_name\" content=\"BLI Vi\u1ec7t Nam\" \/>\n<meta property=\"article:modified_time\" content=\"2024-12-04T06:58:02+00:00\" \/>\n<meta property=\"og:image\" content=\"https:\/\/bli.com.vn\/wp-content\/uploads\/2021\/03\/gioi-thieu.jpg\" \/>\n\t<meta property=\"og:image:width\" content=\"1600\" \/>\n\t<meta property=\"og:image:height\" content=\"750\" \/>\n\t<meta property=\"og:image:type\" content=\"image\/jpeg\" \/>\n<meta name=\"twitter:card\" content=\"summary_large_image\" \/>\n<meta name=\"twitter:image\" content=\"https:\/\/bli.com.vn\/wp-content\/uploads\/2021\/03\/gioi-thieu.jpg\" \/>\n<meta name=\"twitter:label1\" content=\"Est. reading time\" \/>\n\t<meta name=\"twitter:data1\" content=\"2 minutes\" \/>\n<script type=\"application\/ld+json\" class=\"yoast-schema-graph\">{\"@context\":\"https:\\\/\\\/schema.org\",\"@graph\":[{\"@type\":\"WebPage\",\"@id\":\"https:\\\/\\\/bli.com.vn\\\/gioi-thieu\\\/\",\"url\":\"https:\\\/\\\/bli.com.vn\\\/gioi-thieu\\\/\",\"name\":\"Gi\u1edbi Thi\u1ec7u - BLI Vi\u1ec7t Nam\",\"isPartOf\":{\"@id\":\"https:\\\/\\\/bli.com.vn\\\/#website\"},\"datePublished\":\"2021-03-19T08:15:35+00:00\",\"dateModified\":\"2024-12-04T06:58:02+00:00\",\"breadcrumb\":{\"@id\":\"https:\\\/\\\/bli.com.vn\\\/gioi-thieu\\\/#breadcrumb\"},\"inLanguage\":\"en-US\",\"potentialAction\":[{\"@type\":\"ReadAction\",\"target\":[\"https:\\\/\\\/bli.com.vn\\\/gioi-thieu\\\/\"]}]},{\"@type\":\"BreadcrumbList\",\"@id\":\"https:\\\/\\\/bli.com.vn\\\/gioi-thieu\\\/#breadcrumb\",\"itemListElement\":[{\"@type\":\"ListItem\",\"position\":1,\"name\":\"Home\",\"item\":\"https:\\\/\\\/bli.com.vn\\\/\"},{\"@type\":\"ListItem\",\"position\":2,\"name\":\"Gi\u1edbi Thi\u1ec7u\"}]},{\"@type\":\"WebSite\",\"@id\":\"https:\\\/\\\/bli.com.vn\\\/#website\",\"url\":\"https:\\\/\\\/bli.com.vn\\\/\",\"name\":\"BLI Vi\u1ec7t Nam\",\"description\":\"M\u00e1y in, m\u00e1y qu\u00e9t m\u00e3 v\u1ea1ch Zebra, Honeywell, Datalogic\",\"publisher\":{\"@id\":\"https:\\\/\\\/bli.com.vn\\\/#organization\"},\"potentialAction\":[{\"@type\":\"SearchAction\",\"target\":{\"@type\":\"EntryPoint\",\"urlTemplate\":\"https:\\\/\\\/bli.com.vn\\\/?s={search_term_string}\"},\"query-input\":{\"@type\":\"PropertyValueSpecification\",\"valueRequired\":true,\"valueName\":\"search_term_string\"}}],\"inLanguage\":\"en-US\"},{\"@type\":\"Organization\",\"@id\":\"https:\\\/\\\/bli.com.vn\\\/#organization\",\"name\":\"BLI Vi\u1ec7t Nam\",\"url\":\"https:\\\/\\\/bli.com.vn\\\/\",\"logo\":{\"@type\":\"ImageObject\",\"inLanguage\":\"en-US\",\"@id\":\"https:\\\/\\\/bli.com.vn\\\/#\\\/schema\\\/logo\\\/image\\\/\",\"url\":\"https:\\\/\\\/bli.com.vn\\\/wp-content\\\/uploads\\\/2021\\\/03\\\/site-logo.png\",\"contentUrl\":\"https:\\\/\\\/bli.com.vn\\\/wp-content\\\/uploads\\\/2021\\\/03\\\/site-logo.png\",\"width\":\"400\",\"height\":\"150\",\"caption\":\"BLI Vi\u1ec7t Nam\"},\"image\":{\"@id\":\"https:\\\/\\\/bli.com.vn\\\/#\\\/schema\\\/logo\\\/image\\\/\"}}]}<\/script>\n<!-- \/ Yoast SEO plugin. -->","yoast_head_json":{"title":"Gi\u1edbi Thi\u1ec7u - BLI Vi\u1ec7t Nam","robots":{"index":"index","follow":"follow","max-snippet":"max-snippet:-1","max-image-preview":"max-image-preview:large","max-video-preview":"max-video-preview:-1"},"canonical":"https:\/\/bli.com.vn\/en\/gioi-thieu\/","og_locale":"en_US","og_type":"article","og_title":"Gi\u1edbi Thi\u1ec7u - BLI Vi\u1ec7t Nam","og_url":"https:\/\/bli.com.vn\/en\/gioi-thieu\/","og_site_name":"BLI Vi\u1ec7t Nam","article_modified_time":"2024-12-04T06:58:02+00:00","og_image":[{"width":1600,"height":750,"url":"https:\/\/bli.com.vn\/wp-content\/uploads\/2021\/03\/gioi-thieu.jpg","type":"image\/jpeg"}],"twitter_card":"summary_large_image","twitter_image":"https:\/\/bli.com.vn\/wp-content\/uploads\/2021\/03\/gioi-thieu.jpg","twitter_misc":{"Est. reading time":"2 minutes"},"schema":{"@context":"https:\/\/schema.org","@graph":[{"@type":"WebPage","@id":"https:\/\/bli.com.vn\/gioi-thieu\/","url":"https:\/\/bli.com.vn\/gioi-thieu\/","name":"Gi\u1edbi Thi\u1ec7u - BLI Vi\u1ec7t Nam","isPartOf":{"@id":"https:\/\/bli.com.vn\/#website"},"datePublished":"2021-03-19T08:15:35+00:00","dateModified":"2024-12-04T06:58:02+00:00","breadcrumb":{"@id":"https:\/\/bli.com.vn\/gioi-thieu\/#breadcrumb"},"inLanguage":"en-US","potentialAction":[{"@type":"ReadAction","target":["https:\/\/bli.com.vn\/gioi-thieu\/"]}]},{"@type":"BreadcrumbList","@id":"https:\/\/bli.com.vn\/gioi-thieu\/#breadcrumb","itemListElement":[{"@type":"ListItem","position":1,"name":"Home","item":"https:\/\/bli.com.vn\/"},{"@type":"ListItem","position":2,"name":"Gi\u1edbi Thi\u1ec7u"}]},{"@type":"WebSite","@id":"https:\/\/bli.com.vn\/#website","url":"https:\/\/bli.com.vn\/","name":"BLI Vi\u1ec7t Nam","description":"M\u00e1y in, m\u00e1y qu\u00e9t m\u00e3 v\u1ea1ch Zebra, Honeywell, Datalogic","publisher":{"@id":"https:\/\/bli.com.vn\/#organization"},"potentialAction":[{"@type":"SearchAction","target":{"@type":"EntryPoint","urlTemplate":"https:\/\/bli.com.vn\/?s={search_term_string}"},"query-input":{"@type":"PropertyValueSpecification","valueRequired":true,"valueName":"search_term_string"}}],"inLanguage":"en-US"},{"@type":"Organization","@id":"https:\/\/bli.com.vn\/#organization","name":"BLI Vi\u1ec7t Nam","url":"https:\/\/bli.com.vn\/","logo":{"@type":"ImageObject","inLanguage":"en-US","@id":"https:\/\/bli.com.vn\/#\/schema\/logo\/image\/","url":"https:\/\/bli.com.vn\/wp-content\/uploads\/2021\/03\/site-logo.png","contentUrl":"https:\/\/bli.com.vn\/wp-content\/uploads\/2021\/03\/site-logo.png","width":"400","height":"150","caption":"BLI Vi\u1ec7t Nam"},"image":{"@id":"https:\/\/bli.com.vn\/#\/schema\/logo\/image\/"}}]}},"featured_image_src":null,"featured_image_src_square":null,"_links":{"self":[{"href":"https:\/\/bli.com.vn\/en\/wp-json\/wp\/v2\/pages\/73","targetHints":{"allow":["GET"]}}],"collection":[{"href":"https:\/\/bli.com.vn\/en\/wp-json\/wp\/v2\/pages"}],"about":[{"href":"https:\/\/bli.com.vn\/en\/wp-json\/wp\/v2\/types\/page"}],"author":[{"embeddable":true,"href":"https:\/\/bli.com.vn\/en\/wp-json\/wp\/v2\/users\/1"}],"replies":[{"embeddable":true,"href":"https:\/\/bli.com.vn\/en\/wp-json\/wp\/v2\/comments?post=73"}],"version-history":[{"count":9,"href":"https:\/\/bli.com.vn\/en\/wp-json\/wp\/v2\/pages\/73\/revisions"}],"predecessor-version":[{"id":579,"href":"https:\/\/bli.com.vn\/en\/wp-json\/wp\/v2\/pages\/73\/revisions\/579"}],"wp:attachment":[{"href":"https:\/\/bli.com.vn\/en\/wp-json\/wp\/v2\/media?parent=73"}],"curies":[{"name":"wp","href":"https:\/\/api.w.org\/{rel}","templated":true}]}}