{"id":77,"date":"2021-03-19T09:34:49","date_gmt":"2021-03-19T09:34:49","guid":{"rendered":"https:\/\/bli.com.vn\/?page_id=77"},"modified":"2024-12-04T06:59:31","modified_gmt":"2024-12-04T06:59:31","slug":"lien-he","status":"publish","type":"page","link":"https:\/\/bli.com.vn\/en\/lien-he\/","title":{"rendered":"Contact"},"content":{"rendered":"<div class=\"vc_row wpb_row vc_row-fluid\"><div class=\"wpb_column vc_column_container vc_col-sm-12\"><div class=\"vc_column-inner\"><div class=\"wpb_wrapper\">\n\t<div  class=\"wpb_single_image wpb_content_element vc_align_center\">\n\t\t\n\t\t<figure class=\"wpb_wrapper vc_figure\">\n\t\t\t<div class=\"vc_single_image-wrapper   vc_box_border_grey\"><img decoding=\"async\" width=\"1600\" height=\"696\" src=\"https:\/\/bli.com.vn\/wp-content\/uploads\/2021\/03\/lien-he.jpg\" class=\"vc_single_image-img attachment-full\" alt=\"\" srcset=\"https:\/\/bli.com.vn\/wp-content\/uploads\/2021\/03\/lien-he.jpg 1600w, https:\/\/bli.com.vn\/wp-content\/uploads\/2021\/03\/lien-he-300x131.jpg 300w, https:\/\/bli.com.vn\/wp-content\/uploads\/2021\/03\/lien-he-1024x445.jpg 1024w, https:\/\/bli.com.vn\/wp-content\/uploads\/2021\/03\/lien-he-768x334.jpg 768w, https:\/\/bli.com.vn\/wp-content\/uploads\/2021\/03\/lien-he-1536x668.jpg 1536w, https:\/\/bli.com.vn\/wp-content\/uploads\/2021\/03\/lien-he-720x313.jpg 720w\" sizes=\"(max-width: 1600px) 100vw, 1600px\" \/><\/div>\n\t\t<\/figure>\n\t<\/div>\n<\/div><\/div><\/div><\/div><div class=\"vc_row wpb_row vc_row-fluid vc_custom_1616146458844\"><div class=\"wpb_column vc_column_container vc_col-sm-12\"><div class=\"vc_column-inner\"><div class=\"wpb_wrapper\">\n\t<div class=\"wpb_text_column wpb_content_element\" >\n\t\t<div class=\"wpb_wrapper\">\n\t\t\t<p>We look forward to hearing from you and will do our best to help build the future of your business. Leave a message and we'll get back to you as soon as possible!<\/p>\n<p><strong>BLI Vietnam Joint Stock Company<\/strong><br \/>\nTr\u1ee5 s\u1edf ch\u00ednh: 134 Ph\u01b0\u01a1ng L\u01b0u, Ph\u01b0\u1eddng V\u1ea1n M\u1ef9, Qu\u1eadn Ng\u00f4 Quy\u1ec1n, TP. H\u1ea3i Ph\u00f2ng<br \/>\nHanoi office: 6th floor, 141 Hoang Quoc Viet Str, Cau Giay Dist, Hanoi<br \/>\nEmail: contact@bli.com.vn<br \/>\nPhone: 024 399 30193<br \/>\nHotline: 082 82 13579<\/p>\n\n\t\t<\/div>\n\t<\/div>\n<\/div><\/div><\/div><\/div><div class=\"vc_row wpb_row vc_row-fluid vc_custom_1616146471132\"><div class=\"wpb_column vc_column_container vc_col-sm-6\"><div class=\"vc_column-inner vc_custom_1616146485514\"><div class=\"wpb_wrapper\">\n\t<div class=\"wpb_text_column wpb_content_element\" >\n\t\t<div class=\"wpb_wrapper\">\n\t\t\t<h1><span style=\"text-decoration: underline;\"><strong>CONTACT<\/strong><\/span><\/h1>\n\n\t\t<\/div>\n\t<\/div>\n\n\t<div class=\"wpb_text_column wpb_content_element\" >\n\t\t<div class=\"wpb_wrapper\">\n\t\t\t<div class=\"wpforms-container wpforms-container-full\" id=\"wpforms-96\"><form id=\"wpforms-form-96\" class=\"wpforms-validate wpforms-form\" data-formid=\"96\" method=\"post\" enctype=\"multipart\/form-data\" action=\"\/en\/wp-json\/wp\/v2\/pages\/77\" data-token=\"bfe5f64f6d17363736f8aaa402c014bf\" data-token-time=\"1775358477\" data-trp-original-action=\"\/en\/wp-json\/wp\/v2\/pages\/77\"><noscript class=\"wpforms-error-noscript\">Please enable JavaScript in your browser to complete this form.<\/noscript><div class=\"wpforms-field-container\"><div id=\"wpforms-96-field_0-container\" class=\"wpforms-field wpforms-field-name\" data-field-id=\"0\"><label class=\"wpforms-field-label\" for=\"wpforms-96-field_0\">Name <span class=\"wpforms-required-label\">*<\/span><\/label><input type=\"text\" id=\"wpforms-96-field_0\" class=\"wpforms-field-medium wpforms-field-required\" name=\"wpforms[fields][0]\" required><\/div><div id=\"wpforms-96-field_1-container\" class=\"wpforms-field wpforms-field-email\" data-field-id=\"1\"><label class=\"wpforms-field-label\" for=\"wpforms-96-field_1\">Email <span class=\"wpforms-required-label\">*<\/span><\/label><input type=\"email\" id=\"wpforms-96-field_1\" class=\"wpforms-field-medium wpforms-field-required\" name=\"wpforms[fields][1]\" spellcheck=\"false\" required><\/div><div id=\"wpforms-96-field_2-container\" class=\"wpforms-field wpforms-field-textarea\" data-field-id=\"2\"><label class=\"wpforms-field-label\" for=\"wpforms-96-field_2\">Message <span class=\"wpforms-required-label\">*<\/span><\/label><textarea id=\"wpforms-96-field_2\" class=\"wpforms-field-medium wpforms-field-required\" name=\"wpforms[fields][2]\" required><\/textarea><\/div><\/div><!-- .wpforms-field-container --><div class=\"wpforms-submit-container\" ><input type=\"hidden\" name=\"wpforms[id]\" value=\"96\"><input type=\"hidden\" name=\"page_title\" value=\"\"><input type=\"hidden\" name=\"page_url\" value=\"https:\/\/bli.com.vn\/en\/wp-json\/wp\/v2\/pages\/77\"><button type=\"submit\" name=\"wpforms[submit]\" id=\"wpforms-submit-96\" class=\"wpforms-submit\" data-alt-text=\"Sending...\" data-submit-text=\"G\u1eedi\" aria-live=\"assertive\" value=\"wpforms-submit\">Send<\/button><\/div><input type=\"hidden\" name=\"trp-form-language\" value=\"en\"\/><\/form><\/div>  <!-- .wpforms-container -->\n\n\t\t<\/div>\n\t<\/div>\n<\/div><\/div><\/div><div class=\"wpb_column vc_column_container vc_col-sm-6\"><div class=\"vc_column-inner\"><div class=\"wpb_wrapper\"><div class=\"wpb_gmaps_widget wpb_content_element\"><div class=\"wpb_wrapper\"><div class=\"wpb_map_wraper\"><iframe src=\"https:\/\/www.google.com\/maps\/embed?pb=!1m18!1m12!1m3!1d1864.240909087363!2d106.71623790695281!3d20.852621197395564!2m3!1f0!2f0!3f0!3m2!1i1024!2i768!4f13.1!3m3!1m2!1s0x0%3A0x0!2zMjDCsDUxJzA5LjQiTiAxMDbCsDQzJzAxLjkiRQ!5e0!3m2!1sen!2s!4v1616146354025!5m2!1sen!2s\" width=\"600\" height=\"450\" style=\"border:0;\" allowfullscreen=\"\" loading=\"lazy\"><\/iframe><\/div><\/div><\/div><\/div><\/div><\/div><\/div>","protected":false},"excerpt":{"rendered":"Ch\u00fang t\u00f4i mong nh\u1eadn \u0111\u01b0\u1ee3c th\u00f4ng tin t\u1eeb b\u1ea1n v\u00e0 s\u1ebd n\u1ed7 l\u1ef1c h\u1ebft m\u00ecnh \u0111\u1ec3 h\u1ed7 tr\u1ee3 x\u00e2y d\u1ef1ng t\u01b0\u01a1ng lai doanh nghi\u1ec7p c\u1ee7a b\u1ea1n. H\u00e3y \u0111\u1ec3 l\u1ea1i l\u1eddi nh\u1eafn v\u00e0 ch\u00fang t\u00f4i s\u1ebd li\u00ean l\u1ea1c l\u1ea1i v\u1edbi b\u1ea1n ngay khi c\u00f3 th\u1ec3! C\u00f4ng ty C\u1ed5 ph\u1ea7n BLI Vi\u1ec7t Nam Tr\u1ee5 s\u1edf ch\u00ednh: 134 [...]","protected":false},"author":1,"featured_media":0,"parent":0,"menu_order":0,"comment_status":"closed","ping_status":"closed","template":"template-page-builder.php","meta":{"_genesis_hide_title":false,"_genesis_hide_breadcrumbs":false,"_genesis_hide_singular_image":false,"_genesis_hide_footer_widgets":false,"_genesis_custom_body_class":"","_genesis_custom_post_class":"","_genesis_layout":"","footnotes":""},"class_list":{"0":"post-77","1":"page","2":"type-page","3":"status-publish","5":"entry"},"yoast_head":"<!-- This site is optimized with the Yoast SEO plugin v27.3 - https:\/\/yoast.com\/product\/yoast-seo-wordpress\/ -->\n<title>Li\u00ean H\u1ec7 - BLI Vi\u1ec7t Nam<\/title>\n<meta name=\"robots\" content=\"index, follow, max-snippet:-1, max-image-preview:large, max-video-preview:-1\" \/>\n<link rel=\"canonical\" href=\"https:\/\/bli.com.vn\/en\/lien-he\/\" \/>\n<meta property=\"og:locale\" content=\"en_US\" \/>\n<meta property=\"og:type\" content=\"article\" \/>\n<meta property=\"og:title\" content=\"Li\u00ean H\u1ec7 - BLI Vi\u1ec7t Nam\" \/>\n<meta property=\"og:url\" content=\"https:\/\/bli.com.vn\/en\/lien-he\/\" \/>\n<meta property=\"og:site_name\" content=\"BLI Vi\u1ec7t Nam\" \/>\n<meta property=\"article:modified_time\" content=\"2024-12-04T06:59:31+00:00\" \/>\n<meta property=\"og:image\" content=\"https:\/\/bli.com.vn\/wp-content\/uploads\/2021\/03\/lien-he.jpg\" \/>\n\t<meta property=\"og:image:width\" content=\"1600\" \/>\n\t<meta property=\"og:image:height\" content=\"696\" \/>\n\t<meta property=\"og:image:type\" content=\"image\/jpeg\" \/>\n<meta name=\"twitter:card\" content=\"summary_large_image\" \/>\n<meta name=\"twitter:image\" content=\"https:\/\/bli.com.vn\/wp-content\/uploads\/2021\/03\/lien-he.jpg\" \/>\n<meta name=\"twitter:label1\" content=\"Est. reading time\" \/>\n\t<meta name=\"twitter:data1\" content=\"1 minute\" \/>\n<script type=\"application\/ld+json\" class=\"yoast-schema-graph\">{\"@context\":\"https:\\\/\\\/schema.org\",\"@graph\":[{\"@type\":\"WebPage\",\"@id\":\"https:\\\/\\\/bli.com.vn\\\/lien-he\\\/\",\"url\":\"https:\\\/\\\/bli.com.vn\\\/lien-he\\\/\",\"name\":\"Li\u00ean H\u1ec7 - BLI Vi\u1ec7t Nam\",\"isPartOf\":{\"@id\":\"https:\\\/\\\/bli.com.vn\\\/#website\"},\"datePublished\":\"2021-03-19T09:34:49+00:00\",\"dateModified\":\"2024-12-04T06:59:31+00:00\",\"breadcrumb\":{\"@id\":\"https:\\\/\\\/bli.com.vn\\\/lien-he\\\/#breadcrumb\"},\"inLanguage\":\"en-US\",\"potentialAction\":[{\"@type\":\"ReadAction\",\"target\":[\"https:\\\/\\\/bli.com.vn\\\/lien-he\\\/\"]}]},{\"@type\":\"BreadcrumbList\",\"@id\":\"https:\\\/\\\/bli.com.vn\\\/lien-he\\\/#breadcrumb\",\"itemListElement\":[{\"@type\":\"ListItem\",\"position\":1,\"name\":\"Home\",\"item\":\"https:\\\/\\\/bli.com.vn\\\/\"},{\"@type\":\"ListItem\",\"position\":2,\"name\":\"Li\u00ean H\u1ec7\"}]},{\"@type\":\"WebSite\",\"@id\":\"https:\\\/\\\/bli.com.vn\\\/#website\",\"url\":\"https:\\\/\\\/bli.com.vn\\\/\",\"name\":\"BLI Vi\u1ec7t Nam\",\"description\":\"M\u00e1y in, m\u00e1y qu\u00e9t m\u00e3 v\u1ea1ch Zebra, Honeywell, Datalogic\",\"publisher\":{\"@id\":\"https:\\\/\\\/bli.com.vn\\\/#organization\"},\"potentialAction\":[{\"@type\":\"SearchAction\",\"target\":{\"@type\":\"EntryPoint\",\"urlTemplate\":\"https:\\\/\\\/bli.com.vn\\\/?s={search_term_string}\"},\"query-input\":{\"@type\":\"PropertyValueSpecification\",\"valueRequired\":true,\"valueName\":\"search_term_string\"}}],\"inLanguage\":\"en-US\"},{\"@type\":\"Organization\",\"@id\":\"https:\\\/\\\/bli.com.vn\\\/#organization\",\"name\":\"BLI Vi\u1ec7t Nam\",\"url\":\"https:\\\/\\\/bli.com.vn\\\/\",\"logo\":{\"@type\":\"ImageObject\",\"inLanguage\":\"en-US\",\"@id\":\"https:\\\/\\\/bli.com.vn\\\/#\\\/schema\\\/logo\\\/image\\\/\",\"url\":\"https:\\\/\\\/bli.com.vn\\\/wp-content\\\/uploads\\\/2021\\\/03\\\/site-logo.png\",\"contentUrl\":\"https:\\\/\\\/bli.com.vn\\\/wp-content\\\/uploads\\\/2021\\\/03\\\/site-logo.png\",\"width\":\"400\",\"height\":\"150\",\"caption\":\"BLI Vi\u1ec7t Nam\"},\"image\":{\"@id\":\"https:\\\/\\\/bli.com.vn\\\/#\\\/schema\\\/logo\\\/image\\\/\"}}]}<\/script>\n<!-- \/ Yoast SEO plugin. -->","yoast_head_json":{"title":"Li\u00ean H\u1ec7 - BLI Vi\u1ec7t Nam","robots":{"index":"index","follow":"follow","max-snippet":"max-snippet:-1","max-image-preview":"max-image-preview:large","max-video-preview":"max-video-preview:-1"},"canonical":"https:\/\/bli.com.vn\/en\/lien-he\/","og_locale":"en_US","og_type":"article","og_title":"Li\u00ean H\u1ec7 - BLI Vi\u1ec7t Nam","og_url":"https:\/\/bli.com.vn\/en\/lien-he\/","og_site_name":"BLI Vi\u1ec7t Nam","article_modified_time":"2024-12-04T06:59:31+00:00","og_image":[{"width":1600,"height":696,"url":"https:\/\/bli.com.vn\/wp-content\/uploads\/2021\/03\/lien-he.jpg","type":"image\/jpeg"}],"twitter_card":"summary_large_image","twitter_image":"https:\/\/bli.com.vn\/wp-content\/uploads\/2021\/03\/lien-he.jpg","twitter_misc":{"Est. reading time":"1 minute"},"schema":{"@context":"https:\/\/schema.org","@graph":[{"@type":"WebPage","@id":"https:\/\/bli.com.vn\/lien-he\/","url":"https:\/\/bli.com.vn\/lien-he\/","name":"Li\u00ean H\u1ec7 - BLI Vi\u1ec7t Nam","isPartOf":{"@id":"https:\/\/bli.com.vn\/#website"},"datePublished":"2021-03-19T09:34:49+00:00","dateModified":"2024-12-04T06:59:31+00:00","breadcrumb":{"@id":"https:\/\/bli.com.vn\/lien-he\/#breadcrumb"},"inLanguage":"en-US","potentialAction":[{"@type":"ReadAction","target":["https:\/\/bli.com.vn\/lien-he\/"]}]},{"@type":"BreadcrumbList","@id":"https:\/\/bli.com.vn\/lien-he\/#breadcrumb","itemListElement":[{"@type":"ListItem","position":1,"name":"Home","item":"https:\/\/bli.com.vn\/"},{"@type":"ListItem","position":2,"name":"Li\u00ean H\u1ec7"}]},{"@type":"WebSite","@id":"https:\/\/bli.com.vn\/#website","url":"https:\/\/bli.com.vn\/","name":"BLI Vi\u1ec7t Nam","description":"M\u00e1y in, m\u00e1y qu\u00e9t m\u00e3 v\u1ea1ch Zebra, Honeywell, Datalogic","publisher":{"@id":"https:\/\/bli.com.vn\/#organization"},"potentialAction":[{"@type":"SearchAction","target":{"@type":"EntryPoint","urlTemplate":"https:\/\/bli.com.vn\/?s={search_term_string}"},"query-input":{"@type":"PropertyValueSpecification","valueRequired":true,"valueName":"search_term_string"}}],"inLanguage":"en-US"},{"@type":"Organization","@id":"https:\/\/bli.com.vn\/#organization","name":"BLI Vi\u1ec7t Nam","url":"https:\/\/bli.com.vn\/","logo":{"@type":"ImageObject","inLanguage":"en-US","@id":"https:\/\/bli.com.vn\/#\/schema\/logo\/image\/","url":"https:\/\/bli.com.vn\/wp-content\/uploads\/2021\/03\/site-logo.png","contentUrl":"https:\/\/bli.com.vn\/wp-content\/uploads\/2021\/03\/site-logo.png","width":"400","height":"150","caption":"BLI Vi\u1ec7t Nam"},"image":{"@id":"https:\/\/bli.com.vn\/#\/schema\/logo\/image\/"}}]}},"featured_image_src":null,"featured_image_src_square":null,"_links":{"self":[{"href":"https:\/\/bli.com.vn\/en\/wp-json\/wp\/v2\/pages\/77","targetHints":{"allow":["GET"]}}],"collection":[{"href":"https:\/\/bli.com.vn\/en\/wp-json\/wp\/v2\/pages"}],"about":[{"href":"https:\/\/bli.com.vn\/en\/wp-json\/wp\/v2\/types\/page"}],"author":[{"embeddable":true,"href":"https:\/\/bli.com.vn\/en\/wp-json\/wp\/v2\/users\/1"}],"replies":[{"embeddable":true,"href":"https:\/\/bli.com.vn\/en\/wp-json\/wp\/v2\/comments?post=77"}],"version-history":[{"count":3,"href":"https:\/\/bli.com.vn\/en\/wp-json\/wp\/v2\/pages\/77\/revisions"}],"predecessor-version":[{"id":580,"href":"https:\/\/bli.com.vn\/en\/wp-json\/wp\/v2\/pages\/77\/revisions\/580"}],"wp:attachment":[{"href":"https:\/\/bli.com.vn\/en\/wp-json\/wp\/v2\/media?parent=77"}],"curies":[{"name":"wp","href":"https:\/\/api.w.org\/{rel}","templated":true}]}}