{"id":86,"date":"2021-03-19T10:21:24","date_gmt":"2021-03-19T10:21:24","guid":{"rendered":"https:\/\/bli.com.vn\/?page_id=86"},"modified":"2021-07-07T07:09:49","modified_gmt":"2021-07-07T07:09:49","slug":"san-pham","status":"publish","type":"page","link":"https:\/\/bli.com.vn\/en\/san-pham\/","title":{"rendered":"Products"},"content":{"rendered":"<div class=\"vc_row wpb_row vc_row-fluid vc_custom_1616148246240\"><div class=\"wpb_column vc_column_container vc_col-sm-12\"><div class=\"vc_column-inner\"><div class=\"wpb_wrapper\"><div class=\"woocommerce columns-5\"><ul class=\"products columns-5\">\n<li class=\"product-category product first\">\n\t<a aria-label=\"Visit product category M\u00e1y in m\u00e3 v\u1ea1ch\" href=\"https:\/\/bli.com.vn\/en\/may-in-ma-vach\/\" data-no-translation-aria-label=\"\"><img decoding=\"async\" src=\"https:\/\/bli.com.vn\/wp-content\/uploads\/2021\/03\/may-in-ma-vach.jpg\" alt=\"M\u00e1y in m\u00e3 v\u1ea1ch\" width=\"530\" height=\"530\" srcset=\"https:\/\/bli.com.vn\/wp-content\/uploads\/2021\/03\/may-in-ma-vach.jpg 500w, https:\/\/bli.com.vn\/wp-content\/uploads\/2021\/03\/may-in-ma-vach-300x240.jpg 300w\" sizes=\"(max-width: 500px) 100vw, 500px\" \/>\t\t<h2 class=\"woocommerce-loop-category__title\">\n\t\t\tBarcode Printers <mark class=\"count\">(14)<\/mark>\t\t<\/h2>\n\t\t<\/a><\/li>\n<li class=\"product-category product\">\n\t<a aria-label=\"Visit product category M\u00e1y qu\u00e9t m\u00e3 v\u1ea1ch\" href=\"https:\/\/bli.com.vn\/en\/may-quet-ma-vach\/\" data-no-translation-aria-label=\"\"><img decoding=\"async\" src=\"https:\/\/bli.com.vn\/wp-content\/uploads\/2021\/03\/may-quet-ma-vach.jpg\" alt=\"M\u00e1y qu\u00e9t m\u00e3 v\u1ea1ch\" width=\"530\" height=\"530\" srcset=\"https:\/\/bli.com.vn\/wp-content\/uploads\/2021\/03\/may-quet-ma-vach.jpg 500w, https:\/\/bli.com.vn\/wp-content\/uploads\/2021\/03\/may-quet-ma-vach-300x240.jpg 300w\" sizes=\"(max-width: 500px) 100vw, 500px\" \/>\t\t<h2 class=\"woocommerce-loop-category__title\">\n\t\t\tBarcode Scanners <mark class=\"count\">(12)<\/mark>\t\t<\/h2>\n\t\t<\/a><\/li>\n<li class=\"product-category product\">\n\t<a aria-label=\"Visit product category Linh ki\u1ec7n - V\u1eadt t\u01b0 m\u00e3 v\u1ea1ch\" href=\"https:\/\/bli.com.vn\/en\/linh-kien-vat-tu\/\" data-no-translation-aria-label=\"\"><img decoding=\"async\" src=\"https:\/\/bli.com.vn\/wp-content\/uploads\/2021\/03\/linh-kien-vat-tu-in-ma-vach.jpg\" alt=\"Linh ki\u1ec7n - V\u1eadt t\u01b0 m\u00e3 v\u1ea1ch\" width=\"530\" height=\"530\" srcset=\"https:\/\/bli.com.vn\/wp-content\/uploads\/2021\/03\/linh-kien-vat-tu-in-ma-vach.jpg 500w, https:\/\/bli.com.vn\/wp-content\/uploads\/2021\/03\/linh-kien-vat-tu-in-ma-vach-300x240.jpg 300w\" sizes=\"(max-width: 500px) 100vw, 500px\" \/>\t\t<h2 class=\"woocommerce-loop-category__title\">\n\t\t\tAccessories <mark class=\"count\">(21)<\/mark>\t\t<\/h2>\n\t\t<\/a><\/li>\n<li class=\"product-category product\">\n\t<a aria-label=\"Visit product category Ph\u1ea7n m\u1ec1m m\u00e3 v\u1ea1ch\" href=\"https:\/\/bli.com.vn\/en\/phan-mem-ma-vach\/\" data-no-translation-aria-label=\"\"><img decoding=\"async\" src=\"https:\/\/bli.com.vn\/wp-content\/uploads\/2021\/04\/phan-mem-ma-vach.jpg\" alt=\"Ph\u1ea7n m\u1ec1m m\u00e3 v\u1ea1ch\" width=\"530\" height=\"530\" srcset=\"https:\/\/bli.com.vn\/wp-content\/uploads\/2021\/04\/phan-mem-ma-vach.jpg 500w, https:\/\/bli.com.vn\/wp-content\/uploads\/2021\/04\/phan-mem-ma-vach-300x240.jpg 300w\" sizes=\"(max-width: 500px) 100vw, 500px\" \/>\t\t<h2 class=\"woocommerce-loop-category__title\">\n\t\t\tBarcode Software <mark class=\"count\">(2)<\/mark>\t\t<\/h2>\n\t\t<\/a><\/li>\n<li class=\"product-category product last\">\n\t<a aria-label=\"Visit product category M\u00e1y ki\u1ec3m kho\" href=\"https:\/\/bli.com.vn\/en\/may-kiem-kho\/\" data-no-translation-aria-label=\"\"><img decoding=\"async\" src=\"https:\/\/bli.com.vn\/wp-content\/uploads\/2021\/06\/thiet-bi-kiem-kho-530x400.jpg\" alt=\"M\u00e1y ki\u1ec3m kho\" width=\"530\" height=\"530\" \/>\t\t<h2 class=\"woocommerce-loop-category__title\">\n\t\t\tMobile Computer <mark class=\"count\">(7)<\/mark>\t\t<\/h2>\n\t\t<\/a><\/li>\n<\/ul>\n<\/div><\/div><\/div><\/div><\/div>","protected":false},"excerpt":{"rendered":"M\u00e1y in m\u00e3 v\u1ea1ch (14) M\u00e1y qu\u00e9t m\u00e3 v\u1ea1ch (12) Linh ki\u1ec7n - V\u1eadt t\u01b0 m\u00e3 v\u1ea1ch (21) Ph\u1ea7n m\u1ec1m m\u00e3 v\u1ea1ch (2) M\u00e1y ki\u1ec3m kho (7)","protected":false},"author":1,"featured_media":0,"parent":0,"menu_order":0,"comment_status":"closed","ping_status":"closed","template":"template-page-builder.php","meta":{"_genesis_hide_title":false,"_genesis_hide_breadcrumbs":false,"_genesis_hide_singular_image":false,"_genesis_hide_footer_widgets":false,"_genesis_custom_body_class":"","_genesis_custom_post_class":"","_genesis_layout":"","footnotes":""},"class_list":{"0":"post-86","1":"page","2":"type-page","3":"status-publish","5":"entry"},"yoast_head":"<!-- This site is optimized with the Yoast SEO plugin v27.3 - https:\/\/yoast.com\/product\/yoast-seo-wordpress\/ -->\n<title>S\u1ea3n ph\u1ea9m - BLI Vi\u1ec7t Nam<\/title>\n<meta name=\"robots\" content=\"index, follow, max-snippet:-1, max-image-preview:large, max-video-preview:-1\" \/>\n<link rel=\"canonical\" href=\"https:\/\/bli.com.vn\/en\/san-pham\/\" \/>\n<meta property=\"og:locale\" content=\"en_US\" \/>\n<meta property=\"og:type\" content=\"article\" \/>\n<meta property=\"og:title\" content=\"S\u1ea3n ph\u1ea9m - BLI Vi\u1ec7t Nam\" \/>\n<meta property=\"og:url\" content=\"https:\/\/bli.com.vn\/en\/san-pham\/\" \/>\n<meta property=\"og:site_name\" content=\"BLI Vi\u1ec7t Nam\" \/>\n<meta property=\"article:modified_time\" content=\"2021-07-07T07:09:49+00:00\" \/>\n<meta name=\"twitter:card\" content=\"summary_large_image\" \/>\n<meta name=\"twitter:label1\" content=\"Est. reading time\" \/>\n\t<meta name=\"twitter:data1\" content=\"1 minute\" \/>\n<script type=\"application\/ld+json\" class=\"yoast-schema-graph\">{\"@context\":\"https:\\\/\\\/schema.org\",\"@graph\":[{\"@type\":\"WebPage\",\"@id\":\"https:\\\/\\\/bli.com.vn\\\/san-pham\\\/\",\"url\":\"https:\\\/\\\/bli.com.vn\\\/san-pham\\\/\",\"name\":\"S\u1ea3n ph\u1ea9m - BLI Vi\u1ec7t Nam\",\"isPartOf\":{\"@id\":\"https:\\\/\\\/bli.com.vn\\\/#website\"},\"datePublished\":\"2021-03-19T10:21:24+00:00\",\"dateModified\":\"2021-07-07T07:09:49+00:00\",\"breadcrumb\":{\"@id\":\"https:\\\/\\\/bli.com.vn\\\/san-pham\\\/#breadcrumb\"},\"inLanguage\":\"en-US\",\"potentialAction\":[{\"@type\":\"ReadAction\",\"target\":[\"https:\\\/\\\/bli.com.vn\\\/san-pham\\\/\"]}]},{\"@type\":\"BreadcrumbList\",\"@id\":\"https:\\\/\\\/bli.com.vn\\\/san-pham\\\/#breadcrumb\",\"itemListElement\":[{\"@type\":\"ListItem\",\"position\":1,\"name\":\"Home\",\"item\":\"https:\\\/\\\/bli.com.vn\\\/\"},{\"@type\":\"ListItem\",\"position\":2,\"name\":\"S\u1ea3n ph\u1ea9m\"}]},{\"@type\":\"WebSite\",\"@id\":\"https:\\\/\\\/bli.com.vn\\\/#website\",\"url\":\"https:\\\/\\\/bli.com.vn\\\/\",\"name\":\"BLI Vi\u1ec7t Nam\",\"description\":\"M\u00e1y in, m\u00e1y qu\u00e9t m\u00e3 v\u1ea1ch Zebra, Honeywell, Datalogic\",\"publisher\":{\"@id\":\"https:\\\/\\\/bli.com.vn\\\/#organization\"},\"potentialAction\":[{\"@type\":\"SearchAction\",\"target\":{\"@type\":\"EntryPoint\",\"urlTemplate\":\"https:\\\/\\\/bli.com.vn\\\/?s={search_term_string}\"},\"query-input\":{\"@type\":\"PropertyValueSpecification\",\"valueRequired\":true,\"valueName\":\"search_term_string\"}}],\"inLanguage\":\"en-US\"},{\"@type\":\"Organization\",\"@id\":\"https:\\\/\\\/bli.com.vn\\\/#organization\",\"name\":\"BLI Vi\u1ec7t Nam\",\"url\":\"https:\\\/\\\/bli.com.vn\\\/\",\"logo\":{\"@type\":\"ImageObject\",\"inLanguage\":\"en-US\",\"@id\":\"https:\\\/\\\/bli.com.vn\\\/#\\\/schema\\\/logo\\\/image\\\/\",\"url\":\"https:\\\/\\\/bli.com.vn\\\/wp-content\\\/uploads\\\/2021\\\/03\\\/site-logo.png\",\"contentUrl\":\"https:\\\/\\\/bli.com.vn\\\/wp-content\\\/uploads\\\/2021\\\/03\\\/site-logo.png\",\"width\":\"400\",\"height\":\"150\",\"caption\":\"BLI Vi\u1ec7t Nam\"},\"image\":{\"@id\":\"https:\\\/\\\/bli.com.vn\\\/#\\\/schema\\\/logo\\\/image\\\/\"}}]}<\/script>\n<!-- \/ Yoast SEO plugin. -->","yoast_head_json":{"title":"S\u1ea3n ph\u1ea9m - BLI Vi\u1ec7t Nam","robots":{"index":"index","follow":"follow","max-snippet":"max-snippet:-1","max-image-preview":"max-image-preview:large","max-video-preview":"max-video-preview:-1"},"canonical":"https:\/\/bli.com.vn\/en\/san-pham\/","og_locale":"en_US","og_type":"article","og_title":"S\u1ea3n ph\u1ea9m - BLI Vi\u1ec7t Nam","og_url":"https:\/\/bli.com.vn\/en\/san-pham\/","og_site_name":"BLI Vi\u1ec7t Nam","article_modified_time":"2021-07-07T07:09:49+00:00","twitter_card":"summary_large_image","twitter_misc":{"Est. reading time":"1 minute"},"schema":{"@context":"https:\/\/schema.org","@graph":[{"@type":"WebPage","@id":"https:\/\/bli.com.vn\/san-pham\/","url":"https:\/\/bli.com.vn\/san-pham\/","name":"S\u1ea3n ph\u1ea9m - BLI Vi\u1ec7t Nam","isPartOf":{"@id":"https:\/\/bli.com.vn\/#website"},"datePublished":"2021-03-19T10:21:24+00:00","dateModified":"2021-07-07T07:09:49+00:00","breadcrumb":{"@id":"https:\/\/bli.com.vn\/san-pham\/#breadcrumb"},"inLanguage":"en-US","potentialAction":[{"@type":"ReadAction","target":["https:\/\/bli.com.vn\/san-pham\/"]}]},{"@type":"BreadcrumbList","@id":"https:\/\/bli.com.vn\/san-pham\/#breadcrumb","itemListElement":[{"@type":"ListItem","position":1,"name":"Home","item":"https:\/\/bli.com.vn\/"},{"@type":"ListItem","position":2,"name":"S\u1ea3n ph\u1ea9m"}]},{"@type":"WebSite","@id":"https:\/\/bli.com.vn\/#website","url":"https:\/\/bli.com.vn\/","name":"BLI Vi\u1ec7t Nam","description":"M\u00e1y in, m\u00e1y qu\u00e9t m\u00e3 v\u1ea1ch Zebra, Honeywell, Datalogic","publisher":{"@id":"https:\/\/bli.com.vn\/#organization"},"potentialAction":[{"@type":"SearchAction","target":{"@type":"EntryPoint","urlTemplate":"https:\/\/bli.com.vn\/?s={search_term_string}"},"query-input":{"@type":"PropertyValueSpecification","valueRequired":true,"valueName":"search_term_string"}}],"inLanguage":"en-US"},{"@type":"Organization","@id":"https:\/\/bli.com.vn\/#organization","name":"BLI Vi\u1ec7t Nam","url":"https:\/\/bli.com.vn\/","logo":{"@type":"ImageObject","inLanguage":"en-US","@id":"https:\/\/bli.com.vn\/#\/schema\/logo\/image\/","url":"https:\/\/bli.com.vn\/wp-content\/uploads\/2021\/03\/site-logo.png","contentUrl":"https:\/\/bli.com.vn\/wp-content\/uploads\/2021\/03\/site-logo.png","width":"400","height":"150","caption":"BLI Vi\u1ec7t Nam"},"image":{"@id":"https:\/\/bli.com.vn\/#\/schema\/logo\/image\/"}}]}},"featured_image_src":null,"featured_image_src_square":null,"_links":{"self":[{"href":"https:\/\/bli.com.vn\/en\/wp-json\/wp\/v2\/pages\/86","targetHints":{"allow":["GET"]}}],"collection":[{"href":"https:\/\/bli.com.vn\/en\/wp-json\/wp\/v2\/pages"}],"about":[{"href":"https:\/\/bli.com.vn\/en\/wp-json\/wp\/v2\/types\/page"}],"author":[{"embeddable":true,"href":"https:\/\/bli.com.vn\/en\/wp-json\/wp\/v2\/users\/1"}],"replies":[{"embeddable":true,"href":"https:\/\/bli.com.vn\/en\/wp-json\/wp\/v2\/comments?post=86"}],"version-history":[{"count":3,"href":"https:\/\/bli.com.vn\/en\/wp-json\/wp\/v2\/pages\/86\/revisions"}],"predecessor-version":[{"id":510,"href":"https:\/\/bli.com.vn\/en\/wp-json\/wp\/v2\/pages\/86\/revisions\/510"}],"wp:attachment":[{"href":"https:\/\/bli.com.vn\/en\/wp-json\/wp\/v2\/media?parent=86"}],"curies":[{"name":"wp","href":"https:\/\/api.w.org\/{rel}","templated":true}]}}