{"id":100,"date":"2021-03-20T04:17:49","date_gmt":"2021-03-20T04:17:49","guid":{"rendered":"https:\/\/bli.com.vn\/?post_type=product&#038;p=100"},"modified":"2023-01-12T08:40:32","modified_gmt":"2023-01-12T08:40:32","slug":"may-quet-ma-vach-zebra-ds4608-sr","status":"publish","type":"product","link":"https:\/\/bli.com.vn\/en\/may-quet-ma-vach-zebra-ds4608-sr\/","title":{"rendered":"Zebra DS4608-SR Barcode Scanner"},"content":{"rendered":"<p>The Zebra DS4608-SR barcode scanner is capable of decoding high density 1D and 2D barcodes and features a 1.8 meter high impact and shock resistant design rated IP52 for optimal performance in environments, retail and industrial, customer care.<\/p>\n<table width=\"538\">\n<tbody>\n<tr>\n<td width=\"538\"><strong>Model: Zebra DS4608-SR<\/strong><\/td>\n<\/tr>\n<tr>\n<td width=\"538\">1D scan availability: Code 39, code 128, code 93, Codabar \/ NW7, code 11, MSI Plessey, UPC \/ EAN, I 2\/5, Korean 3\/5, GS1 DataBar, Base 32 (Italian Pharma)<\/td>\n<\/tr>\n<tr>\n<td width=\"538\">2D scan availability: PDF417, Micro PDF417,  TLC-39, Aztec, DataMatrix, MaxiCode, QR, Micro QR, Han Xin, SecurPharm, DotCode, Dotted DataMatrix<\/td>\n<\/tr>\n<tr>\n<td width=\"538\"><strong>Dimension<\/strong><br \/>\n6,5 inch H x 2,6 inch W x 3,9 inch D<br \/>\n.<\/td>\n<\/tr>\n<tr>\n<td>Interfaces: USB, RS232, TGCS (IBM) 46XX over RS485<\/td>\n<\/tr>\n<tr>\n<td>.<\/td>\n<\/tr>\n<tr>\n<td>Scan light: 2 red LED 660nm<\/td>\n<\/tr>\n<tr>\n<td>Nominal Scan Field: 36,1 \u00b0 H x 22,6 \u00b0 V<\/td>\n<\/tr>\n<tr>\n<td>Image sensor: 1280 x 800 pixel<\/td>\n<\/tr>\n<tr>\n<td>Minimum contrast: 15%<\/td>\n<\/tr>\n<tr>\n<td>Graphics format support: Images can be exported as Bitmap, JPEG, TIFF<\/td>\n<\/tr>\n<tr>\n<td>Image quality: 96PPI on A4 size<\/td>\n<\/tr>\n<tr>\n<td>Weight: 5,7 oz. \/ 161,9 g<\/td>\n<\/tr>\n<tr>\n<td>Operating temperature: 32 to 122 \u00b0F \/ 0 to 50 \u00b0C<\/td>\n<\/tr>\n<tr>\n<td>Storage temperature: -40 to 158 \u00b0F \/ -40 to 70 \u00b0C<\/td>\n<\/tr>\n<tr>\n<td>Humidity: 5 \u2013 95% RH, non-condensing<\/td>\n<\/tr>\n<tr>\n<td width=\"538\">Impact resistance: Passed 1.8m drop test to concrete floor<\/td>\n<\/tr>\n<tr>\n<td>Standard: IP52<\/td>\n<\/tr>\n<\/tbody>\n<\/table>\n<p>&nbsp;<\/p>","protected":false},"excerpt":{"rendered":"<p>With the Zebra DS4608-SR barcode scanner, you get a host of productivity enhancements to handle more transactions and tasks throughout the store. Smart scanning, which not only scans the code, but automatically orients, de-skews, and brightens the image for optimal clarity. Scan multiple barcodes with a single drag, or automatically scan one barcode across a multi-barcode field.<\/p>","protected":false},"featured_media":102,"template":"","meta":{"_genesis_hide_title":false,"_genesis_hide_breadcrumbs":false,"_genesis_hide_singular_image":false,"_genesis_hide_footer_widgets":false,"_genesis_custom_body_class":"","_genesis_custom_post_class":"","_genesis_layout":""},"product_cat":[18],"product_tag":[],"class_list":{"0":"post-100","1":"product","2":"type-product","3":"status-publish","4":"has-post-thumbnail","6":"product_cat-may-quet-ma-vach","7":"entry","9":"first","10":"instock","11":"featured","12":"shipping-taxable","13":"product-type-simple"},"yoast_head":"<!-- This site is optimized with the Yoast SEO plugin v27.3 - https:\/\/yoast.com\/product\/yoast-seo-wordpress\/ -->\n<title>M\u00e1y qu\u00e9t m\u00e3 v\u1ea1ch Zebra DS4608-SR - BLI Vi\u1ec7t Nam<\/title>\n<meta name=\"description\" content=\"V\u1edbi m\u00e1y qu\u00e9t m\u00e3 v\u1ea1ch Zebra DS4608-SR, b\u1ea1n nh\u1eadn \u0111\u01b0\u1ee3c m\u1ed9t lo\u1ea1t c\u00e1c c\u1ea3i ti\u1ebfn n\u00e2ng cao n\u0103ng su\u1ea5t \u0111\u1ec3 x\u1eed l\u00fd nhi\u1ec1u giao d\u1ecbch v\u00e0 nhi\u1ec7m v\u1ee5 h\u01a1n trong to\u00e0n b\u1ed9 c\u1eeda h\u00e0ng. T\u00ednh n\u0103ng qu\u00e9t th\u00f4ng minh, kh\u00f4ng ch\u1ec9 qu\u00e9t m\u00e3 m\u00e0 c\u00f2n t\u1ef1 \u0111\u1ed9ng \u0111\u1ecbnh h\u01b0\u1edbng, kh\u1eed l\u1ec7ch v\u00e0 l\u00e0m s\u00e1ng h\u00ecnh \u1ea3nh \u0111\u1ec3 c\u00f3 \u0111\u1ed9 r\u00f5 n\u00e9t t\u1ed1i \u01b0u.\" \/>\n<meta name=\"robots\" content=\"index, follow, max-snippet:-1, max-image-preview:large, max-video-preview:-1\" \/>\n<link rel=\"canonical\" href=\"https:\/\/bli.com.vn\/en\/may-quet-ma-vach-zebra-ds4608-sr\/\" \/>\n<meta property=\"og:locale\" content=\"en_US\" \/>\n<meta property=\"og:type\" content=\"article\" \/>\n<meta property=\"og:title\" content=\"M\u00e1y qu\u00e9t m\u00e3 v\u1ea1ch Zebra DS4608-SR - BLI Vi\u1ec7t Nam\" \/>\n<meta property=\"og:description\" content=\"V\u1edbi m\u00e1y qu\u00e9t m\u00e3 v\u1ea1ch Zebra DS4608-SR, b\u1ea1n nh\u1eadn \u0111\u01b0\u1ee3c m\u1ed9t lo\u1ea1t c\u00e1c c\u1ea3i ti\u1ebfn n\u00e2ng cao n\u0103ng su\u1ea5t \u0111\u1ec3 x\u1eed l\u00fd nhi\u1ec1u giao d\u1ecbch v\u00e0 nhi\u1ec7m v\u1ee5 h\u01a1n trong to\u00e0n b\u1ed9 c\u1eeda h\u00e0ng. T\u00ednh n\u0103ng qu\u00e9t th\u00f4ng minh, kh\u00f4ng ch\u1ec9 qu\u00e9t m\u00e3 m\u00e0 c\u00f2n t\u1ef1 \u0111\u1ed9ng \u0111\u1ecbnh h\u01b0\u1edbng, kh\u1eed l\u1ec7ch v\u00e0 l\u00e0m s\u00e1ng h\u00ecnh \u1ea3nh \u0111\u1ec3 c\u00f3 \u0111\u1ed9 r\u00f5 n\u00e9t t\u1ed1i \u01b0u.\" \/>\n<meta property=\"og:url\" content=\"https:\/\/bli.com.vn\/en\/may-quet-ma-vach-zebra-ds4608-sr\/\" \/>\n<meta property=\"og:site_name\" content=\"BLI Vi\u1ec7t Nam\" \/>\n<meta property=\"article:modified_time\" content=\"2023-01-12T08:40:32+00:00\" \/>\n<meta property=\"og:image\" content=\"https:\/\/bli.com.vn\/wp-content\/uploads\/2021\/03\/May-quet-ma-vach-Zebra-DS4608-SR.jpg\" \/>\n\t<meta property=\"og:image:width\" content=\"600\" \/>\n\t<meta property=\"og:image:height\" content=\"400\" \/>\n\t<meta property=\"og:image:type\" content=\"image\/jpeg\" \/>\n<meta name=\"twitter:card\" content=\"summary_large_image\" \/>\n<meta name=\"twitter:image\" content=\"https:\/\/bli.com.vn\/wp-content\/uploads\/2021\/03\/May-quet-ma-vach-Zebra-DS4608-SR.jpg\" \/>\n<meta name=\"twitter:label1\" content=\"Est. reading time\" \/>\n\t<meta name=\"twitter:data1\" content=\"2 minutes\" \/>\n<script type=\"application\/ld+json\" class=\"yoast-schema-graph\">{\"@context\":\"https:\\\/\\\/schema.org\",\"@graph\":[{\"@type\":\"WebPage\",\"@id\":\"https:\\\/\\\/bli.com.vn\\\/may-quet-ma-vach-zebra-ds4608-sr\\\/\",\"url\":\"https:\\\/\\\/bli.com.vn\\\/may-quet-ma-vach-zebra-ds4608-sr\\\/\",\"name\":\"M\u00e1y qu\u00e9t m\u00e3 v\u1ea1ch Zebra DS4608-SR - BLI Vi\u1ec7t Nam\",\"isPartOf\":{\"@id\":\"https:\\\/\\\/bli.com.vn\\\/#website\"},\"primaryImageOfPage\":{\"@id\":\"https:\\\/\\\/bli.com.vn\\\/may-quet-ma-vach-zebra-ds4608-sr\\\/#primaryimage\"},\"image\":{\"@id\":\"https:\\\/\\\/bli.com.vn\\\/may-quet-ma-vach-zebra-ds4608-sr\\\/#primaryimage\"},\"thumbnailUrl\":\"https:\\\/\\\/bli.com.vn\\\/wp-content\\\/uploads\\\/2021\\\/03\\\/May-quet-ma-vach-Zebra-DS4608-SR.jpg\",\"datePublished\":\"2021-03-20T04:17:49+00:00\",\"dateModified\":\"2023-01-12T08:40:32+00:00\",\"description\":\"V\u1edbi m\u00e1y qu\u00e9t m\u00e3 v\u1ea1ch Zebra DS4608-SR, b\u1ea1n nh\u1eadn \u0111\u01b0\u1ee3c m\u1ed9t lo\u1ea1t c\u00e1c c\u1ea3i ti\u1ebfn n\u00e2ng cao n\u0103ng su\u1ea5t \u0111\u1ec3 x\u1eed l\u00fd nhi\u1ec1u giao d\u1ecbch v\u00e0 nhi\u1ec7m v\u1ee5 h\u01a1n trong to\u00e0n b\u1ed9 c\u1eeda h\u00e0ng. T\u00ednh n\u0103ng qu\u00e9t th\u00f4ng minh, kh\u00f4ng ch\u1ec9 qu\u00e9t m\u00e3 m\u00e0 c\u00f2n t\u1ef1 \u0111\u1ed9ng \u0111\u1ecbnh h\u01b0\u1edbng, kh\u1eed l\u1ec7ch v\u00e0 l\u00e0m s\u00e1ng h\u00ecnh \u1ea3nh \u0111\u1ec3 c\u00f3 \u0111\u1ed9 r\u00f5 n\u00e9t t\u1ed1i \u01b0u.\",\"breadcrumb\":{\"@id\":\"https:\\\/\\\/bli.com.vn\\\/may-quet-ma-vach-zebra-ds4608-sr\\\/#breadcrumb\"},\"inLanguage\":\"en-US\",\"potentialAction\":[{\"@type\":\"ReadAction\",\"target\":[\"https:\\\/\\\/bli.com.vn\\\/may-quet-ma-vach-zebra-ds4608-sr\\\/\"]}]},{\"@type\":\"ImageObject\",\"inLanguage\":\"en-US\",\"@id\":\"https:\\\/\\\/bli.com.vn\\\/may-quet-ma-vach-zebra-ds4608-sr\\\/#primaryimage\",\"url\":\"https:\\\/\\\/bli.com.vn\\\/wp-content\\\/uploads\\\/2021\\\/03\\\/May-quet-ma-vach-Zebra-DS4608-SR.jpg\",\"contentUrl\":\"https:\\\/\\\/bli.com.vn\\\/wp-content\\\/uploads\\\/2021\\\/03\\\/May-quet-ma-vach-Zebra-DS4608-SR.jpg\",\"width\":600,\"height\":400,\"caption\":\"M\u00e1y \u0111\u1ecdc m\u00e3 v\u1ea1ch Zebra DS4608-SR - bli.com.vn\"},{\"@type\":\"BreadcrumbList\",\"@id\":\"https:\\\/\\\/bli.com.vn\\\/may-quet-ma-vach-zebra-ds4608-sr\\\/#breadcrumb\",\"itemListElement\":[{\"@type\":\"ListItem\",\"position\":1,\"name\":\"Home\",\"item\":\"https:\\\/\\\/bli.com.vn\\\/\"},{\"@type\":\"ListItem\",\"position\":2,\"name\":\"S\u1ea3n ph\u1ea9m\",\"item\":\"https:\\\/\\\/bli.com.vn\\\/san-pham\\\/\"},{\"@type\":\"ListItem\",\"position\":3,\"name\":\"M\u00e1y qu\u00e9t m\u00e3 v\u1ea1ch Zebra DS4608-SR\"}]},{\"@type\":\"WebSite\",\"@id\":\"https:\\\/\\\/bli.com.vn\\\/#website\",\"url\":\"https:\\\/\\\/bli.com.vn\\\/\",\"name\":\"BLI Vi\u1ec7t Nam\",\"description\":\"M\u00e1y in, m\u00e1y qu\u00e9t m\u00e3 v\u1ea1ch Zebra, Honeywell, Datalogic\",\"publisher\":{\"@id\":\"https:\\\/\\\/bli.com.vn\\\/#organization\"},\"potentialAction\":[{\"@type\":\"SearchAction\",\"target\":{\"@type\":\"EntryPoint\",\"urlTemplate\":\"https:\\\/\\\/bli.com.vn\\\/?s={search_term_string}\"},\"query-input\":{\"@type\":\"PropertyValueSpecification\",\"valueRequired\":true,\"valueName\":\"search_term_string\"}}],\"inLanguage\":\"en-US\"},{\"@type\":\"Organization\",\"@id\":\"https:\\\/\\\/bli.com.vn\\\/#organization\",\"name\":\"BLI Vi\u1ec7t Nam\",\"url\":\"https:\\\/\\\/bli.com.vn\\\/\",\"logo\":{\"@type\":\"ImageObject\",\"inLanguage\":\"en-US\",\"@id\":\"https:\\\/\\\/bli.com.vn\\\/#\\\/schema\\\/logo\\\/image\\\/\",\"url\":\"https:\\\/\\\/bli.com.vn\\\/wp-content\\\/uploads\\\/2021\\\/03\\\/site-logo.png\",\"contentUrl\":\"https:\\\/\\\/bli.com.vn\\\/wp-content\\\/uploads\\\/2021\\\/03\\\/site-logo.png\",\"width\":\"400\",\"height\":\"150\",\"caption\":\"BLI Vi\u1ec7t Nam\"},\"image\":{\"@id\":\"https:\\\/\\\/bli.com.vn\\\/#\\\/schema\\\/logo\\\/image\\\/\"}}]}<\/script>\n<!-- \/ Yoast SEO plugin. -->","yoast_head_json":{"title":"M\u00e1y qu\u00e9t m\u00e3 v\u1ea1ch Zebra DS4608-SR - BLI Vi\u1ec7t Nam","description":"V\u1edbi m\u00e1y qu\u00e9t m\u00e3 v\u1ea1ch Zebra DS4608-SR, b\u1ea1n nh\u1eadn \u0111\u01b0\u1ee3c m\u1ed9t lo\u1ea1t c\u00e1c c\u1ea3i ti\u1ebfn n\u00e2ng cao n\u0103ng su\u1ea5t \u0111\u1ec3 x\u1eed l\u00fd nhi\u1ec1u giao d\u1ecbch v\u00e0 nhi\u1ec7m v\u1ee5 h\u01a1n trong to\u00e0n b\u1ed9 c\u1eeda h\u00e0ng. T\u00ednh n\u0103ng qu\u00e9t th\u00f4ng minh, kh\u00f4ng ch\u1ec9 qu\u00e9t m\u00e3 m\u00e0 c\u00f2n t\u1ef1 \u0111\u1ed9ng \u0111\u1ecbnh h\u01b0\u1edbng, kh\u1eed l\u1ec7ch v\u00e0 l\u00e0m s\u00e1ng h\u00ecnh \u1ea3nh \u0111\u1ec3 c\u00f3 \u0111\u1ed9 r\u00f5 n\u00e9t t\u1ed1i \u01b0u.","robots":{"index":"index","follow":"follow","max-snippet":"max-snippet:-1","max-image-preview":"max-image-preview:large","max-video-preview":"max-video-preview:-1"},"canonical":"https:\/\/bli.com.vn\/en\/may-quet-ma-vach-zebra-ds4608-sr\/","og_locale":"en_US","og_type":"article","og_title":"M\u00e1y qu\u00e9t m\u00e3 v\u1ea1ch Zebra DS4608-SR - BLI Vi\u1ec7t Nam","og_description":"V\u1edbi m\u00e1y qu\u00e9t m\u00e3 v\u1ea1ch Zebra DS4608-SR, b\u1ea1n nh\u1eadn \u0111\u01b0\u1ee3c m\u1ed9t lo\u1ea1t c\u00e1c c\u1ea3i ti\u1ebfn n\u00e2ng cao n\u0103ng su\u1ea5t \u0111\u1ec3 x\u1eed l\u00fd nhi\u1ec1u giao d\u1ecbch v\u00e0 nhi\u1ec7m v\u1ee5 h\u01a1n trong to\u00e0n b\u1ed9 c\u1eeda h\u00e0ng. T\u00ednh n\u0103ng qu\u00e9t th\u00f4ng minh, kh\u00f4ng ch\u1ec9 qu\u00e9t m\u00e3 m\u00e0 c\u00f2n t\u1ef1 \u0111\u1ed9ng \u0111\u1ecbnh h\u01b0\u1edbng, kh\u1eed l\u1ec7ch v\u00e0 l\u00e0m s\u00e1ng h\u00ecnh \u1ea3nh \u0111\u1ec3 c\u00f3 \u0111\u1ed9 r\u00f5 n\u00e9t t\u1ed1i \u01b0u.","og_url":"https:\/\/bli.com.vn\/en\/may-quet-ma-vach-zebra-ds4608-sr\/","og_site_name":"BLI Vi\u1ec7t Nam","article_modified_time":"2023-01-12T08:40:32+00:00","og_image":[{"width":600,"height":400,"url":"https:\/\/bli.com.vn\/wp-content\/uploads\/2021\/03\/May-quet-ma-vach-Zebra-DS4608-SR.jpg","type":"image\/jpeg"}],"twitter_card":"summary_large_image","twitter_image":"https:\/\/bli.com.vn\/wp-content\/uploads\/2021\/03\/May-quet-ma-vach-Zebra-DS4608-SR.jpg","twitter_misc":{"Est. reading time":"2 minutes"},"schema":{"@context":"https:\/\/schema.org","@graph":[{"@type":"WebPage","@id":"https:\/\/bli.com.vn\/may-quet-ma-vach-zebra-ds4608-sr\/","url":"https:\/\/bli.com.vn\/may-quet-ma-vach-zebra-ds4608-sr\/","name":"M\u00e1y qu\u00e9t m\u00e3 v\u1ea1ch Zebra DS4608-SR - BLI Vi\u1ec7t Nam","isPartOf":{"@id":"https:\/\/bli.com.vn\/#website"},"primaryImageOfPage":{"@id":"https:\/\/bli.com.vn\/may-quet-ma-vach-zebra-ds4608-sr\/#primaryimage"},"image":{"@id":"https:\/\/bli.com.vn\/may-quet-ma-vach-zebra-ds4608-sr\/#primaryimage"},"thumbnailUrl":"https:\/\/bli.com.vn\/wp-content\/uploads\/2021\/03\/May-quet-ma-vach-Zebra-DS4608-SR.jpg","datePublished":"2021-03-20T04:17:49+00:00","dateModified":"2023-01-12T08:40:32+00:00","description":"V\u1edbi m\u00e1y qu\u00e9t m\u00e3 v\u1ea1ch Zebra DS4608-SR, b\u1ea1n nh\u1eadn \u0111\u01b0\u1ee3c m\u1ed9t lo\u1ea1t c\u00e1c c\u1ea3i ti\u1ebfn n\u00e2ng cao n\u0103ng su\u1ea5t \u0111\u1ec3 x\u1eed l\u00fd nhi\u1ec1u giao d\u1ecbch v\u00e0 nhi\u1ec7m v\u1ee5 h\u01a1n trong to\u00e0n b\u1ed9 c\u1eeda h\u00e0ng. T\u00ednh n\u0103ng qu\u00e9t th\u00f4ng minh, kh\u00f4ng ch\u1ec9 qu\u00e9t m\u00e3 m\u00e0 c\u00f2n t\u1ef1 \u0111\u1ed9ng \u0111\u1ecbnh h\u01b0\u1edbng, kh\u1eed l\u1ec7ch v\u00e0 l\u00e0m s\u00e1ng h\u00ecnh \u1ea3nh \u0111\u1ec3 c\u00f3 \u0111\u1ed9 r\u00f5 n\u00e9t t\u1ed1i \u01b0u.","breadcrumb":{"@id":"https:\/\/bli.com.vn\/may-quet-ma-vach-zebra-ds4608-sr\/#breadcrumb"},"inLanguage":"en-US","potentialAction":[{"@type":"ReadAction","target":["https:\/\/bli.com.vn\/may-quet-ma-vach-zebra-ds4608-sr\/"]}]},{"@type":"ImageObject","inLanguage":"en-US","@id":"https:\/\/bli.com.vn\/may-quet-ma-vach-zebra-ds4608-sr\/#primaryimage","url":"https:\/\/bli.com.vn\/wp-content\/uploads\/2021\/03\/May-quet-ma-vach-Zebra-DS4608-SR.jpg","contentUrl":"https:\/\/bli.com.vn\/wp-content\/uploads\/2021\/03\/May-quet-ma-vach-Zebra-DS4608-SR.jpg","width":600,"height":400,"caption":"M\u00e1y \u0111\u1ecdc m\u00e3 v\u1ea1ch Zebra DS4608-SR - bli.com.vn"},{"@type":"BreadcrumbList","@id":"https:\/\/bli.com.vn\/may-quet-ma-vach-zebra-ds4608-sr\/#breadcrumb","itemListElement":[{"@type":"ListItem","position":1,"name":"Home","item":"https:\/\/bli.com.vn\/"},{"@type":"ListItem","position":2,"name":"S\u1ea3n ph\u1ea9m","item":"https:\/\/bli.com.vn\/san-pham\/"},{"@type":"ListItem","position":3,"name":"M\u00e1y qu\u00e9t m\u00e3 v\u1ea1ch Zebra DS4608-SR"}]},{"@type":"WebSite","@id":"https:\/\/bli.com.vn\/#website","url":"https:\/\/bli.com.vn\/","name":"BLI Vi\u1ec7t Nam","description":"M\u00e1y in, m\u00e1y qu\u00e9t m\u00e3 v\u1ea1ch Zebra, Honeywell, Datalogic","publisher":{"@id":"https:\/\/bli.com.vn\/#organization"},"potentialAction":[{"@type":"SearchAction","target":{"@type":"EntryPoint","urlTemplate":"https:\/\/bli.com.vn\/?s={search_term_string}"},"query-input":{"@type":"PropertyValueSpecification","valueRequired":true,"valueName":"search_term_string"}}],"inLanguage":"en-US"},{"@type":"Organization","@id":"https:\/\/bli.com.vn\/#organization","name":"BLI Vi\u1ec7t Nam","url":"https:\/\/bli.com.vn\/","logo":{"@type":"ImageObject","inLanguage":"en-US","@id":"https:\/\/bli.com.vn\/#\/schema\/logo\/image\/","url":"https:\/\/bli.com.vn\/wp-content\/uploads\/2021\/03\/site-logo.png","contentUrl":"https:\/\/bli.com.vn\/wp-content\/uploads\/2021\/03\/site-logo.png","width":"400","height":"150","caption":"BLI Vi\u1ec7t Nam"},"image":{"@id":"https:\/\/bli.com.vn\/#\/schema\/logo\/image\/"}}]}},"_links":{"self":[{"href":"https:\/\/bli.com.vn\/en\/wp-json\/wp\/v2\/product\/100","targetHints":{"allow":["GET"]}}],"collection":[{"href":"https:\/\/bli.com.vn\/en\/wp-json\/wp\/v2\/product"}],"about":[{"href":"https:\/\/bli.com.vn\/en\/wp-json\/wp\/v2\/types\/product"}],"wp:featuredmedia":[{"embeddable":true,"href":"https:\/\/bli.com.vn\/en\/wp-json\/wp\/v2\/media\/102"}],"wp:attachment":[{"href":"https:\/\/bli.com.vn\/en\/wp-json\/wp\/v2\/media?parent=100"}],"wp:term":[{"taxonomy":"product_cat","embeddable":true,"href":"https:\/\/bli.com.vn\/en\/wp-json\/wp\/v2\/product_cat?post=100"},{"taxonomy":"product_tag","embeddable":true,"href":"https:\/\/bli.com.vn\/en\/wp-json\/wp\/v2\/product_tag?post=100"}],"curies":[{"name":"wp","href":"https:\/\/api.w.org\/{rel}","templated":true}]}}