{"id":103,"date":"2021-03-20T04:31:28","date_gmt":"2021-03-20T04:31:28","guid":{"rendered":"https:\/\/bli.com.vn\/?post_type=product&#038;p=103"},"modified":"2023-01-12T08:40:23","modified_gmt":"2023-01-12T08:40:23","slug":"may-quet-ma-vach-zebra-ds9308-sr","status":"publish","type":"product","link":"https:\/\/bli.com.vn\/en\/may-quet-ma-vach-zebra-ds9308-sr\/","title":{"rendered":"Zebra DS9308-SR Barcode Scanner"},"content":{"rendered":"<table width=\"602\">\n<tbody>\n<tr>\n<td width=\"602\"><strong>Model: Zebra DS9308-SR<\/strong><\/td>\n<\/tr>\n<tr>\n<td>Scan technology: Linear imager<\/td>\n<\/tr>\n<tr>\n<td>Scan speed:  120in (~305cm) \/ second for UPC 13mil<\/td>\n<\/tr>\n<tr>\n<td>Resolution (max) : 1280 x 800 pixels<\/td>\n<\/tr>\n<tr>\n<td width=\"602\">Support EAS : Checkpoint EAS deactivation systems; Light source : Aiming pattern: circular, 617nm amber LED<\/td>\n<\/tr>\n<tr>\n<td>Lighting: 660nm Hyper Red LEDs<\/td>\n<\/tr>\n<tr>\n<td>Indicator light: beeper<\/td>\n<\/tr>\n<tr>\n<td>Interface: USB, RS-232, RS-485 (IBM 46xx Protocols); Keyboard Wedge;<\/td>\n<\/tr>\n<tr>\n<td>Dimension: 14.5 cm (H) x 8.6 cm (W) x 8.3 cm (D)<\/td>\n<\/tr>\n<tr>\n<td>Weight: 318 g<\/td>\n<\/tr>\n<tr>\n<td>Durability, IP52 standard: Drop available 1.5m<\/td>\n<\/tr>\n<tr>\n<td width=\"602\">Capable of reading all 1D &amp; 2D barcodes; ZIP code; health insurance card code.<\/td>\n<\/tr>\n<tr>\n<td width=\"602\">OCR : OCR-A, OCR-B, MICR, US currency Digimarc : Available on specific models only<\/td>\n<\/tr>\n<\/tbody>\n<\/table>","protected":false},"excerpt":{"rendered":"<p>The Zebra DS9308 Barcode Scanner is a 1D\/2D barcode scanner with a compact design and stylish aesthetic that fits every model \u2013 from fashion boutiques to checkout convenience stores. ; goods management, or used to process electronic barcodes for on-site checkin, etc. Fast, best-in-class scanning and high performance. Durable design, built to resist spills, drops, and impacts.<\/p>","protected":false},"featured_media":451,"template":"","meta":{"_genesis_hide_title":false,"_genesis_hide_breadcrumbs":false,"_genesis_hide_singular_image":false,"_genesis_hide_footer_widgets":false,"_genesis_custom_body_class":"","_genesis_custom_post_class":"","_genesis_layout":""},"product_cat":[18],"product_tag":[],"class_list":{"0":"post-103","1":"product","2":"type-product","3":"status-publish","4":"has-post-thumbnail","6":"product_cat-may-quet-ma-vach","7":"entry","9":"first","10":"instock","11":"featured","12":"shipping-taxable","13":"product-type-simple"},"yoast_head":"<!-- This site is optimized with the Yoast SEO plugin v27.3 - https:\/\/yoast.com\/product\/yoast-seo-wordpress\/ -->\n<title>M\u00e1y qu\u00e9t m\u00e3 v\u1ea1ch Zebra DS9308-SR - BLI Vi\u1ec7t Nam<\/title>\n<meta name=\"description\" content=\"M\u00e1y qu\u00e9t m\u00e3 v\u1ea1ch Zebra DS9308 l\u00e0 chi\u1ebfc m\u00e1y qu\u00e9t m\u00e3 v\u1ea1ch 1D\/2D, c\u00f3 ki\u1ec3u d\u00e1ng nh\u1ecf g\u1ecdn v\u00e0 t\u00ednh th\u1ea9m m\u1ef9 th\u1eddi trang, ph\u00f9 h\u1ee3p v\u1edbi m\u1ecdi m\u00f4 h\u00ecnh - t\u1eeb c\u00e1c c\u1eeda h\u00e0ng th\u1eddi trang \u0111\u1ebfn c\u1eeda h\u00e0ng ti\u1ec7n l\u1ee3i t\u1ea1i qu\u1ea7y thanh to\u00e1n; qu\u1ea3n l\u00fd h\u00e0ng h\u00f3a, hay d\u00f9ng \u0111\u1ec3 x\u1eed l\u00fd nh\u1eefng m\u00e3 v\u1ea1ch \u0111i\u1ec7n t\u1eed ph\u1ee5c v\u1ee5 cho ho\u1ea1t \u0111\u1ed9ng checkin t\u1ea1i ch\u1ed7, vv.\" \/>\n<meta name=\"robots\" content=\"index, follow, max-snippet:-1, max-image-preview:large, max-video-preview:-1\" \/>\n<link rel=\"canonical\" href=\"https:\/\/bli.com.vn\/en\/may-quet-ma-vach-zebra-ds9308-sr\/\" \/>\n<meta property=\"og:locale\" content=\"en_US\" \/>\n<meta property=\"og:type\" content=\"article\" \/>\n<meta property=\"og:title\" content=\"M\u00e1y qu\u00e9t m\u00e3 v\u1ea1ch Zebra DS9308-SR - BLI Vi\u1ec7t Nam\" \/>\n<meta property=\"og:description\" content=\"M\u00e1y qu\u00e9t m\u00e3 v\u1ea1ch Zebra DS9308 l\u00e0 chi\u1ebfc m\u00e1y qu\u00e9t m\u00e3 v\u1ea1ch 1D\/2D, c\u00f3 ki\u1ec3u d\u00e1ng nh\u1ecf g\u1ecdn v\u00e0 t\u00ednh th\u1ea9m m\u1ef9 th\u1eddi trang, ph\u00f9 h\u1ee3p v\u1edbi m\u1ecdi m\u00f4 h\u00ecnh - t\u1eeb c\u00e1c c\u1eeda h\u00e0ng th\u1eddi trang \u0111\u1ebfn c\u1eeda h\u00e0ng ti\u1ec7n l\u1ee3i t\u1ea1i qu\u1ea7y thanh to\u00e1n; qu\u1ea3n l\u00fd h\u00e0ng h\u00f3a, hay d\u00f9ng \u0111\u1ec3 x\u1eed l\u00fd nh\u1eefng m\u00e3 v\u1ea1ch \u0111i\u1ec7n t\u1eed ph\u1ee5c v\u1ee5 cho ho\u1ea1t \u0111\u1ed9ng checkin t\u1ea1i ch\u1ed7, vv.\" \/>\n<meta property=\"og:url\" content=\"https:\/\/bli.com.vn\/en\/may-quet-ma-vach-zebra-ds9308-sr\/\" \/>\n<meta property=\"og:site_name\" content=\"BLI Vi\u1ec7t Nam\" \/>\n<meta property=\"article:modified_time\" content=\"2023-01-12T08:40:23+00:00\" \/>\n<meta property=\"og:image\" content=\"https:\/\/bli.com.vn\/wp-content\/uploads\/2021\/03\/May-quet-ma-vach-Zebra-DS9308-SR.jpg\" \/>\n\t<meta property=\"og:image:width\" content=\"600\" \/>\n\t<meta property=\"og:image:height\" content=\"400\" \/>\n\t<meta property=\"og:image:type\" content=\"image\/jpeg\" \/>\n<meta name=\"twitter:card\" content=\"summary_large_image\" \/>\n<meta name=\"twitter:image\" content=\"https:\/\/bli.com.vn\/wp-content\/uploads\/2021\/03\/May-quet-ma-vach-Zebra-DS9308-SR.jpg\" \/>\n<meta name=\"twitter:label1\" content=\"Est. reading time\" \/>\n\t<meta name=\"twitter:data1\" content=\"1 minute\" \/>\n<script type=\"application\/ld+json\" class=\"yoast-schema-graph\">{\"@context\":\"https:\\\/\\\/schema.org\",\"@graph\":[{\"@type\":\"WebPage\",\"@id\":\"https:\\\/\\\/bli.com.vn\\\/may-quet-ma-vach-zebra-ds9308-sr\\\/\",\"url\":\"https:\\\/\\\/bli.com.vn\\\/may-quet-ma-vach-zebra-ds9308-sr\\\/\",\"name\":\"M\u00e1y qu\u00e9t m\u00e3 v\u1ea1ch Zebra DS9308-SR - BLI Vi\u1ec7t Nam\",\"isPartOf\":{\"@id\":\"https:\\\/\\\/bli.com.vn\\\/#website\"},\"primaryImageOfPage\":{\"@id\":\"https:\\\/\\\/bli.com.vn\\\/may-quet-ma-vach-zebra-ds9308-sr\\\/#primaryimage\"},\"image\":{\"@id\":\"https:\\\/\\\/bli.com.vn\\\/may-quet-ma-vach-zebra-ds9308-sr\\\/#primaryimage\"},\"thumbnailUrl\":\"https:\\\/\\\/bli.com.vn\\\/wp-content\\\/uploads\\\/2021\\\/03\\\/May-quet-ma-vach-Zebra-DS9308-SR_1.jpg\",\"datePublished\":\"2021-03-20T04:31:28+00:00\",\"dateModified\":\"2023-01-12T08:40:23+00:00\",\"description\":\"M\u00e1y qu\u00e9t m\u00e3 v\u1ea1ch Zebra DS9308 l\u00e0 chi\u1ebfc m\u00e1y qu\u00e9t m\u00e3 v\u1ea1ch 1D\\\/2D, c\u00f3 ki\u1ec3u d\u00e1ng nh\u1ecf g\u1ecdn v\u00e0 t\u00ednh th\u1ea9m m\u1ef9 th\u1eddi trang, ph\u00f9 h\u1ee3p v\u1edbi m\u1ecdi m\u00f4 h\u00ecnh - t\u1eeb c\u00e1c c\u1eeda h\u00e0ng th\u1eddi trang \u0111\u1ebfn c\u1eeda h\u00e0ng ti\u1ec7n l\u1ee3i t\u1ea1i qu\u1ea7y thanh to\u00e1n; qu\u1ea3n l\u00fd h\u00e0ng h\u00f3a, hay d\u00f9ng \u0111\u1ec3 x\u1eed l\u00fd nh\u1eefng m\u00e3 v\u1ea1ch \u0111i\u1ec7n t\u1eed ph\u1ee5c v\u1ee5 cho ho\u1ea1t \u0111\u1ed9ng checkin t\u1ea1i ch\u1ed7, vv.\",\"breadcrumb\":{\"@id\":\"https:\\\/\\\/bli.com.vn\\\/may-quet-ma-vach-zebra-ds9308-sr\\\/#breadcrumb\"},\"inLanguage\":\"en-US\",\"potentialAction\":[{\"@type\":\"ReadAction\",\"target\":[\"https:\\\/\\\/bli.com.vn\\\/may-quet-ma-vach-zebra-ds9308-sr\\\/\"]}]},{\"@type\":\"ImageObject\",\"inLanguage\":\"en-US\",\"@id\":\"https:\\\/\\\/bli.com.vn\\\/may-quet-ma-vach-zebra-ds9308-sr\\\/#primaryimage\",\"url\":\"https:\\\/\\\/bli.com.vn\\\/wp-content\\\/uploads\\\/2021\\\/03\\\/May-quet-ma-vach-Zebra-DS9308-SR_1.jpg\",\"contentUrl\":\"https:\\\/\\\/bli.com.vn\\\/wp-content\\\/uploads\\\/2021\\\/03\\\/May-quet-ma-vach-Zebra-DS9308-SR_1.jpg\",\"width\":600,\"height\":400,\"caption\":\"M\u00e1y qu\u00e9t m\u00e3 v\u1ea1ch Zebra DS9308-SR\"},{\"@type\":\"BreadcrumbList\",\"@id\":\"https:\\\/\\\/bli.com.vn\\\/may-quet-ma-vach-zebra-ds9308-sr\\\/#breadcrumb\",\"itemListElement\":[{\"@type\":\"ListItem\",\"position\":1,\"name\":\"Home\",\"item\":\"https:\\\/\\\/bli.com.vn\\\/\"},{\"@type\":\"ListItem\",\"position\":2,\"name\":\"S\u1ea3n ph\u1ea9m\",\"item\":\"https:\\\/\\\/bli.com.vn\\\/san-pham\\\/\"},{\"@type\":\"ListItem\",\"position\":3,\"name\":\"M\u00e1y qu\u00e9t m\u00e3 v\u1ea1ch Zebra DS9308-SR\"}]},{\"@type\":\"WebSite\",\"@id\":\"https:\\\/\\\/bli.com.vn\\\/#website\",\"url\":\"https:\\\/\\\/bli.com.vn\\\/\",\"name\":\"BLI Vi\u1ec7t Nam\",\"description\":\"M\u00e1y in, m\u00e1y qu\u00e9t m\u00e3 v\u1ea1ch Zebra, Honeywell, Datalogic\",\"publisher\":{\"@id\":\"https:\\\/\\\/bli.com.vn\\\/#organization\"},\"potentialAction\":[{\"@type\":\"SearchAction\",\"target\":{\"@type\":\"EntryPoint\",\"urlTemplate\":\"https:\\\/\\\/bli.com.vn\\\/?s={search_term_string}\"},\"query-input\":{\"@type\":\"PropertyValueSpecification\",\"valueRequired\":true,\"valueName\":\"search_term_string\"}}],\"inLanguage\":\"en-US\"},{\"@type\":\"Organization\",\"@id\":\"https:\\\/\\\/bli.com.vn\\\/#organization\",\"name\":\"BLI Vi\u1ec7t Nam\",\"url\":\"https:\\\/\\\/bli.com.vn\\\/\",\"logo\":{\"@type\":\"ImageObject\",\"inLanguage\":\"en-US\",\"@id\":\"https:\\\/\\\/bli.com.vn\\\/#\\\/schema\\\/logo\\\/image\\\/\",\"url\":\"https:\\\/\\\/bli.com.vn\\\/wp-content\\\/uploads\\\/2021\\\/03\\\/site-logo.png\",\"contentUrl\":\"https:\\\/\\\/bli.com.vn\\\/wp-content\\\/uploads\\\/2021\\\/03\\\/site-logo.png\",\"width\":\"400\",\"height\":\"150\",\"caption\":\"BLI Vi\u1ec7t Nam\"},\"image\":{\"@id\":\"https:\\\/\\\/bli.com.vn\\\/#\\\/schema\\\/logo\\\/image\\\/\"}}]}<\/script>\n<!-- \/ Yoast SEO plugin. -->","yoast_head_json":{"title":"M\u00e1y qu\u00e9t m\u00e3 v\u1ea1ch Zebra DS9308-SR - BLI Vi\u1ec7t Nam","description":"M\u00e1y qu\u00e9t m\u00e3 v\u1ea1ch Zebra DS9308 l\u00e0 chi\u1ebfc m\u00e1y qu\u00e9t m\u00e3 v\u1ea1ch 1D\/2D, c\u00f3 ki\u1ec3u d\u00e1ng nh\u1ecf g\u1ecdn v\u00e0 t\u00ednh th\u1ea9m m\u1ef9 th\u1eddi trang, ph\u00f9 h\u1ee3p v\u1edbi m\u1ecdi m\u00f4 h\u00ecnh - t\u1eeb c\u00e1c c\u1eeda h\u00e0ng th\u1eddi trang \u0111\u1ebfn c\u1eeda h\u00e0ng ti\u1ec7n l\u1ee3i t\u1ea1i qu\u1ea7y thanh to\u00e1n; qu\u1ea3n l\u00fd h\u00e0ng h\u00f3a, hay d\u00f9ng \u0111\u1ec3 x\u1eed l\u00fd nh\u1eefng m\u00e3 v\u1ea1ch \u0111i\u1ec7n t\u1eed ph\u1ee5c v\u1ee5 cho ho\u1ea1t \u0111\u1ed9ng checkin t\u1ea1i ch\u1ed7, vv.","robots":{"index":"index","follow":"follow","max-snippet":"max-snippet:-1","max-image-preview":"max-image-preview:large","max-video-preview":"max-video-preview:-1"},"canonical":"https:\/\/bli.com.vn\/en\/may-quet-ma-vach-zebra-ds9308-sr\/","og_locale":"en_US","og_type":"article","og_title":"M\u00e1y qu\u00e9t m\u00e3 v\u1ea1ch Zebra DS9308-SR - BLI Vi\u1ec7t Nam","og_description":"M\u00e1y qu\u00e9t m\u00e3 v\u1ea1ch Zebra DS9308 l\u00e0 chi\u1ebfc m\u00e1y qu\u00e9t m\u00e3 v\u1ea1ch 1D\/2D, c\u00f3 ki\u1ec3u d\u00e1ng nh\u1ecf g\u1ecdn v\u00e0 t\u00ednh th\u1ea9m m\u1ef9 th\u1eddi trang, ph\u00f9 h\u1ee3p v\u1edbi m\u1ecdi m\u00f4 h\u00ecnh - t\u1eeb c\u00e1c c\u1eeda h\u00e0ng th\u1eddi trang \u0111\u1ebfn c\u1eeda h\u00e0ng ti\u1ec7n l\u1ee3i t\u1ea1i qu\u1ea7y thanh to\u00e1n; qu\u1ea3n l\u00fd h\u00e0ng h\u00f3a, hay d\u00f9ng \u0111\u1ec3 x\u1eed l\u00fd nh\u1eefng m\u00e3 v\u1ea1ch \u0111i\u1ec7n t\u1eed ph\u1ee5c v\u1ee5 cho ho\u1ea1t \u0111\u1ed9ng checkin t\u1ea1i ch\u1ed7, vv.","og_url":"https:\/\/bli.com.vn\/en\/may-quet-ma-vach-zebra-ds9308-sr\/","og_site_name":"BLI Vi\u1ec7t Nam","article_modified_time":"2023-01-12T08:40:23+00:00","og_image":[{"width":600,"height":400,"url":"https:\/\/bli.com.vn\/wp-content\/uploads\/2021\/03\/May-quet-ma-vach-Zebra-DS9308-SR.jpg","type":"image\/jpeg"}],"twitter_card":"summary_large_image","twitter_image":"https:\/\/bli.com.vn\/wp-content\/uploads\/2021\/03\/May-quet-ma-vach-Zebra-DS9308-SR.jpg","twitter_misc":{"Est. reading time":"1 minute"},"schema":{"@context":"https:\/\/schema.org","@graph":[{"@type":"WebPage","@id":"https:\/\/bli.com.vn\/may-quet-ma-vach-zebra-ds9308-sr\/","url":"https:\/\/bli.com.vn\/may-quet-ma-vach-zebra-ds9308-sr\/","name":"M\u00e1y qu\u00e9t m\u00e3 v\u1ea1ch Zebra DS9308-SR - BLI Vi\u1ec7t Nam","isPartOf":{"@id":"https:\/\/bli.com.vn\/#website"},"primaryImageOfPage":{"@id":"https:\/\/bli.com.vn\/may-quet-ma-vach-zebra-ds9308-sr\/#primaryimage"},"image":{"@id":"https:\/\/bli.com.vn\/may-quet-ma-vach-zebra-ds9308-sr\/#primaryimage"},"thumbnailUrl":"https:\/\/bli.com.vn\/wp-content\/uploads\/2021\/03\/May-quet-ma-vach-Zebra-DS9308-SR_1.jpg","datePublished":"2021-03-20T04:31:28+00:00","dateModified":"2023-01-12T08:40:23+00:00","description":"M\u00e1y qu\u00e9t m\u00e3 v\u1ea1ch Zebra DS9308 l\u00e0 chi\u1ebfc m\u00e1y qu\u00e9t m\u00e3 v\u1ea1ch 1D\/2D, c\u00f3 ki\u1ec3u d\u00e1ng nh\u1ecf g\u1ecdn v\u00e0 t\u00ednh th\u1ea9m m\u1ef9 th\u1eddi trang, ph\u00f9 h\u1ee3p v\u1edbi m\u1ecdi m\u00f4 h\u00ecnh - t\u1eeb c\u00e1c c\u1eeda h\u00e0ng th\u1eddi trang \u0111\u1ebfn c\u1eeda h\u00e0ng ti\u1ec7n l\u1ee3i t\u1ea1i qu\u1ea7y thanh to\u00e1n; qu\u1ea3n l\u00fd h\u00e0ng h\u00f3a, hay d\u00f9ng \u0111\u1ec3 x\u1eed l\u00fd nh\u1eefng m\u00e3 v\u1ea1ch \u0111i\u1ec7n t\u1eed ph\u1ee5c v\u1ee5 cho ho\u1ea1t \u0111\u1ed9ng checkin t\u1ea1i ch\u1ed7, vv.","breadcrumb":{"@id":"https:\/\/bli.com.vn\/may-quet-ma-vach-zebra-ds9308-sr\/#breadcrumb"},"inLanguage":"en-US","potentialAction":[{"@type":"ReadAction","target":["https:\/\/bli.com.vn\/may-quet-ma-vach-zebra-ds9308-sr\/"]}]},{"@type":"ImageObject","inLanguage":"en-US","@id":"https:\/\/bli.com.vn\/may-quet-ma-vach-zebra-ds9308-sr\/#primaryimage","url":"https:\/\/bli.com.vn\/wp-content\/uploads\/2021\/03\/May-quet-ma-vach-Zebra-DS9308-SR_1.jpg","contentUrl":"https:\/\/bli.com.vn\/wp-content\/uploads\/2021\/03\/May-quet-ma-vach-Zebra-DS9308-SR_1.jpg","width":600,"height":400,"caption":"M\u00e1y qu\u00e9t m\u00e3 v\u1ea1ch Zebra DS9308-SR"},{"@type":"BreadcrumbList","@id":"https:\/\/bli.com.vn\/may-quet-ma-vach-zebra-ds9308-sr\/#breadcrumb","itemListElement":[{"@type":"ListItem","position":1,"name":"Home","item":"https:\/\/bli.com.vn\/"},{"@type":"ListItem","position":2,"name":"S\u1ea3n ph\u1ea9m","item":"https:\/\/bli.com.vn\/san-pham\/"},{"@type":"ListItem","position":3,"name":"M\u00e1y qu\u00e9t m\u00e3 v\u1ea1ch Zebra DS9308-SR"}]},{"@type":"WebSite","@id":"https:\/\/bli.com.vn\/#website","url":"https:\/\/bli.com.vn\/","name":"BLI Vi\u1ec7t Nam","description":"M\u00e1y in, m\u00e1y qu\u00e9t m\u00e3 v\u1ea1ch Zebra, Honeywell, Datalogic","publisher":{"@id":"https:\/\/bli.com.vn\/#organization"},"potentialAction":[{"@type":"SearchAction","target":{"@type":"EntryPoint","urlTemplate":"https:\/\/bli.com.vn\/?s={search_term_string}"},"query-input":{"@type":"PropertyValueSpecification","valueRequired":true,"valueName":"search_term_string"}}],"inLanguage":"en-US"},{"@type":"Organization","@id":"https:\/\/bli.com.vn\/#organization","name":"BLI Vi\u1ec7t Nam","url":"https:\/\/bli.com.vn\/","logo":{"@type":"ImageObject","inLanguage":"en-US","@id":"https:\/\/bli.com.vn\/#\/schema\/logo\/image\/","url":"https:\/\/bli.com.vn\/wp-content\/uploads\/2021\/03\/site-logo.png","contentUrl":"https:\/\/bli.com.vn\/wp-content\/uploads\/2021\/03\/site-logo.png","width":"400","height":"150","caption":"BLI Vi\u1ec7t Nam"},"image":{"@id":"https:\/\/bli.com.vn\/#\/schema\/logo\/image\/"}}]}},"_links":{"self":[{"href":"https:\/\/bli.com.vn\/en\/wp-json\/wp\/v2\/product\/103","targetHints":{"allow":["GET"]}}],"collection":[{"href":"https:\/\/bli.com.vn\/en\/wp-json\/wp\/v2\/product"}],"about":[{"href":"https:\/\/bli.com.vn\/en\/wp-json\/wp\/v2\/types\/product"}],"wp:featuredmedia":[{"embeddable":true,"href":"https:\/\/bli.com.vn\/en\/wp-json\/wp\/v2\/media\/451"}],"wp:attachment":[{"href":"https:\/\/bli.com.vn\/en\/wp-json\/wp\/v2\/media?parent=103"}],"wp:term":[{"taxonomy":"product_cat","embeddable":true,"href":"https:\/\/bli.com.vn\/en\/wp-json\/wp\/v2\/product_cat?post=103"},{"taxonomy":"product_tag","embeddable":true,"href":"https:\/\/bli.com.vn\/en\/wp-json\/wp\/v2\/product_tag?post=103"}],"curies":[{"name":"wp","href":"https:\/\/api.w.org\/{rel}","templated":true}]}}