{"id":117,"date":"2021-03-22T02:12:36","date_gmt":"2021-03-22T02:12:36","guid":{"rendered":"https:\/\/bli.com.vn\/?post_type=product&#038;p=117"},"modified":"2023-01-12T08:40:16","modified_gmt":"2023-01-12T08:40:16","slug":"may-quet-ma-vach-zebra-li4278","status":"publish","type":"product","link":"https:\/\/bli.com.vn\/en\/may-quet-ma-vach-zebra-li4278\/","title":{"rendered":"Zebra LI4278 Barcode Scanner"},"content":{"rendered":"<table width=\"386\">\n<tbody>\n<tr>\n<td width=\"386\"><strong>Model: Zebra LI4278<\/strong><\/td>\n<\/tr>\n<tr>\n<td>Scan technology: 1D<\/td>\n<\/tr>\n<tr>\n<td>Scan speed: 547 line\/s<\/td>\n<\/tr>\n<tr>\n<td>Scan distance: 20cm<\/td>\n<\/tr>\n<tr>\n<td>Memory: no<\/td>\n<\/tr>\n<tr>\n<td>Battery: no<\/td>\n<\/tr>\n<tr>\n<td>Interface: USB \/ Bluetooth<\/td>\n<\/tr>\n<tr>\n<td>Cradle: yes<\/td>\n<\/tr>\n<tr>\n<td width=\"386\"><strong>Dimension:<\/strong> 3.84 in. H x 2.75 in. W x 7.34 in. L<br \/>\n9.8 cm H x 7 cm W x 18.6 cm L<\/td>\n<\/tr>\n<tr>\n<td><strong>Weight<\/strong> 7.9 oz.\/224 grams<\/td>\n<\/tr>\n<tr>\n<td width=\"386\"><strong>Other features:<\/strong><br \/>\nCapable of reading UPC barcodes from 1 inch\/2.54 cm to 30 inch\/76.2 cm as well as wide range high density barcodes for complex applications.<br \/>\nCompatible with 123Scan2 and Remote Scanner Management (RSM).<br \/>\n.<\/td>\n<\/tr>\n<\/tbody>\n<\/table>","protected":false},"excerpt":{"rendered":"<p>Designed for 24\/7 continuous use, the LI4278 wireless 1D barcode reader offers flexibility with Bluetooth compatibility. It also offers better encryption for improved security and better overall wireless performance. Outstanding battery power management delivers the largest number of scans per battery charge to support scanning intensive applications. You can use it in dusty and humid environments and it can survive drops from 1.8m.<\/p>","protected":false},"featured_media":118,"template":"","meta":{"_genesis_hide_title":false,"_genesis_hide_breadcrumbs":false,"_genesis_hide_singular_image":false,"_genesis_hide_footer_widgets":false,"_genesis_custom_body_class":"","_genesis_custom_post_class":"","_genesis_layout":""},"product_cat":[18],"product_tag":[],"class_list":{"0":"post-117","1":"product","2":"type-product","3":"status-publish","4":"has-post-thumbnail","6":"product_cat-may-quet-ma-vach","7":"entry","9":"first","10":"instock","11":"featured","12":"shipping-taxable","13":"product-type-simple"},"yoast_head":"<!-- This site is optimized with the Yoast SEO plugin v27.3 - https:\/\/yoast.com\/product\/yoast-seo-wordpress\/ -->\n<title>M\u00e1y qu\u00e9t m\u00e3 v\u1ea1ch Zebra LI4278 - BLI Vi\u1ec7t Nam<\/title>\n<meta name=\"description\" content=\"\u0110\u01b0\u1ee3c thi\u1ebft k\u1ebf \u0111\u1ec3 s\u1eed d\u1ee5ng li\u00ean t\u1ee5c 24\/7, m\u00e1y \u0111\u1ecdc m\u00e3 v\u1ea1ch 1D kh\u00f4ng d\u00e2y LI4278 mang \u0111\u1ebfn s\u1ef1 linh ho\u1ea1t v\u1edbi kh\u1ea3 n\u0103ng t\u01b0\u01a1ng th\u00edch v\u1edbi Bluetooth. N\u00f3 c\u0169ng cung c\u1ea5p m\u00e3 h\u00f3a t\u1ed1t h\u01a1n \u0111\u1ec3 c\u1ea3i thi\u1ec7n b\u1ea3o m\u1eadt v\u00e0 hi\u1ec7u su\u1ea5t kh\u00f4ng d\u00e2y t\u1ed5ng th\u1ec3 t\u1ed1t h\u01a1n. Kh\u1ea3 n\u0103ng qu\u1ea3n l\u00fd n\u0103ng l\u01b0\u1ee3ng pin v\u01b0\u1ee3t tr\u1ed9i mang l\u1ea1i s\u1ed1 l\u1ea7n qu\u00e9t l\u1edbn nh\u1ea5t cho m\u1ed7i l\u1ea7n s\u1ea1c pin.\" \/>\n<meta name=\"robots\" content=\"index, follow, max-snippet:-1, max-image-preview:large, max-video-preview:-1\" \/>\n<link rel=\"canonical\" href=\"https:\/\/bli.com.vn\/en\/may-quet-ma-vach-zebra-li4278\/\" \/>\n<meta property=\"og:locale\" content=\"en_US\" \/>\n<meta property=\"og:type\" content=\"article\" \/>\n<meta property=\"og:title\" content=\"M\u00e1y qu\u00e9t m\u00e3 v\u1ea1ch Zebra LI4278 - BLI Vi\u1ec7t Nam\" \/>\n<meta property=\"og:description\" content=\"\u0110\u01b0\u1ee3c thi\u1ebft k\u1ebf \u0111\u1ec3 s\u1eed d\u1ee5ng li\u00ean t\u1ee5c 24\/7, m\u00e1y \u0111\u1ecdc m\u00e3 v\u1ea1ch 1D kh\u00f4ng d\u00e2y LI4278 mang \u0111\u1ebfn s\u1ef1 linh ho\u1ea1t v\u1edbi kh\u1ea3 n\u0103ng t\u01b0\u01a1ng th\u00edch v\u1edbi Bluetooth. N\u00f3 c\u0169ng cung c\u1ea5p m\u00e3 h\u00f3a t\u1ed1t h\u01a1n \u0111\u1ec3 c\u1ea3i thi\u1ec7n b\u1ea3o m\u1eadt v\u00e0 hi\u1ec7u su\u1ea5t kh\u00f4ng d\u00e2y t\u1ed5ng th\u1ec3 t\u1ed1t h\u01a1n. Kh\u1ea3 n\u0103ng qu\u1ea3n l\u00fd n\u0103ng l\u01b0\u1ee3ng pin v\u01b0\u1ee3t tr\u1ed9i mang l\u1ea1i s\u1ed1 l\u1ea7n qu\u00e9t l\u1edbn nh\u1ea5t cho m\u1ed7i l\u1ea7n s\u1ea1c pin.\" \/>\n<meta property=\"og:url\" content=\"https:\/\/bli.com.vn\/en\/may-quet-ma-vach-zebra-li4278\/\" \/>\n<meta property=\"og:site_name\" content=\"BLI Vi\u1ec7t Nam\" \/>\n<meta property=\"article:modified_time\" content=\"2023-01-12T08:40:16+00:00\" \/>\n<meta property=\"og:image\" content=\"https:\/\/bli.com.vn\/wp-content\/uploads\/2021\/03\/May-quet-ma-vach-Zebra-LI4278.jpg\" \/>\n\t<meta property=\"og:image:width\" content=\"600\" \/>\n\t<meta property=\"og:image:height\" content=\"400\" \/>\n\t<meta property=\"og:image:type\" content=\"image\/jpeg\" \/>\n<meta name=\"twitter:card\" content=\"summary_large_image\" \/>\n<meta name=\"twitter:image\" content=\"https:\/\/bli.com.vn\/wp-content\/uploads\/2021\/03\/May-quet-ma-vach-Zebra-LI4278.jpg\" \/>\n<meta name=\"twitter:label1\" content=\"Est. reading time\" \/>\n\t<meta name=\"twitter:data1\" content=\"1 minute\" \/>\n<script type=\"application\/ld+json\" class=\"yoast-schema-graph\">{\"@context\":\"https:\\\/\\\/schema.org\",\"@graph\":[{\"@type\":\"WebPage\",\"@id\":\"https:\\\/\\\/bli.com.vn\\\/may-quet-ma-vach-zebra-li4278\\\/\",\"url\":\"https:\\\/\\\/bli.com.vn\\\/may-quet-ma-vach-zebra-li4278\\\/\",\"name\":\"M\u00e1y qu\u00e9t m\u00e3 v\u1ea1ch Zebra LI4278 - BLI Vi\u1ec7t Nam\",\"isPartOf\":{\"@id\":\"https:\\\/\\\/bli.com.vn\\\/#website\"},\"primaryImageOfPage\":{\"@id\":\"https:\\\/\\\/bli.com.vn\\\/may-quet-ma-vach-zebra-li4278\\\/#primaryimage\"},\"image\":{\"@id\":\"https:\\\/\\\/bli.com.vn\\\/may-quet-ma-vach-zebra-li4278\\\/#primaryimage\"},\"thumbnailUrl\":\"https:\\\/\\\/bli.com.vn\\\/wp-content\\\/uploads\\\/2021\\\/03\\\/May-quet-ma-vach-Zebra-LI4278.jpg\",\"datePublished\":\"2021-03-22T02:12:36+00:00\",\"dateModified\":\"2023-01-12T08:40:16+00:00\",\"description\":\"\u0110\u01b0\u1ee3c thi\u1ebft k\u1ebf \u0111\u1ec3 s\u1eed d\u1ee5ng li\u00ean t\u1ee5c 24\\\/7, m\u00e1y \u0111\u1ecdc m\u00e3 v\u1ea1ch 1D kh\u00f4ng d\u00e2y LI4278 mang \u0111\u1ebfn s\u1ef1 linh ho\u1ea1t v\u1edbi kh\u1ea3 n\u0103ng t\u01b0\u01a1ng th\u00edch v\u1edbi Bluetooth. N\u00f3 c\u0169ng cung c\u1ea5p m\u00e3 h\u00f3a t\u1ed1t h\u01a1n \u0111\u1ec3 c\u1ea3i thi\u1ec7n b\u1ea3o m\u1eadt v\u00e0 hi\u1ec7u su\u1ea5t kh\u00f4ng d\u00e2y t\u1ed5ng th\u1ec3 t\u1ed1t h\u01a1n. Kh\u1ea3 n\u0103ng qu\u1ea3n l\u00fd n\u0103ng l\u01b0\u1ee3ng pin v\u01b0\u1ee3t tr\u1ed9i mang l\u1ea1i s\u1ed1 l\u1ea7n qu\u00e9t l\u1edbn nh\u1ea5t cho m\u1ed7i l\u1ea7n s\u1ea1c pin.\",\"breadcrumb\":{\"@id\":\"https:\\\/\\\/bli.com.vn\\\/may-quet-ma-vach-zebra-li4278\\\/#breadcrumb\"},\"inLanguage\":\"en-US\",\"potentialAction\":[{\"@type\":\"ReadAction\",\"target\":[\"https:\\\/\\\/bli.com.vn\\\/may-quet-ma-vach-zebra-li4278\\\/\"]}]},{\"@type\":\"ImageObject\",\"inLanguage\":\"en-US\",\"@id\":\"https:\\\/\\\/bli.com.vn\\\/may-quet-ma-vach-zebra-li4278\\\/#primaryimage\",\"url\":\"https:\\\/\\\/bli.com.vn\\\/wp-content\\\/uploads\\\/2021\\\/03\\\/May-quet-ma-vach-Zebra-LI4278.jpg\",\"contentUrl\":\"https:\\\/\\\/bli.com.vn\\\/wp-content\\\/uploads\\\/2021\\\/03\\\/May-quet-ma-vach-Zebra-LI4278.jpg\",\"width\":600,\"height\":400,\"caption\":\"M\u00e1y \u0111\u1ecdc m\u00e3 v\u1ea1ch Zebra LI4278 - bli.com.vn\"},{\"@type\":\"BreadcrumbList\",\"@id\":\"https:\\\/\\\/bli.com.vn\\\/may-quet-ma-vach-zebra-li4278\\\/#breadcrumb\",\"itemListElement\":[{\"@type\":\"ListItem\",\"position\":1,\"name\":\"Home\",\"item\":\"https:\\\/\\\/bli.com.vn\\\/\"},{\"@type\":\"ListItem\",\"position\":2,\"name\":\"S\u1ea3n ph\u1ea9m\",\"item\":\"https:\\\/\\\/bli.com.vn\\\/san-pham\\\/\"},{\"@type\":\"ListItem\",\"position\":3,\"name\":\"M\u00e1y qu\u00e9t m\u00e3 v\u1ea1ch Zebra LI4278\"}]},{\"@type\":\"WebSite\",\"@id\":\"https:\\\/\\\/bli.com.vn\\\/#website\",\"url\":\"https:\\\/\\\/bli.com.vn\\\/\",\"name\":\"BLI Vi\u1ec7t Nam\",\"description\":\"M\u00e1y in, m\u00e1y qu\u00e9t m\u00e3 v\u1ea1ch Zebra, Honeywell, Datalogic\",\"publisher\":{\"@id\":\"https:\\\/\\\/bli.com.vn\\\/#organization\"},\"potentialAction\":[{\"@type\":\"SearchAction\",\"target\":{\"@type\":\"EntryPoint\",\"urlTemplate\":\"https:\\\/\\\/bli.com.vn\\\/?s={search_term_string}\"},\"query-input\":{\"@type\":\"PropertyValueSpecification\",\"valueRequired\":true,\"valueName\":\"search_term_string\"}}],\"inLanguage\":\"en-US\"},{\"@type\":\"Organization\",\"@id\":\"https:\\\/\\\/bli.com.vn\\\/#organization\",\"name\":\"BLI Vi\u1ec7t Nam\",\"url\":\"https:\\\/\\\/bli.com.vn\\\/\",\"logo\":{\"@type\":\"ImageObject\",\"inLanguage\":\"en-US\",\"@id\":\"https:\\\/\\\/bli.com.vn\\\/#\\\/schema\\\/logo\\\/image\\\/\",\"url\":\"https:\\\/\\\/bli.com.vn\\\/wp-content\\\/uploads\\\/2021\\\/03\\\/site-logo.png\",\"contentUrl\":\"https:\\\/\\\/bli.com.vn\\\/wp-content\\\/uploads\\\/2021\\\/03\\\/site-logo.png\",\"width\":\"400\",\"height\":\"150\",\"caption\":\"BLI Vi\u1ec7t Nam\"},\"image\":{\"@id\":\"https:\\\/\\\/bli.com.vn\\\/#\\\/schema\\\/logo\\\/image\\\/\"}}]}<\/script>\n<!-- \/ Yoast SEO plugin. -->","yoast_head_json":{"title":"M\u00e1y qu\u00e9t m\u00e3 v\u1ea1ch Zebra LI4278 - BLI Vi\u1ec7t Nam","description":"\u0110\u01b0\u1ee3c thi\u1ebft k\u1ebf \u0111\u1ec3 s\u1eed d\u1ee5ng li\u00ean t\u1ee5c 24\/7, m\u00e1y \u0111\u1ecdc m\u00e3 v\u1ea1ch 1D kh\u00f4ng d\u00e2y LI4278 mang \u0111\u1ebfn s\u1ef1 linh ho\u1ea1t v\u1edbi kh\u1ea3 n\u0103ng t\u01b0\u01a1ng th\u00edch v\u1edbi Bluetooth. N\u00f3 c\u0169ng cung c\u1ea5p m\u00e3 h\u00f3a t\u1ed1t h\u01a1n \u0111\u1ec3 c\u1ea3i thi\u1ec7n b\u1ea3o m\u1eadt v\u00e0 hi\u1ec7u su\u1ea5t kh\u00f4ng d\u00e2y t\u1ed5ng th\u1ec3 t\u1ed1t h\u01a1n. Kh\u1ea3 n\u0103ng qu\u1ea3n l\u00fd n\u0103ng l\u01b0\u1ee3ng pin v\u01b0\u1ee3t tr\u1ed9i mang l\u1ea1i s\u1ed1 l\u1ea7n qu\u00e9t l\u1edbn nh\u1ea5t cho m\u1ed7i l\u1ea7n s\u1ea1c pin.","robots":{"index":"index","follow":"follow","max-snippet":"max-snippet:-1","max-image-preview":"max-image-preview:large","max-video-preview":"max-video-preview:-1"},"canonical":"https:\/\/bli.com.vn\/en\/may-quet-ma-vach-zebra-li4278\/","og_locale":"en_US","og_type":"article","og_title":"M\u00e1y qu\u00e9t m\u00e3 v\u1ea1ch Zebra LI4278 - BLI Vi\u1ec7t Nam","og_description":"\u0110\u01b0\u1ee3c thi\u1ebft k\u1ebf \u0111\u1ec3 s\u1eed d\u1ee5ng li\u00ean t\u1ee5c 24\/7, m\u00e1y \u0111\u1ecdc m\u00e3 v\u1ea1ch 1D kh\u00f4ng d\u00e2y LI4278 mang \u0111\u1ebfn s\u1ef1 linh ho\u1ea1t v\u1edbi kh\u1ea3 n\u0103ng t\u01b0\u01a1ng th\u00edch v\u1edbi Bluetooth. N\u00f3 c\u0169ng cung c\u1ea5p m\u00e3 h\u00f3a t\u1ed1t h\u01a1n \u0111\u1ec3 c\u1ea3i thi\u1ec7n b\u1ea3o m\u1eadt v\u00e0 hi\u1ec7u su\u1ea5t kh\u00f4ng d\u00e2y t\u1ed5ng th\u1ec3 t\u1ed1t h\u01a1n. Kh\u1ea3 n\u0103ng qu\u1ea3n l\u00fd n\u0103ng l\u01b0\u1ee3ng pin v\u01b0\u1ee3t tr\u1ed9i mang l\u1ea1i s\u1ed1 l\u1ea7n qu\u00e9t l\u1edbn nh\u1ea5t cho m\u1ed7i l\u1ea7n s\u1ea1c pin.","og_url":"https:\/\/bli.com.vn\/en\/may-quet-ma-vach-zebra-li4278\/","og_site_name":"BLI Vi\u1ec7t Nam","article_modified_time":"2023-01-12T08:40:16+00:00","og_image":[{"width":600,"height":400,"url":"https:\/\/bli.com.vn\/wp-content\/uploads\/2021\/03\/May-quet-ma-vach-Zebra-LI4278.jpg","type":"image\/jpeg"}],"twitter_card":"summary_large_image","twitter_image":"https:\/\/bli.com.vn\/wp-content\/uploads\/2021\/03\/May-quet-ma-vach-Zebra-LI4278.jpg","twitter_misc":{"Est. reading time":"1 minute"},"schema":{"@context":"https:\/\/schema.org","@graph":[{"@type":"WebPage","@id":"https:\/\/bli.com.vn\/may-quet-ma-vach-zebra-li4278\/","url":"https:\/\/bli.com.vn\/may-quet-ma-vach-zebra-li4278\/","name":"M\u00e1y qu\u00e9t m\u00e3 v\u1ea1ch Zebra LI4278 - BLI Vi\u1ec7t Nam","isPartOf":{"@id":"https:\/\/bli.com.vn\/#website"},"primaryImageOfPage":{"@id":"https:\/\/bli.com.vn\/may-quet-ma-vach-zebra-li4278\/#primaryimage"},"image":{"@id":"https:\/\/bli.com.vn\/may-quet-ma-vach-zebra-li4278\/#primaryimage"},"thumbnailUrl":"https:\/\/bli.com.vn\/wp-content\/uploads\/2021\/03\/May-quet-ma-vach-Zebra-LI4278.jpg","datePublished":"2021-03-22T02:12:36+00:00","dateModified":"2023-01-12T08:40:16+00:00","description":"\u0110\u01b0\u1ee3c thi\u1ebft k\u1ebf \u0111\u1ec3 s\u1eed d\u1ee5ng li\u00ean t\u1ee5c 24\/7, m\u00e1y \u0111\u1ecdc m\u00e3 v\u1ea1ch 1D kh\u00f4ng d\u00e2y LI4278 mang \u0111\u1ebfn s\u1ef1 linh ho\u1ea1t v\u1edbi kh\u1ea3 n\u0103ng t\u01b0\u01a1ng th\u00edch v\u1edbi Bluetooth. N\u00f3 c\u0169ng cung c\u1ea5p m\u00e3 h\u00f3a t\u1ed1t h\u01a1n \u0111\u1ec3 c\u1ea3i thi\u1ec7n b\u1ea3o m\u1eadt v\u00e0 hi\u1ec7u su\u1ea5t kh\u00f4ng d\u00e2y t\u1ed5ng th\u1ec3 t\u1ed1t h\u01a1n. Kh\u1ea3 n\u0103ng qu\u1ea3n l\u00fd n\u0103ng l\u01b0\u1ee3ng pin v\u01b0\u1ee3t tr\u1ed9i mang l\u1ea1i s\u1ed1 l\u1ea7n qu\u00e9t l\u1edbn nh\u1ea5t cho m\u1ed7i l\u1ea7n s\u1ea1c pin.","breadcrumb":{"@id":"https:\/\/bli.com.vn\/may-quet-ma-vach-zebra-li4278\/#breadcrumb"},"inLanguage":"en-US","potentialAction":[{"@type":"ReadAction","target":["https:\/\/bli.com.vn\/may-quet-ma-vach-zebra-li4278\/"]}]},{"@type":"ImageObject","inLanguage":"en-US","@id":"https:\/\/bli.com.vn\/may-quet-ma-vach-zebra-li4278\/#primaryimage","url":"https:\/\/bli.com.vn\/wp-content\/uploads\/2021\/03\/May-quet-ma-vach-Zebra-LI4278.jpg","contentUrl":"https:\/\/bli.com.vn\/wp-content\/uploads\/2021\/03\/May-quet-ma-vach-Zebra-LI4278.jpg","width":600,"height":400,"caption":"M\u00e1y \u0111\u1ecdc m\u00e3 v\u1ea1ch Zebra LI4278 - bli.com.vn"},{"@type":"BreadcrumbList","@id":"https:\/\/bli.com.vn\/may-quet-ma-vach-zebra-li4278\/#breadcrumb","itemListElement":[{"@type":"ListItem","position":1,"name":"Home","item":"https:\/\/bli.com.vn\/"},{"@type":"ListItem","position":2,"name":"S\u1ea3n ph\u1ea9m","item":"https:\/\/bli.com.vn\/san-pham\/"},{"@type":"ListItem","position":3,"name":"M\u00e1y qu\u00e9t m\u00e3 v\u1ea1ch Zebra LI4278"}]},{"@type":"WebSite","@id":"https:\/\/bli.com.vn\/#website","url":"https:\/\/bli.com.vn\/","name":"BLI Vi\u1ec7t Nam","description":"M\u00e1y in, m\u00e1y qu\u00e9t m\u00e3 v\u1ea1ch Zebra, Honeywell, Datalogic","publisher":{"@id":"https:\/\/bli.com.vn\/#organization"},"potentialAction":[{"@type":"SearchAction","target":{"@type":"EntryPoint","urlTemplate":"https:\/\/bli.com.vn\/?s={search_term_string}"},"query-input":{"@type":"PropertyValueSpecification","valueRequired":true,"valueName":"search_term_string"}}],"inLanguage":"en-US"},{"@type":"Organization","@id":"https:\/\/bli.com.vn\/#organization","name":"BLI Vi\u1ec7t Nam","url":"https:\/\/bli.com.vn\/","logo":{"@type":"ImageObject","inLanguage":"en-US","@id":"https:\/\/bli.com.vn\/#\/schema\/logo\/image\/","url":"https:\/\/bli.com.vn\/wp-content\/uploads\/2021\/03\/site-logo.png","contentUrl":"https:\/\/bli.com.vn\/wp-content\/uploads\/2021\/03\/site-logo.png","width":"400","height":"150","caption":"BLI Vi\u1ec7t Nam"},"image":{"@id":"https:\/\/bli.com.vn\/#\/schema\/logo\/image\/"}}]}},"_links":{"self":[{"href":"https:\/\/bli.com.vn\/en\/wp-json\/wp\/v2\/product\/117","targetHints":{"allow":["GET"]}}],"collection":[{"href":"https:\/\/bli.com.vn\/en\/wp-json\/wp\/v2\/product"}],"about":[{"href":"https:\/\/bli.com.vn\/en\/wp-json\/wp\/v2\/types\/product"}],"wp:featuredmedia":[{"embeddable":true,"href":"https:\/\/bli.com.vn\/en\/wp-json\/wp\/v2\/media\/118"}],"wp:attachment":[{"href":"https:\/\/bli.com.vn\/en\/wp-json\/wp\/v2\/media?parent=117"}],"wp:term":[{"taxonomy":"product_cat","embeddable":true,"href":"https:\/\/bli.com.vn\/en\/wp-json\/wp\/v2\/product_cat?post=117"},{"taxonomy":"product_tag","embeddable":true,"href":"https:\/\/bli.com.vn\/en\/wp-json\/wp\/v2\/product_tag?post=117"}],"curies":[{"name":"wp","href":"https:\/\/api.w.org\/{rel}","templated":true}]}}