{"id":119,"date":"2021-03-22T02:21:35","date_gmt":"2021-03-22T02:21:35","guid":{"rendered":"https:\/\/bli.com.vn\/?post_type=product&#038;p=119"},"modified":"2023-01-12T08:40:09","modified_gmt":"2023-01-12T08:40:09","slug":"may-quet-ma-vach-zebra-ds2208-sr","status":"publish","type":"product","link":"https:\/\/bli.com.vn\/en\/may-quet-ma-vach-zebra-ds2208-sr\/","title":{"rendered":"Zebra DS2208-SR Barcode Scanner"},"content":{"rendered":"<table width=\"458\">\n<tbody>\n<tr>\n<td width=\"458\"><strong>Model: Zebra DS2208-SR<\/strong><\/td>\n<\/tr>\n<tr>\n<td width=\"458\">Color: Black<\/td>\n<\/tr>\n<tr>\n<td width=\"458\">Supported host interfaces: USB, RS232, keyboad Wedge, TGCS (IBM) 46XX over RS485<\/td>\n<\/tr>\n<tr>\n<td width=\"458\">Keyboad support: support more than 90 international keyboads<\/td>\n<\/tr>\n<tr>\n<td width=\"458\">User indicators: Direct decode indicator; good decode LEDs, Rear view LEDs; beeper<\/td>\n<\/tr>\n<tr>\n<td width=\"458\">Image field of view: 32,8 \u00b0 H x 24,8 \u00b0 V Norminal<\/td>\n<\/tr>\n<tr>\n<td width=\"458\">Image sensor: 640 x 480 pixels<\/td>\n<\/tr>\n<tr>\n<td width=\"458\">Drop specification: multiple drops at 5.0ft\/1.5m to concrete<\/td>\n<\/tr>\n<tr>\n<td width=\"458\">Decode capability 1D: Code 39, Code 128, Code 93, Codabar\/NW7, Code 11, MSI Plessey, UPC\/EAN, I 2 of 5, Korean 3 of 5, GS1 DataBar, Base 32 (Italian Pharma)<\/td>\n<\/tr>\n<tr>\n<td width=\"458\">Decode capability 2D: PDF417, Composite Codes, TLC-39, Aztec, DataMatrix, MaxiCode, QR Code, Micro QR, Han Xin, Postal Codes<\/td>\n<\/tr>\n<tr>\n<td width=\"458\">Dimension: 6.5in  H x 2.6 in. W x 3.9 in. D,<\/td>\n<\/tr>\n<\/tbody>\n<\/table>","protected":false},"excerpt":{"rendered":"<p>The Zebra DS2208-SR is an affordable wired barcode scanner that can scan both 1D and 2D barcodes with high performance. The Zebra DS2208-SR meets your budget, is easy to deploy, use and manage for your business requirements. The device's price is affordable but the performance is very good, plus the simple, solid design, high durability, ease of installation, management, and use make the DS2208 the ideal barcode reader.<\/p>","protected":false},"featured_media":120,"template":"","meta":{"_genesis_hide_title":false,"_genesis_hide_breadcrumbs":false,"_genesis_hide_singular_image":false,"_genesis_hide_footer_widgets":false,"_genesis_custom_body_class":"","_genesis_custom_post_class":"","_genesis_layout":""},"product_cat":[18],"product_tag":[],"class_list":{"0":"post-119","1":"product","2":"type-product","3":"status-publish","4":"has-post-thumbnail","6":"product_cat-may-quet-ma-vach","7":"entry","9":"first","10":"instock","11":"featured","12":"shipping-taxable","13":"product-type-simple"},"yoast_head":"<!-- This site is optimized with the Yoast SEO plugin v27.3 - https:\/\/yoast.com\/product\/yoast-seo-wordpress\/ -->\n<title>M\u00e1y qu\u00e9t m\u00e3 v\u1ea1ch Zebra DS2208-SR - BLI Vi\u1ec7t Nam<\/title>\n<meta name=\"description\" content=\"Zebra DS2208-SR l\u00e0 d\u00f2ng m\u00e1y qu\u00e9t m\u00e3 v\u1ea1ch c\u00f3 d\u00e2y gi\u00e1 ph\u1ea3i ch\u0103ng, c\u00f3 th\u1ec3 qu\u00e9t c\u1ea3 m\u00e3 v\u1ea1ch 1D v\u00e0 2D v\u1edbi hi\u1ec7u su\u1ea5t cao. Zebra DS2208-SR \u0111\u00e1p \u1ee9ng kh\u1ea3 n\u0103ng chi tr\u1ea3 m\u00e0 ng\u00e2n s\u00e1ch c\u1ee7a b\u1ea1n y\u00eau c\u1ea7u, d\u1ec5 d\u00e0ng trong vi\u1ec7c tri\u1ec3n khai, s\u1eed d\u1ee5ng v\u00e0 qu\u1ea3n l\u00fd cho c\u00e1c y\u00eau c\u1ea7u c\u1ee7a doanh nghi\u1ec7p.\" \/>\n<meta name=\"robots\" content=\"index, follow, max-snippet:-1, max-image-preview:large, max-video-preview:-1\" \/>\n<link rel=\"canonical\" href=\"https:\/\/bli.com.vn\/en\/may-quet-ma-vach-zebra-ds2208-sr\/\" \/>\n<meta property=\"og:locale\" content=\"en_US\" \/>\n<meta property=\"og:type\" content=\"article\" \/>\n<meta property=\"og:title\" content=\"M\u00e1y qu\u00e9t m\u00e3 v\u1ea1ch Zebra DS2208-SR - BLI Vi\u1ec7t Nam\" \/>\n<meta property=\"og:description\" content=\"Zebra DS2208-SR l\u00e0 d\u00f2ng m\u00e1y qu\u00e9t m\u00e3 v\u1ea1ch c\u00f3 d\u00e2y gi\u00e1 ph\u1ea3i ch\u0103ng, c\u00f3 th\u1ec3 qu\u00e9t c\u1ea3 m\u00e3 v\u1ea1ch 1D v\u00e0 2D v\u1edbi hi\u1ec7u su\u1ea5t cao. Zebra DS2208-SR \u0111\u00e1p \u1ee9ng kh\u1ea3 n\u0103ng chi tr\u1ea3 m\u00e0 ng\u00e2n s\u00e1ch c\u1ee7a b\u1ea1n y\u00eau c\u1ea7u, d\u1ec5 d\u00e0ng trong vi\u1ec7c tri\u1ec3n khai, s\u1eed d\u1ee5ng v\u00e0 qu\u1ea3n l\u00fd cho c\u00e1c y\u00eau c\u1ea7u c\u1ee7a doanh nghi\u1ec7p.\" \/>\n<meta property=\"og:url\" content=\"https:\/\/bli.com.vn\/en\/may-quet-ma-vach-zebra-ds2208-sr\/\" \/>\n<meta property=\"og:site_name\" content=\"BLI Vi\u1ec7t Nam\" \/>\n<meta property=\"article:modified_time\" content=\"2023-01-12T08:40:09+00:00\" \/>\n<meta property=\"og:image\" content=\"https:\/\/bli.com.vn\/wp-content\/uploads\/2021\/03\/May-quet-ma-vach-Zebra-DS2208-SR.jpg\" \/>\n\t<meta property=\"og:image:width\" content=\"600\" \/>\n\t<meta property=\"og:image:height\" content=\"400\" \/>\n\t<meta property=\"og:image:type\" content=\"image\/jpeg\" \/>\n<meta name=\"twitter:card\" content=\"summary_large_image\" \/>\n<meta name=\"twitter:image\" content=\"https:\/\/bli.com.vn\/wp-content\/uploads\/2021\/03\/May-quet-ma-vach-Zebra-DS2208-SR.jpg\" \/>\n<meta name=\"twitter:label1\" content=\"Est. reading time\" \/>\n\t<meta name=\"twitter:data1\" content=\"1 minute\" \/>\n<script type=\"application\/ld+json\" class=\"yoast-schema-graph\">{\"@context\":\"https:\\\/\\\/schema.org\",\"@graph\":[{\"@type\":\"WebPage\",\"@id\":\"https:\\\/\\\/bli.com.vn\\\/may-quet-ma-vach-zebra-ds2208-sr\\\/\",\"url\":\"https:\\\/\\\/bli.com.vn\\\/may-quet-ma-vach-zebra-ds2208-sr\\\/\",\"name\":\"M\u00e1y qu\u00e9t m\u00e3 v\u1ea1ch Zebra DS2208-SR - BLI Vi\u1ec7t Nam\",\"isPartOf\":{\"@id\":\"https:\\\/\\\/bli.com.vn\\\/#website\"},\"primaryImageOfPage\":{\"@id\":\"https:\\\/\\\/bli.com.vn\\\/may-quet-ma-vach-zebra-ds2208-sr\\\/#primaryimage\"},\"image\":{\"@id\":\"https:\\\/\\\/bli.com.vn\\\/may-quet-ma-vach-zebra-ds2208-sr\\\/#primaryimage\"},\"thumbnailUrl\":\"https:\\\/\\\/bli.com.vn\\\/wp-content\\\/uploads\\\/2021\\\/03\\\/May-quet-ma-vach-Zebra-DS2208-SR.jpg\",\"datePublished\":\"2021-03-22T02:21:35+00:00\",\"dateModified\":\"2023-01-12T08:40:09+00:00\",\"description\":\"Zebra DS2208-SR l\u00e0 d\u00f2ng m\u00e1y qu\u00e9t m\u00e3 v\u1ea1ch c\u00f3 d\u00e2y gi\u00e1 ph\u1ea3i ch\u0103ng, c\u00f3 th\u1ec3 qu\u00e9t c\u1ea3 m\u00e3 v\u1ea1ch 1D v\u00e0 2D v\u1edbi hi\u1ec7u su\u1ea5t cao. Zebra DS2208-SR \u0111\u00e1p \u1ee9ng kh\u1ea3 n\u0103ng chi tr\u1ea3 m\u00e0 ng\u00e2n s\u00e1ch c\u1ee7a b\u1ea1n y\u00eau c\u1ea7u, d\u1ec5 d\u00e0ng trong vi\u1ec7c tri\u1ec3n khai, s\u1eed d\u1ee5ng v\u00e0 qu\u1ea3n l\u00fd cho c\u00e1c y\u00eau c\u1ea7u c\u1ee7a doanh nghi\u1ec7p.\",\"breadcrumb\":{\"@id\":\"https:\\\/\\\/bli.com.vn\\\/may-quet-ma-vach-zebra-ds2208-sr\\\/#breadcrumb\"},\"inLanguage\":\"en-US\",\"potentialAction\":[{\"@type\":\"ReadAction\",\"target\":[\"https:\\\/\\\/bli.com.vn\\\/may-quet-ma-vach-zebra-ds2208-sr\\\/\"]}]},{\"@type\":\"ImageObject\",\"inLanguage\":\"en-US\",\"@id\":\"https:\\\/\\\/bli.com.vn\\\/may-quet-ma-vach-zebra-ds2208-sr\\\/#primaryimage\",\"url\":\"https:\\\/\\\/bli.com.vn\\\/wp-content\\\/uploads\\\/2021\\\/03\\\/May-quet-ma-vach-Zebra-DS2208-SR.jpg\",\"contentUrl\":\"https:\\\/\\\/bli.com.vn\\\/wp-content\\\/uploads\\\/2021\\\/03\\\/May-quet-ma-vach-Zebra-DS2208-SR.jpg\",\"width\":600,\"height\":400,\"caption\":\"M\u00e1y \u0111\u1ecdc m\u00e3 v\u1ea1ch Zebra DS2208-SR - bli.com.vn\"},{\"@type\":\"BreadcrumbList\",\"@id\":\"https:\\\/\\\/bli.com.vn\\\/may-quet-ma-vach-zebra-ds2208-sr\\\/#breadcrumb\",\"itemListElement\":[{\"@type\":\"ListItem\",\"position\":1,\"name\":\"Home\",\"item\":\"https:\\\/\\\/bli.com.vn\\\/\"},{\"@type\":\"ListItem\",\"position\":2,\"name\":\"S\u1ea3n ph\u1ea9m\",\"item\":\"https:\\\/\\\/bli.com.vn\\\/san-pham\\\/\"},{\"@type\":\"ListItem\",\"position\":3,\"name\":\"M\u00e1y qu\u00e9t m\u00e3 v\u1ea1ch Zebra DS2208-SR\"}]},{\"@type\":\"WebSite\",\"@id\":\"https:\\\/\\\/bli.com.vn\\\/#website\",\"url\":\"https:\\\/\\\/bli.com.vn\\\/\",\"name\":\"BLI Vi\u1ec7t Nam\",\"description\":\"M\u00e1y in, m\u00e1y qu\u00e9t m\u00e3 v\u1ea1ch Zebra, Honeywell, Datalogic\",\"publisher\":{\"@id\":\"https:\\\/\\\/bli.com.vn\\\/#organization\"},\"potentialAction\":[{\"@type\":\"SearchAction\",\"target\":{\"@type\":\"EntryPoint\",\"urlTemplate\":\"https:\\\/\\\/bli.com.vn\\\/?s={search_term_string}\"},\"query-input\":{\"@type\":\"PropertyValueSpecification\",\"valueRequired\":true,\"valueName\":\"search_term_string\"}}],\"inLanguage\":\"en-US\"},{\"@type\":\"Organization\",\"@id\":\"https:\\\/\\\/bli.com.vn\\\/#organization\",\"name\":\"BLI Vi\u1ec7t Nam\",\"url\":\"https:\\\/\\\/bli.com.vn\\\/\",\"logo\":{\"@type\":\"ImageObject\",\"inLanguage\":\"en-US\",\"@id\":\"https:\\\/\\\/bli.com.vn\\\/#\\\/schema\\\/logo\\\/image\\\/\",\"url\":\"https:\\\/\\\/bli.com.vn\\\/wp-content\\\/uploads\\\/2021\\\/03\\\/site-logo.png\",\"contentUrl\":\"https:\\\/\\\/bli.com.vn\\\/wp-content\\\/uploads\\\/2021\\\/03\\\/site-logo.png\",\"width\":\"400\",\"height\":\"150\",\"caption\":\"BLI Vi\u1ec7t Nam\"},\"image\":{\"@id\":\"https:\\\/\\\/bli.com.vn\\\/#\\\/schema\\\/logo\\\/image\\\/\"}}]}<\/script>\n<!-- \/ Yoast SEO plugin. -->","yoast_head_json":{"title":"M\u00e1y qu\u00e9t m\u00e3 v\u1ea1ch Zebra DS2208-SR - BLI Vi\u1ec7t Nam","description":"Zebra DS2208-SR l\u00e0 d\u00f2ng m\u00e1y qu\u00e9t m\u00e3 v\u1ea1ch c\u00f3 d\u00e2y gi\u00e1 ph\u1ea3i ch\u0103ng, c\u00f3 th\u1ec3 qu\u00e9t c\u1ea3 m\u00e3 v\u1ea1ch 1D v\u00e0 2D v\u1edbi hi\u1ec7u su\u1ea5t cao. Zebra DS2208-SR \u0111\u00e1p \u1ee9ng kh\u1ea3 n\u0103ng chi tr\u1ea3 m\u00e0 ng\u00e2n s\u00e1ch c\u1ee7a b\u1ea1n y\u00eau c\u1ea7u, d\u1ec5 d\u00e0ng trong vi\u1ec7c tri\u1ec3n khai, s\u1eed d\u1ee5ng v\u00e0 qu\u1ea3n l\u00fd cho c\u00e1c y\u00eau c\u1ea7u c\u1ee7a doanh nghi\u1ec7p.","robots":{"index":"index","follow":"follow","max-snippet":"max-snippet:-1","max-image-preview":"max-image-preview:large","max-video-preview":"max-video-preview:-1"},"canonical":"https:\/\/bli.com.vn\/en\/may-quet-ma-vach-zebra-ds2208-sr\/","og_locale":"en_US","og_type":"article","og_title":"M\u00e1y qu\u00e9t m\u00e3 v\u1ea1ch Zebra DS2208-SR - BLI Vi\u1ec7t Nam","og_description":"Zebra DS2208-SR l\u00e0 d\u00f2ng m\u00e1y qu\u00e9t m\u00e3 v\u1ea1ch c\u00f3 d\u00e2y gi\u00e1 ph\u1ea3i ch\u0103ng, c\u00f3 th\u1ec3 qu\u00e9t c\u1ea3 m\u00e3 v\u1ea1ch 1D v\u00e0 2D v\u1edbi hi\u1ec7u su\u1ea5t cao. Zebra DS2208-SR \u0111\u00e1p \u1ee9ng kh\u1ea3 n\u0103ng chi tr\u1ea3 m\u00e0 ng\u00e2n s\u00e1ch c\u1ee7a b\u1ea1n y\u00eau c\u1ea7u, d\u1ec5 d\u00e0ng trong vi\u1ec7c tri\u1ec3n khai, s\u1eed d\u1ee5ng v\u00e0 qu\u1ea3n l\u00fd cho c\u00e1c y\u00eau c\u1ea7u c\u1ee7a doanh nghi\u1ec7p.","og_url":"https:\/\/bli.com.vn\/en\/may-quet-ma-vach-zebra-ds2208-sr\/","og_site_name":"BLI Vi\u1ec7t Nam","article_modified_time":"2023-01-12T08:40:09+00:00","og_image":[{"width":600,"height":400,"url":"https:\/\/bli.com.vn\/wp-content\/uploads\/2021\/03\/May-quet-ma-vach-Zebra-DS2208-SR.jpg","type":"image\/jpeg"}],"twitter_card":"summary_large_image","twitter_image":"https:\/\/bli.com.vn\/wp-content\/uploads\/2021\/03\/May-quet-ma-vach-Zebra-DS2208-SR.jpg","twitter_misc":{"Est. reading time":"1 minute"},"schema":{"@context":"https:\/\/schema.org","@graph":[{"@type":"WebPage","@id":"https:\/\/bli.com.vn\/may-quet-ma-vach-zebra-ds2208-sr\/","url":"https:\/\/bli.com.vn\/may-quet-ma-vach-zebra-ds2208-sr\/","name":"M\u00e1y qu\u00e9t m\u00e3 v\u1ea1ch Zebra DS2208-SR - BLI Vi\u1ec7t Nam","isPartOf":{"@id":"https:\/\/bli.com.vn\/#website"},"primaryImageOfPage":{"@id":"https:\/\/bli.com.vn\/may-quet-ma-vach-zebra-ds2208-sr\/#primaryimage"},"image":{"@id":"https:\/\/bli.com.vn\/may-quet-ma-vach-zebra-ds2208-sr\/#primaryimage"},"thumbnailUrl":"https:\/\/bli.com.vn\/wp-content\/uploads\/2021\/03\/May-quet-ma-vach-Zebra-DS2208-SR.jpg","datePublished":"2021-03-22T02:21:35+00:00","dateModified":"2023-01-12T08:40:09+00:00","description":"Zebra DS2208-SR l\u00e0 d\u00f2ng m\u00e1y qu\u00e9t m\u00e3 v\u1ea1ch c\u00f3 d\u00e2y gi\u00e1 ph\u1ea3i ch\u0103ng, c\u00f3 th\u1ec3 qu\u00e9t c\u1ea3 m\u00e3 v\u1ea1ch 1D v\u00e0 2D v\u1edbi hi\u1ec7u su\u1ea5t cao. Zebra DS2208-SR \u0111\u00e1p \u1ee9ng kh\u1ea3 n\u0103ng chi tr\u1ea3 m\u00e0 ng\u00e2n s\u00e1ch c\u1ee7a b\u1ea1n y\u00eau c\u1ea7u, d\u1ec5 d\u00e0ng trong vi\u1ec7c tri\u1ec3n khai, s\u1eed d\u1ee5ng v\u00e0 qu\u1ea3n l\u00fd cho c\u00e1c y\u00eau c\u1ea7u c\u1ee7a doanh nghi\u1ec7p.","breadcrumb":{"@id":"https:\/\/bli.com.vn\/may-quet-ma-vach-zebra-ds2208-sr\/#breadcrumb"},"inLanguage":"en-US","potentialAction":[{"@type":"ReadAction","target":["https:\/\/bli.com.vn\/may-quet-ma-vach-zebra-ds2208-sr\/"]}]},{"@type":"ImageObject","inLanguage":"en-US","@id":"https:\/\/bli.com.vn\/may-quet-ma-vach-zebra-ds2208-sr\/#primaryimage","url":"https:\/\/bli.com.vn\/wp-content\/uploads\/2021\/03\/May-quet-ma-vach-Zebra-DS2208-SR.jpg","contentUrl":"https:\/\/bli.com.vn\/wp-content\/uploads\/2021\/03\/May-quet-ma-vach-Zebra-DS2208-SR.jpg","width":600,"height":400,"caption":"M\u00e1y \u0111\u1ecdc m\u00e3 v\u1ea1ch Zebra DS2208-SR - bli.com.vn"},{"@type":"BreadcrumbList","@id":"https:\/\/bli.com.vn\/may-quet-ma-vach-zebra-ds2208-sr\/#breadcrumb","itemListElement":[{"@type":"ListItem","position":1,"name":"Home","item":"https:\/\/bli.com.vn\/"},{"@type":"ListItem","position":2,"name":"S\u1ea3n ph\u1ea9m","item":"https:\/\/bli.com.vn\/san-pham\/"},{"@type":"ListItem","position":3,"name":"M\u00e1y qu\u00e9t m\u00e3 v\u1ea1ch Zebra DS2208-SR"}]},{"@type":"WebSite","@id":"https:\/\/bli.com.vn\/#website","url":"https:\/\/bli.com.vn\/","name":"BLI Vi\u1ec7t Nam","description":"M\u00e1y in, m\u00e1y qu\u00e9t m\u00e3 v\u1ea1ch Zebra, Honeywell, Datalogic","publisher":{"@id":"https:\/\/bli.com.vn\/#organization"},"potentialAction":[{"@type":"SearchAction","target":{"@type":"EntryPoint","urlTemplate":"https:\/\/bli.com.vn\/?s={search_term_string}"},"query-input":{"@type":"PropertyValueSpecification","valueRequired":true,"valueName":"search_term_string"}}],"inLanguage":"en-US"},{"@type":"Organization","@id":"https:\/\/bli.com.vn\/#organization","name":"BLI Vi\u1ec7t Nam","url":"https:\/\/bli.com.vn\/","logo":{"@type":"ImageObject","inLanguage":"en-US","@id":"https:\/\/bli.com.vn\/#\/schema\/logo\/image\/","url":"https:\/\/bli.com.vn\/wp-content\/uploads\/2021\/03\/site-logo.png","contentUrl":"https:\/\/bli.com.vn\/wp-content\/uploads\/2021\/03\/site-logo.png","width":"400","height":"150","caption":"BLI Vi\u1ec7t Nam"},"image":{"@id":"https:\/\/bli.com.vn\/#\/schema\/logo\/image\/"}}]}},"_links":{"self":[{"href":"https:\/\/bli.com.vn\/en\/wp-json\/wp\/v2\/product\/119","targetHints":{"allow":["GET"]}}],"collection":[{"href":"https:\/\/bli.com.vn\/en\/wp-json\/wp\/v2\/product"}],"about":[{"href":"https:\/\/bli.com.vn\/en\/wp-json\/wp\/v2\/types\/product"}],"wp:featuredmedia":[{"embeddable":true,"href":"https:\/\/bli.com.vn\/en\/wp-json\/wp\/v2\/media\/120"}],"wp:attachment":[{"href":"https:\/\/bli.com.vn\/en\/wp-json\/wp\/v2\/media?parent=119"}],"wp:term":[{"taxonomy":"product_cat","embeddable":true,"href":"https:\/\/bli.com.vn\/en\/wp-json\/wp\/v2\/product_cat?post=119"},{"taxonomy":"product_tag","embeddable":true,"href":"https:\/\/bli.com.vn\/en\/wp-json\/wp\/v2\/product_tag?post=119"}],"curies":[{"name":"wp","href":"https:\/\/api.w.org\/{rel}","templated":true}]}}