{"id":121,"date":"2021-03-22T02:24:40","date_gmt":"2021-03-22T02:24:40","guid":{"rendered":"https:\/\/bli.com.vn\/?post_type=product&#038;p=121"},"modified":"2023-01-12T08:40:04","modified_gmt":"2023-01-12T08:40:04","slug":"may-quet-ma-vach-zebra-ls1203","status":"publish","type":"product","link":"https:\/\/bli.com.vn\/en\/may-quet-ma-vach-zebra-ls1203\/","title":{"rendered":"Zebra LS1203 Barcode Scanner"},"content":{"rendered":"<table width=\"374\">\n<tbody>\n<tr>\n<td width=\"374\"><strong>Model: Zebra LS1203<\/strong><\/td>\n<\/tr>\n<tr>\n<td>Scan technology: 1D<\/td>\n<\/tr>\n<tr>\n<td>Scan type: Bi-direction<\/td>\n<\/tr>\n<tr>\n<td>Scan speed: 100 scan\/s<\/td>\n<\/tr>\n<tr>\n<td>.<\/td>\n<\/tr>\n<tr>\n<td>Light source: Laser<\/td>\n<\/tr>\n<tr>\n<td>Image sensor: Linear<\/td>\n<\/tr>\n<tr>\n<td><strong>General information:<\/strong><\/td>\n<\/tr>\n<tr>\n<td>Product Type: Handheld Barcode Scanner<\/td>\n<\/tr>\n<tr>\n<td>Brand: Motorola<\/td>\n<\/tr>\n<tr>\n<td>Manufacturer: Motorola., Inc<\/td>\n<\/tr>\n<tr>\n<td>Model: LS1203<\/td>\n<\/tr>\n<tr>\n<td>Product Name: Symbol LS1203 Handheld Barcode Scanner<\/td>\n<\/tr>\n<tr>\n<td>.<\/td>\n<\/tr>\n<tr>\n<td><strong>Properties:<\/strong><\/td>\n<\/tr>\n<tr>\n<td>Height: 6.1 cm<\/td>\n<\/tr>\n<tr>\n<td>Width: 6.1 cm<\/td>\n<\/tr>\n<tr>\n<td>Depth: 18.03 cm<\/td>\n<\/tr>\n<tr>\n<td>Color: Black<\/td>\n<\/tr>\n<tr>\n<td>Weight: 121.9 gr<\/td>\n<\/tr>\n<tr>\n<td>Interface: USB<\/td>\n<\/tr>\n<tr>\n<td><strong>Power source:<\/strong><\/td>\n<\/tr>\n<tr>\n<td>Input voltage: 5 VDC<\/td>\n<\/tr>\n<\/tbody>\n<\/table>","protected":false},"excerpt":{"rendered":"<p>The Zebra LS1203 1D barcode scanner is ideal for small retailers, providing the functionality and reliability needed to improve operations from checkout to warehouse. The LS1203 reduces manual bookkeeping, ensures accuracy in all customer transactions, and helps automate paper-based inventory processes. Compact design, convenient hand-held or automatic scanning when placed on the stand, along with fast scanning speed, the LS1203 is suitable for retail store models.<\/p>","protected":false},"featured_media":123,"template":"","meta":{"_genesis_hide_title":false,"_genesis_hide_breadcrumbs":false,"_genesis_hide_singular_image":false,"_genesis_hide_footer_widgets":false,"_genesis_custom_body_class":"","_genesis_custom_post_class":"","_genesis_layout":""},"product_cat":[18],"product_tag":[],"class_list":{"0":"post-121","1":"product","2":"type-product","3":"status-publish","4":"has-post-thumbnail","6":"product_cat-may-quet-ma-vach","7":"entry","9":"first","10":"instock","11":"featured","12":"shipping-taxable","13":"product-type-simple"},"yoast_head":"<!-- This site is optimized with the Yoast SEO plugin v27.3 - https:\/\/yoast.com\/product\/yoast-seo-wordpress\/ -->\n<title>M\u00e1y qu\u00e9t m\u00e3 v\u1ea1ch Zebra LS1203 - BLI Vi\u1ec7t Nam<\/title>\n<meta name=\"description\" content=\"M\u00e1y qu\u00e9t m\u00e3 v\u1ea1ch 1D Zebra LS1203 l\u00fd t\u01b0\u1edfng cho c\u00e1c nh\u00e0 b\u00e1n l\u1ebb nh\u1ecf, cung c\u1ea5p c\u00e1c ch\u1ee9c n\u0103ng v\u00e0 \u0111\u1ed9 tin c\u1eady c\u1ea7n thi\u1ebft \u0111\u1ec3 c\u1ea3i thi\u1ec7n hi\u1ec7u qu\u1ea3 ho\u1ea1t \u0111\u1ed9ng t\u1eeb qu\u1ea7y thanh to\u00e1n \u0111\u1ebfn kho. Thi\u1ebft k\u1ebf g\u1ecdn nh\u1eb9, thu\u1eadn ti\u1ec7n qu\u00e9t c\u1ea7m tay ho\u1eb7c t\u1ef1 \u0111\u1ed9ng khi \u0111\u1eb7t l\u00ean ch\u00e2n \u0111\u1ebf, c\u00f9ng v\u1edbi t\u1ed1c \u0111\u1ed9 qu\u00e9t nhanh, LS1203 ph\u00f9 h\u1ee3p cho c\u00e1c m\u00f4 h\u00ecnh c\u1eeda h\u00e0ng b\u00e1n l\u1ebb.\" \/>\n<meta name=\"robots\" content=\"index, follow, max-snippet:-1, max-image-preview:large, max-video-preview:-1\" \/>\n<link rel=\"canonical\" href=\"https:\/\/bli.com.vn\/en\/may-quet-ma-vach-zebra-ls1203\/\" \/>\n<meta property=\"og:locale\" content=\"en_US\" \/>\n<meta property=\"og:type\" content=\"article\" \/>\n<meta property=\"og:title\" content=\"M\u00e1y qu\u00e9t m\u00e3 v\u1ea1ch Zebra LS1203 - BLI Vi\u1ec7t Nam\" \/>\n<meta property=\"og:description\" content=\"M\u00e1y qu\u00e9t m\u00e3 v\u1ea1ch 1D Zebra LS1203 l\u00fd t\u01b0\u1edfng cho c\u00e1c nh\u00e0 b\u00e1n l\u1ebb nh\u1ecf, cung c\u1ea5p c\u00e1c ch\u1ee9c n\u0103ng v\u00e0 \u0111\u1ed9 tin c\u1eady c\u1ea7n thi\u1ebft \u0111\u1ec3 c\u1ea3i thi\u1ec7n hi\u1ec7u qu\u1ea3 ho\u1ea1t \u0111\u1ed9ng t\u1eeb qu\u1ea7y thanh to\u00e1n \u0111\u1ebfn kho. Thi\u1ebft k\u1ebf g\u1ecdn nh\u1eb9, thu\u1eadn ti\u1ec7n qu\u00e9t c\u1ea7m tay ho\u1eb7c t\u1ef1 \u0111\u1ed9ng khi \u0111\u1eb7t l\u00ean ch\u00e2n \u0111\u1ebf, c\u00f9ng v\u1edbi t\u1ed1c \u0111\u1ed9 qu\u00e9t nhanh, LS1203 ph\u00f9 h\u1ee3p cho c\u00e1c m\u00f4 h\u00ecnh c\u1eeda h\u00e0ng b\u00e1n l\u1ebb.\" \/>\n<meta property=\"og:url\" content=\"https:\/\/bli.com.vn\/en\/may-quet-ma-vach-zebra-ls1203\/\" \/>\n<meta property=\"og:site_name\" content=\"BLI Vi\u1ec7t Nam\" \/>\n<meta property=\"article:modified_time\" content=\"2023-01-12T08:40:04+00:00\" \/>\n<meta property=\"og:image\" content=\"https:\/\/bli.com.vn\/wp-content\/uploads\/2021\/03\/May-quet-ma-vach-Zebra-LS1203.jpg\" \/>\n\t<meta property=\"og:image:width\" content=\"600\" \/>\n\t<meta property=\"og:image:height\" content=\"400\" \/>\n\t<meta property=\"og:image:type\" content=\"image\/jpeg\" \/>\n<meta name=\"twitter:card\" content=\"summary_large_image\" \/>\n<meta name=\"twitter:image\" content=\"https:\/\/bli.com.vn\/wp-content\/uploads\/2021\/03\/May-quet-ma-vach-Zebra-LS1203.jpg\" \/>\n<meta name=\"twitter:label1\" content=\"Est. reading time\" \/>\n\t<meta name=\"twitter:data1\" content=\"1 minute\" \/>\n<script type=\"application\/ld+json\" class=\"yoast-schema-graph\">{\"@context\":\"https:\\\/\\\/schema.org\",\"@graph\":[{\"@type\":\"WebPage\",\"@id\":\"https:\\\/\\\/bli.com.vn\\\/may-quet-ma-vach-zebra-ls1203\\\/\",\"url\":\"https:\\\/\\\/bli.com.vn\\\/may-quet-ma-vach-zebra-ls1203\\\/\",\"name\":\"M\u00e1y qu\u00e9t m\u00e3 v\u1ea1ch Zebra LS1203 - BLI Vi\u1ec7t Nam\",\"isPartOf\":{\"@id\":\"https:\\\/\\\/bli.com.vn\\\/#website\"},\"primaryImageOfPage\":{\"@id\":\"https:\\\/\\\/bli.com.vn\\\/may-quet-ma-vach-zebra-ls1203\\\/#primaryimage\"},\"image\":{\"@id\":\"https:\\\/\\\/bli.com.vn\\\/may-quet-ma-vach-zebra-ls1203\\\/#primaryimage\"},\"thumbnailUrl\":\"https:\\\/\\\/bli.com.vn\\\/wp-content\\\/uploads\\\/2021\\\/03\\\/May-quet-ma-vach-Zebra-LS1203.jpg\",\"datePublished\":\"2021-03-22T02:24:40+00:00\",\"dateModified\":\"2023-01-12T08:40:04+00:00\",\"description\":\"M\u00e1y qu\u00e9t m\u00e3 v\u1ea1ch 1D Zebra LS1203 l\u00fd t\u01b0\u1edfng cho c\u00e1c nh\u00e0 b\u00e1n l\u1ebb nh\u1ecf, cung c\u1ea5p c\u00e1c ch\u1ee9c n\u0103ng v\u00e0 \u0111\u1ed9 tin c\u1eady c\u1ea7n thi\u1ebft \u0111\u1ec3 c\u1ea3i thi\u1ec7n hi\u1ec7u qu\u1ea3 ho\u1ea1t \u0111\u1ed9ng t\u1eeb qu\u1ea7y thanh to\u00e1n \u0111\u1ebfn kho. Thi\u1ebft k\u1ebf g\u1ecdn nh\u1eb9, thu\u1eadn ti\u1ec7n qu\u00e9t c\u1ea7m tay ho\u1eb7c t\u1ef1 \u0111\u1ed9ng khi \u0111\u1eb7t l\u00ean ch\u00e2n \u0111\u1ebf, c\u00f9ng v\u1edbi t\u1ed1c \u0111\u1ed9 qu\u00e9t nhanh, LS1203 ph\u00f9 h\u1ee3p cho c\u00e1c m\u00f4 h\u00ecnh c\u1eeda h\u00e0ng b\u00e1n l\u1ebb.\",\"breadcrumb\":{\"@id\":\"https:\\\/\\\/bli.com.vn\\\/may-quet-ma-vach-zebra-ls1203\\\/#breadcrumb\"},\"inLanguage\":\"en-US\",\"potentialAction\":[{\"@type\":\"ReadAction\",\"target\":[\"https:\\\/\\\/bli.com.vn\\\/may-quet-ma-vach-zebra-ls1203\\\/\"]}]},{\"@type\":\"ImageObject\",\"inLanguage\":\"en-US\",\"@id\":\"https:\\\/\\\/bli.com.vn\\\/may-quet-ma-vach-zebra-ls1203\\\/#primaryimage\",\"url\":\"https:\\\/\\\/bli.com.vn\\\/wp-content\\\/uploads\\\/2021\\\/03\\\/May-quet-ma-vach-Zebra-LS1203.jpg\",\"contentUrl\":\"https:\\\/\\\/bli.com.vn\\\/wp-content\\\/uploads\\\/2021\\\/03\\\/May-quet-ma-vach-Zebra-LS1203.jpg\",\"width\":600,\"height\":400,\"caption\":\"M\u00e1y \u0111\u1ecdc m\u00e3 v\u1ea1ch Zebra LS1203 - bli.com.vn\"},{\"@type\":\"BreadcrumbList\",\"@id\":\"https:\\\/\\\/bli.com.vn\\\/may-quet-ma-vach-zebra-ls1203\\\/#breadcrumb\",\"itemListElement\":[{\"@type\":\"ListItem\",\"position\":1,\"name\":\"Home\",\"item\":\"https:\\\/\\\/bli.com.vn\\\/\"},{\"@type\":\"ListItem\",\"position\":2,\"name\":\"S\u1ea3n ph\u1ea9m\",\"item\":\"https:\\\/\\\/bli.com.vn\\\/san-pham\\\/\"},{\"@type\":\"ListItem\",\"position\":3,\"name\":\"M\u00e1y qu\u00e9t m\u00e3 v\u1ea1ch Zebra LS1203\"}]},{\"@type\":\"WebSite\",\"@id\":\"https:\\\/\\\/bli.com.vn\\\/#website\",\"url\":\"https:\\\/\\\/bli.com.vn\\\/\",\"name\":\"BLI Vi\u1ec7t Nam\",\"description\":\"M\u00e1y in, m\u00e1y qu\u00e9t m\u00e3 v\u1ea1ch Zebra, Honeywell, Datalogic\",\"publisher\":{\"@id\":\"https:\\\/\\\/bli.com.vn\\\/#organization\"},\"potentialAction\":[{\"@type\":\"SearchAction\",\"target\":{\"@type\":\"EntryPoint\",\"urlTemplate\":\"https:\\\/\\\/bli.com.vn\\\/?s={search_term_string}\"},\"query-input\":{\"@type\":\"PropertyValueSpecification\",\"valueRequired\":true,\"valueName\":\"search_term_string\"}}],\"inLanguage\":\"en-US\"},{\"@type\":\"Organization\",\"@id\":\"https:\\\/\\\/bli.com.vn\\\/#organization\",\"name\":\"BLI Vi\u1ec7t Nam\",\"url\":\"https:\\\/\\\/bli.com.vn\\\/\",\"logo\":{\"@type\":\"ImageObject\",\"inLanguage\":\"en-US\",\"@id\":\"https:\\\/\\\/bli.com.vn\\\/#\\\/schema\\\/logo\\\/image\\\/\",\"url\":\"https:\\\/\\\/bli.com.vn\\\/wp-content\\\/uploads\\\/2021\\\/03\\\/site-logo.png\",\"contentUrl\":\"https:\\\/\\\/bli.com.vn\\\/wp-content\\\/uploads\\\/2021\\\/03\\\/site-logo.png\",\"width\":\"400\",\"height\":\"150\",\"caption\":\"BLI Vi\u1ec7t Nam\"},\"image\":{\"@id\":\"https:\\\/\\\/bli.com.vn\\\/#\\\/schema\\\/logo\\\/image\\\/\"}}]}<\/script>\n<!-- \/ Yoast SEO plugin. -->","yoast_head_json":{"title":"M\u00e1y qu\u00e9t m\u00e3 v\u1ea1ch Zebra LS1203 - BLI Vi\u1ec7t Nam","description":"M\u00e1y qu\u00e9t m\u00e3 v\u1ea1ch 1D Zebra LS1203 l\u00fd t\u01b0\u1edfng cho c\u00e1c nh\u00e0 b\u00e1n l\u1ebb nh\u1ecf, cung c\u1ea5p c\u00e1c ch\u1ee9c n\u0103ng v\u00e0 \u0111\u1ed9 tin c\u1eady c\u1ea7n thi\u1ebft \u0111\u1ec3 c\u1ea3i thi\u1ec7n hi\u1ec7u qu\u1ea3 ho\u1ea1t \u0111\u1ed9ng t\u1eeb qu\u1ea7y thanh to\u00e1n \u0111\u1ebfn kho. Thi\u1ebft k\u1ebf g\u1ecdn nh\u1eb9, thu\u1eadn ti\u1ec7n qu\u00e9t c\u1ea7m tay ho\u1eb7c t\u1ef1 \u0111\u1ed9ng khi \u0111\u1eb7t l\u00ean ch\u00e2n \u0111\u1ebf, c\u00f9ng v\u1edbi t\u1ed1c \u0111\u1ed9 qu\u00e9t nhanh, LS1203 ph\u00f9 h\u1ee3p cho c\u00e1c m\u00f4 h\u00ecnh c\u1eeda h\u00e0ng b\u00e1n l\u1ebb.","robots":{"index":"index","follow":"follow","max-snippet":"max-snippet:-1","max-image-preview":"max-image-preview:large","max-video-preview":"max-video-preview:-1"},"canonical":"https:\/\/bli.com.vn\/en\/may-quet-ma-vach-zebra-ls1203\/","og_locale":"en_US","og_type":"article","og_title":"M\u00e1y qu\u00e9t m\u00e3 v\u1ea1ch Zebra LS1203 - BLI Vi\u1ec7t Nam","og_description":"M\u00e1y qu\u00e9t m\u00e3 v\u1ea1ch 1D Zebra LS1203 l\u00fd t\u01b0\u1edfng cho c\u00e1c nh\u00e0 b\u00e1n l\u1ebb nh\u1ecf, cung c\u1ea5p c\u00e1c ch\u1ee9c n\u0103ng v\u00e0 \u0111\u1ed9 tin c\u1eady c\u1ea7n thi\u1ebft \u0111\u1ec3 c\u1ea3i thi\u1ec7n hi\u1ec7u qu\u1ea3 ho\u1ea1t \u0111\u1ed9ng t\u1eeb qu\u1ea7y thanh to\u00e1n \u0111\u1ebfn kho. Thi\u1ebft k\u1ebf g\u1ecdn nh\u1eb9, thu\u1eadn ti\u1ec7n qu\u00e9t c\u1ea7m tay ho\u1eb7c t\u1ef1 \u0111\u1ed9ng khi \u0111\u1eb7t l\u00ean ch\u00e2n \u0111\u1ebf, c\u00f9ng v\u1edbi t\u1ed1c \u0111\u1ed9 qu\u00e9t nhanh, LS1203 ph\u00f9 h\u1ee3p cho c\u00e1c m\u00f4 h\u00ecnh c\u1eeda h\u00e0ng b\u00e1n l\u1ebb.","og_url":"https:\/\/bli.com.vn\/en\/may-quet-ma-vach-zebra-ls1203\/","og_site_name":"BLI Vi\u1ec7t Nam","article_modified_time":"2023-01-12T08:40:04+00:00","og_image":[{"width":600,"height":400,"url":"https:\/\/bli.com.vn\/wp-content\/uploads\/2021\/03\/May-quet-ma-vach-Zebra-LS1203.jpg","type":"image\/jpeg"}],"twitter_card":"summary_large_image","twitter_image":"https:\/\/bli.com.vn\/wp-content\/uploads\/2021\/03\/May-quet-ma-vach-Zebra-LS1203.jpg","twitter_misc":{"Est. reading time":"1 minute"},"schema":{"@context":"https:\/\/schema.org","@graph":[{"@type":"WebPage","@id":"https:\/\/bli.com.vn\/may-quet-ma-vach-zebra-ls1203\/","url":"https:\/\/bli.com.vn\/may-quet-ma-vach-zebra-ls1203\/","name":"M\u00e1y qu\u00e9t m\u00e3 v\u1ea1ch Zebra LS1203 - BLI Vi\u1ec7t Nam","isPartOf":{"@id":"https:\/\/bli.com.vn\/#website"},"primaryImageOfPage":{"@id":"https:\/\/bli.com.vn\/may-quet-ma-vach-zebra-ls1203\/#primaryimage"},"image":{"@id":"https:\/\/bli.com.vn\/may-quet-ma-vach-zebra-ls1203\/#primaryimage"},"thumbnailUrl":"https:\/\/bli.com.vn\/wp-content\/uploads\/2021\/03\/May-quet-ma-vach-Zebra-LS1203.jpg","datePublished":"2021-03-22T02:24:40+00:00","dateModified":"2023-01-12T08:40:04+00:00","description":"M\u00e1y qu\u00e9t m\u00e3 v\u1ea1ch 1D Zebra LS1203 l\u00fd t\u01b0\u1edfng cho c\u00e1c nh\u00e0 b\u00e1n l\u1ebb nh\u1ecf, cung c\u1ea5p c\u00e1c ch\u1ee9c n\u0103ng v\u00e0 \u0111\u1ed9 tin c\u1eady c\u1ea7n thi\u1ebft \u0111\u1ec3 c\u1ea3i thi\u1ec7n hi\u1ec7u qu\u1ea3 ho\u1ea1t \u0111\u1ed9ng t\u1eeb qu\u1ea7y thanh to\u00e1n \u0111\u1ebfn kho. Thi\u1ebft k\u1ebf g\u1ecdn nh\u1eb9, thu\u1eadn ti\u1ec7n qu\u00e9t c\u1ea7m tay ho\u1eb7c t\u1ef1 \u0111\u1ed9ng khi \u0111\u1eb7t l\u00ean ch\u00e2n \u0111\u1ebf, c\u00f9ng v\u1edbi t\u1ed1c \u0111\u1ed9 qu\u00e9t nhanh, LS1203 ph\u00f9 h\u1ee3p cho c\u00e1c m\u00f4 h\u00ecnh c\u1eeda h\u00e0ng b\u00e1n l\u1ebb.","breadcrumb":{"@id":"https:\/\/bli.com.vn\/may-quet-ma-vach-zebra-ls1203\/#breadcrumb"},"inLanguage":"en-US","potentialAction":[{"@type":"ReadAction","target":["https:\/\/bli.com.vn\/may-quet-ma-vach-zebra-ls1203\/"]}]},{"@type":"ImageObject","inLanguage":"en-US","@id":"https:\/\/bli.com.vn\/may-quet-ma-vach-zebra-ls1203\/#primaryimage","url":"https:\/\/bli.com.vn\/wp-content\/uploads\/2021\/03\/May-quet-ma-vach-Zebra-LS1203.jpg","contentUrl":"https:\/\/bli.com.vn\/wp-content\/uploads\/2021\/03\/May-quet-ma-vach-Zebra-LS1203.jpg","width":600,"height":400,"caption":"M\u00e1y \u0111\u1ecdc m\u00e3 v\u1ea1ch Zebra LS1203 - bli.com.vn"},{"@type":"BreadcrumbList","@id":"https:\/\/bli.com.vn\/may-quet-ma-vach-zebra-ls1203\/#breadcrumb","itemListElement":[{"@type":"ListItem","position":1,"name":"Home","item":"https:\/\/bli.com.vn\/"},{"@type":"ListItem","position":2,"name":"S\u1ea3n ph\u1ea9m","item":"https:\/\/bli.com.vn\/san-pham\/"},{"@type":"ListItem","position":3,"name":"M\u00e1y qu\u00e9t m\u00e3 v\u1ea1ch Zebra LS1203"}]},{"@type":"WebSite","@id":"https:\/\/bli.com.vn\/#website","url":"https:\/\/bli.com.vn\/","name":"BLI Vi\u1ec7t Nam","description":"M\u00e1y in, m\u00e1y qu\u00e9t m\u00e3 v\u1ea1ch Zebra, Honeywell, Datalogic","publisher":{"@id":"https:\/\/bli.com.vn\/#organization"},"potentialAction":[{"@type":"SearchAction","target":{"@type":"EntryPoint","urlTemplate":"https:\/\/bli.com.vn\/?s={search_term_string}"},"query-input":{"@type":"PropertyValueSpecification","valueRequired":true,"valueName":"search_term_string"}}],"inLanguage":"en-US"},{"@type":"Organization","@id":"https:\/\/bli.com.vn\/#organization","name":"BLI Vi\u1ec7t Nam","url":"https:\/\/bli.com.vn\/","logo":{"@type":"ImageObject","inLanguage":"en-US","@id":"https:\/\/bli.com.vn\/#\/schema\/logo\/image\/","url":"https:\/\/bli.com.vn\/wp-content\/uploads\/2021\/03\/site-logo.png","contentUrl":"https:\/\/bli.com.vn\/wp-content\/uploads\/2021\/03\/site-logo.png","width":"400","height":"150","caption":"BLI Vi\u1ec7t Nam"},"image":{"@id":"https:\/\/bli.com.vn\/#\/schema\/logo\/image\/"}}]}},"_links":{"self":[{"href":"https:\/\/bli.com.vn\/en\/wp-json\/wp\/v2\/product\/121","targetHints":{"allow":["GET"]}}],"collection":[{"href":"https:\/\/bli.com.vn\/en\/wp-json\/wp\/v2\/product"}],"about":[{"href":"https:\/\/bli.com.vn\/en\/wp-json\/wp\/v2\/types\/product"}],"wp:featuredmedia":[{"embeddable":true,"href":"https:\/\/bli.com.vn\/en\/wp-json\/wp\/v2\/media\/123"}],"wp:attachment":[{"href":"https:\/\/bli.com.vn\/en\/wp-json\/wp\/v2\/media?parent=121"}],"wp:term":[{"taxonomy":"product_cat","embeddable":true,"href":"https:\/\/bli.com.vn\/en\/wp-json\/wp\/v2\/product_cat?post=121"},{"taxonomy":"product_tag","embeddable":true,"href":"https:\/\/bli.com.vn\/en\/wp-json\/wp\/v2\/product_tag?post=121"}],"curies":[{"name":"wp","href":"https:\/\/api.w.org\/{rel}","templated":true}]}}