{"id":182,"date":"2021-03-23T08:57:11","date_gmt":"2021-03-23T08:57:11","guid":{"rendered":"https:\/\/bli.com.vn\/?post_type=product&#038;p=182"},"modified":"2023-01-12T08:39:46","modified_gmt":"2023-01-12T08:39:46","slug":"may-in-ma-vach-cong-nghiep-zebra-zt510","status":"publish","type":"product","link":"https:\/\/bli.com.vn\/en\/may-in-ma-vach-cong-nghiep-zebra-zt510\/","title":{"rendered":"Zebra ZT510 Industrial Barcode Printer"},"content":{"rendered":"<table width=\"430\">\n<tbody>\n<tr>\n<td width=\"430\"><strong>Model: Zebra ZT510<\/strong><\/td>\n<\/tr>\n<tr>\n<td width=\"430\">\u2013 Print technology: Thermal direct \/ Thermal transfer<\/td>\n<\/tr>\n<tr>\n<td width=\"430\">\u2013 Print speed (max): 12 ips (305mm \/ sec)<\/td>\n<\/tr>\n<tr>\n<td width=\"430\"><strong>Printhead resolution:<\/strong><\/td>\n<\/tr>\n<tr>\n<td width=\"430\">+ ZT510\u00a0203 dpi\u00a0\/ 8 dots per mm<\/td>\n<\/tr>\n<tr>\n<td width=\"430\">+\u00a0ZT510\u00a0300 dpi\u00a0\/ 12 dots per mm (optional)<\/td>\n<\/tr>\n<tr>\n<td width=\"430\">+\u00a0ZT510\u00a0600\u00a0dpi\u00a0\/ 16 dots per mm (optional)<\/td>\n<\/tr>\n<tr>\n<td width=\"430\"><strong>Memory<\/strong>: 512 MB RAM Memory<\/td>\n<\/tr>\n<tr>\n<td width=\"430\">+ 2GB on-board flash memory<\/td>\n<\/tr>\n<tr>\n<td width=\"430\">- Print width: 114mm<\/td>\n<\/tr>\n<tr>\n<td width=\"430\"><strong>Communication<\/strong>:<\/td>\n<\/tr>\n<tr>\n<td width=\"430\">+ USB 2.0 and RS-232 serial ports<\/td>\n<\/tr>\n<tr>\n<td width=\"430\">+ Gigabit Ethernet \/ Bluetooth<\/td>\n<\/tr>\n<tr>\n<td width=\"430\">+ Wireless 802.11ac, Parallel (Optional)<\/td>\n<\/tr>\n<\/tbody>\n<\/table>","protected":false},"excerpt":{"rendered":"<p>The Zebra ZT510 industrial barcode printer includes the core features you need in an industrial printer at an economical price point. The ZT510 offers a durable design and construction, and adds advanced management and monitoring capabilities. That means you get 24\/7 reliability to keep your operations running smoothly today, plus longevity and advanced functionality to stand up to any challenge for years to come \u2013 at an outstanding value.<\/p>","protected":false},"featured_media":183,"template":"","meta":{"_genesis_hide_title":false,"_genesis_hide_breadcrumbs":false,"_genesis_hide_singular_image":false,"_genesis_hide_footer_widgets":false,"_genesis_custom_body_class":"","_genesis_custom_post_class":"","_genesis_layout":""},"product_cat":[17],"product_tag":[],"class_list":{"0":"post-182","1":"product","2":"type-product","3":"status-publish","4":"has-post-thumbnail","6":"product_cat-may-in-ma-vach","7":"entry","9":"first","10":"instock","11":"featured","12":"shipping-taxable","13":"product-type-simple"},"yoast_head":"<!-- This site is optimized with the Yoast SEO plugin v27.3 - https:\/\/yoast.com\/product\/yoast-seo-wordpress\/ -->\n<title>M\u00e1y in m\u00e3 v\u1ea1ch c\u00f4ng nghi\u1ec7p Zebra ZT510 - BLI Vi\u1ec7t Nam<\/title>\n<meta name=\"description\" content=\"Zebra ZT510 c\u00f3 thi\u1ebft k\u1ebf v\u00e0 c\u1ea5u tr\u00fac b\u1ec1n b\u1ec9, \u0111\u1ed3ng th\u1eddi b\u1ed5 sung kh\u1ea3 n\u0103ng qu\u1ea3n l\u00fd v\u00e0 gi\u00e1m s\u00e1t ti\u00ean ti\u1ebfn. \u0110i\u1ec1u \u0111\u00f3 c\u00f3 ngh\u0129a l\u00e0 b\u1ea1n c\u00f3 \u0111\u01b0\u1ee3c \u0111\u1ed9 tin c\u1eady 24\/7 \u0111\u1ec3 gi\u1eef cho c\u00e1c ho\u1ea1t \u0111\u1ed9ng c\u1ee7a b\u1ea1n ho\u1ea1t \u0111\u1ed9ng tr\u01a1n tru \u1edf hi\u1ec7n t\u1ea1i, c\u1ed9ng v\u1edbi tu\u1ed5i th\u1ecd v\u00e0 ch\u1ee9c n\u0103ng ti\u00ean ti\u1ebfn \u0111\u1ec3 v\u01b0\u1ee3t qua m\u1ecdi th\u1eed th\u00e1ch trong nh\u1eefng n\u0103m t\u1edbi - \u1edf m\u1ed9t gi\u00e1 tr\u1ecb v\u01b0\u1ee3t tr\u1ed9i.\" \/>\n<meta name=\"robots\" content=\"index, follow, max-snippet:-1, max-image-preview:large, max-video-preview:-1\" \/>\n<link rel=\"canonical\" href=\"https:\/\/bli.com.vn\/en\/may-in-ma-vach-cong-nghiep-zebra-zt510\/\" \/>\n<meta property=\"og:locale\" content=\"en_US\" \/>\n<meta property=\"og:type\" content=\"article\" \/>\n<meta property=\"og:title\" content=\"M\u00e1y in m\u00e3 v\u1ea1ch c\u00f4ng nghi\u1ec7p Zebra ZT510 - BLI Vi\u1ec7t Nam\" \/>\n<meta property=\"og:description\" content=\"Zebra ZT510 c\u00f3 thi\u1ebft k\u1ebf v\u00e0 c\u1ea5u tr\u00fac b\u1ec1n b\u1ec9, \u0111\u1ed3ng th\u1eddi b\u1ed5 sung kh\u1ea3 n\u0103ng qu\u1ea3n l\u00fd v\u00e0 gi\u00e1m s\u00e1t ti\u00ean ti\u1ebfn. \u0110i\u1ec1u \u0111\u00f3 c\u00f3 ngh\u0129a l\u00e0 b\u1ea1n c\u00f3 \u0111\u01b0\u1ee3c \u0111\u1ed9 tin c\u1eady 24\/7 \u0111\u1ec3 gi\u1eef cho c\u00e1c ho\u1ea1t \u0111\u1ed9ng c\u1ee7a b\u1ea1n ho\u1ea1t \u0111\u1ed9ng tr\u01a1n tru \u1edf hi\u1ec7n t\u1ea1i, c\u1ed9ng v\u1edbi tu\u1ed5i th\u1ecd v\u00e0 ch\u1ee9c n\u0103ng ti\u00ean ti\u1ebfn \u0111\u1ec3 v\u01b0\u1ee3t qua m\u1ecdi th\u1eed th\u00e1ch trong nh\u1eefng n\u0103m t\u1edbi - \u1edf m\u1ed9t gi\u00e1 tr\u1ecb v\u01b0\u1ee3t tr\u1ed9i.\" \/>\n<meta property=\"og:url\" content=\"https:\/\/bli.com.vn\/en\/may-in-ma-vach-cong-nghiep-zebra-zt510\/\" \/>\n<meta property=\"og:site_name\" content=\"BLI Vi\u1ec7t Nam\" \/>\n<meta property=\"article:modified_time\" content=\"2023-01-12T08:39:46+00:00\" \/>\n<meta property=\"og:image\" content=\"https:\/\/bli.com.vn\/wp-content\/uploads\/2021\/03\/may-in-ma-vach-cong-nghiep-zt510.jpg\" \/>\n\t<meta property=\"og:image:width\" content=\"600\" \/>\n\t<meta property=\"og:image:height\" content=\"400\" \/>\n\t<meta property=\"og:image:type\" content=\"image\/jpeg\" \/>\n<meta name=\"twitter:card\" content=\"summary_large_image\" \/>\n<meta name=\"twitter:image\" content=\"https:\/\/bli.com.vn\/wp-content\/uploads\/2021\/03\/may-in-ma-vach-cong-nghiep-zt510.jpg\" \/>\n<meta name=\"twitter:label1\" content=\"Est. reading time\" \/>\n\t<meta name=\"twitter:data1\" content=\"1 minute\" \/>\n<script type=\"application\/ld+json\" class=\"yoast-schema-graph\">{\"@context\":\"https:\\\/\\\/schema.org\",\"@graph\":[{\"@type\":\"WebPage\",\"@id\":\"https:\\\/\\\/bli.com.vn\\\/may-in-ma-vach-cong-nghiep-zebra-zt510\\\/\",\"url\":\"https:\\\/\\\/bli.com.vn\\\/may-in-ma-vach-cong-nghiep-zebra-zt510\\\/\",\"name\":\"M\u00e1y in m\u00e3 v\u1ea1ch c\u00f4ng nghi\u1ec7p Zebra ZT510 - BLI Vi\u1ec7t Nam\",\"isPartOf\":{\"@id\":\"https:\\\/\\\/bli.com.vn\\\/#website\"},\"primaryImageOfPage\":{\"@id\":\"https:\\\/\\\/bli.com.vn\\\/may-in-ma-vach-cong-nghiep-zebra-zt510\\\/#primaryimage\"},\"image\":{\"@id\":\"https:\\\/\\\/bli.com.vn\\\/may-in-ma-vach-cong-nghiep-zebra-zt510\\\/#primaryimage\"},\"thumbnailUrl\":\"https:\\\/\\\/bli.com.vn\\\/wp-content\\\/uploads\\\/2021\\\/03\\\/may-in-ma-vach-cong-nghiep-zt510.jpg\",\"datePublished\":\"2021-03-23T08:57:11+00:00\",\"dateModified\":\"2023-01-12T08:39:46+00:00\",\"description\":\"Zebra ZT510 c\u00f3 thi\u1ebft k\u1ebf v\u00e0 c\u1ea5u tr\u00fac b\u1ec1n b\u1ec9, \u0111\u1ed3ng th\u1eddi b\u1ed5 sung kh\u1ea3 n\u0103ng qu\u1ea3n l\u00fd v\u00e0 gi\u00e1m s\u00e1t ti\u00ean ti\u1ebfn. \u0110i\u1ec1u \u0111\u00f3 c\u00f3 ngh\u0129a l\u00e0 b\u1ea1n c\u00f3 \u0111\u01b0\u1ee3c \u0111\u1ed9 tin c\u1eady 24\\\/7 \u0111\u1ec3 gi\u1eef cho c\u00e1c ho\u1ea1t \u0111\u1ed9ng c\u1ee7a b\u1ea1n ho\u1ea1t \u0111\u1ed9ng tr\u01a1n tru \u1edf hi\u1ec7n t\u1ea1i, c\u1ed9ng v\u1edbi tu\u1ed5i th\u1ecd v\u00e0 ch\u1ee9c n\u0103ng ti\u00ean ti\u1ebfn \u0111\u1ec3 v\u01b0\u1ee3t qua m\u1ecdi th\u1eed th\u00e1ch trong nh\u1eefng n\u0103m t\u1edbi - \u1edf m\u1ed9t gi\u00e1 tr\u1ecb v\u01b0\u1ee3t tr\u1ed9i.\",\"breadcrumb\":{\"@id\":\"https:\\\/\\\/bli.com.vn\\\/may-in-ma-vach-cong-nghiep-zebra-zt510\\\/#breadcrumb\"},\"inLanguage\":\"en-US\",\"potentialAction\":[{\"@type\":\"ReadAction\",\"target\":[\"https:\\\/\\\/bli.com.vn\\\/may-in-ma-vach-cong-nghiep-zebra-zt510\\\/\"]}]},{\"@type\":\"ImageObject\",\"inLanguage\":\"en-US\",\"@id\":\"https:\\\/\\\/bli.com.vn\\\/may-in-ma-vach-cong-nghiep-zebra-zt510\\\/#primaryimage\",\"url\":\"https:\\\/\\\/bli.com.vn\\\/wp-content\\\/uploads\\\/2021\\\/03\\\/may-in-ma-vach-cong-nghiep-zt510.jpg\",\"contentUrl\":\"https:\\\/\\\/bli.com.vn\\\/wp-content\\\/uploads\\\/2021\\\/03\\\/may-in-ma-vach-cong-nghiep-zt510.jpg\",\"width\":600,\"height\":400,\"caption\":\"M\u00e1y in m\u00e3 v\u1ea1ch c\u00f4ng nghi\u1ec7p Zebra ZT510 - bli.com.vn\"},{\"@type\":\"BreadcrumbList\",\"@id\":\"https:\\\/\\\/bli.com.vn\\\/may-in-ma-vach-cong-nghiep-zebra-zt510\\\/#breadcrumb\",\"itemListElement\":[{\"@type\":\"ListItem\",\"position\":1,\"name\":\"Home\",\"item\":\"https:\\\/\\\/bli.com.vn\\\/\"},{\"@type\":\"ListItem\",\"position\":2,\"name\":\"S\u1ea3n ph\u1ea9m\",\"item\":\"https:\\\/\\\/bli.com.vn\\\/san-pham\\\/\"},{\"@type\":\"ListItem\",\"position\":3,\"name\":\"M\u00e1y in m\u00e3 v\u1ea1ch c\u00f4ng nghi\u1ec7p Zebra ZT510\"}]},{\"@type\":\"WebSite\",\"@id\":\"https:\\\/\\\/bli.com.vn\\\/#website\",\"url\":\"https:\\\/\\\/bli.com.vn\\\/\",\"name\":\"BLI Vi\u1ec7t Nam\",\"description\":\"M\u00e1y in, m\u00e1y qu\u00e9t m\u00e3 v\u1ea1ch Zebra, Honeywell, Datalogic\",\"publisher\":{\"@id\":\"https:\\\/\\\/bli.com.vn\\\/#organization\"},\"potentialAction\":[{\"@type\":\"SearchAction\",\"target\":{\"@type\":\"EntryPoint\",\"urlTemplate\":\"https:\\\/\\\/bli.com.vn\\\/?s={search_term_string}\"},\"query-input\":{\"@type\":\"PropertyValueSpecification\",\"valueRequired\":true,\"valueName\":\"search_term_string\"}}],\"inLanguage\":\"en-US\"},{\"@type\":\"Organization\",\"@id\":\"https:\\\/\\\/bli.com.vn\\\/#organization\",\"name\":\"BLI Vi\u1ec7t Nam\",\"url\":\"https:\\\/\\\/bli.com.vn\\\/\",\"logo\":{\"@type\":\"ImageObject\",\"inLanguage\":\"en-US\",\"@id\":\"https:\\\/\\\/bli.com.vn\\\/#\\\/schema\\\/logo\\\/image\\\/\",\"url\":\"https:\\\/\\\/bli.com.vn\\\/wp-content\\\/uploads\\\/2021\\\/03\\\/site-logo.png\",\"contentUrl\":\"https:\\\/\\\/bli.com.vn\\\/wp-content\\\/uploads\\\/2021\\\/03\\\/site-logo.png\",\"width\":\"400\",\"height\":\"150\",\"caption\":\"BLI Vi\u1ec7t Nam\"},\"image\":{\"@id\":\"https:\\\/\\\/bli.com.vn\\\/#\\\/schema\\\/logo\\\/image\\\/\"}}]}<\/script>\n<!-- \/ Yoast SEO plugin. -->","yoast_head_json":{"title":"M\u00e1y in m\u00e3 v\u1ea1ch c\u00f4ng nghi\u1ec7p Zebra ZT510 - BLI Vi\u1ec7t Nam","description":"Zebra ZT510 c\u00f3 thi\u1ebft k\u1ebf v\u00e0 c\u1ea5u tr\u00fac b\u1ec1n b\u1ec9, \u0111\u1ed3ng th\u1eddi b\u1ed5 sung kh\u1ea3 n\u0103ng qu\u1ea3n l\u00fd v\u00e0 gi\u00e1m s\u00e1t ti\u00ean ti\u1ebfn. \u0110i\u1ec1u \u0111\u00f3 c\u00f3 ngh\u0129a l\u00e0 b\u1ea1n c\u00f3 \u0111\u01b0\u1ee3c \u0111\u1ed9 tin c\u1eady 24\/7 \u0111\u1ec3 gi\u1eef cho c\u00e1c ho\u1ea1t \u0111\u1ed9ng c\u1ee7a b\u1ea1n ho\u1ea1t \u0111\u1ed9ng tr\u01a1n tru \u1edf hi\u1ec7n t\u1ea1i, c\u1ed9ng v\u1edbi tu\u1ed5i th\u1ecd v\u00e0 ch\u1ee9c n\u0103ng ti\u00ean ti\u1ebfn \u0111\u1ec3 v\u01b0\u1ee3t qua m\u1ecdi th\u1eed th\u00e1ch trong nh\u1eefng n\u0103m t\u1edbi - \u1edf m\u1ed9t gi\u00e1 tr\u1ecb v\u01b0\u1ee3t tr\u1ed9i.","robots":{"index":"index","follow":"follow","max-snippet":"max-snippet:-1","max-image-preview":"max-image-preview:large","max-video-preview":"max-video-preview:-1"},"canonical":"https:\/\/bli.com.vn\/en\/may-in-ma-vach-cong-nghiep-zebra-zt510\/","og_locale":"en_US","og_type":"article","og_title":"M\u00e1y in m\u00e3 v\u1ea1ch c\u00f4ng nghi\u1ec7p Zebra ZT510 - BLI Vi\u1ec7t Nam","og_description":"Zebra ZT510 c\u00f3 thi\u1ebft k\u1ebf v\u00e0 c\u1ea5u tr\u00fac b\u1ec1n b\u1ec9, \u0111\u1ed3ng th\u1eddi b\u1ed5 sung kh\u1ea3 n\u0103ng qu\u1ea3n l\u00fd v\u00e0 gi\u00e1m s\u00e1t ti\u00ean ti\u1ebfn. \u0110i\u1ec1u \u0111\u00f3 c\u00f3 ngh\u0129a l\u00e0 b\u1ea1n c\u00f3 \u0111\u01b0\u1ee3c \u0111\u1ed9 tin c\u1eady 24\/7 \u0111\u1ec3 gi\u1eef cho c\u00e1c ho\u1ea1t \u0111\u1ed9ng c\u1ee7a b\u1ea1n ho\u1ea1t \u0111\u1ed9ng tr\u01a1n tru \u1edf hi\u1ec7n t\u1ea1i, c\u1ed9ng v\u1edbi tu\u1ed5i th\u1ecd v\u00e0 ch\u1ee9c n\u0103ng ti\u00ean ti\u1ebfn \u0111\u1ec3 v\u01b0\u1ee3t qua m\u1ecdi th\u1eed th\u00e1ch trong nh\u1eefng n\u0103m t\u1edbi - \u1edf m\u1ed9t gi\u00e1 tr\u1ecb v\u01b0\u1ee3t tr\u1ed9i.","og_url":"https:\/\/bli.com.vn\/en\/may-in-ma-vach-cong-nghiep-zebra-zt510\/","og_site_name":"BLI Vi\u1ec7t Nam","article_modified_time":"2023-01-12T08:39:46+00:00","og_image":[{"width":600,"height":400,"url":"https:\/\/bli.com.vn\/wp-content\/uploads\/2021\/03\/may-in-ma-vach-cong-nghiep-zt510.jpg","type":"image\/jpeg"}],"twitter_card":"summary_large_image","twitter_image":"https:\/\/bli.com.vn\/wp-content\/uploads\/2021\/03\/may-in-ma-vach-cong-nghiep-zt510.jpg","twitter_misc":{"Est. reading time":"1 minute"},"schema":{"@context":"https:\/\/schema.org","@graph":[{"@type":"WebPage","@id":"https:\/\/bli.com.vn\/may-in-ma-vach-cong-nghiep-zebra-zt510\/","url":"https:\/\/bli.com.vn\/may-in-ma-vach-cong-nghiep-zebra-zt510\/","name":"M\u00e1y in m\u00e3 v\u1ea1ch c\u00f4ng nghi\u1ec7p Zebra ZT510 - BLI Vi\u1ec7t Nam","isPartOf":{"@id":"https:\/\/bli.com.vn\/#website"},"primaryImageOfPage":{"@id":"https:\/\/bli.com.vn\/may-in-ma-vach-cong-nghiep-zebra-zt510\/#primaryimage"},"image":{"@id":"https:\/\/bli.com.vn\/may-in-ma-vach-cong-nghiep-zebra-zt510\/#primaryimage"},"thumbnailUrl":"https:\/\/bli.com.vn\/wp-content\/uploads\/2021\/03\/may-in-ma-vach-cong-nghiep-zt510.jpg","datePublished":"2021-03-23T08:57:11+00:00","dateModified":"2023-01-12T08:39:46+00:00","description":"Zebra ZT510 c\u00f3 thi\u1ebft k\u1ebf v\u00e0 c\u1ea5u tr\u00fac b\u1ec1n b\u1ec9, \u0111\u1ed3ng th\u1eddi b\u1ed5 sung kh\u1ea3 n\u0103ng qu\u1ea3n l\u00fd v\u00e0 gi\u00e1m s\u00e1t ti\u00ean ti\u1ebfn. \u0110i\u1ec1u \u0111\u00f3 c\u00f3 ngh\u0129a l\u00e0 b\u1ea1n c\u00f3 \u0111\u01b0\u1ee3c \u0111\u1ed9 tin c\u1eady 24\/7 \u0111\u1ec3 gi\u1eef cho c\u00e1c ho\u1ea1t \u0111\u1ed9ng c\u1ee7a b\u1ea1n ho\u1ea1t \u0111\u1ed9ng tr\u01a1n tru \u1edf hi\u1ec7n t\u1ea1i, c\u1ed9ng v\u1edbi tu\u1ed5i th\u1ecd v\u00e0 ch\u1ee9c n\u0103ng ti\u00ean ti\u1ebfn \u0111\u1ec3 v\u01b0\u1ee3t qua m\u1ecdi th\u1eed th\u00e1ch trong nh\u1eefng n\u0103m t\u1edbi - \u1edf m\u1ed9t gi\u00e1 tr\u1ecb v\u01b0\u1ee3t tr\u1ed9i.","breadcrumb":{"@id":"https:\/\/bli.com.vn\/may-in-ma-vach-cong-nghiep-zebra-zt510\/#breadcrumb"},"inLanguage":"en-US","potentialAction":[{"@type":"ReadAction","target":["https:\/\/bli.com.vn\/may-in-ma-vach-cong-nghiep-zebra-zt510\/"]}]},{"@type":"ImageObject","inLanguage":"en-US","@id":"https:\/\/bli.com.vn\/may-in-ma-vach-cong-nghiep-zebra-zt510\/#primaryimage","url":"https:\/\/bli.com.vn\/wp-content\/uploads\/2021\/03\/may-in-ma-vach-cong-nghiep-zt510.jpg","contentUrl":"https:\/\/bli.com.vn\/wp-content\/uploads\/2021\/03\/may-in-ma-vach-cong-nghiep-zt510.jpg","width":600,"height":400,"caption":"M\u00e1y in m\u00e3 v\u1ea1ch c\u00f4ng nghi\u1ec7p Zebra ZT510 - bli.com.vn"},{"@type":"BreadcrumbList","@id":"https:\/\/bli.com.vn\/may-in-ma-vach-cong-nghiep-zebra-zt510\/#breadcrumb","itemListElement":[{"@type":"ListItem","position":1,"name":"Home","item":"https:\/\/bli.com.vn\/"},{"@type":"ListItem","position":2,"name":"S\u1ea3n ph\u1ea9m","item":"https:\/\/bli.com.vn\/san-pham\/"},{"@type":"ListItem","position":3,"name":"M\u00e1y in m\u00e3 v\u1ea1ch c\u00f4ng nghi\u1ec7p Zebra ZT510"}]},{"@type":"WebSite","@id":"https:\/\/bli.com.vn\/#website","url":"https:\/\/bli.com.vn\/","name":"BLI Vi\u1ec7t Nam","description":"M\u00e1y in, m\u00e1y qu\u00e9t m\u00e3 v\u1ea1ch Zebra, Honeywell, Datalogic","publisher":{"@id":"https:\/\/bli.com.vn\/#organization"},"potentialAction":[{"@type":"SearchAction","target":{"@type":"EntryPoint","urlTemplate":"https:\/\/bli.com.vn\/?s={search_term_string}"},"query-input":{"@type":"PropertyValueSpecification","valueRequired":true,"valueName":"search_term_string"}}],"inLanguage":"en-US"},{"@type":"Organization","@id":"https:\/\/bli.com.vn\/#organization","name":"BLI Vi\u1ec7t Nam","url":"https:\/\/bli.com.vn\/","logo":{"@type":"ImageObject","inLanguage":"en-US","@id":"https:\/\/bli.com.vn\/#\/schema\/logo\/image\/","url":"https:\/\/bli.com.vn\/wp-content\/uploads\/2021\/03\/site-logo.png","contentUrl":"https:\/\/bli.com.vn\/wp-content\/uploads\/2021\/03\/site-logo.png","width":"400","height":"150","caption":"BLI Vi\u1ec7t Nam"},"image":{"@id":"https:\/\/bli.com.vn\/#\/schema\/logo\/image\/"}}]}},"_links":{"self":[{"href":"https:\/\/bli.com.vn\/en\/wp-json\/wp\/v2\/product\/182","targetHints":{"allow":["GET"]}}],"collection":[{"href":"https:\/\/bli.com.vn\/en\/wp-json\/wp\/v2\/product"}],"about":[{"href":"https:\/\/bli.com.vn\/en\/wp-json\/wp\/v2\/types\/product"}],"wp:featuredmedia":[{"embeddable":true,"href":"https:\/\/bli.com.vn\/en\/wp-json\/wp\/v2\/media\/183"}],"wp:attachment":[{"href":"https:\/\/bli.com.vn\/en\/wp-json\/wp\/v2\/media?parent=182"}],"wp:term":[{"taxonomy":"product_cat","embeddable":true,"href":"https:\/\/bli.com.vn\/en\/wp-json\/wp\/v2\/product_cat?post=182"},{"taxonomy":"product_tag","embeddable":true,"href":"https:\/\/bli.com.vn\/en\/wp-json\/wp\/v2\/product_tag?post=182"}],"curies":[{"name":"wp","href":"https:\/\/api.w.org\/{rel}","templated":true}]}}