{"id":241,"date":"2021-04-02T09:32:04","date_gmt":"2021-04-02T09:32:04","guid":{"rendered":"https:\/\/bli.com.vn\/?post_type=product&#038;p=241"},"modified":"2023-01-12T08:39:24","modified_gmt":"2023-01-12T08:39:24","slug":"may-in-ma-vach-cong-nghiep-zt411-300dpi","status":"publish","type":"product","link":"https:\/\/bli.com.vn\/en\/may-in-ma-vach-cong-nghiep-zt411-300dpi\/","title":{"rendered":"Zebra Industrial Barcode Printer ZT411 \u2013 300dpi"},"content":{"rendered":"<table width=\"344\">\n<tbody>\n<tr>\n<td width=\"344\"><strong>Model: Zebra ZT411<\/strong><\/td>\n<\/tr>\n<tr>\n<td width=\"344\">Print methods:<br \/>\n- Thermal-direct<br \/>\n- Thermal-transfer<\/td>\n<\/tr>\n<tr>\n<td>Resolution: 300 dpi<\/td>\n<\/tr>\n<tr>\n<td>Maximum Print Width: 4.09 inch \u2013 104 mm<\/td>\n<\/tr>\n<tr>\n<td>Print speed: 61 \u2013 254 mm\/s<\/td>\n<\/tr>\n<tr>\n<td width=\"344\"><strong>Communication:<\/strong><br \/>\n&#8211; Standard: USB 2.0, high-speed, RS-232 Serial, 10\/100 Ethernet, Bluetooth 4.1, dual USB Host<br \/>\n&#8211; Optional: arallel (Bi-directional interface)<\/td>\n<\/tr>\n<tr>\n<td>Memory: 256 MB RAM, 512 MB Flash<\/td>\n<\/tr>\n<tr>\n<td>Display: color touch screen 4.3 inch<\/td>\n<\/tr>\n<tr>\n<td>Sensors: Transmissive and reflective sensors<\/td>\n<\/tr>\n<tr>\n<td>Print length: 73 in.\/1857 mm<\/td>\n<\/tr>\n<tr>\n<td>Label type: Continuous, die-cut, notch, black-mark<\/td>\n<\/tr>\n<tr>\n<td>Maximum label dimensions: 8.0 in.\/203 mm O.D. on a 3 in.\/76 mm I.D. core<\/td>\n<\/tr>\n<tr>\n<td>Media thickness: 0.0023 in.\/0.058 mm \u0111\u1ebfn 0.010 in.\/0.25 mm<\/td>\n<\/tr>\n<tr>\n<td>Maximum ribbon length: 450 m<\/td>\n<\/tr>\n<tr>\n<td>Ribbon width: from 2.00 in.\/51 mm to 4.33 in.\/110 mm<\/td>\n<\/tr>\n<tr>\n<td>Ribbon core: 1.0 in.\/25 mm I.D.<\/td>\n<\/tr>\n<tr>\n<td width=\"344\"><strong>Operating environment:<\/strong><br \/>\n\u2013 Thermal transfer: 40 \u2013 104\u00b0F (5 - 40\u00b0C)<br \/>\n\u2013 Thermal direct: 32 \u2013 104\u00b0F (0 \u2013 40\u00b0C)<br \/>\n- Humidity:  20 - 85% non-condensing RH<\/td>\n<\/tr>\n<tr>\n<td width=\"344\"><strong>Storage environment:<\/strong><br \/>\n\u2013 From 40 to 104\u00b0F (-40 to 60\u00b0C)<br \/>\n\u2013 Humidity: 5 to 85% non-condensing RH<\/td>\n<\/tr>\n<tr>\n<td>Physical specifications (height * width * depth): 324*269*495 mm<\/td>\n<\/tr>\n<tr>\n<td>Weight: 16.33 kg<\/td>\n<\/tr>\n<\/tbody>\n<\/table>","protected":false},"excerpt":{"rendered":"<p>The Zebra ZT411 - 300dpi industrial barcode\/encoder barcode printer offers advanced features for reliable printing and encoding, even in harsh environments. ZT411 \u2013 300dpi gives you a competitive edge with higher tracking, deeper visibility, and business insights. Add RFID capability to print and encode UHF RFID tags or thicker metal tags.<\/p>","protected":false},"featured_media":242,"template":"","meta":{"_genesis_hide_title":false,"_genesis_hide_breadcrumbs":false,"_genesis_hide_singular_image":false,"_genesis_hide_footer_widgets":false,"_genesis_custom_body_class":"","_genesis_custom_post_class":"","_genesis_layout":""},"product_cat":[17],"product_tag":[],"class_list":{"0":"post-241","1":"product","2":"type-product","3":"status-publish","4":"has-post-thumbnail","6":"product_cat-may-in-ma-vach","7":"entry","9":"first","10":"instock","11":"featured","12":"shipping-taxable","13":"product-type-simple"},"yoast_head":"<!-- This site is optimized with the Yoast SEO plugin v27.3 - https:\/\/yoast.com\/product\/yoast-seo-wordpress\/ -->\n<title>M\u00e1y in m\u00e3 v\u1ea1ch c\u00f4ng nghi\u1ec7p Zebra ZT411 - 300dpi - BLI Vi\u1ec7t Nam<\/title>\n<meta name=\"description\" content=\"M\u00e1y in m\u00e3 v\u1ea1ch c\u00f4ng nghi\u1ec7p \/ m\u00e3 h\u00f3a RFID Zebra ZT411 - 300dpi cung c\u1ea5p c\u00e1c t\u00ednh n\u0103ng n\u00e2ng cao \u0111\u1ec3 in v\u00e0 m\u00e3 h\u00f3a \u0111\u00e1ng tin c\u1eady, ngay c\u1ea3 trong m\u00f4i tr\u01b0\u1eddng kh\u1eafc nghi\u1ec7t. ZT411 - 300dpi gi\u00fap t\u0103ng l\u1ee3i th\u1ebf c\u1ea1nh tranh v\u1edbi kh\u1ea3 n\u0103ng theo d\u00f5i cao h\u01a1n, kh\u1ea3 n\u0103ng hi\u1ec3n th\u1ecb s\u00e2u h\u01a1n v\u00e0 th\u00f4ng tin chi ti\u1ebft v\u1ec1 doanh nghi\u1ec7p.\" \/>\n<meta name=\"robots\" content=\"index, follow, max-snippet:-1, max-image-preview:large, max-video-preview:-1\" \/>\n<link rel=\"canonical\" href=\"https:\/\/bli.com.vn\/en\/may-in-ma-vach-cong-nghiep-zt411-300dpi\/\" \/>\n<meta property=\"og:locale\" content=\"en_US\" \/>\n<meta property=\"og:type\" content=\"article\" \/>\n<meta property=\"og:title\" content=\"M\u00e1y in m\u00e3 v\u1ea1ch c\u00f4ng nghi\u1ec7p Zebra ZT411 - 300dpi - BLI Vi\u1ec7t Nam\" \/>\n<meta property=\"og:description\" content=\"M\u00e1y in m\u00e3 v\u1ea1ch c\u00f4ng nghi\u1ec7p \/ m\u00e3 h\u00f3a RFID Zebra ZT411 - 300dpi cung c\u1ea5p c\u00e1c t\u00ednh n\u0103ng n\u00e2ng cao \u0111\u1ec3 in v\u00e0 m\u00e3 h\u00f3a \u0111\u00e1ng tin c\u1eady, ngay c\u1ea3 trong m\u00f4i tr\u01b0\u1eddng kh\u1eafc nghi\u1ec7t. ZT411 - 300dpi gi\u00fap t\u0103ng l\u1ee3i th\u1ebf c\u1ea1nh tranh v\u1edbi kh\u1ea3 n\u0103ng theo d\u00f5i cao h\u01a1n, kh\u1ea3 n\u0103ng hi\u1ec3n th\u1ecb s\u00e2u h\u01a1n v\u00e0 th\u00f4ng tin chi ti\u1ebft v\u1ec1 doanh nghi\u1ec7p.\" \/>\n<meta property=\"og:url\" content=\"https:\/\/bli.com.vn\/en\/may-in-ma-vach-cong-nghiep-zt411-300dpi\/\" \/>\n<meta property=\"og:site_name\" content=\"BLI Vi\u1ec7t Nam\" \/>\n<meta property=\"article:modified_time\" content=\"2023-01-12T08:39:24+00:00\" \/>\n<meta property=\"og:image\" content=\"https:\/\/bli.com.vn\/wp-content\/uploads\/2021\/04\/may-in-ma-vach-Zebra-ZT411-300dpi.jpg\" \/>\n\t<meta property=\"og:image:width\" content=\"600\" \/>\n\t<meta property=\"og:image:height\" content=\"400\" \/>\n\t<meta property=\"og:image:type\" content=\"image\/jpeg\" \/>\n<meta name=\"twitter:card\" content=\"summary_large_image\" \/>\n<meta name=\"twitter:image\" content=\"https:\/\/bli.com.vn\/wp-content\/uploads\/2021\/04\/may-in-ma-vach-Zebra-ZT411-300dpi.jpg\" \/>\n<meta name=\"twitter:label1\" content=\"Est. reading time\" \/>\n\t<meta name=\"twitter:data1\" content=\"1 minute\" \/>\n<script type=\"application\/ld+json\" class=\"yoast-schema-graph\">{\"@context\":\"https:\\\/\\\/schema.org\",\"@graph\":[{\"@type\":\"WebPage\",\"@id\":\"https:\\\/\\\/bli.com.vn\\\/may-in-ma-vach-cong-nghiep-zt411-300dpi\\\/\",\"url\":\"https:\\\/\\\/bli.com.vn\\\/may-in-ma-vach-cong-nghiep-zt411-300dpi\\\/\",\"name\":\"M\u00e1y in m\u00e3 v\u1ea1ch c\u00f4ng nghi\u1ec7p Zebra ZT411 - 300dpi - BLI Vi\u1ec7t Nam\",\"isPartOf\":{\"@id\":\"https:\\\/\\\/bli.com.vn\\\/#website\"},\"primaryImageOfPage\":{\"@id\":\"https:\\\/\\\/bli.com.vn\\\/may-in-ma-vach-cong-nghiep-zt411-300dpi\\\/#primaryimage\"},\"image\":{\"@id\":\"https:\\\/\\\/bli.com.vn\\\/may-in-ma-vach-cong-nghiep-zt411-300dpi\\\/#primaryimage\"},\"thumbnailUrl\":\"https:\\\/\\\/bli.com.vn\\\/wp-content\\\/uploads\\\/2021\\\/04\\\/may-in-ma-vach-Zebra-ZT411-300dpi.jpg\",\"datePublished\":\"2021-04-02T09:32:04+00:00\",\"dateModified\":\"2023-01-12T08:39:24+00:00\",\"description\":\"M\u00e1y in m\u00e3 v\u1ea1ch c\u00f4ng nghi\u1ec7p \\\/ m\u00e3 h\u00f3a RFID Zebra ZT411 - 300dpi cung c\u1ea5p c\u00e1c t\u00ednh n\u0103ng n\u00e2ng cao \u0111\u1ec3 in v\u00e0 m\u00e3 h\u00f3a \u0111\u00e1ng tin c\u1eady, ngay c\u1ea3 trong m\u00f4i tr\u01b0\u1eddng kh\u1eafc nghi\u1ec7t. ZT411 - 300dpi gi\u00fap t\u0103ng l\u1ee3i th\u1ebf c\u1ea1nh tranh v\u1edbi kh\u1ea3 n\u0103ng theo d\u00f5i cao h\u01a1n, kh\u1ea3 n\u0103ng hi\u1ec3n th\u1ecb s\u00e2u h\u01a1n v\u00e0 th\u00f4ng tin chi ti\u1ebft v\u1ec1 doanh nghi\u1ec7p.\",\"breadcrumb\":{\"@id\":\"https:\\\/\\\/bli.com.vn\\\/may-in-ma-vach-cong-nghiep-zt411-300dpi\\\/#breadcrumb\"},\"inLanguage\":\"en-US\",\"potentialAction\":[{\"@type\":\"ReadAction\",\"target\":[\"https:\\\/\\\/bli.com.vn\\\/may-in-ma-vach-cong-nghiep-zt411-300dpi\\\/\"]}]},{\"@type\":\"ImageObject\",\"inLanguage\":\"en-US\",\"@id\":\"https:\\\/\\\/bli.com.vn\\\/may-in-ma-vach-cong-nghiep-zt411-300dpi\\\/#primaryimage\",\"url\":\"https:\\\/\\\/bli.com.vn\\\/wp-content\\\/uploads\\\/2021\\\/04\\\/may-in-ma-vach-Zebra-ZT411-300dpi.jpg\",\"contentUrl\":\"https:\\\/\\\/bli.com.vn\\\/wp-content\\\/uploads\\\/2021\\\/04\\\/may-in-ma-vach-Zebra-ZT411-300dpi.jpg\",\"width\":600,\"height\":400,\"caption\":\"M\u00e1y in m\u00e3 v\u1ea1ch c\u00f4ng nghi\u1ec7p Zebra ZT411 - 300dpi\"},{\"@type\":\"BreadcrumbList\",\"@id\":\"https:\\\/\\\/bli.com.vn\\\/may-in-ma-vach-cong-nghiep-zt411-300dpi\\\/#breadcrumb\",\"itemListElement\":[{\"@type\":\"ListItem\",\"position\":1,\"name\":\"Home\",\"item\":\"https:\\\/\\\/bli.com.vn\\\/\"},{\"@type\":\"ListItem\",\"position\":2,\"name\":\"S\u1ea3n ph\u1ea9m\",\"item\":\"https:\\\/\\\/bli.com.vn\\\/san-pham\\\/\"},{\"@type\":\"ListItem\",\"position\":3,\"name\":\"M\u00e1y in m\u00e3 v\u1ea1ch c\u00f4ng nghi\u1ec7p Zebra ZT411 &#8211; 300dpi\"}]},{\"@type\":\"WebSite\",\"@id\":\"https:\\\/\\\/bli.com.vn\\\/#website\",\"url\":\"https:\\\/\\\/bli.com.vn\\\/\",\"name\":\"BLI Vi\u1ec7t Nam\",\"description\":\"M\u00e1y in, m\u00e1y qu\u00e9t m\u00e3 v\u1ea1ch Zebra, Honeywell, Datalogic\",\"publisher\":{\"@id\":\"https:\\\/\\\/bli.com.vn\\\/#organization\"},\"potentialAction\":[{\"@type\":\"SearchAction\",\"target\":{\"@type\":\"EntryPoint\",\"urlTemplate\":\"https:\\\/\\\/bli.com.vn\\\/?s={search_term_string}\"},\"query-input\":{\"@type\":\"PropertyValueSpecification\",\"valueRequired\":true,\"valueName\":\"search_term_string\"}}],\"inLanguage\":\"en-US\"},{\"@type\":\"Organization\",\"@id\":\"https:\\\/\\\/bli.com.vn\\\/#organization\",\"name\":\"BLI Vi\u1ec7t Nam\",\"url\":\"https:\\\/\\\/bli.com.vn\\\/\",\"logo\":{\"@type\":\"ImageObject\",\"inLanguage\":\"en-US\",\"@id\":\"https:\\\/\\\/bli.com.vn\\\/#\\\/schema\\\/logo\\\/image\\\/\",\"url\":\"https:\\\/\\\/bli.com.vn\\\/wp-content\\\/uploads\\\/2021\\\/03\\\/site-logo.png\",\"contentUrl\":\"https:\\\/\\\/bli.com.vn\\\/wp-content\\\/uploads\\\/2021\\\/03\\\/site-logo.png\",\"width\":\"400\",\"height\":\"150\",\"caption\":\"BLI Vi\u1ec7t Nam\"},\"image\":{\"@id\":\"https:\\\/\\\/bli.com.vn\\\/#\\\/schema\\\/logo\\\/image\\\/\"}}]}<\/script>\n<!-- \/ Yoast SEO plugin. -->","yoast_head_json":{"title":"M\u00e1y in m\u00e3 v\u1ea1ch c\u00f4ng nghi\u1ec7p Zebra ZT411 - 300dpi - BLI Vi\u1ec7t Nam","description":"M\u00e1y in m\u00e3 v\u1ea1ch c\u00f4ng nghi\u1ec7p \/ m\u00e3 h\u00f3a RFID Zebra ZT411 - 300dpi cung c\u1ea5p c\u00e1c t\u00ednh n\u0103ng n\u00e2ng cao \u0111\u1ec3 in v\u00e0 m\u00e3 h\u00f3a \u0111\u00e1ng tin c\u1eady, ngay c\u1ea3 trong m\u00f4i tr\u01b0\u1eddng kh\u1eafc nghi\u1ec7t. ZT411 - 300dpi gi\u00fap t\u0103ng l\u1ee3i th\u1ebf c\u1ea1nh tranh v\u1edbi kh\u1ea3 n\u0103ng theo d\u00f5i cao h\u01a1n, kh\u1ea3 n\u0103ng hi\u1ec3n th\u1ecb s\u00e2u h\u01a1n v\u00e0 th\u00f4ng tin chi ti\u1ebft v\u1ec1 doanh nghi\u1ec7p.","robots":{"index":"index","follow":"follow","max-snippet":"max-snippet:-1","max-image-preview":"max-image-preview:large","max-video-preview":"max-video-preview:-1"},"canonical":"https:\/\/bli.com.vn\/en\/may-in-ma-vach-cong-nghiep-zt411-300dpi\/","og_locale":"en_US","og_type":"article","og_title":"M\u00e1y in m\u00e3 v\u1ea1ch c\u00f4ng nghi\u1ec7p Zebra ZT411 - 300dpi - BLI Vi\u1ec7t Nam","og_description":"M\u00e1y in m\u00e3 v\u1ea1ch c\u00f4ng nghi\u1ec7p \/ m\u00e3 h\u00f3a RFID Zebra ZT411 - 300dpi cung c\u1ea5p c\u00e1c t\u00ednh n\u0103ng n\u00e2ng cao \u0111\u1ec3 in v\u00e0 m\u00e3 h\u00f3a \u0111\u00e1ng tin c\u1eady, ngay c\u1ea3 trong m\u00f4i tr\u01b0\u1eddng kh\u1eafc nghi\u1ec7t. ZT411 - 300dpi gi\u00fap t\u0103ng l\u1ee3i th\u1ebf c\u1ea1nh tranh v\u1edbi kh\u1ea3 n\u0103ng theo d\u00f5i cao h\u01a1n, kh\u1ea3 n\u0103ng hi\u1ec3n th\u1ecb s\u00e2u h\u01a1n v\u00e0 th\u00f4ng tin chi ti\u1ebft v\u1ec1 doanh nghi\u1ec7p.","og_url":"https:\/\/bli.com.vn\/en\/may-in-ma-vach-cong-nghiep-zt411-300dpi\/","og_site_name":"BLI Vi\u1ec7t Nam","article_modified_time":"2023-01-12T08:39:24+00:00","og_image":[{"width":600,"height":400,"url":"https:\/\/bli.com.vn\/wp-content\/uploads\/2021\/04\/may-in-ma-vach-Zebra-ZT411-300dpi.jpg","type":"image\/jpeg"}],"twitter_card":"summary_large_image","twitter_image":"https:\/\/bli.com.vn\/wp-content\/uploads\/2021\/04\/may-in-ma-vach-Zebra-ZT411-300dpi.jpg","twitter_misc":{"Est. reading time":"1 minute"},"schema":{"@context":"https:\/\/schema.org","@graph":[{"@type":"WebPage","@id":"https:\/\/bli.com.vn\/may-in-ma-vach-cong-nghiep-zt411-300dpi\/","url":"https:\/\/bli.com.vn\/may-in-ma-vach-cong-nghiep-zt411-300dpi\/","name":"M\u00e1y in m\u00e3 v\u1ea1ch c\u00f4ng nghi\u1ec7p Zebra ZT411 - 300dpi - BLI Vi\u1ec7t Nam","isPartOf":{"@id":"https:\/\/bli.com.vn\/#website"},"primaryImageOfPage":{"@id":"https:\/\/bli.com.vn\/may-in-ma-vach-cong-nghiep-zt411-300dpi\/#primaryimage"},"image":{"@id":"https:\/\/bli.com.vn\/may-in-ma-vach-cong-nghiep-zt411-300dpi\/#primaryimage"},"thumbnailUrl":"https:\/\/bli.com.vn\/wp-content\/uploads\/2021\/04\/may-in-ma-vach-Zebra-ZT411-300dpi.jpg","datePublished":"2021-04-02T09:32:04+00:00","dateModified":"2023-01-12T08:39:24+00:00","description":"M\u00e1y in m\u00e3 v\u1ea1ch c\u00f4ng nghi\u1ec7p \/ m\u00e3 h\u00f3a RFID Zebra ZT411 - 300dpi cung c\u1ea5p c\u00e1c t\u00ednh n\u0103ng n\u00e2ng cao \u0111\u1ec3 in v\u00e0 m\u00e3 h\u00f3a \u0111\u00e1ng tin c\u1eady, ngay c\u1ea3 trong m\u00f4i tr\u01b0\u1eddng kh\u1eafc nghi\u1ec7t. ZT411 - 300dpi gi\u00fap t\u0103ng l\u1ee3i th\u1ebf c\u1ea1nh tranh v\u1edbi kh\u1ea3 n\u0103ng theo d\u00f5i cao h\u01a1n, kh\u1ea3 n\u0103ng hi\u1ec3n th\u1ecb s\u00e2u h\u01a1n v\u00e0 th\u00f4ng tin chi ti\u1ebft v\u1ec1 doanh nghi\u1ec7p.","breadcrumb":{"@id":"https:\/\/bli.com.vn\/may-in-ma-vach-cong-nghiep-zt411-300dpi\/#breadcrumb"},"inLanguage":"en-US","potentialAction":[{"@type":"ReadAction","target":["https:\/\/bli.com.vn\/may-in-ma-vach-cong-nghiep-zt411-300dpi\/"]}]},{"@type":"ImageObject","inLanguage":"en-US","@id":"https:\/\/bli.com.vn\/may-in-ma-vach-cong-nghiep-zt411-300dpi\/#primaryimage","url":"https:\/\/bli.com.vn\/wp-content\/uploads\/2021\/04\/may-in-ma-vach-Zebra-ZT411-300dpi.jpg","contentUrl":"https:\/\/bli.com.vn\/wp-content\/uploads\/2021\/04\/may-in-ma-vach-Zebra-ZT411-300dpi.jpg","width":600,"height":400,"caption":"M\u00e1y in m\u00e3 v\u1ea1ch c\u00f4ng nghi\u1ec7p Zebra ZT411 - 300dpi"},{"@type":"BreadcrumbList","@id":"https:\/\/bli.com.vn\/may-in-ma-vach-cong-nghiep-zt411-300dpi\/#breadcrumb","itemListElement":[{"@type":"ListItem","position":1,"name":"Home","item":"https:\/\/bli.com.vn\/"},{"@type":"ListItem","position":2,"name":"S\u1ea3n ph\u1ea9m","item":"https:\/\/bli.com.vn\/san-pham\/"},{"@type":"ListItem","position":3,"name":"M\u00e1y in m\u00e3 v\u1ea1ch c\u00f4ng nghi\u1ec7p Zebra ZT411 &#8211; 300dpi"}]},{"@type":"WebSite","@id":"https:\/\/bli.com.vn\/#website","url":"https:\/\/bli.com.vn\/","name":"BLI Vi\u1ec7t Nam","description":"M\u00e1y in, m\u00e1y qu\u00e9t m\u00e3 v\u1ea1ch Zebra, Honeywell, Datalogic","publisher":{"@id":"https:\/\/bli.com.vn\/#organization"},"potentialAction":[{"@type":"SearchAction","target":{"@type":"EntryPoint","urlTemplate":"https:\/\/bli.com.vn\/?s={search_term_string}"},"query-input":{"@type":"PropertyValueSpecification","valueRequired":true,"valueName":"search_term_string"}}],"inLanguage":"en-US"},{"@type":"Organization","@id":"https:\/\/bli.com.vn\/#organization","name":"BLI Vi\u1ec7t Nam","url":"https:\/\/bli.com.vn\/","logo":{"@type":"ImageObject","inLanguage":"en-US","@id":"https:\/\/bli.com.vn\/#\/schema\/logo\/image\/","url":"https:\/\/bli.com.vn\/wp-content\/uploads\/2021\/03\/site-logo.png","contentUrl":"https:\/\/bli.com.vn\/wp-content\/uploads\/2021\/03\/site-logo.png","width":"400","height":"150","caption":"BLI Vi\u1ec7t Nam"},"image":{"@id":"https:\/\/bli.com.vn\/#\/schema\/logo\/image\/"}}]}},"_links":{"self":[{"href":"https:\/\/bli.com.vn\/en\/wp-json\/wp\/v2\/product\/241","targetHints":{"allow":["GET"]}}],"collection":[{"href":"https:\/\/bli.com.vn\/en\/wp-json\/wp\/v2\/product"}],"about":[{"href":"https:\/\/bli.com.vn\/en\/wp-json\/wp\/v2\/types\/product"}],"wp:featuredmedia":[{"embeddable":true,"href":"https:\/\/bli.com.vn\/en\/wp-json\/wp\/v2\/media\/242"}],"wp:attachment":[{"href":"https:\/\/bli.com.vn\/en\/wp-json\/wp\/v2\/media?parent=241"}],"wp:term":[{"taxonomy":"product_cat","embeddable":true,"href":"https:\/\/bli.com.vn\/en\/wp-json\/wp\/v2\/product_cat?post=241"},{"taxonomy":"product_tag","embeddable":true,"href":"https:\/\/bli.com.vn\/en\/wp-json\/wp\/v2\/product_tag?post=241"}],"curies":[{"name":"wp","href":"https:\/\/api.w.org\/{rel}","templated":true}]}}