{"id":243,"date":"2021-04-02T10:24:22","date_gmt":"2021-04-02T10:24:22","guid":{"rendered":"https:\/\/bli.com.vn\/?post_type=product&#038;p=243"},"modified":"2023-01-12T08:39:18","modified_gmt":"2023-01-12T08:39:18","slug":"may-in-ma-vach-cong-nghiep-zebra-zt420-300dpi-rewind","status":"publish","type":"product","link":"https:\/\/bli.com.vn\/en\/may-in-ma-vach-cong-nghiep-zebra-zt420-300dpi-rewind\/","title":{"rendered":"Zebra Industrial Barcode Printer ZT420 \u2013 300dpi Rewind"},"content":{"rendered":"<table width=\"344\">\n<tbody>\n<tr>\n<td width=\"344\"><strong>Model: Zebra ZT420 &#8211; 300dpi Rewind<\/strong><\/td>\n<\/tr>\n<tr>\n<td width=\"344\"><strong>Print methods:<\/strong><br \/>\n- Thermal-direct<br \/>\n- Thermal-transfer<\/td>\n<\/tr>\n<tr>\n<td>Resolution: 300 dpi<\/td>\n<\/tr>\n<tr>\n<td>Maximum print speed: 305 mm\/s<\/td>\n<\/tr>\n<tr>\n<td width=\"344\">Communication: USB 2.0 high-speed, RS-232 Serial, 10\/100 Ethernet, Bluetooth 4.1, dual USB Host<\/td>\n<\/tr>\n<tr>\n<td>Memory: 256 MB RAM, 512 MB Flash<\/td>\n<\/tr>\n<tr>\n<td>Color screen: LCD 240\u00d7128 pixel<\/td>\n<\/tr>\n<tr>\n<td>Integrated Rewind feature<\/td>\n<\/tr>\n<tr>\n<td>Maximum ribbon length: 450 m<\/td>\n<\/tr>\n<tr>\n<td>Ribbon width: from 2.00 in.\/51 mm to 6.85 in.\/174 mm<\/td>\n<\/tr>\n<tr>\n<td width=\"344\"><strong>Operating environment:<\/strong><br \/>\n\u2013 Thermal transfer: 40 - 104\u00b0F (5 - 40\u00b0C)<br \/>\n\u2013 Thermal direct: 32 - 104\u00b0F (0 - 40\u00b0C)<br \/>\n- Humidity:  20 - 85% non-condensing RH<\/td>\n<\/tr>\n<tr>\n<td width=\"344\"><strong>Storage environment:<\/strong><br \/>\n\u2013 from 40 to 104\u00b0F (-40 to 60\u00b0C)<br \/>\n\u2013 Humidity: 5 to 85% non-condensing RH<\/td>\n<\/tr>\n<tr>\n<td>Physical specifications (height * width * depth): 324*336*495 mm<\/td>\n<\/tr>\n<tr>\n<td>Weight: 18.14 kg<\/td>\n<\/tr>\n<\/tbody>\n<\/table>","protected":false},"excerpt":{"rendered":"<p>The Zebra ZT420 - 300dpi Rewind Industrial Barcode Printer offers reliable printing and encoding features, even in harsh environmental conditions. ZT420 \u2013 300dpi Rewind is suitable for use in industrial parks, factories, logistics, supermarkets, etc. to print barcode labels with large capacity, with high demands on the quality of printed stamp images. The machine can print with direct or indirect thermal transfer. LCD control screen 240\u00d7128 pixels.<\/p>","protected":false},"featured_media":244,"template":"","meta":{"_genesis_hide_title":false,"_genesis_hide_breadcrumbs":false,"_genesis_hide_singular_image":false,"_genesis_hide_footer_widgets":false,"_genesis_custom_body_class":"","_genesis_custom_post_class":"","_genesis_layout":""},"product_cat":[17],"product_tag":[],"class_list":{"0":"post-243","1":"product","2":"type-product","3":"status-publish","4":"has-post-thumbnail","6":"product_cat-may-in-ma-vach","7":"entry","9":"first","10":"instock","11":"featured","12":"shipping-taxable","13":"product-type-simple"},"yoast_head":"<!-- This site is optimized with the Yoast SEO plugin v27.3 - https:\/\/yoast.com\/product\/yoast-seo-wordpress\/ -->\n<title>M\u00e1y in m\u00e3 v\u1ea1ch c\u00f4ng nghi\u1ec7p Zebra ZT420 - 300dpi Rewind - BLI Vi\u1ec7t Nam<\/title>\n<meta name=\"description\" content=\"M\u00e1y in m\u00e3 v\u1ea1ch c\u00f4ng nghi\u1ec7p Zebra ZT420 - 300dpi Rewind cung c\u1ea5p c\u00e1c t\u00ednh n\u0103ng in v\u00e0 m\u00e3 h\u00f3a \u0111\u00e1ng tin c\u1eady, ngay c\u1ea3 trong \u0111i\u1ec1u ki\u1ec7n m\u00f4i tr\u01b0\u1eddng kh\u1eafc nghi\u1ec7t. ZT420 ph\u00f9 h\u1ee3p d\u00f9ng trong c\u00e1c nh\u00e0 m\u00e1y khu c\u00f4ng nghi\u1ec7p, c\u00e1c x\u01b0\u1edfng s\u1ea3n xu\u1ea5t, logistics, si\u00eau th\u1ecb, v.v. \u0111\u1ec3 in tem nh\u00e3n m\u00e3 v\u1ea1ch v\u1edbi c\u00f4ng su\u1ea5t l\u1edbn, v\u1edbi c\u00e1c nhu c\u1ea7u \u0111\u00f2i h\u1ecfi cao v\u1ec1 ch\u1ea5t l\u01b0\u1ee3ng h\u00ecnh \u1ea3nh tem in ra.\" \/>\n<meta name=\"robots\" content=\"index, follow, max-snippet:-1, max-image-preview:large, max-video-preview:-1\" \/>\n<link rel=\"canonical\" href=\"https:\/\/bli.com.vn\/en\/may-in-ma-vach-cong-nghiep-zebra-zt420-300dpi-rewind\/\" \/>\n<meta property=\"og:locale\" content=\"en_US\" \/>\n<meta property=\"og:type\" content=\"article\" \/>\n<meta property=\"og:title\" content=\"M\u00e1y in m\u00e3 v\u1ea1ch c\u00f4ng nghi\u1ec7p Zebra ZT420 - 300dpi Rewind - BLI Vi\u1ec7t Nam\" \/>\n<meta property=\"og:description\" content=\"M\u00e1y in m\u00e3 v\u1ea1ch c\u00f4ng nghi\u1ec7p Zebra ZT420 - 300dpi Rewind cung c\u1ea5p c\u00e1c t\u00ednh n\u0103ng in v\u00e0 m\u00e3 h\u00f3a \u0111\u00e1ng tin c\u1eady, ngay c\u1ea3 trong \u0111i\u1ec1u ki\u1ec7n m\u00f4i tr\u01b0\u1eddng kh\u1eafc nghi\u1ec7t. ZT420 ph\u00f9 h\u1ee3p d\u00f9ng trong c\u00e1c nh\u00e0 m\u00e1y khu c\u00f4ng nghi\u1ec7p, c\u00e1c x\u01b0\u1edfng s\u1ea3n xu\u1ea5t, logistics, si\u00eau th\u1ecb, v.v. \u0111\u1ec3 in tem nh\u00e3n m\u00e3 v\u1ea1ch v\u1edbi c\u00f4ng su\u1ea5t l\u1edbn, v\u1edbi c\u00e1c nhu c\u1ea7u \u0111\u00f2i h\u1ecfi cao v\u1ec1 ch\u1ea5t l\u01b0\u1ee3ng h\u00ecnh \u1ea3nh tem in ra.\" \/>\n<meta property=\"og:url\" content=\"https:\/\/bli.com.vn\/en\/may-in-ma-vach-cong-nghiep-zebra-zt420-300dpi-rewind\/\" \/>\n<meta property=\"og:site_name\" content=\"BLI Vi\u1ec7t Nam\" \/>\n<meta property=\"article:modified_time\" content=\"2023-01-12T08:39:18+00:00\" \/>\n<meta property=\"og:image\" content=\"https:\/\/bli.com.vn\/wp-content\/uploads\/2021\/04\/may-in-ma-vach-cong-nghiep-Zebra-ZT420-300dpi-rewind.jpg\" \/>\n\t<meta property=\"og:image:width\" content=\"600\" \/>\n\t<meta property=\"og:image:height\" content=\"400\" \/>\n\t<meta property=\"og:image:type\" content=\"image\/jpeg\" \/>\n<meta name=\"twitter:card\" content=\"summary_large_image\" \/>\n<meta name=\"twitter:image\" content=\"https:\/\/bli.com.vn\/wp-content\/uploads\/2021\/04\/may-in-ma-vach-cong-nghiep-Zebra-ZT420-300dpi-rewind.jpg\" \/>\n<meta name=\"twitter:label1\" content=\"Est. reading time\" \/>\n\t<meta name=\"twitter:data1\" content=\"1 minute\" \/>\n<script type=\"application\/ld+json\" class=\"yoast-schema-graph\">{\"@context\":\"https:\\\/\\\/schema.org\",\"@graph\":[{\"@type\":\"WebPage\",\"@id\":\"https:\\\/\\\/bli.com.vn\\\/may-in-ma-vach-cong-nghiep-zebra-zt420-300dpi-rewind\\\/\",\"url\":\"https:\\\/\\\/bli.com.vn\\\/may-in-ma-vach-cong-nghiep-zebra-zt420-300dpi-rewind\\\/\",\"name\":\"M\u00e1y in m\u00e3 v\u1ea1ch c\u00f4ng nghi\u1ec7p Zebra ZT420 - 300dpi Rewind - BLI Vi\u1ec7t Nam\",\"isPartOf\":{\"@id\":\"https:\\\/\\\/bli.com.vn\\\/#website\"},\"primaryImageOfPage\":{\"@id\":\"https:\\\/\\\/bli.com.vn\\\/may-in-ma-vach-cong-nghiep-zebra-zt420-300dpi-rewind\\\/#primaryimage\"},\"image\":{\"@id\":\"https:\\\/\\\/bli.com.vn\\\/may-in-ma-vach-cong-nghiep-zebra-zt420-300dpi-rewind\\\/#primaryimage\"},\"thumbnailUrl\":\"https:\\\/\\\/bli.com.vn\\\/wp-content\\\/uploads\\\/2021\\\/04\\\/may-in-ma-vach-cong-nghiep-Zebra-ZT420-300dpi-rewind.jpg\",\"datePublished\":\"2021-04-02T10:24:22+00:00\",\"dateModified\":\"2023-01-12T08:39:18+00:00\",\"description\":\"M\u00e1y in m\u00e3 v\u1ea1ch c\u00f4ng nghi\u1ec7p Zebra ZT420 - 300dpi Rewind cung c\u1ea5p c\u00e1c t\u00ednh n\u0103ng in v\u00e0 m\u00e3 h\u00f3a \u0111\u00e1ng tin c\u1eady, ngay c\u1ea3 trong \u0111i\u1ec1u ki\u1ec7n m\u00f4i tr\u01b0\u1eddng kh\u1eafc nghi\u1ec7t. ZT420 ph\u00f9 h\u1ee3p d\u00f9ng trong c\u00e1c nh\u00e0 m\u00e1y khu c\u00f4ng nghi\u1ec7p, c\u00e1c x\u01b0\u1edfng s\u1ea3n xu\u1ea5t, logistics, si\u00eau th\u1ecb, v.v. \u0111\u1ec3 in tem nh\u00e3n m\u00e3 v\u1ea1ch v\u1edbi c\u00f4ng su\u1ea5t l\u1edbn, v\u1edbi c\u00e1c nhu c\u1ea7u \u0111\u00f2i h\u1ecfi cao v\u1ec1 ch\u1ea5t l\u01b0\u1ee3ng h\u00ecnh \u1ea3nh tem in ra.\",\"breadcrumb\":{\"@id\":\"https:\\\/\\\/bli.com.vn\\\/may-in-ma-vach-cong-nghiep-zebra-zt420-300dpi-rewind\\\/#breadcrumb\"},\"inLanguage\":\"en-US\",\"potentialAction\":[{\"@type\":\"ReadAction\",\"target\":[\"https:\\\/\\\/bli.com.vn\\\/may-in-ma-vach-cong-nghiep-zebra-zt420-300dpi-rewind\\\/\"]}]},{\"@type\":\"ImageObject\",\"inLanguage\":\"en-US\",\"@id\":\"https:\\\/\\\/bli.com.vn\\\/may-in-ma-vach-cong-nghiep-zebra-zt420-300dpi-rewind\\\/#primaryimage\",\"url\":\"https:\\\/\\\/bli.com.vn\\\/wp-content\\\/uploads\\\/2021\\\/04\\\/may-in-ma-vach-cong-nghiep-Zebra-ZT420-300dpi-rewind.jpg\",\"contentUrl\":\"https:\\\/\\\/bli.com.vn\\\/wp-content\\\/uploads\\\/2021\\\/04\\\/may-in-ma-vach-cong-nghiep-Zebra-ZT420-300dpi-rewind.jpg\",\"width\":600,\"height\":400,\"caption\":\"M\u00e1y in m\u00e3 v\u1ea1ch c\u00f4ng nghi\u1ec7p Zebra ZT420 300dpi rewind\"},{\"@type\":\"BreadcrumbList\",\"@id\":\"https:\\\/\\\/bli.com.vn\\\/may-in-ma-vach-cong-nghiep-zebra-zt420-300dpi-rewind\\\/#breadcrumb\",\"itemListElement\":[{\"@type\":\"ListItem\",\"position\":1,\"name\":\"Home\",\"item\":\"https:\\\/\\\/bli.com.vn\\\/\"},{\"@type\":\"ListItem\",\"position\":2,\"name\":\"S\u1ea3n ph\u1ea9m\",\"item\":\"https:\\\/\\\/bli.com.vn\\\/san-pham\\\/\"},{\"@type\":\"ListItem\",\"position\":3,\"name\":\"M\u00e1y in m\u00e3 v\u1ea1ch c\u00f4ng nghi\u1ec7p Zebra ZT420 &#8211; 300dpi Rewind\"}]},{\"@type\":\"WebSite\",\"@id\":\"https:\\\/\\\/bli.com.vn\\\/#website\",\"url\":\"https:\\\/\\\/bli.com.vn\\\/\",\"name\":\"BLI Vi\u1ec7t Nam\",\"description\":\"M\u00e1y in, m\u00e1y qu\u00e9t m\u00e3 v\u1ea1ch Zebra, Honeywell, Datalogic\",\"publisher\":{\"@id\":\"https:\\\/\\\/bli.com.vn\\\/#organization\"},\"potentialAction\":[{\"@type\":\"SearchAction\",\"target\":{\"@type\":\"EntryPoint\",\"urlTemplate\":\"https:\\\/\\\/bli.com.vn\\\/?s={search_term_string}\"},\"query-input\":{\"@type\":\"PropertyValueSpecification\",\"valueRequired\":true,\"valueName\":\"search_term_string\"}}],\"inLanguage\":\"en-US\"},{\"@type\":\"Organization\",\"@id\":\"https:\\\/\\\/bli.com.vn\\\/#organization\",\"name\":\"BLI Vi\u1ec7t Nam\",\"url\":\"https:\\\/\\\/bli.com.vn\\\/\",\"logo\":{\"@type\":\"ImageObject\",\"inLanguage\":\"en-US\",\"@id\":\"https:\\\/\\\/bli.com.vn\\\/#\\\/schema\\\/logo\\\/image\\\/\",\"url\":\"https:\\\/\\\/bli.com.vn\\\/wp-content\\\/uploads\\\/2021\\\/03\\\/site-logo.png\",\"contentUrl\":\"https:\\\/\\\/bli.com.vn\\\/wp-content\\\/uploads\\\/2021\\\/03\\\/site-logo.png\",\"width\":\"400\",\"height\":\"150\",\"caption\":\"BLI Vi\u1ec7t Nam\"},\"image\":{\"@id\":\"https:\\\/\\\/bli.com.vn\\\/#\\\/schema\\\/logo\\\/image\\\/\"}}]}<\/script>\n<!-- \/ Yoast SEO plugin. -->","yoast_head_json":{"title":"M\u00e1y in m\u00e3 v\u1ea1ch c\u00f4ng nghi\u1ec7p Zebra ZT420 - 300dpi Rewind - BLI Vi\u1ec7t Nam","description":"M\u00e1y in m\u00e3 v\u1ea1ch c\u00f4ng nghi\u1ec7p Zebra ZT420 - 300dpi Rewind cung c\u1ea5p c\u00e1c t\u00ednh n\u0103ng in v\u00e0 m\u00e3 h\u00f3a \u0111\u00e1ng tin c\u1eady, ngay c\u1ea3 trong \u0111i\u1ec1u ki\u1ec7n m\u00f4i tr\u01b0\u1eddng kh\u1eafc nghi\u1ec7t. ZT420 ph\u00f9 h\u1ee3p d\u00f9ng trong c\u00e1c nh\u00e0 m\u00e1y khu c\u00f4ng nghi\u1ec7p, c\u00e1c x\u01b0\u1edfng s\u1ea3n xu\u1ea5t, logistics, si\u00eau th\u1ecb, v.v. \u0111\u1ec3 in tem nh\u00e3n m\u00e3 v\u1ea1ch v\u1edbi c\u00f4ng su\u1ea5t l\u1edbn, v\u1edbi c\u00e1c nhu c\u1ea7u \u0111\u00f2i h\u1ecfi cao v\u1ec1 ch\u1ea5t l\u01b0\u1ee3ng h\u00ecnh \u1ea3nh tem in ra.","robots":{"index":"index","follow":"follow","max-snippet":"max-snippet:-1","max-image-preview":"max-image-preview:large","max-video-preview":"max-video-preview:-1"},"canonical":"https:\/\/bli.com.vn\/en\/may-in-ma-vach-cong-nghiep-zebra-zt420-300dpi-rewind\/","og_locale":"en_US","og_type":"article","og_title":"M\u00e1y in m\u00e3 v\u1ea1ch c\u00f4ng nghi\u1ec7p Zebra ZT420 - 300dpi Rewind - BLI Vi\u1ec7t Nam","og_description":"M\u00e1y in m\u00e3 v\u1ea1ch c\u00f4ng nghi\u1ec7p Zebra ZT420 - 300dpi Rewind cung c\u1ea5p c\u00e1c t\u00ednh n\u0103ng in v\u00e0 m\u00e3 h\u00f3a \u0111\u00e1ng tin c\u1eady, ngay c\u1ea3 trong \u0111i\u1ec1u ki\u1ec7n m\u00f4i tr\u01b0\u1eddng kh\u1eafc nghi\u1ec7t. ZT420 ph\u00f9 h\u1ee3p d\u00f9ng trong c\u00e1c nh\u00e0 m\u00e1y khu c\u00f4ng nghi\u1ec7p, c\u00e1c x\u01b0\u1edfng s\u1ea3n xu\u1ea5t, logistics, si\u00eau th\u1ecb, v.v. \u0111\u1ec3 in tem nh\u00e3n m\u00e3 v\u1ea1ch v\u1edbi c\u00f4ng su\u1ea5t l\u1edbn, v\u1edbi c\u00e1c nhu c\u1ea7u \u0111\u00f2i h\u1ecfi cao v\u1ec1 ch\u1ea5t l\u01b0\u1ee3ng h\u00ecnh \u1ea3nh tem in ra.","og_url":"https:\/\/bli.com.vn\/en\/may-in-ma-vach-cong-nghiep-zebra-zt420-300dpi-rewind\/","og_site_name":"BLI Vi\u1ec7t Nam","article_modified_time":"2023-01-12T08:39:18+00:00","og_image":[{"width":600,"height":400,"url":"https:\/\/bli.com.vn\/wp-content\/uploads\/2021\/04\/may-in-ma-vach-cong-nghiep-Zebra-ZT420-300dpi-rewind.jpg","type":"image\/jpeg"}],"twitter_card":"summary_large_image","twitter_image":"https:\/\/bli.com.vn\/wp-content\/uploads\/2021\/04\/may-in-ma-vach-cong-nghiep-Zebra-ZT420-300dpi-rewind.jpg","twitter_misc":{"Est. reading time":"1 minute"},"schema":{"@context":"https:\/\/schema.org","@graph":[{"@type":"WebPage","@id":"https:\/\/bli.com.vn\/may-in-ma-vach-cong-nghiep-zebra-zt420-300dpi-rewind\/","url":"https:\/\/bli.com.vn\/may-in-ma-vach-cong-nghiep-zebra-zt420-300dpi-rewind\/","name":"M\u00e1y in m\u00e3 v\u1ea1ch c\u00f4ng nghi\u1ec7p Zebra ZT420 - 300dpi Rewind - BLI Vi\u1ec7t Nam","isPartOf":{"@id":"https:\/\/bli.com.vn\/#website"},"primaryImageOfPage":{"@id":"https:\/\/bli.com.vn\/may-in-ma-vach-cong-nghiep-zebra-zt420-300dpi-rewind\/#primaryimage"},"image":{"@id":"https:\/\/bli.com.vn\/may-in-ma-vach-cong-nghiep-zebra-zt420-300dpi-rewind\/#primaryimage"},"thumbnailUrl":"https:\/\/bli.com.vn\/wp-content\/uploads\/2021\/04\/may-in-ma-vach-cong-nghiep-Zebra-ZT420-300dpi-rewind.jpg","datePublished":"2021-04-02T10:24:22+00:00","dateModified":"2023-01-12T08:39:18+00:00","description":"M\u00e1y in m\u00e3 v\u1ea1ch c\u00f4ng nghi\u1ec7p Zebra ZT420 - 300dpi Rewind cung c\u1ea5p c\u00e1c t\u00ednh n\u0103ng in v\u00e0 m\u00e3 h\u00f3a \u0111\u00e1ng tin c\u1eady, ngay c\u1ea3 trong \u0111i\u1ec1u ki\u1ec7n m\u00f4i tr\u01b0\u1eddng kh\u1eafc nghi\u1ec7t. ZT420 ph\u00f9 h\u1ee3p d\u00f9ng trong c\u00e1c nh\u00e0 m\u00e1y khu c\u00f4ng nghi\u1ec7p, c\u00e1c x\u01b0\u1edfng s\u1ea3n xu\u1ea5t, logistics, si\u00eau th\u1ecb, v.v. \u0111\u1ec3 in tem nh\u00e3n m\u00e3 v\u1ea1ch v\u1edbi c\u00f4ng su\u1ea5t l\u1edbn, v\u1edbi c\u00e1c nhu c\u1ea7u \u0111\u00f2i h\u1ecfi cao v\u1ec1 ch\u1ea5t l\u01b0\u1ee3ng h\u00ecnh \u1ea3nh tem in ra.","breadcrumb":{"@id":"https:\/\/bli.com.vn\/may-in-ma-vach-cong-nghiep-zebra-zt420-300dpi-rewind\/#breadcrumb"},"inLanguage":"en-US","potentialAction":[{"@type":"ReadAction","target":["https:\/\/bli.com.vn\/may-in-ma-vach-cong-nghiep-zebra-zt420-300dpi-rewind\/"]}]},{"@type":"ImageObject","inLanguage":"en-US","@id":"https:\/\/bli.com.vn\/may-in-ma-vach-cong-nghiep-zebra-zt420-300dpi-rewind\/#primaryimage","url":"https:\/\/bli.com.vn\/wp-content\/uploads\/2021\/04\/may-in-ma-vach-cong-nghiep-Zebra-ZT420-300dpi-rewind.jpg","contentUrl":"https:\/\/bli.com.vn\/wp-content\/uploads\/2021\/04\/may-in-ma-vach-cong-nghiep-Zebra-ZT420-300dpi-rewind.jpg","width":600,"height":400,"caption":"M\u00e1y in m\u00e3 v\u1ea1ch c\u00f4ng nghi\u1ec7p Zebra ZT420 300dpi rewind"},{"@type":"BreadcrumbList","@id":"https:\/\/bli.com.vn\/may-in-ma-vach-cong-nghiep-zebra-zt420-300dpi-rewind\/#breadcrumb","itemListElement":[{"@type":"ListItem","position":1,"name":"Home","item":"https:\/\/bli.com.vn\/"},{"@type":"ListItem","position":2,"name":"S\u1ea3n ph\u1ea9m","item":"https:\/\/bli.com.vn\/san-pham\/"},{"@type":"ListItem","position":3,"name":"M\u00e1y in m\u00e3 v\u1ea1ch c\u00f4ng nghi\u1ec7p Zebra ZT420 &#8211; 300dpi Rewind"}]},{"@type":"WebSite","@id":"https:\/\/bli.com.vn\/#website","url":"https:\/\/bli.com.vn\/","name":"BLI Vi\u1ec7t Nam","description":"M\u00e1y in, m\u00e1y qu\u00e9t m\u00e3 v\u1ea1ch Zebra, Honeywell, Datalogic","publisher":{"@id":"https:\/\/bli.com.vn\/#organization"},"potentialAction":[{"@type":"SearchAction","target":{"@type":"EntryPoint","urlTemplate":"https:\/\/bli.com.vn\/?s={search_term_string}"},"query-input":{"@type":"PropertyValueSpecification","valueRequired":true,"valueName":"search_term_string"}}],"inLanguage":"en-US"},{"@type":"Organization","@id":"https:\/\/bli.com.vn\/#organization","name":"BLI Vi\u1ec7t Nam","url":"https:\/\/bli.com.vn\/","logo":{"@type":"ImageObject","inLanguage":"en-US","@id":"https:\/\/bli.com.vn\/#\/schema\/logo\/image\/","url":"https:\/\/bli.com.vn\/wp-content\/uploads\/2021\/03\/site-logo.png","contentUrl":"https:\/\/bli.com.vn\/wp-content\/uploads\/2021\/03\/site-logo.png","width":"400","height":"150","caption":"BLI Vi\u1ec7t Nam"},"image":{"@id":"https:\/\/bli.com.vn\/#\/schema\/logo\/image\/"}}]}},"_links":{"self":[{"href":"https:\/\/bli.com.vn\/en\/wp-json\/wp\/v2\/product\/243","targetHints":{"allow":["GET"]}}],"collection":[{"href":"https:\/\/bli.com.vn\/en\/wp-json\/wp\/v2\/product"}],"about":[{"href":"https:\/\/bli.com.vn\/en\/wp-json\/wp\/v2\/types\/product"}],"wp:featuredmedia":[{"embeddable":true,"href":"https:\/\/bli.com.vn\/en\/wp-json\/wp\/v2\/media\/244"}],"wp:attachment":[{"href":"https:\/\/bli.com.vn\/en\/wp-json\/wp\/v2\/media?parent=243"}],"wp:term":[{"taxonomy":"product_cat","embeddable":true,"href":"https:\/\/bli.com.vn\/en\/wp-json\/wp\/v2\/product_cat?post=243"},{"taxonomy":"product_tag","embeddable":true,"href":"https:\/\/bli.com.vn\/en\/wp-json\/wp\/v2\/product_tag?post=243"}],"curies":[{"name":"wp","href":"https:\/\/api.w.org\/{rel}","templated":true}]}}