{"id":247,"date":"2021-04-03T03:12:49","date_gmt":"2021-04-03T03:12:49","guid":{"rendered":"https:\/\/bli.com.vn\/?post_type=product&#038;p=247"},"modified":"2021-04-28T03:57:31","modified_gmt":"2021-04-28T03:57:31","slug":"may-in-ma-vach-zebra-zd420-300dpi","status":"publish","type":"product","link":"https:\/\/bli.com.vn\/en\/may-in-ma-vach-zebra-zd420-300dpi\/","title":{"rendered":"Barcode printer Zebra ZD420 \u2013 300dpi"},"content":{"rendered":"<table width=\"258\">\n<tbody>\n<tr>\n<td width=\"258\"><strong>Model: Zebra ZD420<\/strong><\/td>\n<\/tr>\n<tr>\n<td>Print mode: thermal direct<\/td>\n<\/tr>\n<tr>\n<td>Resolution: 300 dpi<\/td>\n<\/tr>\n<tr>\n<td>Print speed: 102 mm\/s<\/td>\n<\/tr>\n<tr>\n<td>Print width: 104 mm<\/td>\n<\/tr>\n<tr>\n<td>Memory: 512MB Flah, 156MB SDRAM<\/td>\n<\/tr>\n<tr>\n<td width=\"258\"><strong>Label dimension:<\/strong><br \/>\n\u2013 Length: 991 mm (max)<br \/>\n\u2013 Width: 60 mm (max)<\/td>\n<\/tr>\n<tr>\n<td>Communication: USB (option: Ethernet, Bluetooth, Wifi)<\/td>\n<\/tr>\n<tr>\n<td width=\"258\"><strong>Environment:<\/strong><br \/>\n\u2013 Operating temperature: from 4.4\u00b0C to 41\u00b0C<br \/>\n\u2013 Storage temperature: -40\u00b0C \u0111\u1ebfn 60\u00b0C<br \/>\n\u2013 Operating humidity: from 10% to 90% non-condensing<br \/>\n\u2013 Storage humidity: from 5 to 95% non-condensing<\/td>\n<\/tr>\n<tr>\n<td width=\"258\"><strong>Media characteristics:<\/strong><br \/>\n\u2013 Dimension (length*width*height): 220mm * 115mm * 151mm<br \/>\n\u2013 Weight: 1 kg<\/td>\n<\/tr>\n<tr>\n<td width=\"258\"><strong>Coding standards:<\/strong><br \/>\n\u2013  1D standards: code 11, code 39, code 93, code 128, EAN 13, UPC and EAN 2<br \/>\n\u2013 2D standards: QR code, Maxicode, MicroPDF, Aztec, Code 49, DataMatrix<\/td>\n<\/tr>\n<\/tbody>\n<\/table>","protected":false},"excerpt":{"rendered":"<p>Zebra ZD420 - 300dpi desktop barcode printer developed on the technology foundation of the GK printer series, upgraded to a new level with a series of utility improvements for faster printing when installing ink ribbons, achieving High quality performance. The machine is compact, elegant and sturdy, with indirect thermal printhead technology, suitable for retail, logistics, and manufacturing.<\/p>","protected":false},"featured_media":248,"template":"","meta":{"_genesis_hide_title":false,"_genesis_hide_breadcrumbs":false,"_genesis_hide_singular_image":false,"_genesis_hide_footer_widgets":false,"_genesis_custom_body_class":"","_genesis_custom_post_class":"","_genesis_layout":""},"product_cat":[17],"product_tag":[],"class_list":{"0":"post-247","1":"product","2":"type-product","3":"status-publish","4":"has-post-thumbnail","6":"product_cat-may-in-ma-vach","7":"entry","9":"first","10":"instock","11":"shipping-taxable","12":"product-type-simple"},"yoast_head":"<!-- This site is optimized with the Yoast SEO plugin v27.3 - https:\/\/yoast.com\/product\/yoast-seo-wordpress\/ -->\n<title>M\u00e1y in m\u00e3 v\u1ea1ch Zebra ZD420 - 300dpi - BLI Vi\u1ec7t Nam<\/title>\n<meta name=\"description\" content=\"M\u00e1y in m\u00e3 v\u1ea1ch \u0111\u1ec3 b\u00e0n Zebra ZD420 - 300dpi \u0111\u01b0\u1ee3c thi\u1ebft k\u1ebf nh\u1ecf g\u1ecdn, thanh tho\u00e1t v\u00e0 ch\u1eafc ch\u1eafn, v\u1edbi c\u00f4ng ngh\u1ec7 \u0111\u1ea7u in nhi\u1ec7t gi\u00e1n ti\u1ebfp, th\u00edch h\u1ee3p d\u00f9ng cho l\u0129nh v\u1ef1c b\u00e1n l\u1ebb, v\u1eadn chuy\u1ec3n logistics, s\u1ea3n xu\u1ea5t.\" \/>\n<meta name=\"robots\" content=\"index, follow, max-snippet:-1, max-image-preview:large, max-video-preview:-1\" \/>\n<link rel=\"canonical\" href=\"https:\/\/bli.com.vn\/en\/may-in-ma-vach-zebra-zd420-300dpi\/\" \/>\n<meta property=\"og:locale\" content=\"en_US\" \/>\n<meta property=\"og:type\" content=\"article\" \/>\n<meta property=\"og:title\" content=\"M\u00e1y in m\u00e3 v\u1ea1ch Zebra ZD420 - 300dpi - BLI Vi\u1ec7t Nam\" \/>\n<meta property=\"og:description\" content=\"M\u00e1y in m\u00e3 v\u1ea1ch \u0111\u1ec3 b\u00e0n Zebra ZD420 - 300dpi \u0111\u01b0\u1ee3c thi\u1ebft k\u1ebf nh\u1ecf g\u1ecdn, thanh tho\u00e1t v\u00e0 ch\u1eafc ch\u1eafn, v\u1edbi c\u00f4ng ngh\u1ec7 \u0111\u1ea7u in nhi\u1ec7t gi\u00e1n ti\u1ebfp, th\u00edch h\u1ee3p d\u00f9ng cho l\u0129nh v\u1ef1c b\u00e1n l\u1ebb, v\u1eadn chuy\u1ec3n logistics, s\u1ea3n xu\u1ea5t.\" \/>\n<meta property=\"og:url\" content=\"https:\/\/bli.com.vn\/en\/may-in-ma-vach-zebra-zd420-300dpi\/\" \/>\n<meta property=\"og:site_name\" content=\"BLI Vi\u1ec7t Nam\" \/>\n<meta property=\"article:modified_time\" content=\"2021-04-28T03:57:31+00:00\" \/>\n<meta property=\"og:image\" content=\"https:\/\/bli.com.vn\/wp-content\/uploads\/2021\/04\/may-in-ma-vach-Zebra-ZD420-300dpi.jpg\" \/>\n\t<meta property=\"og:image:width\" content=\"600\" \/>\n\t<meta property=\"og:image:height\" content=\"400\" \/>\n\t<meta property=\"og:image:type\" content=\"image\/jpeg\" \/>\n<meta name=\"twitter:card\" content=\"summary_large_image\" \/>\n<meta name=\"twitter:image\" content=\"https:\/\/bli.com.vn\/wp-content\/uploads\/2021\/04\/may-in-ma-vach-Zebra-ZD420-300dpi.jpg\" \/>\n<meta name=\"twitter:label1\" content=\"Est. reading time\" \/>\n\t<meta name=\"twitter:data1\" content=\"1 minute\" \/>\n<script type=\"application\/ld+json\" class=\"yoast-schema-graph\">{\"@context\":\"https:\\\/\\\/schema.org\",\"@graph\":[{\"@type\":\"WebPage\",\"@id\":\"https:\\\/\\\/bli.com.vn\\\/en\\\/may-in-ma-vach-zebra-zd420-300dpi\\\/\",\"url\":\"https:\\\/\\\/bli.com.vn\\\/en\\\/may-in-ma-vach-zebra-zd420-300dpi\\\/\",\"name\":\"M\u00e1y in m\u00e3 v\u1ea1ch Zebra ZD420 - 300dpi - BLI Vi\u1ec7t Nam\",\"isPartOf\":{\"@id\":\"https:\\\/\\\/bli.com.vn\\\/#website\"},\"primaryImageOfPage\":{\"@id\":\"https:\\\/\\\/bli.com.vn\\\/en\\\/may-in-ma-vach-zebra-zd420-300dpi\\\/#primaryimage\"},\"image\":{\"@id\":\"https:\\\/\\\/bli.com.vn\\\/en\\\/may-in-ma-vach-zebra-zd420-300dpi\\\/#primaryimage\"},\"thumbnailUrl\":\"https:\\\/\\\/bli.com.vn\\\/wp-content\\\/uploads\\\/2021\\\/04\\\/may-in-ma-vach-Zebra-ZD420-300dpi.jpg\",\"datePublished\":\"2021-04-03T03:12:49+00:00\",\"dateModified\":\"2021-04-28T03:57:31+00:00\",\"description\":\"M\u00e1y in m\u00e3 v\u1ea1ch \u0111\u1ec3 b\u00e0n Zebra ZD420 - 300dpi \u0111\u01b0\u1ee3c thi\u1ebft k\u1ebf nh\u1ecf g\u1ecdn, thanh tho\u00e1t v\u00e0 ch\u1eafc ch\u1eafn, v\u1edbi c\u00f4ng ngh\u1ec7 \u0111\u1ea7u in nhi\u1ec7t gi\u00e1n ti\u1ebfp, th\u00edch h\u1ee3p d\u00f9ng cho l\u0129nh v\u1ef1c b\u00e1n l\u1ebb, v\u1eadn chuy\u1ec3n logistics, s\u1ea3n xu\u1ea5t.\",\"breadcrumb\":{\"@id\":\"https:\\\/\\\/bli.com.vn\\\/en\\\/may-in-ma-vach-zebra-zd420-300dpi\\\/#breadcrumb\"},\"inLanguage\":\"en-US\",\"potentialAction\":[{\"@type\":\"ReadAction\",\"target\":[\"https:\\\/\\\/bli.com.vn\\\/en\\\/may-in-ma-vach-zebra-zd420-300dpi\\\/\"]}]},{\"@type\":\"ImageObject\",\"inLanguage\":\"en-US\",\"@id\":\"https:\\\/\\\/bli.com.vn\\\/en\\\/may-in-ma-vach-zebra-zd420-300dpi\\\/#primaryimage\",\"url\":\"https:\\\/\\\/bli.com.vn\\\/wp-content\\\/uploads\\\/2021\\\/04\\\/may-in-ma-vach-Zebra-ZD420-300dpi.jpg\",\"contentUrl\":\"https:\\\/\\\/bli.com.vn\\\/wp-content\\\/uploads\\\/2021\\\/04\\\/may-in-ma-vach-Zebra-ZD420-300dpi.jpg\",\"width\":600,\"height\":400,\"caption\":\"M\u00e1y in m\u00e3 v\u1ea1ch Zebra ZD420 300dpi - bli.com.vn\"},{\"@type\":\"BreadcrumbList\",\"@id\":\"https:\\\/\\\/bli.com.vn\\\/en\\\/may-in-ma-vach-zebra-zd420-300dpi\\\/#breadcrumb\",\"itemListElement\":[{\"@type\":\"ListItem\",\"position\":1,\"name\":\"Home\",\"item\":\"https:\\\/\\\/bli.com.vn\\\/\"},{\"@type\":\"ListItem\",\"position\":2,\"name\":\"S\u1ea3n ph\u1ea9m\",\"item\":\"https:\\\/\\\/bli.com.vn\\\/san-pham\\\/\"},{\"@type\":\"ListItem\",\"position\":3,\"name\":\"M\u00e1y in m\u00e3 v\u1ea1ch Zebra ZD420 &#8211; 300dpi\"}]},{\"@type\":\"WebSite\",\"@id\":\"https:\\\/\\\/bli.com.vn\\\/#website\",\"url\":\"https:\\\/\\\/bli.com.vn\\\/\",\"name\":\"BLI Vi\u1ec7t Nam\",\"description\":\"M\u00e1y in, m\u00e1y qu\u00e9t m\u00e3 v\u1ea1ch Zebra, Honeywell, Datalogic\",\"publisher\":{\"@id\":\"https:\\\/\\\/bli.com.vn\\\/#organization\"},\"potentialAction\":[{\"@type\":\"SearchAction\",\"target\":{\"@type\":\"EntryPoint\",\"urlTemplate\":\"https:\\\/\\\/bli.com.vn\\\/?s={search_term_string}\"},\"query-input\":{\"@type\":\"PropertyValueSpecification\",\"valueRequired\":true,\"valueName\":\"search_term_string\"}}],\"inLanguage\":\"en-US\"},{\"@type\":\"Organization\",\"@id\":\"https:\\\/\\\/bli.com.vn\\\/#organization\",\"name\":\"BLI Vi\u1ec7t Nam\",\"url\":\"https:\\\/\\\/bli.com.vn\\\/\",\"logo\":{\"@type\":\"ImageObject\",\"inLanguage\":\"en-US\",\"@id\":\"https:\\\/\\\/bli.com.vn\\\/#\\\/schema\\\/logo\\\/image\\\/\",\"url\":\"https:\\\/\\\/bli.com.vn\\\/wp-content\\\/uploads\\\/2021\\\/03\\\/site-logo.png\",\"contentUrl\":\"https:\\\/\\\/bli.com.vn\\\/wp-content\\\/uploads\\\/2021\\\/03\\\/site-logo.png\",\"width\":\"400\",\"height\":\"150\",\"caption\":\"BLI Vi\u1ec7t Nam\"},\"image\":{\"@id\":\"https:\\\/\\\/bli.com.vn\\\/#\\\/schema\\\/logo\\\/image\\\/\"}}]}<\/script>\n<!-- \/ Yoast SEO plugin. -->","yoast_head_json":{"title":"M\u00e1y in m\u00e3 v\u1ea1ch Zebra ZD420 - 300dpi - BLI Vi\u1ec7t Nam","description":"M\u00e1y in m\u00e3 v\u1ea1ch \u0111\u1ec3 b\u00e0n Zebra ZD420 - 300dpi \u0111\u01b0\u1ee3c thi\u1ebft k\u1ebf nh\u1ecf g\u1ecdn, thanh tho\u00e1t v\u00e0 ch\u1eafc ch\u1eafn, v\u1edbi c\u00f4ng ngh\u1ec7 \u0111\u1ea7u in nhi\u1ec7t gi\u00e1n ti\u1ebfp, th\u00edch h\u1ee3p d\u00f9ng cho l\u0129nh v\u1ef1c b\u00e1n l\u1ebb, v\u1eadn chuy\u1ec3n logistics, s\u1ea3n xu\u1ea5t.","robots":{"index":"index","follow":"follow","max-snippet":"max-snippet:-1","max-image-preview":"max-image-preview:large","max-video-preview":"max-video-preview:-1"},"canonical":"https:\/\/bli.com.vn\/en\/may-in-ma-vach-zebra-zd420-300dpi\/","og_locale":"en_US","og_type":"article","og_title":"M\u00e1y in m\u00e3 v\u1ea1ch Zebra ZD420 - 300dpi - BLI Vi\u1ec7t Nam","og_description":"M\u00e1y in m\u00e3 v\u1ea1ch \u0111\u1ec3 b\u00e0n Zebra ZD420 - 300dpi \u0111\u01b0\u1ee3c thi\u1ebft k\u1ebf nh\u1ecf g\u1ecdn, thanh tho\u00e1t v\u00e0 ch\u1eafc ch\u1eafn, v\u1edbi c\u00f4ng ngh\u1ec7 \u0111\u1ea7u in nhi\u1ec7t gi\u00e1n ti\u1ebfp, th\u00edch h\u1ee3p d\u00f9ng cho l\u0129nh v\u1ef1c b\u00e1n l\u1ebb, v\u1eadn chuy\u1ec3n logistics, s\u1ea3n xu\u1ea5t.","og_url":"https:\/\/bli.com.vn\/en\/may-in-ma-vach-zebra-zd420-300dpi\/","og_site_name":"BLI Vi\u1ec7t Nam","article_modified_time":"2021-04-28T03:57:31+00:00","og_image":[{"width":600,"height":400,"url":"https:\/\/bli.com.vn\/wp-content\/uploads\/2021\/04\/may-in-ma-vach-Zebra-ZD420-300dpi.jpg","type":"image\/jpeg"}],"twitter_card":"summary_large_image","twitter_image":"https:\/\/bli.com.vn\/wp-content\/uploads\/2021\/04\/may-in-ma-vach-Zebra-ZD420-300dpi.jpg","twitter_misc":{"Est. reading time":"1 minute"},"schema":{"@context":"https:\/\/schema.org","@graph":[{"@type":"WebPage","@id":"https:\/\/bli.com.vn\/en\/may-in-ma-vach-zebra-zd420-300dpi\/","url":"https:\/\/bli.com.vn\/en\/may-in-ma-vach-zebra-zd420-300dpi\/","name":"M\u00e1y in m\u00e3 v\u1ea1ch Zebra ZD420 - 300dpi - BLI Vi\u1ec7t Nam","isPartOf":{"@id":"https:\/\/bli.com.vn\/#website"},"primaryImageOfPage":{"@id":"https:\/\/bli.com.vn\/en\/may-in-ma-vach-zebra-zd420-300dpi\/#primaryimage"},"image":{"@id":"https:\/\/bli.com.vn\/en\/may-in-ma-vach-zebra-zd420-300dpi\/#primaryimage"},"thumbnailUrl":"https:\/\/bli.com.vn\/wp-content\/uploads\/2021\/04\/may-in-ma-vach-Zebra-ZD420-300dpi.jpg","datePublished":"2021-04-03T03:12:49+00:00","dateModified":"2021-04-28T03:57:31+00:00","description":"M\u00e1y in m\u00e3 v\u1ea1ch \u0111\u1ec3 b\u00e0n Zebra ZD420 - 300dpi \u0111\u01b0\u1ee3c thi\u1ebft k\u1ebf nh\u1ecf g\u1ecdn, thanh tho\u00e1t v\u00e0 ch\u1eafc ch\u1eafn, v\u1edbi c\u00f4ng ngh\u1ec7 \u0111\u1ea7u in nhi\u1ec7t gi\u00e1n ti\u1ebfp, th\u00edch h\u1ee3p d\u00f9ng cho l\u0129nh v\u1ef1c b\u00e1n l\u1ebb, v\u1eadn chuy\u1ec3n logistics, s\u1ea3n xu\u1ea5t.","breadcrumb":{"@id":"https:\/\/bli.com.vn\/en\/may-in-ma-vach-zebra-zd420-300dpi\/#breadcrumb"},"inLanguage":"en-US","potentialAction":[{"@type":"ReadAction","target":["https:\/\/bli.com.vn\/en\/may-in-ma-vach-zebra-zd420-300dpi\/"]}]},{"@type":"ImageObject","inLanguage":"en-US","@id":"https:\/\/bli.com.vn\/en\/may-in-ma-vach-zebra-zd420-300dpi\/#primaryimage","url":"https:\/\/bli.com.vn\/wp-content\/uploads\/2021\/04\/may-in-ma-vach-Zebra-ZD420-300dpi.jpg","contentUrl":"https:\/\/bli.com.vn\/wp-content\/uploads\/2021\/04\/may-in-ma-vach-Zebra-ZD420-300dpi.jpg","width":600,"height":400,"caption":"M\u00e1y in m\u00e3 v\u1ea1ch Zebra ZD420 300dpi - bli.com.vn"},{"@type":"BreadcrumbList","@id":"https:\/\/bli.com.vn\/en\/may-in-ma-vach-zebra-zd420-300dpi\/#breadcrumb","itemListElement":[{"@type":"ListItem","position":1,"name":"Home","item":"https:\/\/bli.com.vn\/"},{"@type":"ListItem","position":2,"name":"S\u1ea3n ph\u1ea9m","item":"https:\/\/bli.com.vn\/san-pham\/"},{"@type":"ListItem","position":3,"name":"M\u00e1y in m\u00e3 v\u1ea1ch Zebra ZD420 &#8211; 300dpi"}]},{"@type":"WebSite","@id":"https:\/\/bli.com.vn\/#website","url":"https:\/\/bli.com.vn\/","name":"BLI Vi\u1ec7t Nam","description":"M\u00e1y in, m\u00e1y qu\u00e9t m\u00e3 v\u1ea1ch Zebra, Honeywell, Datalogic","publisher":{"@id":"https:\/\/bli.com.vn\/#organization"},"potentialAction":[{"@type":"SearchAction","target":{"@type":"EntryPoint","urlTemplate":"https:\/\/bli.com.vn\/?s={search_term_string}"},"query-input":{"@type":"PropertyValueSpecification","valueRequired":true,"valueName":"search_term_string"}}],"inLanguage":"en-US"},{"@type":"Organization","@id":"https:\/\/bli.com.vn\/#organization","name":"BLI Vi\u1ec7t Nam","url":"https:\/\/bli.com.vn\/","logo":{"@type":"ImageObject","inLanguage":"en-US","@id":"https:\/\/bli.com.vn\/#\/schema\/logo\/image\/","url":"https:\/\/bli.com.vn\/wp-content\/uploads\/2021\/03\/site-logo.png","contentUrl":"https:\/\/bli.com.vn\/wp-content\/uploads\/2021\/03\/site-logo.png","width":"400","height":"150","caption":"BLI Vi\u1ec7t Nam"},"image":{"@id":"https:\/\/bli.com.vn\/#\/schema\/logo\/image\/"}}]}},"_links":{"self":[{"href":"https:\/\/bli.com.vn\/en\/wp-json\/wp\/v2\/product\/247","targetHints":{"allow":["GET"]}}],"collection":[{"href":"https:\/\/bli.com.vn\/en\/wp-json\/wp\/v2\/product"}],"about":[{"href":"https:\/\/bli.com.vn\/en\/wp-json\/wp\/v2\/types\/product"}],"wp:featuredmedia":[{"embeddable":true,"href":"https:\/\/bli.com.vn\/en\/wp-json\/wp\/v2\/media\/248"}],"wp:attachment":[{"href":"https:\/\/bli.com.vn\/en\/wp-json\/wp\/v2\/media?parent=247"}],"wp:term":[{"taxonomy":"product_cat","embeddable":true,"href":"https:\/\/bli.com.vn\/en\/wp-json\/wp\/v2\/product_cat?post=247"},{"taxonomy":"product_tag","embeddable":true,"href":"https:\/\/bli.com.vn\/en\/wp-json\/wp\/v2\/product_tag?post=247"}],"curies":[{"name":"wp","href":"https:\/\/api.w.org\/{rel}","templated":true}]}}