{"id":287,"date":"2021-04-07T05:07:06","date_gmt":"2021-04-07T05:07:06","guid":{"rendered":"https:\/\/bli.com.vn\/?post_type=product&#038;p=287"},"modified":"2023-01-12T08:38:54","modified_gmt":"2023-01-12T08:38:54","slug":"may-quet-ma-vach-zebra-ds3608-dp","status":"publish","type":"product","link":"https:\/\/bli.com.vn\/en\/may-quet-ma-vach-zebra-ds3608-dp\/","title":{"rendered":"Zebra DS3608-DP Barcode Scanner"},"content":{"rendered":"<p>With ULTRA-Rugged design and IP67 standard, DS3608-DP is durable dustproof, waterproof, anti-damage, anti-drop, specialized for industrial production.<\/p>\n<table width=\"453\">\n<tbody>\n<tr>\n<td width=\"453\"><strong>Model: Zebra DS3608-DP<\/strong><\/td>\n<\/tr>\n<tr>\n<td>Scan technology: Linear imager<\/td>\n<\/tr>\n<tr>\n<td>Image Sensor : 1,280 x 960 pixels<\/td>\n<\/tr>\n<tr>\n<td>Scan type: 2D imager<\/td>\n<\/tr>\n<tr>\n<td>Light source: 655nm LED<\/td>\n<\/tr>\n<tr>\n<td>Barcode type: DPM &amp; all 1D, 2D standards<\/td>\n<\/tr>\n<tr>\n<td>Scan template\/Image sensor: 1,280 x 960 pixels<\/td>\n<\/tr>\n<tr>\n<td>Support scan distance up to 2.1m (from scanner to barcode)<\/td>\n<\/tr>\n<tr>\n<td>Interfaces: USB, RS232, Keyboard Wedge (PS\/2), Industrial Ethernet (Option)<\/td>\n<\/tr>\n<tr>\n<td>.<\/td>\n<\/tr>\n<tr>\n<td width=\"453\"><strong>Other features:<\/strong><br \/>\nSupports automatic scanning when the device is placed on the Stand\/Base (Auto-scan mode)<br \/>\nSupport scanning barcodes on the screen of mobile devices such as Tablet, Smartphone<\/td>\n<\/tr>\n<tr>\n<td width=\"453\"><strong>Environment:<\/strong><br \/>\nOperating temperature: -30\u00b0C to 50\u00b0C<br \/>\nHumidity: 5 \u2013 95% non-condensing<br \/>\nDurability: Allowed to fall  from a height of 2.4m<\/td>\n<\/tr>\n<tr>\n<td width=\"453\"><strong>Harsh environmental standards:<\/strong><br \/>\nScanner: IP65 &amp; IP67<br \/>\nCradle: IP65<\/td>\n<\/tr>\n<tr>\n<td>Dimension: 18.5 cm H x 7.6 cm W x 13.2 cm D<\/td>\n<\/tr>\n<\/tbody>\n<\/table>","protected":false},"excerpt":{"rendered":"<p>The Zebra DS3608-DP barcode scanner, reading DIRECT PART MARKS (DPM) codes, is mainly used in the aviation and automotive industries, reading barcodes engraved on metal, needing to identify and trace the source. the end-to-end origin of a machine-made product. The DS3608-DP can read 1D\/2D barcodes on tablet screens or on decal stickers, providing high performance and meeting the needs of barcode scanning on production line and supervisory control systems. close to product quality.<\/p>","protected":false},"featured_media":288,"template":"","meta":{"_genesis_hide_title":false,"_genesis_hide_breadcrumbs":false,"_genesis_hide_singular_image":false,"_genesis_hide_footer_widgets":false,"_genesis_custom_body_class":"","_genesis_custom_post_class":"","_genesis_layout":""},"product_cat":[18],"product_tag":[],"class_list":{"0":"post-287","1":"product","2":"type-product","3":"status-publish","4":"has-post-thumbnail","6":"product_cat-may-quet-ma-vach","7":"entry","9":"first","10":"instock","11":"featured","12":"shipping-taxable","13":"product-type-simple"},"yoast_head":"<!-- This site is optimized with the Yoast SEO plugin v27.3 - https:\/\/yoast.com\/product\/yoast-seo-wordpress\/ -->\n<title>M\u00e1y qu\u00e9t m\u00e3 v\u1ea1ch Zebra DS3608-DP - BLI Vi\u1ec7t Nam<\/title>\n<meta name=\"description\" content=\"DS3608-DP c\u00f3 th\u1ec3 \u0111\u1ecdc c\u00e1c m\u00e3 v\u1ea1ch 1D\/2D tr\u00ean m\u00e0n h\u00ecnh m\u00e1y t\u00ednh b\u1ea3ng hay tr\u00ean c\u00e1c nh\u00e3n d\u00e1n decal, cho hi\u1ec7u su\u1ea5t cao v\u00e0 \u0111\u00e1p \u1ee9ng nhu c\u1ea7u cho vi\u1ec7c qu\u00e9t m\u00e3 v\u1ea1ch tr\u00ean h\u1ec7 th\u1ed1ng d\u00e2y chuy\u1ec1n s\u1ea3n xu\u1ea5t v\u00e0 \u0111i\u1ec1u khi\u1ec3n gi\u00e1m s\u00e1t ch\u1ea5t l\u01b0\u1ee3ng s\u1ea3n ph\u1ea9m.\" \/>\n<meta name=\"robots\" content=\"index, follow, max-snippet:-1, max-image-preview:large, max-video-preview:-1\" \/>\n<link rel=\"canonical\" href=\"https:\/\/bli.com.vn\/en\/may-quet-ma-vach-zebra-ds3608-dp\/\" \/>\n<meta property=\"og:locale\" content=\"en_US\" \/>\n<meta property=\"og:type\" content=\"article\" \/>\n<meta property=\"og:title\" content=\"M\u00e1y qu\u00e9t m\u00e3 v\u1ea1ch Zebra DS3608-DP - BLI Vi\u1ec7t Nam\" \/>\n<meta property=\"og:description\" content=\"DS3608-DP c\u00f3 th\u1ec3 \u0111\u1ecdc c\u00e1c m\u00e3 v\u1ea1ch 1D\/2D tr\u00ean m\u00e0n h\u00ecnh m\u00e1y t\u00ednh b\u1ea3ng hay tr\u00ean c\u00e1c nh\u00e3n d\u00e1n decal, cho hi\u1ec7u su\u1ea5t cao v\u00e0 \u0111\u00e1p \u1ee9ng nhu c\u1ea7u cho vi\u1ec7c qu\u00e9t m\u00e3 v\u1ea1ch tr\u00ean h\u1ec7 th\u1ed1ng d\u00e2y chuy\u1ec1n s\u1ea3n xu\u1ea5t v\u00e0 \u0111i\u1ec1u khi\u1ec3n gi\u00e1m s\u00e1t ch\u1ea5t l\u01b0\u1ee3ng s\u1ea3n ph\u1ea9m.\" \/>\n<meta property=\"og:url\" content=\"https:\/\/bli.com.vn\/en\/may-quet-ma-vach-zebra-ds3608-dp\/\" \/>\n<meta property=\"og:site_name\" content=\"BLI Vi\u1ec7t Nam\" \/>\n<meta property=\"article:modified_time\" content=\"2023-01-12T08:38:54+00:00\" \/>\n<meta property=\"og:image\" content=\"https:\/\/bli.com.vn\/wp-content\/uploads\/2021\/04\/may-quet-ma-vach-Zebra-DS3608-DP.jpg\" \/>\n\t<meta property=\"og:image:width\" content=\"600\" \/>\n\t<meta property=\"og:image:height\" content=\"400\" \/>\n\t<meta property=\"og:image:type\" content=\"image\/jpeg\" \/>\n<meta name=\"twitter:card\" content=\"summary_large_image\" \/>\n<meta name=\"twitter:image\" content=\"https:\/\/bli.com.vn\/wp-content\/uploads\/2021\/04\/may-quet-ma-vach-Zebra-DS3608-DP.jpg\" \/>\n<meta name=\"twitter:label1\" content=\"Est. reading time\" \/>\n\t<meta name=\"twitter:data1\" content=\"1 minute\" \/>\n<script type=\"application\/ld+json\" class=\"yoast-schema-graph\">{\"@context\":\"https:\\\/\\\/schema.org\",\"@graph\":[{\"@type\":\"WebPage\",\"@id\":\"https:\\\/\\\/bli.com.vn\\\/may-quet-ma-vach-zebra-ds3608-dp\\\/\",\"url\":\"https:\\\/\\\/bli.com.vn\\\/may-quet-ma-vach-zebra-ds3608-dp\\\/\",\"name\":\"M\u00e1y qu\u00e9t m\u00e3 v\u1ea1ch Zebra DS3608-DP - BLI Vi\u1ec7t Nam\",\"isPartOf\":{\"@id\":\"https:\\\/\\\/bli.com.vn\\\/#website\"},\"primaryImageOfPage\":{\"@id\":\"https:\\\/\\\/bli.com.vn\\\/may-quet-ma-vach-zebra-ds3608-dp\\\/#primaryimage\"},\"image\":{\"@id\":\"https:\\\/\\\/bli.com.vn\\\/may-quet-ma-vach-zebra-ds3608-dp\\\/#primaryimage\"},\"thumbnailUrl\":\"https:\\\/\\\/bli.com.vn\\\/wp-content\\\/uploads\\\/2021\\\/04\\\/may-quet-ma-vach-Zebra-DS3608-DP.jpg\",\"datePublished\":\"2021-04-07T05:07:06+00:00\",\"dateModified\":\"2023-01-12T08:38:54+00:00\",\"description\":\"DS3608-DP c\u00f3 th\u1ec3 \u0111\u1ecdc c\u00e1c m\u00e3 v\u1ea1ch 1D\\\/2D tr\u00ean m\u00e0n h\u00ecnh m\u00e1y t\u00ednh b\u1ea3ng hay tr\u00ean c\u00e1c nh\u00e3n d\u00e1n decal, cho hi\u1ec7u su\u1ea5t cao v\u00e0 \u0111\u00e1p \u1ee9ng nhu c\u1ea7u cho vi\u1ec7c qu\u00e9t m\u00e3 v\u1ea1ch tr\u00ean h\u1ec7 th\u1ed1ng d\u00e2y chuy\u1ec1n s\u1ea3n xu\u1ea5t v\u00e0 \u0111i\u1ec1u khi\u1ec3n gi\u00e1m s\u00e1t ch\u1ea5t l\u01b0\u1ee3ng s\u1ea3n ph\u1ea9m.\",\"breadcrumb\":{\"@id\":\"https:\\\/\\\/bli.com.vn\\\/may-quet-ma-vach-zebra-ds3608-dp\\\/#breadcrumb\"},\"inLanguage\":\"en-US\",\"potentialAction\":[{\"@type\":\"ReadAction\",\"target\":[\"https:\\\/\\\/bli.com.vn\\\/may-quet-ma-vach-zebra-ds3608-dp\\\/\"]}]},{\"@type\":\"ImageObject\",\"inLanguage\":\"en-US\",\"@id\":\"https:\\\/\\\/bli.com.vn\\\/may-quet-ma-vach-zebra-ds3608-dp\\\/#primaryimage\",\"url\":\"https:\\\/\\\/bli.com.vn\\\/wp-content\\\/uploads\\\/2021\\\/04\\\/may-quet-ma-vach-Zebra-DS3608-DP.jpg\",\"contentUrl\":\"https:\\\/\\\/bli.com.vn\\\/wp-content\\\/uploads\\\/2021\\\/04\\\/may-quet-ma-vach-Zebra-DS3608-DP.jpg\",\"width\":600,\"height\":400,\"caption\":\"M\u00e1y qu\u00e9t m\u00e3 v\u1ea1ch Zebra DS3608-DP - bli.com.vn\"},{\"@type\":\"BreadcrumbList\",\"@id\":\"https:\\\/\\\/bli.com.vn\\\/may-quet-ma-vach-zebra-ds3608-dp\\\/#breadcrumb\",\"itemListElement\":[{\"@type\":\"ListItem\",\"position\":1,\"name\":\"Home\",\"item\":\"https:\\\/\\\/bli.com.vn\\\/\"},{\"@type\":\"ListItem\",\"position\":2,\"name\":\"S\u1ea3n ph\u1ea9m\",\"item\":\"https:\\\/\\\/bli.com.vn\\\/san-pham\\\/\"},{\"@type\":\"ListItem\",\"position\":3,\"name\":\"M\u00e1y qu\u00e9t m\u00e3 v\u1ea1ch Zebra DS3608-DP\"}]},{\"@type\":\"WebSite\",\"@id\":\"https:\\\/\\\/bli.com.vn\\\/#website\",\"url\":\"https:\\\/\\\/bli.com.vn\\\/\",\"name\":\"BLI Vi\u1ec7t Nam\",\"description\":\"M\u00e1y in, m\u00e1y qu\u00e9t m\u00e3 v\u1ea1ch Zebra, Honeywell, Datalogic\",\"publisher\":{\"@id\":\"https:\\\/\\\/bli.com.vn\\\/#organization\"},\"potentialAction\":[{\"@type\":\"SearchAction\",\"target\":{\"@type\":\"EntryPoint\",\"urlTemplate\":\"https:\\\/\\\/bli.com.vn\\\/?s={search_term_string}\"},\"query-input\":{\"@type\":\"PropertyValueSpecification\",\"valueRequired\":true,\"valueName\":\"search_term_string\"}}],\"inLanguage\":\"en-US\"},{\"@type\":\"Organization\",\"@id\":\"https:\\\/\\\/bli.com.vn\\\/#organization\",\"name\":\"BLI Vi\u1ec7t Nam\",\"url\":\"https:\\\/\\\/bli.com.vn\\\/\",\"logo\":{\"@type\":\"ImageObject\",\"inLanguage\":\"en-US\",\"@id\":\"https:\\\/\\\/bli.com.vn\\\/#\\\/schema\\\/logo\\\/image\\\/\",\"url\":\"https:\\\/\\\/bli.com.vn\\\/wp-content\\\/uploads\\\/2021\\\/03\\\/site-logo.png\",\"contentUrl\":\"https:\\\/\\\/bli.com.vn\\\/wp-content\\\/uploads\\\/2021\\\/03\\\/site-logo.png\",\"width\":\"400\",\"height\":\"150\",\"caption\":\"BLI Vi\u1ec7t Nam\"},\"image\":{\"@id\":\"https:\\\/\\\/bli.com.vn\\\/#\\\/schema\\\/logo\\\/image\\\/\"}}]}<\/script>\n<!-- \/ Yoast SEO plugin. -->","yoast_head_json":{"title":"M\u00e1y qu\u00e9t m\u00e3 v\u1ea1ch Zebra DS3608-DP - BLI Vi\u1ec7t Nam","description":"DS3608-DP c\u00f3 th\u1ec3 \u0111\u1ecdc c\u00e1c m\u00e3 v\u1ea1ch 1D\/2D tr\u00ean m\u00e0n h\u00ecnh m\u00e1y t\u00ednh b\u1ea3ng hay tr\u00ean c\u00e1c nh\u00e3n d\u00e1n decal, cho hi\u1ec7u su\u1ea5t cao v\u00e0 \u0111\u00e1p \u1ee9ng nhu c\u1ea7u cho vi\u1ec7c qu\u00e9t m\u00e3 v\u1ea1ch tr\u00ean h\u1ec7 th\u1ed1ng d\u00e2y chuy\u1ec1n s\u1ea3n xu\u1ea5t v\u00e0 \u0111i\u1ec1u khi\u1ec3n gi\u00e1m s\u00e1t ch\u1ea5t l\u01b0\u1ee3ng s\u1ea3n ph\u1ea9m.","robots":{"index":"index","follow":"follow","max-snippet":"max-snippet:-1","max-image-preview":"max-image-preview:large","max-video-preview":"max-video-preview:-1"},"canonical":"https:\/\/bli.com.vn\/en\/may-quet-ma-vach-zebra-ds3608-dp\/","og_locale":"en_US","og_type":"article","og_title":"M\u00e1y qu\u00e9t m\u00e3 v\u1ea1ch Zebra DS3608-DP - BLI Vi\u1ec7t Nam","og_description":"DS3608-DP c\u00f3 th\u1ec3 \u0111\u1ecdc c\u00e1c m\u00e3 v\u1ea1ch 1D\/2D tr\u00ean m\u00e0n h\u00ecnh m\u00e1y t\u00ednh b\u1ea3ng hay tr\u00ean c\u00e1c nh\u00e3n d\u00e1n decal, cho hi\u1ec7u su\u1ea5t cao v\u00e0 \u0111\u00e1p \u1ee9ng nhu c\u1ea7u cho vi\u1ec7c qu\u00e9t m\u00e3 v\u1ea1ch tr\u00ean h\u1ec7 th\u1ed1ng d\u00e2y chuy\u1ec1n s\u1ea3n xu\u1ea5t v\u00e0 \u0111i\u1ec1u khi\u1ec3n gi\u00e1m s\u00e1t ch\u1ea5t l\u01b0\u1ee3ng s\u1ea3n ph\u1ea9m.","og_url":"https:\/\/bli.com.vn\/en\/may-quet-ma-vach-zebra-ds3608-dp\/","og_site_name":"BLI Vi\u1ec7t Nam","article_modified_time":"2023-01-12T08:38:54+00:00","og_image":[{"width":600,"height":400,"url":"https:\/\/bli.com.vn\/wp-content\/uploads\/2021\/04\/may-quet-ma-vach-Zebra-DS3608-DP.jpg","type":"image\/jpeg"}],"twitter_card":"summary_large_image","twitter_image":"https:\/\/bli.com.vn\/wp-content\/uploads\/2021\/04\/may-quet-ma-vach-Zebra-DS3608-DP.jpg","twitter_misc":{"Est. reading time":"1 minute"},"schema":{"@context":"https:\/\/schema.org","@graph":[{"@type":"WebPage","@id":"https:\/\/bli.com.vn\/may-quet-ma-vach-zebra-ds3608-dp\/","url":"https:\/\/bli.com.vn\/may-quet-ma-vach-zebra-ds3608-dp\/","name":"M\u00e1y qu\u00e9t m\u00e3 v\u1ea1ch Zebra DS3608-DP - BLI Vi\u1ec7t Nam","isPartOf":{"@id":"https:\/\/bli.com.vn\/#website"},"primaryImageOfPage":{"@id":"https:\/\/bli.com.vn\/may-quet-ma-vach-zebra-ds3608-dp\/#primaryimage"},"image":{"@id":"https:\/\/bli.com.vn\/may-quet-ma-vach-zebra-ds3608-dp\/#primaryimage"},"thumbnailUrl":"https:\/\/bli.com.vn\/wp-content\/uploads\/2021\/04\/may-quet-ma-vach-Zebra-DS3608-DP.jpg","datePublished":"2021-04-07T05:07:06+00:00","dateModified":"2023-01-12T08:38:54+00:00","description":"DS3608-DP c\u00f3 th\u1ec3 \u0111\u1ecdc c\u00e1c m\u00e3 v\u1ea1ch 1D\/2D tr\u00ean m\u00e0n h\u00ecnh m\u00e1y t\u00ednh b\u1ea3ng hay tr\u00ean c\u00e1c nh\u00e3n d\u00e1n decal, cho hi\u1ec7u su\u1ea5t cao v\u00e0 \u0111\u00e1p \u1ee9ng nhu c\u1ea7u cho vi\u1ec7c qu\u00e9t m\u00e3 v\u1ea1ch tr\u00ean h\u1ec7 th\u1ed1ng d\u00e2y chuy\u1ec1n s\u1ea3n xu\u1ea5t v\u00e0 \u0111i\u1ec1u khi\u1ec3n gi\u00e1m s\u00e1t ch\u1ea5t l\u01b0\u1ee3ng s\u1ea3n ph\u1ea9m.","breadcrumb":{"@id":"https:\/\/bli.com.vn\/may-quet-ma-vach-zebra-ds3608-dp\/#breadcrumb"},"inLanguage":"en-US","potentialAction":[{"@type":"ReadAction","target":["https:\/\/bli.com.vn\/may-quet-ma-vach-zebra-ds3608-dp\/"]}]},{"@type":"ImageObject","inLanguage":"en-US","@id":"https:\/\/bli.com.vn\/may-quet-ma-vach-zebra-ds3608-dp\/#primaryimage","url":"https:\/\/bli.com.vn\/wp-content\/uploads\/2021\/04\/may-quet-ma-vach-Zebra-DS3608-DP.jpg","contentUrl":"https:\/\/bli.com.vn\/wp-content\/uploads\/2021\/04\/may-quet-ma-vach-Zebra-DS3608-DP.jpg","width":600,"height":400,"caption":"M\u00e1y qu\u00e9t m\u00e3 v\u1ea1ch Zebra DS3608-DP - bli.com.vn"},{"@type":"BreadcrumbList","@id":"https:\/\/bli.com.vn\/may-quet-ma-vach-zebra-ds3608-dp\/#breadcrumb","itemListElement":[{"@type":"ListItem","position":1,"name":"Home","item":"https:\/\/bli.com.vn\/"},{"@type":"ListItem","position":2,"name":"S\u1ea3n ph\u1ea9m","item":"https:\/\/bli.com.vn\/san-pham\/"},{"@type":"ListItem","position":3,"name":"M\u00e1y qu\u00e9t m\u00e3 v\u1ea1ch Zebra DS3608-DP"}]},{"@type":"WebSite","@id":"https:\/\/bli.com.vn\/#website","url":"https:\/\/bli.com.vn\/","name":"BLI Vi\u1ec7t Nam","description":"M\u00e1y in, m\u00e1y qu\u00e9t m\u00e3 v\u1ea1ch Zebra, Honeywell, Datalogic","publisher":{"@id":"https:\/\/bli.com.vn\/#organization"},"potentialAction":[{"@type":"SearchAction","target":{"@type":"EntryPoint","urlTemplate":"https:\/\/bli.com.vn\/?s={search_term_string}"},"query-input":{"@type":"PropertyValueSpecification","valueRequired":true,"valueName":"search_term_string"}}],"inLanguage":"en-US"},{"@type":"Organization","@id":"https:\/\/bli.com.vn\/#organization","name":"BLI Vi\u1ec7t Nam","url":"https:\/\/bli.com.vn\/","logo":{"@type":"ImageObject","inLanguage":"en-US","@id":"https:\/\/bli.com.vn\/#\/schema\/logo\/image\/","url":"https:\/\/bli.com.vn\/wp-content\/uploads\/2021\/03\/site-logo.png","contentUrl":"https:\/\/bli.com.vn\/wp-content\/uploads\/2021\/03\/site-logo.png","width":"400","height":"150","caption":"BLI Vi\u1ec7t Nam"},"image":{"@id":"https:\/\/bli.com.vn\/#\/schema\/logo\/image\/"}}]}},"_links":{"self":[{"href":"https:\/\/bli.com.vn\/en\/wp-json\/wp\/v2\/product\/287","targetHints":{"allow":["GET"]}}],"collection":[{"href":"https:\/\/bli.com.vn\/en\/wp-json\/wp\/v2\/product"}],"about":[{"href":"https:\/\/bli.com.vn\/en\/wp-json\/wp\/v2\/types\/product"}],"wp:featuredmedia":[{"embeddable":true,"href":"https:\/\/bli.com.vn\/en\/wp-json\/wp\/v2\/media\/288"}],"wp:attachment":[{"href":"https:\/\/bli.com.vn\/en\/wp-json\/wp\/v2\/media?parent=287"}],"wp:term":[{"taxonomy":"product_cat","embeddable":true,"href":"https:\/\/bli.com.vn\/en\/wp-json\/wp\/v2\/product_cat?post=287"},{"taxonomy":"product_tag","embeddable":true,"href":"https:\/\/bli.com.vn\/en\/wp-json\/wp\/v2\/product_tag?post=287"}],"curies":[{"name":"wp","href":"https:\/\/api.w.org\/{rel}","templated":true}]}}