{"id":289,"date":"2021-04-08T08:32:53","date_gmt":"2021-04-08T08:32:53","guid":{"rendered":"https:\/\/bli.com.vn\/?post_type=product&#038;p=289"},"modified":"2023-01-12T08:38:47","modified_gmt":"2023-01-12T08:38:47","slug":"may-quet-ma-vach-khong-day-zebra-ds3678-sr","status":"publish","type":"product","link":"https:\/\/bli.com.vn\/en\/may-quet-ma-vach-khong-day-zebra-ds3678-sr\/","title":{"rendered":"Zebra DS3678-SR Wireless Barcode Scanner"},"content":{"rendered":"<p>Zebra DS3608-SR\/ DS3678-SR wireless barcode reader uses linear imager imaging technology to support images up to 1240 x 800 pixels and can effectively decode 1D\/2D barcodes right away. From the first scan, even barcodes with poor print quality, blurred, and electronic barcodes show up on the screens of mobile devices.<\/p>\n<table width=\"453\">\n<tbody>\n<tr>\n<td width=\"453\"><strong>Model: Zebra DS3678-SR<\/strong><\/td>\n<\/tr>\n<tr>\n<td>Scan technology: Array Imaging<\/td>\n<\/tr>\n<tr>\n<td>Capable of reading all standard 1D &amp; 2D barcodes. With close or far distance up to 1.5m<\/td>\n<\/tr>\n<tr>\n<td>Imager sensor: 1,280 * 800 pixel<\/td>\n<\/tr>\n<tr>\n<td>Sceen, light: One (1) Hyber 660nm LED<\/td>\n<\/tr>\n<tr>\n<td>User Indicators: Direct decode indicator; LEDs; beeper; vibration<\/td>\n<\/tr>\n<tr>\n<td>Tilt, angle: Skew: \u00b1 60\u00b0; Pitch: \u00b1 60\u00b0; Roll: \u00b1 360\u00b0<\/td>\n<\/tr>\n<tr>\n<td width=\"453\"><strong>Wireless:<\/strong><br \/>\n&#8211; Bluetooth Radio Bluetooth Class 1, Version 4.0 (LE), serial port and HID profiles<br \/>\n\u2013 Distance: Class 1: Up to 300 ft. (100.0 m)<\/td>\n<\/tr>\n<tr>\n<td>Interfaces: USB, RS232, Keyboard Wedge<\/td>\n<\/tr>\n<tr>\n<td width=\"453\">Color: Green<\/td>\n<\/tr>\n<tr>\n<td width=\"453\"><strong>Adapter:<\/strong><br \/>\n&#8211; PowerPrecision+ 3100 mAh Li-Ion rechargeable battery<br \/>\n\u2013 Charging time: over 70,000 scans in one fully charged<\/td>\n<\/tr>\n<tr>\n<td>IP standard: IP65, drop specification 2.4m<\/td>\n<\/tr>\n<\/tbody>\n<\/table>","protected":false},"excerpt":{"rendered":"<p>The Zebra DS3678-SR Bluetooth wireless barcode scanner is a line of barcode scanners dedicated to manufacturing warehouses, featuring an ultra-durable design with outstanding code scanning performance. Capable of recognizing virtually any barcode from close to 1.5 m contact, coupled with fast, accurate scanning speed, the DS3678-SR is exactly what you need for product quality enhancement. and customer service to the next level.<\/p>","protected":false},"featured_media":290,"template":"","meta":{"_genesis_hide_title":false,"_genesis_hide_breadcrumbs":false,"_genesis_hide_singular_image":false,"_genesis_hide_footer_widgets":false,"_genesis_custom_body_class":"","_genesis_custom_post_class":"","_genesis_layout":""},"product_cat":[18],"product_tag":[],"class_list":{"0":"post-289","1":"product","2":"type-product","3":"status-publish","4":"has-post-thumbnail","6":"product_cat-may-quet-ma-vach","7":"entry","9":"first","10":"instock","11":"featured","12":"shipping-taxable","13":"product-type-simple"},"yoast_head":"<!-- This site is optimized with the Yoast SEO plugin v27.3 - https:\/\/yoast.com\/product\/yoast-seo-wordpress\/ -->\n<title>M\u00e1y qu\u00e9t m\u00e3 v\u1ea1ch kh\u00f4ng d\u00e2y Zebra DS3678-SR - BLI Vi\u1ec7t Nam<\/title>\n<meta name=\"description\" content=\"M\u00e1y qu\u00e9t m\u00e3 v\u1ea1ch kh\u00f4ng d\u00e2y Bluetooth 2D Zebra DS3678-SR l\u00e0 d\u00f2ng s\u1ea3n ph\u1ea9m m\u00e1y qu\u00e9t m\u00e3 v\u1ea1ch chuy\u00ean d\u00f9ng cho kho x\u01b0\u1edfng s\u1ea3n xu\u1ea5t, c\u00f3 thi\u1ebft k\u1ebf si\u00eau b\u1ec1n ch\u1eafc v\u1edbi hi\u1ec7u su\u1ea5t qu\u00e9t m\u00e3 v\u01b0\u1ee3t tr\u1ed9i. DS3678-SR l\u00e0 l\u1ef1a ch\u1ecdn t\u1ed1t nh\u1ea5t b\u1ea1n c\u1ea7n cho vi\u1ec7c n\u00e2ng cao ch\u1ea5t l\u01b0\u1ee3ng s\u1ea3n ph\u1ea9m v\u00e0 d\u1ecbch v\u1ee5 kh\u00e1ch h\u00e0ng l\u00ean c\u1ea5p \u0111\u1ed9 ti\u1ebfp theo.\" \/>\n<meta name=\"robots\" content=\"index, follow, max-snippet:-1, max-image-preview:large, max-video-preview:-1\" \/>\n<link rel=\"canonical\" href=\"https:\/\/bli.com.vn\/en\/may-quet-ma-vach-khong-day-zebra-ds3678-sr\/\" \/>\n<meta property=\"og:locale\" content=\"en_US\" \/>\n<meta property=\"og:type\" content=\"article\" \/>\n<meta property=\"og:title\" content=\"M\u00e1y qu\u00e9t m\u00e3 v\u1ea1ch kh\u00f4ng d\u00e2y Zebra DS3678-SR - BLI Vi\u1ec7t Nam\" \/>\n<meta property=\"og:description\" content=\"M\u00e1y qu\u00e9t m\u00e3 v\u1ea1ch kh\u00f4ng d\u00e2y Bluetooth 2D Zebra DS3678-SR l\u00e0 d\u00f2ng s\u1ea3n ph\u1ea9m m\u00e1y qu\u00e9t m\u00e3 v\u1ea1ch chuy\u00ean d\u00f9ng cho kho x\u01b0\u1edfng s\u1ea3n xu\u1ea5t, c\u00f3 thi\u1ebft k\u1ebf si\u00eau b\u1ec1n ch\u1eafc v\u1edbi hi\u1ec7u su\u1ea5t qu\u00e9t m\u00e3 v\u01b0\u1ee3t tr\u1ed9i. DS3678-SR l\u00e0 l\u1ef1a ch\u1ecdn t\u1ed1t nh\u1ea5t b\u1ea1n c\u1ea7n cho vi\u1ec7c n\u00e2ng cao ch\u1ea5t l\u01b0\u1ee3ng s\u1ea3n ph\u1ea9m v\u00e0 d\u1ecbch v\u1ee5 kh\u00e1ch h\u00e0ng l\u00ean c\u1ea5p \u0111\u1ed9 ti\u1ebfp theo.\" \/>\n<meta property=\"og:url\" content=\"https:\/\/bli.com.vn\/en\/may-quet-ma-vach-khong-day-zebra-ds3678-sr\/\" \/>\n<meta property=\"og:site_name\" content=\"BLI Vi\u1ec7t Nam\" \/>\n<meta property=\"article:modified_time\" content=\"2023-01-12T08:38:47+00:00\" \/>\n<meta property=\"og:image\" content=\"https:\/\/bli.com.vn\/wp-content\/uploads\/2021\/04\/may-quet-ma-vach-Zebra-DS3678-SR.jpg\" \/>\n\t<meta property=\"og:image:width\" content=\"600\" \/>\n\t<meta property=\"og:image:height\" content=\"400\" \/>\n\t<meta property=\"og:image:type\" content=\"image\/jpeg\" \/>\n<meta name=\"twitter:card\" content=\"summary_large_image\" \/>\n<meta name=\"twitter:image\" content=\"https:\/\/bli.com.vn\/wp-content\/uploads\/2021\/04\/may-quet-ma-vach-Zebra-DS3678-SR.jpg\" \/>\n<meta name=\"twitter:label1\" content=\"Est. reading time\" \/>\n\t<meta name=\"twitter:data1\" content=\"1 minute\" \/>\n<script type=\"application\/ld+json\" class=\"yoast-schema-graph\">{\"@context\":\"https:\\\/\\\/schema.org\",\"@graph\":[{\"@type\":\"WebPage\",\"@id\":\"https:\\\/\\\/bli.com.vn\\\/may-quet-ma-vach-khong-day-zebra-ds3678-sr\\\/\",\"url\":\"https:\\\/\\\/bli.com.vn\\\/may-quet-ma-vach-khong-day-zebra-ds3678-sr\\\/\",\"name\":\"M\u00e1y qu\u00e9t m\u00e3 v\u1ea1ch kh\u00f4ng d\u00e2y Zebra DS3678-SR - BLI Vi\u1ec7t Nam\",\"isPartOf\":{\"@id\":\"https:\\\/\\\/bli.com.vn\\\/#website\"},\"primaryImageOfPage\":{\"@id\":\"https:\\\/\\\/bli.com.vn\\\/may-quet-ma-vach-khong-day-zebra-ds3678-sr\\\/#primaryimage\"},\"image\":{\"@id\":\"https:\\\/\\\/bli.com.vn\\\/may-quet-ma-vach-khong-day-zebra-ds3678-sr\\\/#primaryimage\"},\"thumbnailUrl\":\"https:\\\/\\\/bli.com.vn\\\/wp-content\\\/uploads\\\/2021\\\/04\\\/may-quet-ma-vach-Zebra-DS3678-SR.jpg\",\"datePublished\":\"2021-04-08T08:32:53+00:00\",\"dateModified\":\"2023-01-12T08:38:47+00:00\",\"description\":\"M\u00e1y qu\u00e9t m\u00e3 v\u1ea1ch kh\u00f4ng d\u00e2y Bluetooth 2D Zebra DS3678-SR l\u00e0 d\u00f2ng s\u1ea3n ph\u1ea9m m\u00e1y qu\u00e9t m\u00e3 v\u1ea1ch chuy\u00ean d\u00f9ng cho kho x\u01b0\u1edfng s\u1ea3n xu\u1ea5t, c\u00f3 thi\u1ebft k\u1ebf si\u00eau b\u1ec1n ch\u1eafc v\u1edbi hi\u1ec7u su\u1ea5t qu\u00e9t m\u00e3 v\u01b0\u1ee3t tr\u1ed9i. DS3678-SR l\u00e0 l\u1ef1a ch\u1ecdn t\u1ed1t nh\u1ea5t b\u1ea1n c\u1ea7n cho vi\u1ec7c n\u00e2ng cao ch\u1ea5t l\u01b0\u1ee3ng s\u1ea3n ph\u1ea9m v\u00e0 d\u1ecbch v\u1ee5 kh\u00e1ch h\u00e0ng l\u00ean c\u1ea5p \u0111\u1ed9 ti\u1ebfp theo.\",\"breadcrumb\":{\"@id\":\"https:\\\/\\\/bli.com.vn\\\/may-quet-ma-vach-khong-day-zebra-ds3678-sr\\\/#breadcrumb\"},\"inLanguage\":\"en-US\",\"potentialAction\":[{\"@type\":\"ReadAction\",\"target\":[\"https:\\\/\\\/bli.com.vn\\\/may-quet-ma-vach-khong-day-zebra-ds3678-sr\\\/\"]}]},{\"@type\":\"ImageObject\",\"inLanguage\":\"en-US\",\"@id\":\"https:\\\/\\\/bli.com.vn\\\/may-quet-ma-vach-khong-day-zebra-ds3678-sr\\\/#primaryimage\",\"url\":\"https:\\\/\\\/bli.com.vn\\\/wp-content\\\/uploads\\\/2021\\\/04\\\/may-quet-ma-vach-Zebra-DS3678-SR.jpg\",\"contentUrl\":\"https:\\\/\\\/bli.com.vn\\\/wp-content\\\/uploads\\\/2021\\\/04\\\/may-quet-ma-vach-Zebra-DS3678-SR.jpg\",\"width\":600,\"height\":400,\"caption\":\"M\u00e1y qu\u00e9t m\u00e3 v\u1ea1ch Zebra DS3678-SR - bli.com.vn\"},{\"@type\":\"BreadcrumbList\",\"@id\":\"https:\\\/\\\/bli.com.vn\\\/may-quet-ma-vach-khong-day-zebra-ds3678-sr\\\/#breadcrumb\",\"itemListElement\":[{\"@type\":\"ListItem\",\"position\":1,\"name\":\"Home\",\"item\":\"https:\\\/\\\/bli.com.vn\\\/\"},{\"@type\":\"ListItem\",\"position\":2,\"name\":\"S\u1ea3n ph\u1ea9m\",\"item\":\"https:\\\/\\\/bli.com.vn\\\/san-pham\\\/\"},{\"@type\":\"ListItem\",\"position\":3,\"name\":\"M\u00e1y qu\u00e9t m\u00e3 v\u1ea1ch kh\u00f4ng d\u00e2y Zebra DS3678-SR\"}]},{\"@type\":\"WebSite\",\"@id\":\"https:\\\/\\\/bli.com.vn\\\/#website\",\"url\":\"https:\\\/\\\/bli.com.vn\\\/\",\"name\":\"BLI Vi\u1ec7t Nam\",\"description\":\"M\u00e1y in, m\u00e1y qu\u00e9t m\u00e3 v\u1ea1ch Zebra, Honeywell, Datalogic\",\"publisher\":{\"@id\":\"https:\\\/\\\/bli.com.vn\\\/#organization\"},\"potentialAction\":[{\"@type\":\"SearchAction\",\"target\":{\"@type\":\"EntryPoint\",\"urlTemplate\":\"https:\\\/\\\/bli.com.vn\\\/?s={search_term_string}\"},\"query-input\":{\"@type\":\"PropertyValueSpecification\",\"valueRequired\":true,\"valueName\":\"search_term_string\"}}],\"inLanguage\":\"en-US\"},{\"@type\":\"Organization\",\"@id\":\"https:\\\/\\\/bli.com.vn\\\/#organization\",\"name\":\"BLI Vi\u1ec7t Nam\",\"url\":\"https:\\\/\\\/bli.com.vn\\\/\",\"logo\":{\"@type\":\"ImageObject\",\"inLanguage\":\"en-US\",\"@id\":\"https:\\\/\\\/bli.com.vn\\\/#\\\/schema\\\/logo\\\/image\\\/\",\"url\":\"https:\\\/\\\/bli.com.vn\\\/wp-content\\\/uploads\\\/2021\\\/03\\\/site-logo.png\",\"contentUrl\":\"https:\\\/\\\/bli.com.vn\\\/wp-content\\\/uploads\\\/2021\\\/03\\\/site-logo.png\",\"width\":\"400\",\"height\":\"150\",\"caption\":\"BLI Vi\u1ec7t Nam\"},\"image\":{\"@id\":\"https:\\\/\\\/bli.com.vn\\\/#\\\/schema\\\/logo\\\/image\\\/\"}}]}<\/script>\n<!-- \/ Yoast SEO plugin. -->","yoast_head_json":{"title":"M\u00e1y qu\u00e9t m\u00e3 v\u1ea1ch kh\u00f4ng d\u00e2y Zebra DS3678-SR - BLI Vi\u1ec7t Nam","description":"M\u00e1y qu\u00e9t m\u00e3 v\u1ea1ch kh\u00f4ng d\u00e2y Bluetooth 2D Zebra DS3678-SR l\u00e0 d\u00f2ng s\u1ea3n ph\u1ea9m m\u00e1y qu\u00e9t m\u00e3 v\u1ea1ch chuy\u00ean d\u00f9ng cho kho x\u01b0\u1edfng s\u1ea3n xu\u1ea5t, c\u00f3 thi\u1ebft k\u1ebf si\u00eau b\u1ec1n ch\u1eafc v\u1edbi hi\u1ec7u su\u1ea5t qu\u00e9t m\u00e3 v\u01b0\u1ee3t tr\u1ed9i. DS3678-SR l\u00e0 l\u1ef1a ch\u1ecdn t\u1ed1t nh\u1ea5t b\u1ea1n c\u1ea7n cho vi\u1ec7c n\u00e2ng cao ch\u1ea5t l\u01b0\u1ee3ng s\u1ea3n ph\u1ea9m v\u00e0 d\u1ecbch v\u1ee5 kh\u00e1ch h\u00e0ng l\u00ean c\u1ea5p \u0111\u1ed9 ti\u1ebfp theo.","robots":{"index":"index","follow":"follow","max-snippet":"max-snippet:-1","max-image-preview":"max-image-preview:large","max-video-preview":"max-video-preview:-1"},"canonical":"https:\/\/bli.com.vn\/en\/may-quet-ma-vach-khong-day-zebra-ds3678-sr\/","og_locale":"en_US","og_type":"article","og_title":"M\u00e1y qu\u00e9t m\u00e3 v\u1ea1ch kh\u00f4ng d\u00e2y Zebra DS3678-SR - BLI Vi\u1ec7t Nam","og_description":"M\u00e1y qu\u00e9t m\u00e3 v\u1ea1ch kh\u00f4ng d\u00e2y Bluetooth 2D Zebra DS3678-SR l\u00e0 d\u00f2ng s\u1ea3n ph\u1ea9m m\u00e1y qu\u00e9t m\u00e3 v\u1ea1ch chuy\u00ean d\u00f9ng cho kho x\u01b0\u1edfng s\u1ea3n xu\u1ea5t, c\u00f3 thi\u1ebft k\u1ebf si\u00eau b\u1ec1n ch\u1eafc v\u1edbi hi\u1ec7u su\u1ea5t qu\u00e9t m\u00e3 v\u01b0\u1ee3t tr\u1ed9i. DS3678-SR l\u00e0 l\u1ef1a ch\u1ecdn t\u1ed1t nh\u1ea5t b\u1ea1n c\u1ea7n cho vi\u1ec7c n\u00e2ng cao ch\u1ea5t l\u01b0\u1ee3ng s\u1ea3n ph\u1ea9m v\u00e0 d\u1ecbch v\u1ee5 kh\u00e1ch h\u00e0ng l\u00ean c\u1ea5p \u0111\u1ed9 ti\u1ebfp theo.","og_url":"https:\/\/bli.com.vn\/en\/may-quet-ma-vach-khong-day-zebra-ds3678-sr\/","og_site_name":"BLI Vi\u1ec7t Nam","article_modified_time":"2023-01-12T08:38:47+00:00","og_image":[{"width":600,"height":400,"url":"https:\/\/bli.com.vn\/wp-content\/uploads\/2021\/04\/may-quet-ma-vach-Zebra-DS3678-SR.jpg","type":"image\/jpeg"}],"twitter_card":"summary_large_image","twitter_image":"https:\/\/bli.com.vn\/wp-content\/uploads\/2021\/04\/may-quet-ma-vach-Zebra-DS3678-SR.jpg","twitter_misc":{"Est. reading time":"1 minute"},"schema":{"@context":"https:\/\/schema.org","@graph":[{"@type":"WebPage","@id":"https:\/\/bli.com.vn\/may-quet-ma-vach-khong-day-zebra-ds3678-sr\/","url":"https:\/\/bli.com.vn\/may-quet-ma-vach-khong-day-zebra-ds3678-sr\/","name":"M\u00e1y qu\u00e9t m\u00e3 v\u1ea1ch kh\u00f4ng d\u00e2y Zebra DS3678-SR - BLI Vi\u1ec7t Nam","isPartOf":{"@id":"https:\/\/bli.com.vn\/#website"},"primaryImageOfPage":{"@id":"https:\/\/bli.com.vn\/may-quet-ma-vach-khong-day-zebra-ds3678-sr\/#primaryimage"},"image":{"@id":"https:\/\/bli.com.vn\/may-quet-ma-vach-khong-day-zebra-ds3678-sr\/#primaryimage"},"thumbnailUrl":"https:\/\/bli.com.vn\/wp-content\/uploads\/2021\/04\/may-quet-ma-vach-Zebra-DS3678-SR.jpg","datePublished":"2021-04-08T08:32:53+00:00","dateModified":"2023-01-12T08:38:47+00:00","description":"M\u00e1y qu\u00e9t m\u00e3 v\u1ea1ch kh\u00f4ng d\u00e2y Bluetooth 2D Zebra DS3678-SR l\u00e0 d\u00f2ng s\u1ea3n ph\u1ea9m m\u00e1y qu\u00e9t m\u00e3 v\u1ea1ch chuy\u00ean d\u00f9ng cho kho x\u01b0\u1edfng s\u1ea3n xu\u1ea5t, c\u00f3 thi\u1ebft k\u1ebf si\u00eau b\u1ec1n ch\u1eafc v\u1edbi hi\u1ec7u su\u1ea5t qu\u00e9t m\u00e3 v\u01b0\u1ee3t tr\u1ed9i. DS3678-SR l\u00e0 l\u1ef1a ch\u1ecdn t\u1ed1t nh\u1ea5t b\u1ea1n c\u1ea7n cho vi\u1ec7c n\u00e2ng cao ch\u1ea5t l\u01b0\u1ee3ng s\u1ea3n ph\u1ea9m v\u00e0 d\u1ecbch v\u1ee5 kh\u00e1ch h\u00e0ng l\u00ean c\u1ea5p \u0111\u1ed9 ti\u1ebfp theo.","breadcrumb":{"@id":"https:\/\/bli.com.vn\/may-quet-ma-vach-khong-day-zebra-ds3678-sr\/#breadcrumb"},"inLanguage":"en-US","potentialAction":[{"@type":"ReadAction","target":["https:\/\/bli.com.vn\/may-quet-ma-vach-khong-day-zebra-ds3678-sr\/"]}]},{"@type":"ImageObject","inLanguage":"en-US","@id":"https:\/\/bli.com.vn\/may-quet-ma-vach-khong-day-zebra-ds3678-sr\/#primaryimage","url":"https:\/\/bli.com.vn\/wp-content\/uploads\/2021\/04\/may-quet-ma-vach-Zebra-DS3678-SR.jpg","contentUrl":"https:\/\/bli.com.vn\/wp-content\/uploads\/2021\/04\/may-quet-ma-vach-Zebra-DS3678-SR.jpg","width":600,"height":400,"caption":"M\u00e1y qu\u00e9t m\u00e3 v\u1ea1ch Zebra DS3678-SR - bli.com.vn"},{"@type":"BreadcrumbList","@id":"https:\/\/bli.com.vn\/may-quet-ma-vach-khong-day-zebra-ds3678-sr\/#breadcrumb","itemListElement":[{"@type":"ListItem","position":1,"name":"Home","item":"https:\/\/bli.com.vn\/"},{"@type":"ListItem","position":2,"name":"S\u1ea3n ph\u1ea9m","item":"https:\/\/bli.com.vn\/san-pham\/"},{"@type":"ListItem","position":3,"name":"M\u00e1y qu\u00e9t m\u00e3 v\u1ea1ch kh\u00f4ng d\u00e2y Zebra DS3678-SR"}]},{"@type":"WebSite","@id":"https:\/\/bli.com.vn\/#website","url":"https:\/\/bli.com.vn\/","name":"BLI Vi\u1ec7t Nam","description":"M\u00e1y in, m\u00e1y qu\u00e9t m\u00e3 v\u1ea1ch Zebra, Honeywell, Datalogic","publisher":{"@id":"https:\/\/bli.com.vn\/#organization"},"potentialAction":[{"@type":"SearchAction","target":{"@type":"EntryPoint","urlTemplate":"https:\/\/bli.com.vn\/?s={search_term_string}"},"query-input":{"@type":"PropertyValueSpecification","valueRequired":true,"valueName":"search_term_string"}}],"inLanguage":"en-US"},{"@type":"Organization","@id":"https:\/\/bli.com.vn\/#organization","name":"BLI Vi\u1ec7t Nam","url":"https:\/\/bli.com.vn\/","logo":{"@type":"ImageObject","inLanguage":"en-US","@id":"https:\/\/bli.com.vn\/#\/schema\/logo\/image\/","url":"https:\/\/bli.com.vn\/wp-content\/uploads\/2021\/03\/site-logo.png","contentUrl":"https:\/\/bli.com.vn\/wp-content\/uploads\/2021\/03\/site-logo.png","width":"400","height":"150","caption":"BLI Vi\u1ec7t Nam"},"image":{"@id":"https:\/\/bli.com.vn\/#\/schema\/logo\/image\/"}}]}},"_links":{"self":[{"href":"https:\/\/bli.com.vn\/en\/wp-json\/wp\/v2\/product\/289","targetHints":{"allow":["GET"]}}],"collection":[{"href":"https:\/\/bli.com.vn\/en\/wp-json\/wp\/v2\/product"}],"about":[{"href":"https:\/\/bli.com.vn\/en\/wp-json\/wp\/v2\/types\/product"}],"wp:featuredmedia":[{"embeddable":true,"href":"https:\/\/bli.com.vn\/en\/wp-json\/wp\/v2\/media\/290"}],"wp:attachment":[{"href":"https:\/\/bli.com.vn\/en\/wp-json\/wp\/v2\/media?parent=289"}],"wp:term":[{"taxonomy":"product_cat","embeddable":true,"href":"https:\/\/bli.com.vn\/en\/wp-json\/wp\/v2\/product_cat?post=289"},{"taxonomy":"product_tag","embeddable":true,"href":"https:\/\/bli.com.vn\/en\/wp-json\/wp\/v2\/product_tag?post=289"}],"curies":[{"name":"wp","href":"https:\/\/api.w.org\/{rel}","templated":true}]}}