{"id":304,"date":"2021-04-09T05:03:26","date_gmt":"2021-04-09T05:03:26","guid":{"rendered":"https:\/\/bli.com.vn\/?post_type=product&#038;p=304"},"modified":"2021-04-28T03:45:48","modified_gmt":"2021-04-28T03:45:48","slug":"phan-mem-thiet-ke-ma-vach-zebradesigner","status":"publish","type":"product","link":"https:\/\/bli.com.vn\/en\/phan-mem-thiet-ke-ma-vach-zebradesigner\/","title":{"rendered":"ZebraDesigner barcode design software"},"content":{"rendered":"<p>Zebra offers multiple versions to meet different label design requirements - from creating labels with basic text to complex components, such as RFID or fixed or variable data. Connect ZebraDesigner to Zebra's high-performance industrial, mid-range desktop and mobile printers to quickly design a custom printing solution to fit your needs.<\/p>\n<p>\u2013 ZebraDesigner Essentials 3: free version with basic barcode design and printing features<\/p>\n<p>\u2013 ZebraDesigner Professional 3: paid version, actived once, <span class=\"VIiyi\" lang=\"vi\"><span class=\"JLqJ4b ChMk0b\" data-language-for-alternatives=\"vi\" data-language-to-translate-into=\"en\" data-phrase-index=\"6\">has a more powerful toolkit for creating design magazines, including RFID enabled, database connection, simple VB commands, manipulation and data connection<\/span><\/span><\/p>\n<p>\u2013 ZebraDesigner For Developers 3: free version for developer<\/p>","protected":false},"excerpt":{"rendered":"<p>It's easy with ZebraDesigner\u2122 to design labels and tags \u2013 from simple to complex. Windows\u00ae-based software is intuitive to use, virtually eliminating training and technical skills. And, it's fully integrated with design and editing features.<\/p>","protected":false},"featured_media":305,"template":"","meta":{"_genesis_hide_title":false,"_genesis_hide_breadcrumbs":false,"_genesis_hide_singular_image":false,"_genesis_hide_footer_widgets":false,"_genesis_custom_body_class":"","_genesis_custom_post_class":"","_genesis_layout":""},"product_cat":[22],"product_tag":[],"class_list":{"0":"post-304","1":"product","2":"type-product","3":"status-publish","4":"has-post-thumbnail","6":"product_cat-phan-mem-ma-vach","7":"entry","9":"first","10":"instock","11":"shipping-taxable","12":"product-type-simple"},"yoast_head":"<!-- This site is optimized with the Yoast SEO plugin v27.5 - https:\/\/yoast.com\/product\/yoast-seo-wordpress\/ -->\n<title>Ph\u1ea7n m\u1ec1m thi\u1ebft k\u1ebf m\u00e3 v\u1ea1ch ZebraDesigner - BLI Vi\u1ec7t Nam<\/title>\n<meta name=\"description\" content=\"Th\u1eadt d\u1ec5 d\u00e0ng v\u1edbi ZebraDesigner\u2122 \u0111\u1ec3 thi\u1ebft k\u1ebf nh\u00e3n, th\u1ebb - t\u1eeb \u0111\u01a1n gi\u1ea3n \u0111\u1ebfn ph\u1ee9c t\u1ea1p. Ph\u1ea7n m\u1ec1m ch\u1ea1y tr\u00ean n\u1ec1n Windows\u00ae r\u1ea5t tr\u1ef1c quan \u0111\u1ec3 s\u1eed d\u1ee5ng, h\u1ea7u nh\u01b0 lo\u1ea1i b\u1ecf vi\u1ec7c \u0111\u00e0o t\u1ea1o v\u00e0 c\u00e1c k\u1ef9 n\u0103ng k\u1ef9 thu\u1eadt c\u1ea7n thi\u1ebft. V\u00e0, n\u00f3 \u0111\u01b0\u1ee3c t\u00edch h\u1ee3p \u0111\u1ea7y \u0111\u1ee7 t\u00ednh n\u0103ng thi\u1ebft k\u1ebf v\u00e0 ch\u1ec9nh s\u1eeda.\" \/>\n<meta name=\"robots\" content=\"index, follow, max-snippet:-1, max-image-preview:large, max-video-preview:-1\" \/>\n<link rel=\"canonical\" href=\"https:\/\/bli.com.vn\/en\/phan-mem-thiet-ke-ma-vach-zebradesigner\/\" \/>\n<meta property=\"og:locale\" content=\"en_US\" \/>\n<meta property=\"og:type\" content=\"article\" \/>\n<meta property=\"og:title\" content=\"Ph\u1ea7n m\u1ec1m thi\u1ebft k\u1ebf m\u00e3 v\u1ea1ch ZebraDesigner - BLI Vi\u1ec7t Nam\" \/>\n<meta property=\"og:description\" content=\"Th\u1eadt d\u1ec5 d\u00e0ng v\u1edbi ZebraDesigner\u2122 \u0111\u1ec3 thi\u1ebft k\u1ebf nh\u00e3n, th\u1ebb - t\u1eeb \u0111\u01a1n gi\u1ea3n \u0111\u1ebfn ph\u1ee9c t\u1ea1p. Ph\u1ea7n m\u1ec1m ch\u1ea1y tr\u00ean n\u1ec1n Windows\u00ae r\u1ea5t tr\u1ef1c quan \u0111\u1ec3 s\u1eed d\u1ee5ng, h\u1ea7u nh\u01b0 lo\u1ea1i b\u1ecf vi\u1ec7c \u0111\u00e0o t\u1ea1o v\u00e0 c\u00e1c k\u1ef9 n\u0103ng k\u1ef9 thu\u1eadt c\u1ea7n thi\u1ebft. V\u00e0, n\u00f3 \u0111\u01b0\u1ee3c t\u00edch h\u1ee3p \u0111\u1ea7y \u0111\u1ee7 t\u00ednh n\u0103ng thi\u1ebft k\u1ebf v\u00e0 ch\u1ec9nh s\u1eeda.\" \/>\n<meta property=\"og:url\" content=\"https:\/\/bli.com.vn\/en\/phan-mem-thiet-ke-ma-vach-zebradesigner\/\" \/>\n<meta property=\"og:site_name\" content=\"BLI Vi\u1ec7t Nam\" \/>\n<meta property=\"article:modified_time\" content=\"2021-04-28T03:45:48+00:00\" \/>\n<meta property=\"og:image\" content=\"https:\/\/bli.com.vn\/wp-content\/uploads\/2021\/04\/phan-mem-thiet-ke-ma-vach-zebra-designer.jpg\" \/>\n\t<meta property=\"og:image:width\" content=\"600\" \/>\n\t<meta property=\"og:image:height\" content=\"400\" \/>\n\t<meta property=\"og:image:type\" content=\"image\/jpeg\" \/>\n<meta name=\"twitter:card\" content=\"summary_large_image\" \/>\n<meta name=\"twitter:image\" content=\"https:\/\/bli.com.vn\/wp-content\/uploads\/2021\/04\/phan-mem-thiet-ke-ma-vach-zebra-designer.jpg\" \/>\n<meta name=\"twitter:label1\" content=\"Est. reading time\" \/>\n\t<meta name=\"twitter:data1\" content=\"1 minute\" \/>\n<script type=\"application\/ld+json\" class=\"yoast-schema-graph\">{\"@context\":\"https:\\\/\\\/schema.org\",\"@graph\":[{\"@type\":\"WebPage\",\"@id\":\"https:\\\/\\\/bli.com.vn\\\/phan-mem-thiet-ke-ma-vach-zebradesigner\\\/\",\"url\":\"https:\\\/\\\/bli.com.vn\\\/phan-mem-thiet-ke-ma-vach-zebradesigner\\\/\",\"name\":\"Ph\u1ea7n m\u1ec1m thi\u1ebft k\u1ebf m\u00e3 v\u1ea1ch ZebraDesigner - BLI Vi\u1ec7t Nam\",\"isPartOf\":{\"@id\":\"https:\\\/\\\/bli.com.vn\\\/#website\"},\"primaryImageOfPage\":{\"@id\":\"https:\\\/\\\/bli.com.vn\\\/phan-mem-thiet-ke-ma-vach-zebradesigner\\\/#primaryimage\"},\"image\":{\"@id\":\"https:\\\/\\\/bli.com.vn\\\/phan-mem-thiet-ke-ma-vach-zebradesigner\\\/#primaryimage\"},\"thumbnailUrl\":\"https:\\\/\\\/bli.com.vn\\\/wp-content\\\/uploads\\\/2021\\\/04\\\/phan-mem-thiet-ke-ma-vach-zebra-designer.jpg\",\"datePublished\":\"2021-04-09T05:03:26+00:00\",\"dateModified\":\"2021-04-28T03:45:48+00:00\",\"description\":\"Th\u1eadt d\u1ec5 d\u00e0ng v\u1edbi ZebraDesigner\u2122 \u0111\u1ec3 thi\u1ebft k\u1ebf nh\u00e3n, th\u1ebb - t\u1eeb \u0111\u01a1n gi\u1ea3n \u0111\u1ebfn ph\u1ee9c t\u1ea1p. Ph\u1ea7n m\u1ec1m ch\u1ea1y tr\u00ean n\u1ec1n Windows\u00ae r\u1ea5t tr\u1ef1c quan \u0111\u1ec3 s\u1eed d\u1ee5ng, h\u1ea7u nh\u01b0 lo\u1ea1i b\u1ecf vi\u1ec7c \u0111\u00e0o t\u1ea1o v\u00e0 c\u00e1c k\u1ef9 n\u0103ng k\u1ef9 thu\u1eadt c\u1ea7n thi\u1ebft. V\u00e0, n\u00f3 \u0111\u01b0\u1ee3c t\u00edch h\u1ee3p \u0111\u1ea7y \u0111\u1ee7 t\u00ednh n\u0103ng thi\u1ebft k\u1ebf v\u00e0 ch\u1ec9nh s\u1eeda.\",\"breadcrumb\":{\"@id\":\"https:\\\/\\\/bli.com.vn\\\/phan-mem-thiet-ke-ma-vach-zebradesigner\\\/#breadcrumb\"},\"inLanguage\":\"en-US\",\"potentialAction\":[{\"@type\":\"ReadAction\",\"target\":[\"https:\\\/\\\/bli.com.vn\\\/phan-mem-thiet-ke-ma-vach-zebradesigner\\\/\"]}]},{\"@type\":\"ImageObject\",\"inLanguage\":\"en-US\",\"@id\":\"https:\\\/\\\/bli.com.vn\\\/phan-mem-thiet-ke-ma-vach-zebradesigner\\\/#primaryimage\",\"url\":\"https:\\\/\\\/bli.com.vn\\\/wp-content\\\/uploads\\\/2021\\\/04\\\/phan-mem-thiet-ke-ma-vach-zebra-designer.jpg\",\"contentUrl\":\"https:\\\/\\\/bli.com.vn\\\/wp-content\\\/uploads\\\/2021\\\/04\\\/phan-mem-thiet-ke-ma-vach-zebra-designer.jpg\",\"width\":600,\"height\":400,\"caption\":\"Ph\u1ea7n m\u1ec1m thi\u1ebft k\u1ebf m\u00e3 v\u1ea1ch ZebraDesigner - bli.com.vn\"},{\"@type\":\"BreadcrumbList\",\"@id\":\"https:\\\/\\\/bli.com.vn\\\/phan-mem-thiet-ke-ma-vach-zebradesigner\\\/#breadcrumb\",\"itemListElement\":[{\"@type\":\"ListItem\",\"position\":1,\"name\":\"Home\",\"item\":\"https:\\\/\\\/bli.com.vn\\\/\"},{\"@type\":\"ListItem\",\"position\":2,\"name\":\"S\u1ea3n ph\u1ea9m\",\"item\":\"https:\\\/\\\/bli.com.vn\\\/san-pham\\\/\"},{\"@type\":\"ListItem\",\"position\":3,\"name\":\"Ph\u1ea7n m\u1ec1m thi\u1ebft k\u1ebf m\u00e3 v\u1ea1ch ZebraDesigner\"}]},{\"@type\":\"WebSite\",\"@id\":\"https:\\\/\\\/bli.com.vn\\\/#website\",\"url\":\"https:\\\/\\\/bli.com.vn\\\/\",\"name\":\"BLI Vi\u1ec7t Nam\",\"description\":\"M\u00e1y in, m\u00e1y qu\u00e9t m\u00e3 v\u1ea1ch Zebra, Honeywell, Datalogic\",\"publisher\":{\"@id\":\"https:\\\/\\\/bli.com.vn\\\/#organization\"},\"potentialAction\":[{\"@type\":\"SearchAction\",\"target\":{\"@type\":\"EntryPoint\",\"urlTemplate\":\"https:\\\/\\\/bli.com.vn\\\/?s={search_term_string}\"},\"query-input\":{\"@type\":\"PropertyValueSpecification\",\"valueRequired\":true,\"valueName\":\"search_term_string\"}}],\"inLanguage\":\"en-US\"},{\"@type\":\"Organization\",\"@id\":\"https:\\\/\\\/bli.com.vn\\\/#organization\",\"name\":\"BLI Vi\u1ec7t Nam\",\"url\":\"https:\\\/\\\/bli.com.vn\\\/\",\"logo\":{\"@type\":\"ImageObject\",\"inLanguage\":\"en-US\",\"@id\":\"https:\\\/\\\/bli.com.vn\\\/#\\\/schema\\\/logo\\\/image\\\/\",\"url\":\"https:\\\/\\\/bli.com.vn\\\/wp-content\\\/uploads\\\/2021\\\/03\\\/site-logo.png\",\"contentUrl\":\"https:\\\/\\\/bli.com.vn\\\/wp-content\\\/uploads\\\/2021\\\/03\\\/site-logo.png\",\"width\":\"400\",\"height\":\"150\",\"caption\":\"BLI Vi\u1ec7t Nam\"},\"image\":{\"@id\":\"https:\\\/\\\/bli.com.vn\\\/#\\\/schema\\\/logo\\\/image\\\/\"}}]}<\/script>\n<!-- \/ Yoast SEO plugin. -->","yoast_head_json":{"title":"Ph\u1ea7n m\u1ec1m thi\u1ebft k\u1ebf m\u00e3 v\u1ea1ch ZebraDesigner - BLI Vi\u1ec7t Nam","description":"Th\u1eadt d\u1ec5 d\u00e0ng v\u1edbi ZebraDesigner\u2122 \u0111\u1ec3 thi\u1ebft k\u1ebf nh\u00e3n, th\u1ebb - t\u1eeb \u0111\u01a1n gi\u1ea3n \u0111\u1ebfn ph\u1ee9c t\u1ea1p. Ph\u1ea7n m\u1ec1m ch\u1ea1y tr\u00ean n\u1ec1n Windows\u00ae r\u1ea5t tr\u1ef1c quan \u0111\u1ec3 s\u1eed d\u1ee5ng, h\u1ea7u nh\u01b0 lo\u1ea1i b\u1ecf vi\u1ec7c \u0111\u00e0o t\u1ea1o v\u00e0 c\u00e1c k\u1ef9 n\u0103ng k\u1ef9 thu\u1eadt c\u1ea7n thi\u1ebft. V\u00e0, n\u00f3 \u0111\u01b0\u1ee3c t\u00edch h\u1ee3p \u0111\u1ea7y \u0111\u1ee7 t\u00ednh n\u0103ng thi\u1ebft k\u1ebf v\u00e0 ch\u1ec9nh s\u1eeda.","robots":{"index":"index","follow":"follow","max-snippet":"max-snippet:-1","max-image-preview":"max-image-preview:large","max-video-preview":"max-video-preview:-1"},"canonical":"https:\/\/bli.com.vn\/en\/phan-mem-thiet-ke-ma-vach-zebradesigner\/","og_locale":"en_US","og_type":"article","og_title":"Ph\u1ea7n m\u1ec1m thi\u1ebft k\u1ebf m\u00e3 v\u1ea1ch ZebraDesigner - BLI Vi\u1ec7t Nam","og_description":"Th\u1eadt d\u1ec5 d\u00e0ng v\u1edbi ZebraDesigner\u2122 \u0111\u1ec3 thi\u1ebft k\u1ebf nh\u00e3n, th\u1ebb - t\u1eeb \u0111\u01a1n gi\u1ea3n \u0111\u1ebfn ph\u1ee9c t\u1ea1p. Ph\u1ea7n m\u1ec1m ch\u1ea1y tr\u00ean n\u1ec1n Windows\u00ae r\u1ea5t tr\u1ef1c quan \u0111\u1ec3 s\u1eed d\u1ee5ng, h\u1ea7u nh\u01b0 lo\u1ea1i b\u1ecf vi\u1ec7c \u0111\u00e0o t\u1ea1o v\u00e0 c\u00e1c k\u1ef9 n\u0103ng k\u1ef9 thu\u1eadt c\u1ea7n thi\u1ebft. V\u00e0, n\u00f3 \u0111\u01b0\u1ee3c t\u00edch h\u1ee3p \u0111\u1ea7y \u0111\u1ee7 t\u00ednh n\u0103ng thi\u1ebft k\u1ebf v\u00e0 ch\u1ec9nh s\u1eeda.","og_url":"https:\/\/bli.com.vn\/en\/phan-mem-thiet-ke-ma-vach-zebradesigner\/","og_site_name":"BLI Vi\u1ec7t Nam","article_modified_time":"2021-04-28T03:45:48+00:00","og_image":[{"width":600,"height":400,"url":"https:\/\/bli.com.vn\/wp-content\/uploads\/2021\/04\/phan-mem-thiet-ke-ma-vach-zebra-designer.jpg","type":"image\/jpeg"}],"twitter_card":"summary_large_image","twitter_image":"https:\/\/bli.com.vn\/wp-content\/uploads\/2021\/04\/phan-mem-thiet-ke-ma-vach-zebra-designer.jpg","twitter_misc":{"Est. reading time":"1 minute"},"schema":{"@context":"https:\/\/schema.org","@graph":[{"@type":"WebPage","@id":"https:\/\/bli.com.vn\/phan-mem-thiet-ke-ma-vach-zebradesigner\/","url":"https:\/\/bli.com.vn\/phan-mem-thiet-ke-ma-vach-zebradesigner\/","name":"Ph\u1ea7n m\u1ec1m thi\u1ebft k\u1ebf m\u00e3 v\u1ea1ch ZebraDesigner - BLI Vi\u1ec7t Nam","isPartOf":{"@id":"https:\/\/bli.com.vn\/#website"},"primaryImageOfPage":{"@id":"https:\/\/bli.com.vn\/phan-mem-thiet-ke-ma-vach-zebradesigner\/#primaryimage"},"image":{"@id":"https:\/\/bli.com.vn\/phan-mem-thiet-ke-ma-vach-zebradesigner\/#primaryimage"},"thumbnailUrl":"https:\/\/bli.com.vn\/wp-content\/uploads\/2021\/04\/phan-mem-thiet-ke-ma-vach-zebra-designer.jpg","datePublished":"2021-04-09T05:03:26+00:00","dateModified":"2021-04-28T03:45:48+00:00","description":"Th\u1eadt d\u1ec5 d\u00e0ng v\u1edbi ZebraDesigner\u2122 \u0111\u1ec3 thi\u1ebft k\u1ebf nh\u00e3n, th\u1ebb - t\u1eeb \u0111\u01a1n gi\u1ea3n \u0111\u1ebfn ph\u1ee9c t\u1ea1p. Ph\u1ea7n m\u1ec1m ch\u1ea1y tr\u00ean n\u1ec1n Windows\u00ae r\u1ea5t tr\u1ef1c quan \u0111\u1ec3 s\u1eed d\u1ee5ng, h\u1ea7u nh\u01b0 lo\u1ea1i b\u1ecf vi\u1ec7c \u0111\u00e0o t\u1ea1o v\u00e0 c\u00e1c k\u1ef9 n\u0103ng k\u1ef9 thu\u1eadt c\u1ea7n thi\u1ebft. V\u00e0, n\u00f3 \u0111\u01b0\u1ee3c t\u00edch h\u1ee3p \u0111\u1ea7y \u0111\u1ee7 t\u00ednh n\u0103ng thi\u1ebft k\u1ebf v\u00e0 ch\u1ec9nh s\u1eeda.","breadcrumb":{"@id":"https:\/\/bli.com.vn\/phan-mem-thiet-ke-ma-vach-zebradesigner\/#breadcrumb"},"inLanguage":"en-US","potentialAction":[{"@type":"ReadAction","target":["https:\/\/bli.com.vn\/phan-mem-thiet-ke-ma-vach-zebradesigner\/"]}]},{"@type":"ImageObject","inLanguage":"en-US","@id":"https:\/\/bli.com.vn\/phan-mem-thiet-ke-ma-vach-zebradesigner\/#primaryimage","url":"https:\/\/bli.com.vn\/wp-content\/uploads\/2021\/04\/phan-mem-thiet-ke-ma-vach-zebra-designer.jpg","contentUrl":"https:\/\/bli.com.vn\/wp-content\/uploads\/2021\/04\/phan-mem-thiet-ke-ma-vach-zebra-designer.jpg","width":600,"height":400,"caption":"Ph\u1ea7n m\u1ec1m thi\u1ebft k\u1ebf m\u00e3 v\u1ea1ch ZebraDesigner - bli.com.vn"},{"@type":"BreadcrumbList","@id":"https:\/\/bli.com.vn\/phan-mem-thiet-ke-ma-vach-zebradesigner\/#breadcrumb","itemListElement":[{"@type":"ListItem","position":1,"name":"Home","item":"https:\/\/bli.com.vn\/"},{"@type":"ListItem","position":2,"name":"S\u1ea3n ph\u1ea9m","item":"https:\/\/bli.com.vn\/san-pham\/"},{"@type":"ListItem","position":3,"name":"Ph\u1ea7n m\u1ec1m thi\u1ebft k\u1ebf m\u00e3 v\u1ea1ch ZebraDesigner"}]},{"@type":"WebSite","@id":"https:\/\/bli.com.vn\/#website","url":"https:\/\/bli.com.vn\/","name":"BLI Vi\u1ec7t Nam","description":"M\u00e1y in, m\u00e1y qu\u00e9t m\u00e3 v\u1ea1ch Zebra, Honeywell, Datalogic","publisher":{"@id":"https:\/\/bli.com.vn\/#organization"},"potentialAction":[{"@type":"SearchAction","target":{"@type":"EntryPoint","urlTemplate":"https:\/\/bli.com.vn\/?s={search_term_string}"},"query-input":{"@type":"PropertyValueSpecification","valueRequired":true,"valueName":"search_term_string"}}],"inLanguage":"en-US"},{"@type":"Organization","@id":"https:\/\/bli.com.vn\/#organization","name":"BLI Vi\u1ec7t Nam","url":"https:\/\/bli.com.vn\/","logo":{"@type":"ImageObject","inLanguage":"en-US","@id":"https:\/\/bli.com.vn\/#\/schema\/logo\/image\/","url":"https:\/\/bli.com.vn\/wp-content\/uploads\/2021\/03\/site-logo.png","contentUrl":"https:\/\/bli.com.vn\/wp-content\/uploads\/2021\/03\/site-logo.png","width":"400","height":"150","caption":"BLI Vi\u1ec7t Nam"},"image":{"@id":"https:\/\/bli.com.vn\/#\/schema\/logo\/image\/"}}]}},"_links":{"self":[{"href":"https:\/\/bli.com.vn\/en\/wp-json\/wp\/v2\/product\/304","targetHints":{"allow":["GET"]}}],"collection":[{"href":"https:\/\/bli.com.vn\/en\/wp-json\/wp\/v2\/product"}],"about":[{"href":"https:\/\/bli.com.vn\/en\/wp-json\/wp\/v2\/types\/product"}],"wp:featuredmedia":[{"embeddable":true,"href":"https:\/\/bli.com.vn\/en\/wp-json\/wp\/v2\/media\/305"}],"wp:attachment":[{"href":"https:\/\/bli.com.vn\/en\/wp-json\/wp\/v2\/media?parent=304"}],"wp:term":[{"taxonomy":"product_cat","embeddable":true,"href":"https:\/\/bli.com.vn\/en\/wp-json\/wp\/v2\/product_cat?post=304"},{"taxonomy":"product_tag","embeddable":true,"href":"https:\/\/bli.com.vn\/en\/wp-json\/wp\/v2\/product_tag?post=304"}],"curies":[{"name":"wp","href":"https:\/\/api.w.org\/{rel}","templated":true}]}}