{"id":309,"date":"2021-04-09T07:41:51","date_gmt":"2021-04-09T07:41:51","guid":{"rendered":"https:\/\/bli.com.vn\/?post_type=product&#038;p=309"},"modified":"2021-12-15T04:21:47","modified_gmt":"2021-12-15T04:21:47","slug":"phan-mem-tem-nhan-ma-vach-bartender","status":"publish","type":"product","link":"https:\/\/bli.com.vn\/en\/phan-mem-tem-nhan-ma-vach-bartender\/","title":{"rendered":"BarTender barcode design software"},"content":{"rendered":"<p>BarTender helps businesses better manage the label lifecycle, increase label quality, integrate with existing systems, and improve reliability. With advanced document management features, including graphic-based design and approval workflows; fast, secure, online printing over the internet, authorized backup items with high availability; and can enhance automation, integration, and database capabilities.<\/p>\n<p>BarTender barcode software is a reliable solution with a wide range of applications, covering many industries such as supply chain, healthcare products, food and beverage. , retail and aerospace, and more.<\/p>\n<table width=\"453\">\n<tbody>\n<tr>\n<td width=\"453\"><strong>Supply Chain<\/strong><br \/>\nBarTender enables standardized label processing throughout the supply chain, creating a digital copy that features interactivity, transparency, and speed.<\/td>\n<\/tr>\n<tr>\n<td width=\"453\"><strong>Chemistry<\/strong><br \/>\nChemical manufacturers, distributors and importers worldwide believe that BarTender can help them meet a growing number of rules and regulations regarding labels, series and labels. chemistry and safety.<\/td>\n<\/tr>\n<tr>\n<td width=\"453\">Food and beverage industry<br \/>\nBarTender is an innovative and well known technology in the food industry that can help simplify special business requirements such as interoperability, food labeling and traceability, to ensure safety for the global food supply chain.<\/td>\n<\/tr>\n<tr>\n<td width=\"453\"><strong>Medical and healthcare industry<\/strong><br \/>\nBarTender is present in hospitals, pharmacies, laboratories and clinics around the globe, able to ensure the precise tracking needed for the healthcare supply chain and patients.<\/td>\n<\/tr>\n<tr>\n<td width=\"453\"><strong>Medical device industry<\/strong><br \/>\nMedical device manufacturers trust BarTender for reliability and safety. Patient safety is at the core of UDI regulation, without compromise.<\/td>\n<\/tr>\n<tr>\n<td width=\"453\"><strong>Pharmaceutical manufacturing industry<\/strong><br \/>\nPharmaceutical manufacturers and packers are confident that BarTender can comply with various global traceability rules for prescription drugs.<\/td>\n<\/tr>\n<tr>\n<td width=\"453\"><strong>Retail industry<\/strong><br \/>\nBarTender provides businesses with barcode labels and RFID tools, to adapt to the rapidly evolving standards, techniques and requirements in today's highly competitive retail environment.<\/td>\n<\/tr>\n<tr>\n<td width=\"453\"><strong>Aerospace industry<\/strong><br \/>\nAcross the entire aerospace and defense supply chain, precise component maintenance and tracking can ensure regulatory compliance, improve safety, and provide greater protection, protection against theft and counterfeiting of spare parts.<\/td>\n<\/tr>\n<\/tbody>\n<\/table>","protected":false},"excerpt":{"rendered":"<p>BarTender\u00ae is the latest barcode label software that is trusted by industries around the globe, it can convert information into different types of labels, barcodes, RFID electronic barcode labels. , smart cards, documents, packaging details and pallet labels to promote business for businesses \u2013 customers range from small start-up companies to international enterprises. big economy.<\/p>","protected":false},"featured_media":310,"template":"","meta":{"_genesis_hide_title":false,"_genesis_hide_breadcrumbs":false,"_genesis_hide_singular_image":false,"_genesis_hide_footer_widgets":false,"_genesis_custom_body_class":"","_genesis_custom_post_class":"","_genesis_layout":""},"product_cat":[22],"product_tag":[],"class_list":{"0":"post-309","1":"product","2":"type-product","3":"status-publish","4":"has-post-thumbnail","6":"product_cat-phan-mem-ma-vach","7":"entry","9":"first","10":"instock","11":"shipping-taxable","12":"product-type-simple"},"yoast_head":"<!-- This site is optimized with the Yoast SEO plugin v27.5 - https:\/\/yoast.com\/product\/yoast-seo-wordpress\/ -->\n<title>Ph\u1ea7n m\u1ec1m tem nh\u00e3n m\u00e3 v\u1ea1ch BarTender - BLI Vi\u1ec7t Nam<\/title>\n<meta name=\"description\" content=\"BarTender\u00ae l\u00e0 ph\u1ea7n m\u1ec1m tem nh\u00e3n m\u00e3 v\u1ea1ch \u0111\u01b0\u1ee3c c\u00e1c ng\u00e0nh c\u00f4ng nghi\u1ec7p tr\u00ean to\u00e0n c\u1ea7u r\u1ea5t tin t\u01b0\u1edfng s\u1eed d\u1ee5ng, n\u00f3 c\u00f3 th\u1ec3 chuy\u1ec3n \u0111\u1ed5i th\u00f4ng tin th\u00e0nh c\u00e1c lo\u1ea1i tem nh\u00e3n kh\u00e1c nhau, m\u00e3 v\u1ea1ch, nh\u00e3n m\u00e3 v\u1ea1ch \u0111i\u1ec7n t\u1eed RFID, th\u1ebb c\u1ea3m \u1ee9ng th\u00f4ng minh, t\u00e0i li\u1ec7u , chi ti\u1ebft bao b\u00ec v\u00e0 nh\u00e3n pallet \u0111\u1ec3 th\u00fac \u0111\u1ea9y ho\u1ea1t \u0111\u1ed9ng kinh doanh cho doanh nghi\u1ec7p.\" \/>\n<meta name=\"robots\" content=\"index, follow, max-snippet:-1, max-image-preview:large, max-video-preview:-1\" \/>\n<link rel=\"canonical\" href=\"https:\/\/bli.com.vn\/en\/phan-mem-tem-nhan-ma-vach-bartender\/\" \/>\n<meta property=\"og:locale\" content=\"en_US\" \/>\n<meta property=\"og:type\" content=\"article\" \/>\n<meta property=\"og:title\" content=\"Ph\u1ea7n m\u1ec1m tem nh\u00e3n m\u00e3 v\u1ea1ch BarTender - BLI Vi\u1ec7t Nam\" \/>\n<meta property=\"og:description\" content=\"BarTender\u00ae l\u00e0 ph\u1ea7n m\u1ec1m tem nh\u00e3n m\u00e3 v\u1ea1ch \u0111\u01b0\u1ee3c c\u00e1c ng\u00e0nh c\u00f4ng nghi\u1ec7p tr\u00ean to\u00e0n c\u1ea7u r\u1ea5t tin t\u01b0\u1edfng s\u1eed d\u1ee5ng, n\u00f3 c\u00f3 th\u1ec3 chuy\u1ec3n \u0111\u1ed5i th\u00f4ng tin th\u00e0nh c\u00e1c lo\u1ea1i tem nh\u00e3n kh\u00e1c nhau, m\u00e3 v\u1ea1ch, nh\u00e3n m\u00e3 v\u1ea1ch \u0111i\u1ec7n t\u1eed RFID, th\u1ebb c\u1ea3m \u1ee9ng th\u00f4ng minh, t\u00e0i li\u1ec7u , chi ti\u1ebft bao b\u00ec v\u00e0 nh\u00e3n pallet \u0111\u1ec3 th\u00fac \u0111\u1ea9y ho\u1ea1t \u0111\u1ed9ng kinh doanh cho doanh nghi\u1ec7p.\" \/>\n<meta property=\"og:url\" content=\"https:\/\/bli.com.vn\/en\/phan-mem-tem-nhan-ma-vach-bartender\/\" \/>\n<meta property=\"og:site_name\" content=\"BLI Vi\u1ec7t Nam\" \/>\n<meta property=\"article:modified_time\" content=\"2021-12-15T04:21:47+00:00\" \/>\n<meta property=\"og:image\" content=\"https:\/\/bli.com.vn\/wp-content\/uploads\/2021\/04\/phan-mem-tem-nhan-ma-vach-bartender.jpg\" \/>\n\t<meta property=\"og:image:width\" content=\"600\" \/>\n\t<meta property=\"og:image:height\" content=\"400\" \/>\n\t<meta property=\"og:image:type\" content=\"image\/jpeg\" \/>\n<meta name=\"twitter:card\" content=\"summary_large_image\" \/>\n<meta name=\"twitter:image\" content=\"https:\/\/bli.com.vn\/wp-content\/uploads\/2021\/04\/phan-mem-tem-nhan-ma-vach-bartender.jpg\" \/>\n<meta name=\"twitter:label1\" content=\"Est. reading time\" \/>\n\t<meta name=\"twitter:data1\" content=\"3 minutes\" \/>\n<script type=\"application\/ld+json\" class=\"yoast-schema-graph\">{\"@context\":\"https:\\\/\\\/schema.org\",\"@graph\":[{\"@type\":\"WebPage\",\"@id\":\"https:\\\/\\\/bli.com.vn\\\/en\\\/phan-mem-tem-nhan-ma-vach-bartender\\\/\",\"url\":\"https:\\\/\\\/bli.com.vn\\\/en\\\/phan-mem-tem-nhan-ma-vach-bartender\\\/\",\"name\":\"Ph\u1ea7n m\u1ec1m tem nh\u00e3n m\u00e3 v\u1ea1ch BarTender - BLI Vi\u1ec7t Nam\",\"isPartOf\":{\"@id\":\"https:\\\/\\\/bli.com.vn\\\/#website\"},\"primaryImageOfPage\":{\"@id\":\"https:\\\/\\\/bli.com.vn\\\/en\\\/phan-mem-tem-nhan-ma-vach-bartender\\\/#primaryimage\"},\"image\":{\"@id\":\"https:\\\/\\\/bli.com.vn\\\/en\\\/phan-mem-tem-nhan-ma-vach-bartender\\\/#primaryimage\"},\"thumbnailUrl\":\"https:\\\/\\\/bli.com.vn\\\/wp-content\\\/uploads\\\/2021\\\/04\\\/phan-mem-tem-nhan-ma-vach-bartender.jpg\",\"datePublished\":\"2021-04-09T07:41:51+00:00\",\"dateModified\":\"2021-12-15T04:21:47+00:00\",\"description\":\"BarTender\u00ae l\u00e0 ph\u1ea7n m\u1ec1m tem nh\u00e3n m\u00e3 v\u1ea1ch \u0111\u01b0\u1ee3c c\u00e1c ng\u00e0nh c\u00f4ng nghi\u1ec7p tr\u00ean to\u00e0n c\u1ea7u r\u1ea5t tin t\u01b0\u1edfng s\u1eed d\u1ee5ng, n\u00f3 c\u00f3 th\u1ec3 chuy\u1ec3n \u0111\u1ed5i th\u00f4ng tin th\u00e0nh c\u00e1c lo\u1ea1i tem nh\u00e3n kh\u00e1c nhau, m\u00e3 v\u1ea1ch, nh\u00e3n m\u00e3 v\u1ea1ch \u0111i\u1ec7n t\u1eed RFID, th\u1ebb c\u1ea3m \u1ee9ng th\u00f4ng minh, t\u00e0i li\u1ec7u , chi ti\u1ebft bao b\u00ec v\u00e0 nh\u00e3n pallet \u0111\u1ec3 th\u00fac \u0111\u1ea9y ho\u1ea1t \u0111\u1ed9ng kinh doanh cho doanh nghi\u1ec7p.\",\"breadcrumb\":{\"@id\":\"https:\\\/\\\/bli.com.vn\\\/en\\\/phan-mem-tem-nhan-ma-vach-bartender\\\/#breadcrumb\"},\"inLanguage\":\"en-US\",\"potentialAction\":[{\"@type\":\"ReadAction\",\"target\":[\"https:\\\/\\\/bli.com.vn\\\/en\\\/phan-mem-tem-nhan-ma-vach-bartender\\\/\"]}]},{\"@type\":\"ImageObject\",\"inLanguage\":\"en-US\",\"@id\":\"https:\\\/\\\/bli.com.vn\\\/en\\\/phan-mem-tem-nhan-ma-vach-bartender\\\/#primaryimage\",\"url\":\"https:\\\/\\\/bli.com.vn\\\/wp-content\\\/uploads\\\/2021\\\/04\\\/phan-mem-tem-nhan-ma-vach-bartender.jpg\",\"contentUrl\":\"https:\\\/\\\/bli.com.vn\\\/wp-content\\\/uploads\\\/2021\\\/04\\\/phan-mem-tem-nhan-ma-vach-bartender.jpg\",\"width\":600,\"height\":400,\"caption\":\"Ph\u1ea7n m\u1ec1m tem nh\u00e3n m\u00e3 v\u1ea1ch Bartender - bli.com.vn\"},{\"@type\":\"BreadcrumbList\",\"@id\":\"https:\\\/\\\/bli.com.vn\\\/en\\\/phan-mem-tem-nhan-ma-vach-bartender\\\/#breadcrumb\",\"itemListElement\":[{\"@type\":\"ListItem\",\"position\":1,\"name\":\"Home\",\"item\":\"https:\\\/\\\/bli.com.vn\\\/\"},{\"@type\":\"ListItem\",\"position\":2,\"name\":\"S\u1ea3n ph\u1ea9m\",\"item\":\"https:\\\/\\\/bli.com.vn\\\/san-pham\\\/\"},{\"@type\":\"ListItem\",\"position\":3,\"name\":\"Ph\u1ea7n m\u1ec1m tem nh\u00e3n m\u00e3 v\u1ea1ch BarTender\"}]},{\"@type\":\"WebSite\",\"@id\":\"https:\\\/\\\/bli.com.vn\\\/#website\",\"url\":\"https:\\\/\\\/bli.com.vn\\\/\",\"name\":\"BLI Vi\u1ec7t Nam\",\"description\":\"M\u00e1y in, m\u00e1y qu\u00e9t m\u00e3 v\u1ea1ch Zebra, Honeywell, Datalogic\",\"publisher\":{\"@id\":\"https:\\\/\\\/bli.com.vn\\\/#organization\"},\"potentialAction\":[{\"@type\":\"SearchAction\",\"target\":{\"@type\":\"EntryPoint\",\"urlTemplate\":\"https:\\\/\\\/bli.com.vn\\\/?s={search_term_string}\"},\"query-input\":{\"@type\":\"PropertyValueSpecification\",\"valueRequired\":true,\"valueName\":\"search_term_string\"}}],\"inLanguage\":\"en-US\"},{\"@type\":\"Organization\",\"@id\":\"https:\\\/\\\/bli.com.vn\\\/#organization\",\"name\":\"BLI Vi\u1ec7t Nam\",\"url\":\"https:\\\/\\\/bli.com.vn\\\/\",\"logo\":{\"@type\":\"ImageObject\",\"inLanguage\":\"en-US\",\"@id\":\"https:\\\/\\\/bli.com.vn\\\/#\\\/schema\\\/logo\\\/image\\\/\",\"url\":\"https:\\\/\\\/bli.com.vn\\\/wp-content\\\/uploads\\\/2021\\\/03\\\/site-logo.png\",\"contentUrl\":\"https:\\\/\\\/bli.com.vn\\\/wp-content\\\/uploads\\\/2021\\\/03\\\/site-logo.png\",\"width\":\"400\",\"height\":\"150\",\"caption\":\"BLI Vi\u1ec7t Nam\"},\"image\":{\"@id\":\"https:\\\/\\\/bli.com.vn\\\/#\\\/schema\\\/logo\\\/image\\\/\"}}]}<\/script>\n<!-- \/ Yoast SEO plugin. -->","yoast_head_json":{"title":"Ph\u1ea7n m\u1ec1m tem nh\u00e3n m\u00e3 v\u1ea1ch BarTender - BLI Vi\u1ec7t Nam","description":"BarTender\u00ae l\u00e0 ph\u1ea7n m\u1ec1m tem nh\u00e3n m\u00e3 v\u1ea1ch \u0111\u01b0\u1ee3c c\u00e1c ng\u00e0nh c\u00f4ng nghi\u1ec7p tr\u00ean to\u00e0n c\u1ea7u r\u1ea5t tin t\u01b0\u1edfng s\u1eed d\u1ee5ng, n\u00f3 c\u00f3 th\u1ec3 chuy\u1ec3n \u0111\u1ed5i th\u00f4ng tin th\u00e0nh c\u00e1c lo\u1ea1i tem nh\u00e3n kh\u00e1c nhau, m\u00e3 v\u1ea1ch, nh\u00e3n m\u00e3 v\u1ea1ch \u0111i\u1ec7n t\u1eed RFID, th\u1ebb c\u1ea3m \u1ee9ng th\u00f4ng minh, t\u00e0i li\u1ec7u , chi ti\u1ebft bao b\u00ec v\u00e0 nh\u00e3n pallet \u0111\u1ec3 th\u00fac \u0111\u1ea9y ho\u1ea1t \u0111\u1ed9ng kinh doanh cho doanh nghi\u1ec7p.","robots":{"index":"index","follow":"follow","max-snippet":"max-snippet:-1","max-image-preview":"max-image-preview:large","max-video-preview":"max-video-preview:-1"},"canonical":"https:\/\/bli.com.vn\/en\/phan-mem-tem-nhan-ma-vach-bartender\/","og_locale":"en_US","og_type":"article","og_title":"Ph\u1ea7n m\u1ec1m tem nh\u00e3n m\u00e3 v\u1ea1ch BarTender - BLI Vi\u1ec7t Nam","og_description":"BarTender\u00ae l\u00e0 ph\u1ea7n m\u1ec1m tem nh\u00e3n m\u00e3 v\u1ea1ch \u0111\u01b0\u1ee3c c\u00e1c ng\u00e0nh c\u00f4ng nghi\u1ec7p tr\u00ean to\u00e0n c\u1ea7u r\u1ea5t tin t\u01b0\u1edfng s\u1eed d\u1ee5ng, n\u00f3 c\u00f3 th\u1ec3 chuy\u1ec3n \u0111\u1ed5i th\u00f4ng tin th\u00e0nh c\u00e1c lo\u1ea1i tem nh\u00e3n kh\u00e1c nhau, m\u00e3 v\u1ea1ch, nh\u00e3n m\u00e3 v\u1ea1ch \u0111i\u1ec7n t\u1eed RFID, th\u1ebb c\u1ea3m \u1ee9ng th\u00f4ng minh, t\u00e0i li\u1ec7u , chi ti\u1ebft bao b\u00ec v\u00e0 nh\u00e3n pallet \u0111\u1ec3 th\u00fac \u0111\u1ea9y ho\u1ea1t \u0111\u1ed9ng kinh doanh cho doanh nghi\u1ec7p.","og_url":"https:\/\/bli.com.vn\/en\/phan-mem-tem-nhan-ma-vach-bartender\/","og_site_name":"BLI Vi\u1ec7t Nam","article_modified_time":"2021-12-15T04:21:47+00:00","og_image":[{"width":600,"height":400,"url":"https:\/\/bli.com.vn\/wp-content\/uploads\/2021\/04\/phan-mem-tem-nhan-ma-vach-bartender.jpg","type":"image\/jpeg"}],"twitter_card":"summary_large_image","twitter_image":"https:\/\/bli.com.vn\/wp-content\/uploads\/2021\/04\/phan-mem-tem-nhan-ma-vach-bartender.jpg","twitter_misc":{"Est. reading time":"3 minutes"},"schema":{"@context":"https:\/\/schema.org","@graph":[{"@type":"WebPage","@id":"https:\/\/bli.com.vn\/en\/phan-mem-tem-nhan-ma-vach-bartender\/","url":"https:\/\/bli.com.vn\/en\/phan-mem-tem-nhan-ma-vach-bartender\/","name":"Ph\u1ea7n m\u1ec1m tem nh\u00e3n m\u00e3 v\u1ea1ch BarTender - BLI Vi\u1ec7t Nam","isPartOf":{"@id":"https:\/\/bli.com.vn\/#website"},"primaryImageOfPage":{"@id":"https:\/\/bli.com.vn\/en\/phan-mem-tem-nhan-ma-vach-bartender\/#primaryimage"},"image":{"@id":"https:\/\/bli.com.vn\/en\/phan-mem-tem-nhan-ma-vach-bartender\/#primaryimage"},"thumbnailUrl":"https:\/\/bli.com.vn\/wp-content\/uploads\/2021\/04\/phan-mem-tem-nhan-ma-vach-bartender.jpg","datePublished":"2021-04-09T07:41:51+00:00","dateModified":"2021-12-15T04:21:47+00:00","description":"BarTender\u00ae l\u00e0 ph\u1ea7n m\u1ec1m tem nh\u00e3n m\u00e3 v\u1ea1ch \u0111\u01b0\u1ee3c c\u00e1c ng\u00e0nh c\u00f4ng nghi\u1ec7p tr\u00ean to\u00e0n c\u1ea7u r\u1ea5t tin t\u01b0\u1edfng s\u1eed d\u1ee5ng, n\u00f3 c\u00f3 th\u1ec3 chuy\u1ec3n \u0111\u1ed5i th\u00f4ng tin th\u00e0nh c\u00e1c lo\u1ea1i tem nh\u00e3n kh\u00e1c nhau, m\u00e3 v\u1ea1ch, nh\u00e3n m\u00e3 v\u1ea1ch \u0111i\u1ec7n t\u1eed RFID, th\u1ebb c\u1ea3m \u1ee9ng th\u00f4ng minh, t\u00e0i li\u1ec7u , chi ti\u1ebft bao b\u00ec v\u00e0 nh\u00e3n pallet \u0111\u1ec3 th\u00fac \u0111\u1ea9y ho\u1ea1t \u0111\u1ed9ng kinh doanh cho doanh nghi\u1ec7p.","breadcrumb":{"@id":"https:\/\/bli.com.vn\/en\/phan-mem-tem-nhan-ma-vach-bartender\/#breadcrumb"},"inLanguage":"en-US","potentialAction":[{"@type":"ReadAction","target":["https:\/\/bli.com.vn\/en\/phan-mem-tem-nhan-ma-vach-bartender\/"]}]},{"@type":"ImageObject","inLanguage":"en-US","@id":"https:\/\/bli.com.vn\/en\/phan-mem-tem-nhan-ma-vach-bartender\/#primaryimage","url":"https:\/\/bli.com.vn\/wp-content\/uploads\/2021\/04\/phan-mem-tem-nhan-ma-vach-bartender.jpg","contentUrl":"https:\/\/bli.com.vn\/wp-content\/uploads\/2021\/04\/phan-mem-tem-nhan-ma-vach-bartender.jpg","width":600,"height":400,"caption":"Ph\u1ea7n m\u1ec1m tem nh\u00e3n m\u00e3 v\u1ea1ch Bartender - bli.com.vn"},{"@type":"BreadcrumbList","@id":"https:\/\/bli.com.vn\/en\/phan-mem-tem-nhan-ma-vach-bartender\/#breadcrumb","itemListElement":[{"@type":"ListItem","position":1,"name":"Home","item":"https:\/\/bli.com.vn\/"},{"@type":"ListItem","position":2,"name":"S\u1ea3n ph\u1ea9m","item":"https:\/\/bli.com.vn\/san-pham\/"},{"@type":"ListItem","position":3,"name":"Ph\u1ea7n m\u1ec1m tem nh\u00e3n m\u00e3 v\u1ea1ch BarTender"}]},{"@type":"WebSite","@id":"https:\/\/bli.com.vn\/#website","url":"https:\/\/bli.com.vn\/","name":"BLI Vi\u1ec7t Nam","description":"M\u00e1y in, m\u00e1y qu\u00e9t m\u00e3 v\u1ea1ch Zebra, Honeywell, Datalogic","publisher":{"@id":"https:\/\/bli.com.vn\/#organization"},"potentialAction":[{"@type":"SearchAction","target":{"@type":"EntryPoint","urlTemplate":"https:\/\/bli.com.vn\/?s={search_term_string}"},"query-input":{"@type":"PropertyValueSpecification","valueRequired":true,"valueName":"search_term_string"}}],"inLanguage":"en-US"},{"@type":"Organization","@id":"https:\/\/bli.com.vn\/#organization","name":"BLI Vi\u1ec7t Nam","url":"https:\/\/bli.com.vn\/","logo":{"@type":"ImageObject","inLanguage":"en-US","@id":"https:\/\/bli.com.vn\/#\/schema\/logo\/image\/","url":"https:\/\/bli.com.vn\/wp-content\/uploads\/2021\/03\/site-logo.png","contentUrl":"https:\/\/bli.com.vn\/wp-content\/uploads\/2021\/03\/site-logo.png","width":"400","height":"150","caption":"BLI Vi\u1ec7t Nam"},"image":{"@id":"https:\/\/bli.com.vn\/#\/schema\/logo\/image\/"}}]}},"_links":{"self":[{"href":"https:\/\/bli.com.vn\/en\/wp-json\/wp\/v2\/product\/309","targetHints":{"allow":["GET"]}}],"collection":[{"href":"https:\/\/bli.com.vn\/en\/wp-json\/wp\/v2\/product"}],"about":[{"href":"https:\/\/bli.com.vn\/en\/wp-json\/wp\/v2\/types\/product"}],"wp:featuredmedia":[{"embeddable":true,"href":"https:\/\/bli.com.vn\/en\/wp-json\/wp\/v2\/media\/310"}],"wp:attachment":[{"href":"https:\/\/bli.com.vn\/en\/wp-json\/wp\/v2\/media?parent=309"}],"wp:term":[{"taxonomy":"product_cat","embeddable":true,"href":"https:\/\/bli.com.vn\/en\/wp-json\/wp\/v2\/product_cat?post=309"},{"taxonomy":"product_tag","embeddable":true,"href":"https:\/\/bli.com.vn\/en\/wp-json\/wp\/v2\/product_tag?post=309"}],"curies":[{"name":"wp","href":"https:\/\/api.w.org\/{rel}","templated":true}]}}