{"id":328,"date":"2021-04-10T04:21:43","date_gmt":"2021-04-10T04:21:43","guid":{"rendered":"https:\/\/bli.com.vn\/?post_type=product&#038;p=328"},"modified":"2021-04-28T03:34:57","modified_gmt":"2021-04-28T03:34:57","slug":"may-in-ma-vach-cong-nghiep-zebra-zt620-300dpi","status":"publish","type":"product","link":"https:\/\/bli.com.vn\/en\/may-in-ma-vach-cong-nghiep-zebra-zt620-300dpi\/","title":{"rendered":"Zebra Industrial Barcode Printer ZT620 \u2013 300dpi"},"content":{"rendered":"<p>Zebra ZT620 - 300 dpi belong to Zebra ZT600 series of industrial barcode printers like ZT600. Therefore, it has very high durability and outstanding printing ability. The difference between these two devices is the printhead width. The ZT610 printhead width is 104 mm, the ZT620 printhead width is 168 mm. With this feature, we can print larger, more diverse labels.<\/p>\n<table width=\"453\">\n<tbody>\n<tr>\n<td width=\"453\"><strong>Model: Zebra ZT620<\/strong><\/td>\n<\/tr>\n<tr>\n<td>CPU: Cortex A9 800MHz<\/td>\n<\/tr>\n<tr>\n<td>Memory: 1GB SDRAM \/2GB on-board<\/td>\n<\/tr>\n<tr>\n<td>Print mode: Thermal direct \/ Thermal transfer<\/td>\n<\/tr>\n<tr>\n<td>Screen: Color LCD<\/td>\n<\/tr>\n<tr>\n<td>Resolution: 300 dpi<\/td>\n<\/tr>\n<tr>\n<td>Maximum print width: 168mm<\/td>\n<\/tr>\n<tr>\n<td>Maximum print speed: 305 mm\/s<\/td>\n<\/tr>\n<tr>\n<td>Media sensors: dual media sensors, transmissive and reflective<\/td>\n<\/tr>\n<tr>\n<td>Maximum continuous print length: 100\u2033\/2540 mm<\/td>\n<\/tr>\n<tr>\n<td>Media width: 2.0\u2033 (51 mm) \u2192 7.1\u2033 (180 mm)<\/td>\n<\/tr>\n<tr>\n<td>Media roll size: 3.2\u2033 (81.3 mm) on a 1.0\u2033(25.4 mm)<\/td>\n<\/tr>\n<tr>\n<td width=\"453\"><strong>Media thickness:<\/strong><br \/>\n0.003&#8243; (0.076 mm) \u2192 0.007&#8243; (0.18 mm) n\u1ebfu s\u1eed d\u1ee5ng cutter<br \/>\n0.012\u2033 (0.305 mm) without cutter<\/td>\n<\/tr>\n<tr>\n<td>Ribbon core: 1.0\u2033(25.4 mm)<\/td>\n<\/tr>\n<tr>\n<td>Maximum ribbon length: 1476\u2033 (450 m)<\/td>\n<\/tr>\n<tr>\n<td>Ribbon width: 2.0\u2033 (51 mm) \u0111\u1ebfn 6.7\u2033 (170 mm)<\/td>\n<\/tr>\n<tr>\n<td width=\"453\"><strong>Communication:<\/strong><br \/>\nStandard: USB 2.0, RS232; Bluetooth 4.0; Gigabyte Ethernet (LAN), NFC<br \/>\nOption: Parallel; Wifi<\/td>\n<\/tr>\n<tr>\n<td width=\"453\"><strong>Options:<\/strong><br \/>\nCutter<br \/>\nRewinder<br \/>\nPeeler<\/td>\n<\/tr>\n<tr>\n<td>RFID: yes<\/td>\n<\/tr>\n<tr>\n<td width=\"453\"><strong>Media characteristics:<\/strong><br \/>\nLength : 15.58\u2033 (395.68 mm)<br \/>\nWidth: 13.44\u2033 (341.45 mm)<br \/>\nHeight: 19.88\u2033 (505.00 mm)<\/td>\n<\/tr>\n<tr>\n<td width=\"453\">Weight: 57.4 lbs. (26 kg)<\/td>\n<\/tr>\n<\/tbody>\n<\/table>","protected":false},"excerpt":{"rendered":"<p>Zebra ZT620 - 300 dpi is part of the Zebra industrial barcode printer ZT600 series, building on the foundation of the previous Xi Series to combine rugged durability, long life, and outstanding label printing performance. on a user-friendly platform. Similar to the \"brother\" ZT610, the Zebra ZT620 barcode printer also possesses a series of outstanding features to support enterprise production activities.<\/p>","protected":false},"featured_media":329,"template":"","meta":{"_genesis_hide_title":false,"_genesis_hide_breadcrumbs":false,"_genesis_hide_singular_image":false,"_genesis_hide_footer_widgets":false,"_genesis_custom_body_class":"","_genesis_custom_post_class":"","_genesis_layout":""},"product_cat":[17],"product_tag":[],"class_list":{"0":"post-328","1":"product","2":"type-product","3":"status-publish","4":"has-post-thumbnail","6":"product_cat-may-in-ma-vach","7":"entry","9":"first","10":"instock","11":"shipping-taxable","12":"product-type-simple"},"yoast_head":"<!-- This site is optimized with the Yoast SEO plugin v27.3 - https:\/\/yoast.com\/product\/yoast-seo-wordpress\/ -->\n<title>M\u00e1y in m\u00e3 v\u1ea1ch c\u00f4ng nghi\u1ec7p Zebra ZT620 - 300dpi - BLI Vi\u1ec7t Nam<\/title>\n<meta name=\"description\" content=\"Zebra ZT620 - 300dpi l\u00e0 chi\u1ebfc m\u00e1y in m\u00e3 v\u1ea1ch c\u00f4ng nghi\u1ec7p c\u00f9ng d\u00f2ng v\u1edbi ZT610. Ch\u00ednh v\u00ec th\u1ebf, m\u00e1y c\u00f3 \u0111\u1ed9 b\u1ec1n c\u1ef1c cao v\u00e0 kh\u1ea3 n\u0103ng in \u1ea5n v\u01b0\u1ee3t tr\u1ed9i.\" \/>\n<meta name=\"robots\" content=\"index, follow, max-snippet:-1, max-image-preview:large, max-video-preview:-1\" \/>\n<link rel=\"canonical\" href=\"https:\/\/bli.com.vn\/en\/may-in-ma-vach-cong-nghiep-zebra-zt620-300dpi\/\" \/>\n<meta property=\"og:locale\" content=\"en_US\" \/>\n<meta property=\"og:type\" content=\"article\" \/>\n<meta property=\"og:title\" content=\"M\u00e1y in m\u00e3 v\u1ea1ch c\u00f4ng nghi\u1ec7p Zebra ZT620 - 300dpi - BLI Vi\u1ec7t Nam\" \/>\n<meta property=\"og:description\" content=\"Zebra ZT620 - 300dpi l\u00e0 chi\u1ebfc m\u00e1y in m\u00e3 v\u1ea1ch c\u00f4ng nghi\u1ec7p c\u00f9ng d\u00f2ng v\u1edbi ZT610. Ch\u00ednh v\u00ec th\u1ebf, m\u00e1y c\u00f3 \u0111\u1ed9 b\u1ec1n c\u1ef1c cao v\u00e0 kh\u1ea3 n\u0103ng in \u1ea5n v\u01b0\u1ee3t tr\u1ed9i.\" \/>\n<meta property=\"og:url\" content=\"https:\/\/bli.com.vn\/en\/may-in-ma-vach-cong-nghiep-zebra-zt620-300dpi\/\" \/>\n<meta property=\"og:site_name\" content=\"BLI Vi\u1ec7t Nam\" \/>\n<meta property=\"article:modified_time\" content=\"2021-04-28T03:34:57+00:00\" \/>\n<meta property=\"og:image\" content=\"https:\/\/bli.com.vn\/wp-content\/uploads\/2021\/04\/may-in-ma-vach-zebra-zt620-300dpi.jpg\" \/>\n\t<meta property=\"og:image:width\" content=\"600\" \/>\n\t<meta property=\"og:image:height\" content=\"400\" \/>\n\t<meta property=\"og:image:type\" content=\"image\/jpeg\" \/>\n<meta name=\"twitter:card\" content=\"summary_large_image\" \/>\n<meta name=\"twitter:image\" content=\"https:\/\/bli.com.vn\/wp-content\/uploads\/2021\/04\/may-in-ma-vach-zebra-zt620-300dpi.jpg\" \/>\n<meta name=\"twitter:label1\" content=\"Est. reading time\" \/>\n\t<meta name=\"twitter:data1\" content=\"2 minutes\" \/>\n<script type=\"application\/ld+json\" class=\"yoast-schema-graph\">{\"@context\":\"https:\\\/\\\/schema.org\",\"@graph\":[{\"@type\":\"WebPage\",\"@id\":\"https:\\\/\\\/bli.com.vn\\\/en\\\/may-in-ma-vach-cong-nghiep-zebra-zt620-300dpi\\\/\",\"url\":\"https:\\\/\\\/bli.com.vn\\\/en\\\/may-in-ma-vach-cong-nghiep-zebra-zt620-300dpi\\\/\",\"name\":\"M\u00e1y in m\u00e3 v\u1ea1ch c\u00f4ng nghi\u1ec7p Zebra ZT620 - 300dpi - BLI Vi\u1ec7t Nam\",\"isPartOf\":{\"@id\":\"https:\\\/\\\/bli.com.vn\\\/#website\"},\"primaryImageOfPage\":{\"@id\":\"https:\\\/\\\/bli.com.vn\\\/en\\\/may-in-ma-vach-cong-nghiep-zebra-zt620-300dpi\\\/#primaryimage\"},\"image\":{\"@id\":\"https:\\\/\\\/bli.com.vn\\\/en\\\/may-in-ma-vach-cong-nghiep-zebra-zt620-300dpi\\\/#primaryimage\"},\"thumbnailUrl\":\"https:\\\/\\\/bli.com.vn\\\/wp-content\\\/uploads\\\/2021\\\/04\\\/may-in-ma-vach-zebra-zt620-300dpi.jpg\",\"datePublished\":\"2021-04-10T04:21:43+00:00\",\"dateModified\":\"2021-04-28T03:34:57+00:00\",\"description\":\"Zebra ZT620 - 300dpi l\u00e0 chi\u1ebfc m\u00e1y in m\u00e3 v\u1ea1ch c\u00f4ng nghi\u1ec7p c\u00f9ng d\u00f2ng v\u1edbi ZT610. Ch\u00ednh v\u00ec th\u1ebf, m\u00e1y c\u00f3 \u0111\u1ed9 b\u1ec1n c\u1ef1c cao v\u00e0 kh\u1ea3 n\u0103ng in \u1ea5n v\u01b0\u1ee3t tr\u1ed9i.\",\"breadcrumb\":{\"@id\":\"https:\\\/\\\/bli.com.vn\\\/en\\\/may-in-ma-vach-cong-nghiep-zebra-zt620-300dpi\\\/#breadcrumb\"},\"inLanguage\":\"en-US\",\"potentialAction\":[{\"@type\":\"ReadAction\",\"target\":[\"https:\\\/\\\/bli.com.vn\\\/en\\\/may-in-ma-vach-cong-nghiep-zebra-zt620-300dpi\\\/\"]}]},{\"@type\":\"ImageObject\",\"inLanguage\":\"en-US\",\"@id\":\"https:\\\/\\\/bli.com.vn\\\/en\\\/may-in-ma-vach-cong-nghiep-zebra-zt620-300dpi\\\/#primaryimage\",\"url\":\"https:\\\/\\\/bli.com.vn\\\/wp-content\\\/uploads\\\/2021\\\/04\\\/may-in-ma-vach-zebra-zt620-300dpi.jpg\",\"contentUrl\":\"https:\\\/\\\/bli.com.vn\\\/wp-content\\\/uploads\\\/2021\\\/04\\\/may-in-ma-vach-zebra-zt620-300dpi.jpg\",\"width\":600,\"height\":400,\"caption\":\"M\u00e1y in m\u00e3 v\u1ea1ch Zebra ZT620 - 300dpi - bli.com.vn\"},{\"@type\":\"BreadcrumbList\",\"@id\":\"https:\\\/\\\/bli.com.vn\\\/en\\\/may-in-ma-vach-cong-nghiep-zebra-zt620-300dpi\\\/#breadcrumb\",\"itemListElement\":[{\"@type\":\"ListItem\",\"position\":1,\"name\":\"Home\",\"item\":\"https:\\\/\\\/bli.com.vn\\\/\"},{\"@type\":\"ListItem\",\"position\":2,\"name\":\"S\u1ea3n ph\u1ea9m\",\"item\":\"https:\\\/\\\/bli.com.vn\\\/san-pham\\\/\"},{\"@type\":\"ListItem\",\"position\":3,\"name\":\"M\u00e1y in m\u00e3 v\u1ea1ch c\u00f4ng nghi\u1ec7p Zebra ZT620 &#8211; 300dpi\"}]},{\"@type\":\"WebSite\",\"@id\":\"https:\\\/\\\/bli.com.vn\\\/#website\",\"url\":\"https:\\\/\\\/bli.com.vn\\\/\",\"name\":\"BLI Vi\u1ec7t Nam\",\"description\":\"M\u00e1y in, m\u00e1y qu\u00e9t m\u00e3 v\u1ea1ch Zebra, Honeywell, Datalogic\",\"publisher\":{\"@id\":\"https:\\\/\\\/bli.com.vn\\\/#organization\"},\"potentialAction\":[{\"@type\":\"SearchAction\",\"target\":{\"@type\":\"EntryPoint\",\"urlTemplate\":\"https:\\\/\\\/bli.com.vn\\\/?s={search_term_string}\"},\"query-input\":{\"@type\":\"PropertyValueSpecification\",\"valueRequired\":true,\"valueName\":\"search_term_string\"}}],\"inLanguage\":\"en-US\"},{\"@type\":\"Organization\",\"@id\":\"https:\\\/\\\/bli.com.vn\\\/#organization\",\"name\":\"BLI Vi\u1ec7t Nam\",\"url\":\"https:\\\/\\\/bli.com.vn\\\/\",\"logo\":{\"@type\":\"ImageObject\",\"inLanguage\":\"en-US\",\"@id\":\"https:\\\/\\\/bli.com.vn\\\/#\\\/schema\\\/logo\\\/image\\\/\",\"url\":\"https:\\\/\\\/bli.com.vn\\\/wp-content\\\/uploads\\\/2021\\\/03\\\/site-logo.png\",\"contentUrl\":\"https:\\\/\\\/bli.com.vn\\\/wp-content\\\/uploads\\\/2021\\\/03\\\/site-logo.png\",\"width\":\"400\",\"height\":\"150\",\"caption\":\"BLI Vi\u1ec7t Nam\"},\"image\":{\"@id\":\"https:\\\/\\\/bli.com.vn\\\/#\\\/schema\\\/logo\\\/image\\\/\"}}]}<\/script>\n<!-- \/ Yoast SEO plugin. -->","yoast_head_json":{"title":"M\u00e1y in m\u00e3 v\u1ea1ch c\u00f4ng nghi\u1ec7p Zebra ZT620 - 300dpi - BLI Vi\u1ec7t Nam","description":"Zebra ZT620 - 300dpi l\u00e0 chi\u1ebfc m\u00e1y in m\u00e3 v\u1ea1ch c\u00f4ng nghi\u1ec7p c\u00f9ng d\u00f2ng v\u1edbi ZT610. Ch\u00ednh v\u00ec th\u1ebf, m\u00e1y c\u00f3 \u0111\u1ed9 b\u1ec1n c\u1ef1c cao v\u00e0 kh\u1ea3 n\u0103ng in \u1ea5n v\u01b0\u1ee3t tr\u1ed9i.","robots":{"index":"index","follow":"follow","max-snippet":"max-snippet:-1","max-image-preview":"max-image-preview:large","max-video-preview":"max-video-preview:-1"},"canonical":"https:\/\/bli.com.vn\/en\/may-in-ma-vach-cong-nghiep-zebra-zt620-300dpi\/","og_locale":"en_US","og_type":"article","og_title":"M\u00e1y in m\u00e3 v\u1ea1ch c\u00f4ng nghi\u1ec7p Zebra ZT620 - 300dpi - BLI Vi\u1ec7t Nam","og_description":"Zebra ZT620 - 300dpi l\u00e0 chi\u1ebfc m\u00e1y in m\u00e3 v\u1ea1ch c\u00f4ng nghi\u1ec7p c\u00f9ng d\u00f2ng v\u1edbi ZT610. Ch\u00ednh v\u00ec th\u1ebf, m\u00e1y c\u00f3 \u0111\u1ed9 b\u1ec1n c\u1ef1c cao v\u00e0 kh\u1ea3 n\u0103ng in \u1ea5n v\u01b0\u1ee3t tr\u1ed9i.","og_url":"https:\/\/bli.com.vn\/en\/may-in-ma-vach-cong-nghiep-zebra-zt620-300dpi\/","og_site_name":"BLI Vi\u1ec7t Nam","article_modified_time":"2021-04-28T03:34:57+00:00","og_image":[{"width":600,"height":400,"url":"https:\/\/bli.com.vn\/wp-content\/uploads\/2021\/04\/may-in-ma-vach-zebra-zt620-300dpi.jpg","type":"image\/jpeg"}],"twitter_card":"summary_large_image","twitter_image":"https:\/\/bli.com.vn\/wp-content\/uploads\/2021\/04\/may-in-ma-vach-zebra-zt620-300dpi.jpg","twitter_misc":{"Est. reading time":"2 minutes"},"schema":{"@context":"https:\/\/schema.org","@graph":[{"@type":"WebPage","@id":"https:\/\/bli.com.vn\/en\/may-in-ma-vach-cong-nghiep-zebra-zt620-300dpi\/","url":"https:\/\/bli.com.vn\/en\/may-in-ma-vach-cong-nghiep-zebra-zt620-300dpi\/","name":"M\u00e1y in m\u00e3 v\u1ea1ch c\u00f4ng nghi\u1ec7p Zebra ZT620 - 300dpi - BLI Vi\u1ec7t Nam","isPartOf":{"@id":"https:\/\/bli.com.vn\/#website"},"primaryImageOfPage":{"@id":"https:\/\/bli.com.vn\/en\/may-in-ma-vach-cong-nghiep-zebra-zt620-300dpi\/#primaryimage"},"image":{"@id":"https:\/\/bli.com.vn\/en\/may-in-ma-vach-cong-nghiep-zebra-zt620-300dpi\/#primaryimage"},"thumbnailUrl":"https:\/\/bli.com.vn\/wp-content\/uploads\/2021\/04\/may-in-ma-vach-zebra-zt620-300dpi.jpg","datePublished":"2021-04-10T04:21:43+00:00","dateModified":"2021-04-28T03:34:57+00:00","description":"Zebra ZT620 - 300dpi l\u00e0 chi\u1ebfc m\u00e1y in m\u00e3 v\u1ea1ch c\u00f4ng nghi\u1ec7p c\u00f9ng d\u00f2ng v\u1edbi ZT610. Ch\u00ednh v\u00ec th\u1ebf, m\u00e1y c\u00f3 \u0111\u1ed9 b\u1ec1n c\u1ef1c cao v\u00e0 kh\u1ea3 n\u0103ng in \u1ea5n v\u01b0\u1ee3t tr\u1ed9i.","breadcrumb":{"@id":"https:\/\/bli.com.vn\/en\/may-in-ma-vach-cong-nghiep-zebra-zt620-300dpi\/#breadcrumb"},"inLanguage":"en-US","potentialAction":[{"@type":"ReadAction","target":["https:\/\/bli.com.vn\/en\/may-in-ma-vach-cong-nghiep-zebra-zt620-300dpi\/"]}]},{"@type":"ImageObject","inLanguage":"en-US","@id":"https:\/\/bli.com.vn\/en\/may-in-ma-vach-cong-nghiep-zebra-zt620-300dpi\/#primaryimage","url":"https:\/\/bli.com.vn\/wp-content\/uploads\/2021\/04\/may-in-ma-vach-zebra-zt620-300dpi.jpg","contentUrl":"https:\/\/bli.com.vn\/wp-content\/uploads\/2021\/04\/may-in-ma-vach-zebra-zt620-300dpi.jpg","width":600,"height":400,"caption":"M\u00e1y in m\u00e3 v\u1ea1ch Zebra ZT620 - 300dpi - bli.com.vn"},{"@type":"BreadcrumbList","@id":"https:\/\/bli.com.vn\/en\/may-in-ma-vach-cong-nghiep-zebra-zt620-300dpi\/#breadcrumb","itemListElement":[{"@type":"ListItem","position":1,"name":"Home","item":"https:\/\/bli.com.vn\/"},{"@type":"ListItem","position":2,"name":"S\u1ea3n ph\u1ea9m","item":"https:\/\/bli.com.vn\/san-pham\/"},{"@type":"ListItem","position":3,"name":"M\u00e1y in m\u00e3 v\u1ea1ch c\u00f4ng nghi\u1ec7p Zebra ZT620 &#8211; 300dpi"}]},{"@type":"WebSite","@id":"https:\/\/bli.com.vn\/#website","url":"https:\/\/bli.com.vn\/","name":"BLI Vi\u1ec7t Nam","description":"M\u00e1y in, m\u00e1y qu\u00e9t m\u00e3 v\u1ea1ch Zebra, Honeywell, Datalogic","publisher":{"@id":"https:\/\/bli.com.vn\/#organization"},"potentialAction":[{"@type":"SearchAction","target":{"@type":"EntryPoint","urlTemplate":"https:\/\/bli.com.vn\/?s={search_term_string}"},"query-input":{"@type":"PropertyValueSpecification","valueRequired":true,"valueName":"search_term_string"}}],"inLanguage":"en-US"},{"@type":"Organization","@id":"https:\/\/bli.com.vn\/#organization","name":"BLI Vi\u1ec7t Nam","url":"https:\/\/bli.com.vn\/","logo":{"@type":"ImageObject","inLanguage":"en-US","@id":"https:\/\/bli.com.vn\/#\/schema\/logo\/image\/","url":"https:\/\/bli.com.vn\/wp-content\/uploads\/2021\/03\/site-logo.png","contentUrl":"https:\/\/bli.com.vn\/wp-content\/uploads\/2021\/03\/site-logo.png","width":"400","height":"150","caption":"BLI Vi\u1ec7t Nam"},"image":{"@id":"https:\/\/bli.com.vn\/#\/schema\/logo\/image\/"}}]}},"_links":{"self":[{"href":"https:\/\/bli.com.vn\/en\/wp-json\/wp\/v2\/product\/328","targetHints":{"allow":["GET"]}}],"collection":[{"href":"https:\/\/bli.com.vn\/en\/wp-json\/wp\/v2\/product"}],"about":[{"href":"https:\/\/bli.com.vn\/en\/wp-json\/wp\/v2\/types\/product"}],"wp:featuredmedia":[{"embeddable":true,"href":"https:\/\/bli.com.vn\/en\/wp-json\/wp\/v2\/media\/329"}],"wp:attachment":[{"href":"https:\/\/bli.com.vn\/en\/wp-json\/wp\/v2\/media?parent=328"}],"wp:term":[{"taxonomy":"product_cat","embeddable":true,"href":"https:\/\/bli.com.vn\/en\/wp-json\/wp\/v2\/product_cat?post=328"},{"taxonomy":"product_tag","embeddable":true,"href":"https:\/\/bli.com.vn\/en\/wp-json\/wp\/v2\/product_tag?post=328"}],"curies":[{"name":"wp","href":"https:\/\/api.w.org\/{rel}","templated":true}]}}