{"id":330,"date":"2021-04-10T04:46:09","date_gmt":"2021-04-10T04:46:09","guid":{"rendered":"https:\/\/bli.com.vn\/?post_type=product&#038;p=330"},"modified":"2021-04-28T03:33:33","modified_gmt":"2021-04-28T03:33:33","slug":"may-in-ma-vach-cong-nghiep-zebra-zt620-600dpi","status":"publish","type":"product","link":"https:\/\/bli.com.vn\/en\/may-in-ma-vach-cong-nghiep-zebra-zt620-600dpi\/","title":{"rendered":"Zebra Industrial Barcode Printer ZT620 \u2013 600dpi"},"content":{"rendered":"<p>Zebra barcode printer ZT620 - 600dpi can hold labels up to 150 meters in length, combined with a barcode ribbon with a maximum length of 450 meters to help users limit replacement time.<\/p>\n<p>If you're worried about growing production line demands and growing complexity in operations, integrating disparate systems, or controlling investment costs, the ZT620 has you covered todayand for next years.<\/p>\n<table width=\"453\">\n<tbody>\n<tr>\n<td width=\"453\"><strong>Model: Zebra ZT620<\/strong><\/td>\n<\/tr>\n<tr>\n<td>CPU: Cortex A9 800MHz<\/td>\n<\/tr>\n<tr>\n<td>Memory: 1GB SDRAM \/2GB on-board<\/td>\n<\/tr>\n<tr>\n<td>Print mode: Thermal direct \/ Thermal transfer<\/td>\n<\/tr>\n<tr>\n<td>Screen: Color LCD<\/td>\n<\/tr>\n<tr>\n<td>Print resolution: 600dpi<\/td>\n<\/tr>\n<tr>\n<td>Maximum print width: 168mm<\/td>\n<\/tr>\n<tr>\n<td>Maximum print speed: 305 mm\/s<\/td>\n<\/tr>\n<tr>\n<td>Media sensors: dual media sensors, transmissive and reflective<\/td>\n<\/tr>\n<tr>\n<td>Media width: 2.0\u2033 (51 mm) \u2192 7.1\u2033 (180 mm)<\/td>\n<\/tr>\n<tr>\n<td>Media roll size: 3.2\u2033 (81.3 mm) on a 1.0\u2033(25.4 mm)<\/td>\n<\/tr>\n<tr>\n<td width=\"453\"><strong>Media thickness:<\/strong><br \/>\n0.003&#8243; (0.076 mm) \u2192 0.007&#8243; (0.18 mm) n\u1ebfu s\u1eed d\u1ee5ng cutter<br \/>\n0.012\u2033 (0.305 mm) without cutter<\/td>\n<\/tr>\n<tr>\n<td>Ribbon core: 1.0\u2033(25.4 mm)<\/td>\n<\/tr>\n<tr>\n<td>Maximum ribbon length: 1476\u2033 (450 m)<\/td>\n<\/tr>\n<tr>\n<td>Ribbon width: 2.0\u2033 (51 mm) \u0111\u1ebfn 6.7\u2033 (170 mm)<\/td>\n<\/tr>\n<tr>\n<td width=\"453\"><strong>Communication:<\/strong><br \/>\nStandard: USB 2.0, RS232; Bluetooth 4.0; Gigabyte Ethernet (LAN), NFC<br \/>\nOption: Parallel; Wifi<\/td>\n<\/tr>\n<tr>\n<td width=\"453\"><strong>Options:<\/strong><br \/>\nCutter<br \/>\nRewinder<br \/>\nPeeler<\/td>\n<\/tr>\n<tr>\n<td>RFID: yes<\/td>\n<\/tr>\n<tr>\n<td width=\"453\"><strong>Media characteristics:<\/strong><br \/>\nLength : 15.58\u2033 (395.68 mm)<br \/>\nWidth: 13.44\u2033 (341.45 mm)<br \/>\nHeight: 19.88\u2033 (505.00 mm)<\/td>\n<\/tr>\n<tr>\n<td width=\"453\">Weight: 57.4 lbs. (26 kg)<\/td>\n<\/tr>\n<\/tbody>\n<\/table>","protected":false},"excerpt":{"rendered":"<p>In manufacturing plants or other businesses operating in the field of industry, warehousing, logistics, etc., have a need to use large labels and need to print stamps continuously, portable label printers are good. desktop certainly cannot meet this need well. Instead, the Zebra ZT620 industrial barcode label printer - 600dpi, 300dpi with superior performance is the most suitable choice!<\/p>","protected":false},"featured_media":331,"template":"","meta":{"_genesis_hide_title":false,"_genesis_hide_breadcrumbs":false,"_genesis_hide_singular_image":false,"_genesis_hide_footer_widgets":false,"_genesis_custom_body_class":"","_genesis_custom_post_class":"","_genesis_layout":""},"product_cat":[17],"product_tag":[],"class_list":{"0":"post-330","1":"product","2":"type-product","3":"status-publish","4":"has-post-thumbnail","6":"product_cat-may-in-ma-vach","7":"entry","9":"first","10":"instock","11":"shipping-taxable","12":"product-type-simple"},"yoast_head":"<!-- This site is optimized with the Yoast SEO plugin v27.3 - https:\/\/yoast.com\/product\/yoast-seo-wordpress\/ -->\n<title>M\u00e1y in m\u00e3 v\u1ea1ch c\u00f4ng nghi\u1ec7p Zebra ZT620 - 600dpi - BLI Vi\u1ec7t Nam<\/title>\n<meta name=\"description\" content=\"Cho d\u00f9 b\u1ea1n lo l\u1eafng v\u1ec1 nhu c\u1ea7u d\u00e2y chuy\u1ec1n s\u1ea3n xu\u1ea5t t\u0103ng v\u00e0 s\u1ef1 ph\u1ee9c t\u1ea1p ng\u00e0y c\u00e0ng t\u0103ng trong v\u1eadn h\u00e0nh, t\u00edch h\u1ee3p c\u00e1c h\u1ec7 th\u1ed1ng kh\u00e1c nhau hay ki\u1ec3m so\u00e1t chi ph\u00ed \u0111\u1ea7u t\u01b0, th\u00ec M\u00e1y in m\u00e3 v\u1ea1ch c\u00f4ng nghi\u1ec7p Zebra ZT620 - 600dpi s\u1ebd gi\u00fap b\u1ea1n gi\u1ea3i quy\u1ebft ngay h\u00f4m nay \u2013 v\u00e0 trong nhi\u1ec1u n\u0103m t\u1edbi.\" \/>\n<meta name=\"robots\" content=\"index, follow, max-snippet:-1, max-image-preview:large, max-video-preview:-1\" \/>\n<link rel=\"canonical\" href=\"https:\/\/bli.com.vn\/en\/may-in-ma-vach-cong-nghiep-zebra-zt620-600dpi\/\" \/>\n<meta property=\"og:locale\" content=\"en_US\" \/>\n<meta property=\"og:type\" content=\"article\" \/>\n<meta property=\"og:title\" content=\"M\u00e1y in m\u00e3 v\u1ea1ch c\u00f4ng nghi\u1ec7p Zebra ZT620 - 600dpi - BLI Vi\u1ec7t Nam\" \/>\n<meta property=\"og:description\" content=\"Cho d\u00f9 b\u1ea1n lo l\u1eafng v\u1ec1 nhu c\u1ea7u d\u00e2y chuy\u1ec1n s\u1ea3n xu\u1ea5t t\u0103ng v\u00e0 s\u1ef1 ph\u1ee9c t\u1ea1p ng\u00e0y c\u00e0ng t\u0103ng trong v\u1eadn h\u00e0nh, t\u00edch h\u1ee3p c\u00e1c h\u1ec7 th\u1ed1ng kh\u00e1c nhau hay ki\u1ec3m so\u00e1t chi ph\u00ed \u0111\u1ea7u t\u01b0, th\u00ec M\u00e1y in m\u00e3 v\u1ea1ch c\u00f4ng nghi\u1ec7p Zebra ZT620 - 600dpi s\u1ebd gi\u00fap b\u1ea1n gi\u1ea3i quy\u1ebft ngay h\u00f4m nay \u2013 v\u00e0 trong nhi\u1ec1u n\u0103m t\u1edbi.\" \/>\n<meta property=\"og:url\" content=\"https:\/\/bli.com.vn\/en\/may-in-ma-vach-cong-nghiep-zebra-zt620-600dpi\/\" \/>\n<meta property=\"og:site_name\" content=\"BLI Vi\u1ec7t Nam\" \/>\n<meta property=\"article:modified_time\" content=\"2021-04-28T03:33:33+00:00\" \/>\n<meta property=\"og:image\" content=\"https:\/\/bli.com.vn\/wp-content\/uploads\/2021\/04\/may-in-ma-vach-zebra-zt620-600dpi.jpg\" \/>\n\t<meta property=\"og:image:width\" content=\"600\" \/>\n\t<meta property=\"og:image:height\" content=\"400\" \/>\n\t<meta property=\"og:image:type\" content=\"image\/jpeg\" \/>\n<meta name=\"twitter:card\" content=\"summary_large_image\" \/>\n<meta name=\"twitter:image\" content=\"https:\/\/bli.com.vn\/wp-content\/uploads\/2021\/04\/may-in-ma-vach-zebra-zt620-600dpi.jpg\" \/>\n<meta name=\"twitter:label1\" content=\"Est. reading time\" \/>\n\t<meta name=\"twitter:data1\" content=\"2 minutes\" \/>\n<script type=\"application\/ld+json\" class=\"yoast-schema-graph\">{\"@context\":\"https:\\\/\\\/schema.org\",\"@graph\":[{\"@type\":\"WebPage\",\"@id\":\"https:\\\/\\\/bli.com.vn\\\/en\\\/may-in-ma-vach-cong-nghiep-zebra-zt620-600dpi\\\/\",\"url\":\"https:\\\/\\\/bli.com.vn\\\/en\\\/may-in-ma-vach-cong-nghiep-zebra-zt620-600dpi\\\/\",\"name\":\"M\u00e1y in m\u00e3 v\u1ea1ch c\u00f4ng nghi\u1ec7p Zebra ZT620 - 600dpi - BLI Vi\u1ec7t Nam\",\"isPartOf\":{\"@id\":\"https:\\\/\\\/bli.com.vn\\\/#website\"},\"primaryImageOfPage\":{\"@id\":\"https:\\\/\\\/bli.com.vn\\\/en\\\/may-in-ma-vach-cong-nghiep-zebra-zt620-600dpi\\\/#primaryimage\"},\"image\":{\"@id\":\"https:\\\/\\\/bli.com.vn\\\/en\\\/may-in-ma-vach-cong-nghiep-zebra-zt620-600dpi\\\/#primaryimage\"},\"thumbnailUrl\":\"https:\\\/\\\/bli.com.vn\\\/wp-content\\\/uploads\\\/2021\\\/04\\\/may-in-ma-vach-zebra-zt620-600dpi.jpg\",\"datePublished\":\"2021-04-10T04:46:09+00:00\",\"dateModified\":\"2021-04-28T03:33:33+00:00\",\"description\":\"Cho d\u00f9 b\u1ea1n lo l\u1eafng v\u1ec1 nhu c\u1ea7u d\u00e2y chuy\u1ec1n s\u1ea3n xu\u1ea5t t\u0103ng v\u00e0 s\u1ef1 ph\u1ee9c t\u1ea1p ng\u00e0y c\u00e0ng t\u0103ng trong v\u1eadn h\u00e0nh, t\u00edch h\u1ee3p c\u00e1c h\u1ec7 th\u1ed1ng kh\u00e1c nhau hay ki\u1ec3m so\u00e1t chi ph\u00ed \u0111\u1ea7u t\u01b0, th\u00ec M\u00e1y in m\u00e3 v\u1ea1ch c\u00f4ng nghi\u1ec7p Zebra ZT620 - 600dpi s\u1ebd gi\u00fap b\u1ea1n gi\u1ea3i quy\u1ebft ngay h\u00f4m nay \u2013 v\u00e0 trong nhi\u1ec1u n\u0103m t\u1edbi.\",\"breadcrumb\":{\"@id\":\"https:\\\/\\\/bli.com.vn\\\/en\\\/may-in-ma-vach-cong-nghiep-zebra-zt620-600dpi\\\/#breadcrumb\"},\"inLanguage\":\"en-US\",\"potentialAction\":[{\"@type\":\"ReadAction\",\"target\":[\"https:\\\/\\\/bli.com.vn\\\/en\\\/may-in-ma-vach-cong-nghiep-zebra-zt620-600dpi\\\/\"]}]},{\"@type\":\"ImageObject\",\"inLanguage\":\"en-US\",\"@id\":\"https:\\\/\\\/bli.com.vn\\\/en\\\/may-in-ma-vach-cong-nghiep-zebra-zt620-600dpi\\\/#primaryimage\",\"url\":\"https:\\\/\\\/bli.com.vn\\\/wp-content\\\/uploads\\\/2021\\\/04\\\/may-in-ma-vach-zebra-zt620-600dpi.jpg\",\"contentUrl\":\"https:\\\/\\\/bli.com.vn\\\/wp-content\\\/uploads\\\/2021\\\/04\\\/may-in-ma-vach-zebra-zt620-600dpi.jpg\",\"width\":600,\"height\":400,\"caption\":\"M\u00e1y in m\u00e3 v\u1ea1ch c\u00f4ng nghi\u1ec7p Zebra ZT620 - 600dpi - bli.com.vn\"},{\"@type\":\"BreadcrumbList\",\"@id\":\"https:\\\/\\\/bli.com.vn\\\/en\\\/may-in-ma-vach-cong-nghiep-zebra-zt620-600dpi\\\/#breadcrumb\",\"itemListElement\":[{\"@type\":\"ListItem\",\"position\":1,\"name\":\"Home\",\"item\":\"https:\\\/\\\/bli.com.vn\\\/\"},{\"@type\":\"ListItem\",\"position\":2,\"name\":\"S\u1ea3n ph\u1ea9m\",\"item\":\"https:\\\/\\\/bli.com.vn\\\/san-pham\\\/\"},{\"@type\":\"ListItem\",\"position\":3,\"name\":\"M\u00e1y in m\u00e3 v\u1ea1ch c\u00f4ng nghi\u1ec7p Zebra ZT620 &#8211; 600dpi\"}]},{\"@type\":\"WebSite\",\"@id\":\"https:\\\/\\\/bli.com.vn\\\/#website\",\"url\":\"https:\\\/\\\/bli.com.vn\\\/\",\"name\":\"BLI Vi\u1ec7t Nam\",\"description\":\"M\u00e1y in, m\u00e1y qu\u00e9t m\u00e3 v\u1ea1ch Zebra, Honeywell, Datalogic\",\"publisher\":{\"@id\":\"https:\\\/\\\/bli.com.vn\\\/#organization\"},\"potentialAction\":[{\"@type\":\"SearchAction\",\"target\":{\"@type\":\"EntryPoint\",\"urlTemplate\":\"https:\\\/\\\/bli.com.vn\\\/?s={search_term_string}\"},\"query-input\":{\"@type\":\"PropertyValueSpecification\",\"valueRequired\":true,\"valueName\":\"search_term_string\"}}],\"inLanguage\":\"en-US\"},{\"@type\":\"Organization\",\"@id\":\"https:\\\/\\\/bli.com.vn\\\/#organization\",\"name\":\"BLI Vi\u1ec7t Nam\",\"url\":\"https:\\\/\\\/bli.com.vn\\\/\",\"logo\":{\"@type\":\"ImageObject\",\"inLanguage\":\"en-US\",\"@id\":\"https:\\\/\\\/bli.com.vn\\\/#\\\/schema\\\/logo\\\/image\\\/\",\"url\":\"https:\\\/\\\/bli.com.vn\\\/wp-content\\\/uploads\\\/2021\\\/03\\\/site-logo.png\",\"contentUrl\":\"https:\\\/\\\/bli.com.vn\\\/wp-content\\\/uploads\\\/2021\\\/03\\\/site-logo.png\",\"width\":\"400\",\"height\":\"150\",\"caption\":\"BLI Vi\u1ec7t Nam\"},\"image\":{\"@id\":\"https:\\\/\\\/bli.com.vn\\\/#\\\/schema\\\/logo\\\/image\\\/\"}}]}<\/script>\n<!-- \/ Yoast SEO plugin. -->","yoast_head_json":{"title":"M\u00e1y in m\u00e3 v\u1ea1ch c\u00f4ng nghi\u1ec7p Zebra ZT620 - 600dpi - BLI Vi\u1ec7t Nam","description":"Cho d\u00f9 b\u1ea1n lo l\u1eafng v\u1ec1 nhu c\u1ea7u d\u00e2y chuy\u1ec1n s\u1ea3n xu\u1ea5t t\u0103ng v\u00e0 s\u1ef1 ph\u1ee9c t\u1ea1p ng\u00e0y c\u00e0ng t\u0103ng trong v\u1eadn h\u00e0nh, t\u00edch h\u1ee3p c\u00e1c h\u1ec7 th\u1ed1ng kh\u00e1c nhau hay ki\u1ec3m so\u00e1t chi ph\u00ed \u0111\u1ea7u t\u01b0, th\u00ec M\u00e1y in m\u00e3 v\u1ea1ch c\u00f4ng nghi\u1ec7p Zebra ZT620 - 600dpi s\u1ebd gi\u00fap b\u1ea1n gi\u1ea3i quy\u1ebft ngay h\u00f4m nay \u2013 v\u00e0 trong nhi\u1ec1u n\u0103m t\u1edbi.","robots":{"index":"index","follow":"follow","max-snippet":"max-snippet:-1","max-image-preview":"max-image-preview:large","max-video-preview":"max-video-preview:-1"},"canonical":"https:\/\/bli.com.vn\/en\/may-in-ma-vach-cong-nghiep-zebra-zt620-600dpi\/","og_locale":"en_US","og_type":"article","og_title":"M\u00e1y in m\u00e3 v\u1ea1ch c\u00f4ng nghi\u1ec7p Zebra ZT620 - 600dpi - BLI Vi\u1ec7t Nam","og_description":"Cho d\u00f9 b\u1ea1n lo l\u1eafng v\u1ec1 nhu c\u1ea7u d\u00e2y chuy\u1ec1n s\u1ea3n xu\u1ea5t t\u0103ng v\u00e0 s\u1ef1 ph\u1ee9c t\u1ea1p ng\u00e0y c\u00e0ng t\u0103ng trong v\u1eadn h\u00e0nh, t\u00edch h\u1ee3p c\u00e1c h\u1ec7 th\u1ed1ng kh\u00e1c nhau hay ki\u1ec3m so\u00e1t chi ph\u00ed \u0111\u1ea7u t\u01b0, th\u00ec M\u00e1y in m\u00e3 v\u1ea1ch c\u00f4ng nghi\u1ec7p Zebra ZT620 - 600dpi s\u1ebd gi\u00fap b\u1ea1n gi\u1ea3i quy\u1ebft ngay h\u00f4m nay \u2013 v\u00e0 trong nhi\u1ec1u n\u0103m t\u1edbi.","og_url":"https:\/\/bli.com.vn\/en\/may-in-ma-vach-cong-nghiep-zebra-zt620-600dpi\/","og_site_name":"BLI Vi\u1ec7t Nam","article_modified_time":"2021-04-28T03:33:33+00:00","og_image":[{"width":600,"height":400,"url":"https:\/\/bli.com.vn\/wp-content\/uploads\/2021\/04\/may-in-ma-vach-zebra-zt620-600dpi.jpg","type":"image\/jpeg"}],"twitter_card":"summary_large_image","twitter_image":"https:\/\/bli.com.vn\/wp-content\/uploads\/2021\/04\/may-in-ma-vach-zebra-zt620-600dpi.jpg","twitter_misc":{"Est. reading time":"2 minutes"},"schema":{"@context":"https:\/\/schema.org","@graph":[{"@type":"WebPage","@id":"https:\/\/bli.com.vn\/en\/may-in-ma-vach-cong-nghiep-zebra-zt620-600dpi\/","url":"https:\/\/bli.com.vn\/en\/may-in-ma-vach-cong-nghiep-zebra-zt620-600dpi\/","name":"M\u00e1y in m\u00e3 v\u1ea1ch c\u00f4ng nghi\u1ec7p Zebra ZT620 - 600dpi - BLI Vi\u1ec7t Nam","isPartOf":{"@id":"https:\/\/bli.com.vn\/#website"},"primaryImageOfPage":{"@id":"https:\/\/bli.com.vn\/en\/may-in-ma-vach-cong-nghiep-zebra-zt620-600dpi\/#primaryimage"},"image":{"@id":"https:\/\/bli.com.vn\/en\/may-in-ma-vach-cong-nghiep-zebra-zt620-600dpi\/#primaryimage"},"thumbnailUrl":"https:\/\/bli.com.vn\/wp-content\/uploads\/2021\/04\/may-in-ma-vach-zebra-zt620-600dpi.jpg","datePublished":"2021-04-10T04:46:09+00:00","dateModified":"2021-04-28T03:33:33+00:00","description":"Cho d\u00f9 b\u1ea1n lo l\u1eafng v\u1ec1 nhu c\u1ea7u d\u00e2y chuy\u1ec1n s\u1ea3n xu\u1ea5t t\u0103ng v\u00e0 s\u1ef1 ph\u1ee9c t\u1ea1p ng\u00e0y c\u00e0ng t\u0103ng trong v\u1eadn h\u00e0nh, t\u00edch h\u1ee3p c\u00e1c h\u1ec7 th\u1ed1ng kh\u00e1c nhau hay ki\u1ec3m so\u00e1t chi ph\u00ed \u0111\u1ea7u t\u01b0, th\u00ec M\u00e1y in m\u00e3 v\u1ea1ch c\u00f4ng nghi\u1ec7p Zebra ZT620 - 600dpi s\u1ebd gi\u00fap b\u1ea1n gi\u1ea3i quy\u1ebft ngay h\u00f4m nay \u2013 v\u00e0 trong nhi\u1ec1u n\u0103m t\u1edbi.","breadcrumb":{"@id":"https:\/\/bli.com.vn\/en\/may-in-ma-vach-cong-nghiep-zebra-zt620-600dpi\/#breadcrumb"},"inLanguage":"en-US","potentialAction":[{"@type":"ReadAction","target":["https:\/\/bli.com.vn\/en\/may-in-ma-vach-cong-nghiep-zebra-zt620-600dpi\/"]}]},{"@type":"ImageObject","inLanguage":"en-US","@id":"https:\/\/bli.com.vn\/en\/may-in-ma-vach-cong-nghiep-zebra-zt620-600dpi\/#primaryimage","url":"https:\/\/bli.com.vn\/wp-content\/uploads\/2021\/04\/may-in-ma-vach-zebra-zt620-600dpi.jpg","contentUrl":"https:\/\/bli.com.vn\/wp-content\/uploads\/2021\/04\/may-in-ma-vach-zebra-zt620-600dpi.jpg","width":600,"height":400,"caption":"M\u00e1y in m\u00e3 v\u1ea1ch c\u00f4ng nghi\u1ec7p Zebra ZT620 - 600dpi - bli.com.vn"},{"@type":"BreadcrumbList","@id":"https:\/\/bli.com.vn\/en\/may-in-ma-vach-cong-nghiep-zebra-zt620-600dpi\/#breadcrumb","itemListElement":[{"@type":"ListItem","position":1,"name":"Home","item":"https:\/\/bli.com.vn\/"},{"@type":"ListItem","position":2,"name":"S\u1ea3n ph\u1ea9m","item":"https:\/\/bli.com.vn\/san-pham\/"},{"@type":"ListItem","position":3,"name":"M\u00e1y in m\u00e3 v\u1ea1ch c\u00f4ng nghi\u1ec7p Zebra ZT620 &#8211; 600dpi"}]},{"@type":"WebSite","@id":"https:\/\/bli.com.vn\/#website","url":"https:\/\/bli.com.vn\/","name":"BLI Vi\u1ec7t Nam","description":"M\u00e1y in, m\u00e1y qu\u00e9t m\u00e3 v\u1ea1ch Zebra, Honeywell, Datalogic","publisher":{"@id":"https:\/\/bli.com.vn\/#organization"},"potentialAction":[{"@type":"SearchAction","target":{"@type":"EntryPoint","urlTemplate":"https:\/\/bli.com.vn\/?s={search_term_string}"},"query-input":{"@type":"PropertyValueSpecification","valueRequired":true,"valueName":"search_term_string"}}],"inLanguage":"en-US"},{"@type":"Organization","@id":"https:\/\/bli.com.vn\/#organization","name":"BLI Vi\u1ec7t Nam","url":"https:\/\/bli.com.vn\/","logo":{"@type":"ImageObject","inLanguage":"en-US","@id":"https:\/\/bli.com.vn\/#\/schema\/logo\/image\/","url":"https:\/\/bli.com.vn\/wp-content\/uploads\/2021\/03\/site-logo.png","contentUrl":"https:\/\/bli.com.vn\/wp-content\/uploads\/2021\/03\/site-logo.png","width":"400","height":"150","caption":"BLI Vi\u1ec7t Nam"},"image":{"@id":"https:\/\/bli.com.vn\/#\/schema\/logo\/image\/"}}]}},"_links":{"self":[{"href":"https:\/\/bli.com.vn\/en\/wp-json\/wp\/v2\/product\/330","targetHints":{"allow":["GET"]}}],"collection":[{"href":"https:\/\/bli.com.vn\/en\/wp-json\/wp\/v2\/product"}],"about":[{"href":"https:\/\/bli.com.vn\/en\/wp-json\/wp\/v2\/types\/product"}],"wp:featuredmedia":[{"embeddable":true,"href":"https:\/\/bli.com.vn\/en\/wp-json\/wp\/v2\/media\/331"}],"wp:attachment":[{"href":"https:\/\/bli.com.vn\/en\/wp-json\/wp\/v2\/media?parent=330"}],"wp:term":[{"taxonomy":"product_cat","embeddable":true,"href":"https:\/\/bli.com.vn\/en\/wp-json\/wp\/v2\/product_cat?post=330"},{"taxonomy":"product_tag","embeddable":true,"href":"https:\/\/bli.com.vn\/en\/wp-json\/wp\/v2\/product_tag?post=330"}],"curies":[{"name":"wp","href":"https:\/\/api.w.org\/{rel}","templated":true}]}}