{"id":348,"date":"2021-04-13T07:49:49","date_gmt":"2021-04-13T07:49:49","guid":{"rendered":"https:\/\/bli.com.vn\/?post_type=product&#038;p=348"},"modified":"2023-01-12T08:38:05","modified_gmt":"2023-01-12T08:38:05","slug":"may-quet-ma-vach-honeywell-1950ghd-2usb-a","status":"publish","type":"product","link":"https:\/\/bli.com.vn\/en\/may-quet-ma-vach-honeywell-1950ghd-2usb-a\/","title":{"rendered":"Honeywell 1950GHD-2USB-A Barcode Scanner"},"content":{"rendered":"<p>Honeywell 1950GHD barcode reader is designed with soft curved edges, comfortable in the hand to help users directly work for many hours without causing hand fatigue. The scanning tube lens of the 1950GHD barcode reader also inherited from the 1900 generation has a good, optimal width to help users flexibly, easily take pictures and collect barcode data in the fastest way. At the same time, Honeywell 1950GHD is resistant to impact when dropped 1.8m to the concrete floor many times but can still be used normally and meets IP41 standard to avoid moisture penetration from the use environment.<\/p>\n<table width=\"453\">\n<tbody>\n<tr>\n<td width=\"453\"><strong>Model: Honeywell Xenon MS1950GHD<\/strong><\/td>\n<\/tr>\n<tr>\n<td>Scan technology: Image scanner (1280 x 800 pixel array)<\/td>\n<\/tr>\n<tr>\n<td>Decode capbility: 1D, 2D, PDF<\/td>\n<\/tr>\n<tr>\n<td>Scan distance: 25-30cm (depending on the size and clarity of the barcode)<\/td>\n<\/tr>\n<tr>\n<td>Memory: No<\/td>\n<\/tr>\n<tr>\n<td width=\"453\">Interface: USB<\/td>\n<\/tr>\n<tr>\n<td>Base: No<\/td>\n<\/tr>\n<tr>\n<td width=\"453\">Dimension: 99 mm x 64 mm x 165 mm (3.9 in x 2.5 in x 6.5 in)<\/td>\n<\/tr>\n<tr>\n<td width=\"453\">Weight: 160 g (5.6 oz)<\/td>\n<\/tr>\n<tr>\n<td><strong>Other:<\/strong><\/td>\n<\/tr>\n<tr>\n<td>Scanner type: handheld, wired<\/td>\n<\/tr>\n<tr>\n<td>Contrast: Minimum 20%<\/td>\n<\/tr>\n<tr>\n<td>Operating temperature: 0\u00b0C to 50\u00b0C<\/td>\n<\/tr>\n<tr>\n<td>Storage temperature: -40\u00b0C to 70\u00b0C<\/td>\n<\/tr>\n<tr>\n<td>Humidity: 0% to 95%<\/td>\n<\/tr>\n<tr>\n<td>Drop specification: 1,8m<\/td>\n<\/tr>\n<tr>\n<td>Standard: IP41<\/td>\n<\/tr>\n<tr>\n<td>Light source: 0 to 100,000 lux (9,290 foot-candles)<\/td>\n<\/tr>\n<tr>\n<td>Waranty: 12 months (cable: 3 months)<\/td>\n<\/tr>\n<\/tbody>\n<\/table>","protected":false},"excerpt":{"rendered":"<p>The Honeywell Xenon 1950GHD-2USB-A barcode scanner offers class-leading performance and reliability, easily capturing even the most difficult-to-read barcodes on a variety of substrates, smudges or poor print quality. Honeywell 1950GHD possesses a sophisticated, modern and luxurious appearance. With a compact handle design integrated with many smart features, it helps you to scan codes quickly and conveniently and place them in many positions.<\/p>","protected":false},"featured_media":349,"template":"","meta":{"_genesis_hide_title":false,"_genesis_hide_breadcrumbs":false,"_genesis_hide_singular_image":false,"_genesis_hide_footer_widgets":false,"_genesis_custom_body_class":"","_genesis_custom_post_class":"","_genesis_layout":""},"product_cat":[18],"product_tag":[23],"class_list":{"0":"post-348","1":"product","2":"type-product","3":"status-publish","4":"has-post-thumbnail","6":"product_cat-may-quet-ma-vach","7":"product_tag-honeywell","8":"entry","10":"first","11":"instock","12":"featured","13":"shipping-taxable","14":"product-type-simple"},"yoast_head":"<!-- This site is optimized with the Yoast SEO plugin v27.3 - https:\/\/yoast.com\/product\/yoast-seo-wordpress\/ -->\n<title>M\u00e1y qu\u00e9t m\u00e3 v\u1ea1ch Honeywell 1950GHD-2USB-A - BLI Vi\u1ec7t Nam<\/title>\n<meta name=\"description\" content=\"M\u00e1y \u0111\u1ecdc m\u00e3 v\u1ea1ch Honeywell 1950GHD \u0111\u01b0\u1ee3c thi\u1ebft k\u1ebf bo cong m\u1ec1m m\u1ea1i, v\u1eeba tay c\u1ea7m gi\u00fap ng\u01b0\u1eddi s\u1eed d\u1ee5ng tr\u1ef1c ti\u1ebfp l\u00e0m vi\u1ec7c trong nhi\u1ec1u gi\u1edd m\u00e0 kh\u00f4ng g\u00e2y m\u1ecfi tay.\" \/>\n<meta name=\"robots\" content=\"index, follow, max-snippet:-1, max-image-preview:large, max-video-preview:-1\" \/>\n<link rel=\"canonical\" href=\"https:\/\/bli.com.vn\/en\/may-quet-ma-vach-honeywell-1950ghd-2usb-a\/\" \/>\n<meta property=\"og:locale\" content=\"en_US\" \/>\n<meta property=\"og:type\" content=\"article\" \/>\n<meta property=\"og:title\" content=\"M\u00e1y qu\u00e9t m\u00e3 v\u1ea1ch Honeywell 1950GHD-2USB-A - BLI Vi\u1ec7t Nam\" \/>\n<meta property=\"og:description\" content=\"M\u00e1y \u0111\u1ecdc m\u00e3 v\u1ea1ch Honeywell 1950GHD \u0111\u01b0\u1ee3c thi\u1ebft k\u1ebf bo cong m\u1ec1m m\u1ea1i, v\u1eeba tay c\u1ea7m gi\u00fap ng\u01b0\u1eddi s\u1eed d\u1ee5ng tr\u1ef1c ti\u1ebfp l\u00e0m vi\u1ec7c trong nhi\u1ec1u gi\u1edd m\u00e0 kh\u00f4ng g\u00e2y m\u1ecfi tay.\" \/>\n<meta property=\"og:url\" content=\"https:\/\/bli.com.vn\/en\/may-quet-ma-vach-honeywell-1950ghd-2usb-a\/\" \/>\n<meta property=\"og:site_name\" content=\"BLI Vi\u1ec7t Nam\" \/>\n<meta property=\"article:modified_time\" content=\"2023-01-12T08:38:05+00:00\" \/>\n<meta property=\"og:image\" content=\"https:\/\/bli.com.vn\/wp-content\/uploads\/2021\/04\/may-quet-ma-vach-Honeywell-1950GHD-2USB-A.jpg\" \/>\n\t<meta property=\"og:image:width\" content=\"600\" \/>\n\t<meta property=\"og:image:height\" content=\"400\" \/>\n\t<meta property=\"og:image:type\" content=\"image\/jpeg\" \/>\n<meta name=\"twitter:card\" content=\"summary_large_image\" \/>\n<meta name=\"twitter:image\" content=\"https:\/\/bli.com.vn\/wp-content\/uploads\/2021\/04\/may-quet-ma-vach-Honeywell-1950GHD-2USB-A.jpg\" \/>\n<meta name=\"twitter:label1\" content=\"Est. reading time\" \/>\n\t<meta name=\"twitter:data1\" content=\"2 minutes\" \/>\n<script type=\"application\/ld+json\" class=\"yoast-schema-graph\">{\"@context\":\"https:\\\/\\\/schema.org\",\"@graph\":[{\"@type\":\"WebPage\",\"@id\":\"https:\\\/\\\/bli.com.vn\\\/may-quet-ma-vach-honeywell-1950ghd-2usb-a\\\/\",\"url\":\"https:\\\/\\\/bli.com.vn\\\/may-quet-ma-vach-honeywell-1950ghd-2usb-a\\\/\",\"name\":\"M\u00e1y qu\u00e9t m\u00e3 v\u1ea1ch Honeywell 1950GHD-2USB-A - BLI Vi\u1ec7t Nam\",\"isPartOf\":{\"@id\":\"https:\\\/\\\/bli.com.vn\\\/#website\"},\"primaryImageOfPage\":{\"@id\":\"https:\\\/\\\/bli.com.vn\\\/may-quet-ma-vach-honeywell-1950ghd-2usb-a\\\/#primaryimage\"},\"image\":{\"@id\":\"https:\\\/\\\/bli.com.vn\\\/may-quet-ma-vach-honeywell-1950ghd-2usb-a\\\/#primaryimage\"},\"thumbnailUrl\":\"https:\\\/\\\/bli.com.vn\\\/wp-content\\\/uploads\\\/2021\\\/04\\\/may-quet-ma-vach-Honeywell-1950GHD-2USB-A.jpg\",\"datePublished\":\"2021-04-13T07:49:49+00:00\",\"dateModified\":\"2023-01-12T08:38:05+00:00\",\"description\":\"M\u00e1y \u0111\u1ecdc m\u00e3 v\u1ea1ch Honeywell 1950GHD \u0111\u01b0\u1ee3c thi\u1ebft k\u1ebf bo cong m\u1ec1m m\u1ea1i, v\u1eeba tay c\u1ea7m gi\u00fap ng\u01b0\u1eddi s\u1eed d\u1ee5ng tr\u1ef1c ti\u1ebfp l\u00e0m vi\u1ec7c trong nhi\u1ec1u gi\u1edd m\u00e0 kh\u00f4ng g\u00e2y m\u1ecfi tay.\",\"breadcrumb\":{\"@id\":\"https:\\\/\\\/bli.com.vn\\\/may-quet-ma-vach-honeywell-1950ghd-2usb-a\\\/#breadcrumb\"},\"inLanguage\":\"en-US\",\"potentialAction\":[{\"@type\":\"ReadAction\",\"target\":[\"https:\\\/\\\/bli.com.vn\\\/may-quet-ma-vach-honeywell-1950ghd-2usb-a\\\/\"]}]},{\"@type\":\"ImageObject\",\"inLanguage\":\"en-US\",\"@id\":\"https:\\\/\\\/bli.com.vn\\\/may-quet-ma-vach-honeywell-1950ghd-2usb-a\\\/#primaryimage\",\"url\":\"https:\\\/\\\/bli.com.vn\\\/wp-content\\\/uploads\\\/2021\\\/04\\\/may-quet-ma-vach-Honeywell-1950GHD-2USB-A.jpg\",\"contentUrl\":\"https:\\\/\\\/bli.com.vn\\\/wp-content\\\/uploads\\\/2021\\\/04\\\/may-quet-ma-vach-Honeywell-1950GHD-2USB-A.jpg\",\"width\":600,\"height\":400,\"caption\":\"M\u00e1y qu\u00e9t m\u00e3 v\u1ea1ch Honeywell Xenon 1950GHD-2USB-A\"},{\"@type\":\"BreadcrumbList\",\"@id\":\"https:\\\/\\\/bli.com.vn\\\/may-quet-ma-vach-honeywell-1950ghd-2usb-a\\\/#breadcrumb\",\"itemListElement\":[{\"@type\":\"ListItem\",\"position\":1,\"name\":\"Home\",\"item\":\"https:\\\/\\\/bli.com.vn\\\/\"},{\"@type\":\"ListItem\",\"position\":2,\"name\":\"S\u1ea3n ph\u1ea9m\",\"item\":\"https:\\\/\\\/bli.com.vn\\\/san-pham\\\/\"},{\"@type\":\"ListItem\",\"position\":3,\"name\":\"M\u00e1y qu\u00e9t m\u00e3 v\u1ea1ch Honeywell 1950GHD-2USB-A\"}]},{\"@type\":\"WebSite\",\"@id\":\"https:\\\/\\\/bli.com.vn\\\/#website\",\"url\":\"https:\\\/\\\/bli.com.vn\\\/\",\"name\":\"BLI Vi\u1ec7t Nam\",\"description\":\"M\u00e1y in, m\u00e1y qu\u00e9t m\u00e3 v\u1ea1ch Zebra, Honeywell, Datalogic\",\"publisher\":{\"@id\":\"https:\\\/\\\/bli.com.vn\\\/#organization\"},\"potentialAction\":[{\"@type\":\"SearchAction\",\"target\":{\"@type\":\"EntryPoint\",\"urlTemplate\":\"https:\\\/\\\/bli.com.vn\\\/?s={search_term_string}\"},\"query-input\":{\"@type\":\"PropertyValueSpecification\",\"valueRequired\":true,\"valueName\":\"search_term_string\"}}],\"inLanguage\":\"en-US\"},{\"@type\":\"Organization\",\"@id\":\"https:\\\/\\\/bli.com.vn\\\/#organization\",\"name\":\"BLI Vi\u1ec7t Nam\",\"url\":\"https:\\\/\\\/bli.com.vn\\\/\",\"logo\":{\"@type\":\"ImageObject\",\"inLanguage\":\"en-US\",\"@id\":\"https:\\\/\\\/bli.com.vn\\\/#\\\/schema\\\/logo\\\/image\\\/\",\"url\":\"https:\\\/\\\/bli.com.vn\\\/wp-content\\\/uploads\\\/2021\\\/03\\\/site-logo.png\",\"contentUrl\":\"https:\\\/\\\/bli.com.vn\\\/wp-content\\\/uploads\\\/2021\\\/03\\\/site-logo.png\",\"width\":\"400\",\"height\":\"150\",\"caption\":\"BLI Vi\u1ec7t Nam\"},\"image\":{\"@id\":\"https:\\\/\\\/bli.com.vn\\\/#\\\/schema\\\/logo\\\/image\\\/\"}}]}<\/script>\n<!-- \/ Yoast SEO plugin. -->","yoast_head_json":{"title":"M\u00e1y qu\u00e9t m\u00e3 v\u1ea1ch Honeywell 1950GHD-2USB-A - BLI Vi\u1ec7t Nam","description":"M\u00e1y \u0111\u1ecdc m\u00e3 v\u1ea1ch Honeywell 1950GHD \u0111\u01b0\u1ee3c thi\u1ebft k\u1ebf bo cong m\u1ec1m m\u1ea1i, v\u1eeba tay c\u1ea7m gi\u00fap ng\u01b0\u1eddi s\u1eed d\u1ee5ng tr\u1ef1c ti\u1ebfp l\u00e0m vi\u1ec7c trong nhi\u1ec1u gi\u1edd m\u00e0 kh\u00f4ng g\u00e2y m\u1ecfi tay.","robots":{"index":"index","follow":"follow","max-snippet":"max-snippet:-1","max-image-preview":"max-image-preview:large","max-video-preview":"max-video-preview:-1"},"canonical":"https:\/\/bli.com.vn\/en\/may-quet-ma-vach-honeywell-1950ghd-2usb-a\/","og_locale":"en_US","og_type":"article","og_title":"M\u00e1y qu\u00e9t m\u00e3 v\u1ea1ch Honeywell 1950GHD-2USB-A - BLI Vi\u1ec7t Nam","og_description":"M\u00e1y \u0111\u1ecdc m\u00e3 v\u1ea1ch Honeywell 1950GHD \u0111\u01b0\u1ee3c thi\u1ebft k\u1ebf bo cong m\u1ec1m m\u1ea1i, v\u1eeba tay c\u1ea7m gi\u00fap ng\u01b0\u1eddi s\u1eed d\u1ee5ng tr\u1ef1c ti\u1ebfp l\u00e0m vi\u1ec7c trong nhi\u1ec1u gi\u1edd m\u00e0 kh\u00f4ng g\u00e2y m\u1ecfi tay.","og_url":"https:\/\/bli.com.vn\/en\/may-quet-ma-vach-honeywell-1950ghd-2usb-a\/","og_site_name":"BLI Vi\u1ec7t Nam","article_modified_time":"2023-01-12T08:38:05+00:00","og_image":[{"width":600,"height":400,"url":"https:\/\/bli.com.vn\/wp-content\/uploads\/2021\/04\/may-quet-ma-vach-Honeywell-1950GHD-2USB-A.jpg","type":"image\/jpeg"}],"twitter_card":"summary_large_image","twitter_image":"https:\/\/bli.com.vn\/wp-content\/uploads\/2021\/04\/may-quet-ma-vach-Honeywell-1950GHD-2USB-A.jpg","twitter_misc":{"Est. reading time":"2 minutes"},"schema":{"@context":"https:\/\/schema.org","@graph":[{"@type":"WebPage","@id":"https:\/\/bli.com.vn\/may-quet-ma-vach-honeywell-1950ghd-2usb-a\/","url":"https:\/\/bli.com.vn\/may-quet-ma-vach-honeywell-1950ghd-2usb-a\/","name":"M\u00e1y qu\u00e9t m\u00e3 v\u1ea1ch Honeywell 1950GHD-2USB-A - BLI Vi\u1ec7t Nam","isPartOf":{"@id":"https:\/\/bli.com.vn\/#website"},"primaryImageOfPage":{"@id":"https:\/\/bli.com.vn\/may-quet-ma-vach-honeywell-1950ghd-2usb-a\/#primaryimage"},"image":{"@id":"https:\/\/bli.com.vn\/may-quet-ma-vach-honeywell-1950ghd-2usb-a\/#primaryimage"},"thumbnailUrl":"https:\/\/bli.com.vn\/wp-content\/uploads\/2021\/04\/may-quet-ma-vach-Honeywell-1950GHD-2USB-A.jpg","datePublished":"2021-04-13T07:49:49+00:00","dateModified":"2023-01-12T08:38:05+00:00","description":"M\u00e1y \u0111\u1ecdc m\u00e3 v\u1ea1ch Honeywell 1950GHD \u0111\u01b0\u1ee3c thi\u1ebft k\u1ebf bo cong m\u1ec1m m\u1ea1i, v\u1eeba tay c\u1ea7m gi\u00fap ng\u01b0\u1eddi s\u1eed d\u1ee5ng tr\u1ef1c ti\u1ebfp l\u00e0m vi\u1ec7c trong nhi\u1ec1u gi\u1edd m\u00e0 kh\u00f4ng g\u00e2y m\u1ecfi tay.","breadcrumb":{"@id":"https:\/\/bli.com.vn\/may-quet-ma-vach-honeywell-1950ghd-2usb-a\/#breadcrumb"},"inLanguage":"en-US","potentialAction":[{"@type":"ReadAction","target":["https:\/\/bli.com.vn\/may-quet-ma-vach-honeywell-1950ghd-2usb-a\/"]}]},{"@type":"ImageObject","inLanguage":"en-US","@id":"https:\/\/bli.com.vn\/may-quet-ma-vach-honeywell-1950ghd-2usb-a\/#primaryimage","url":"https:\/\/bli.com.vn\/wp-content\/uploads\/2021\/04\/may-quet-ma-vach-Honeywell-1950GHD-2USB-A.jpg","contentUrl":"https:\/\/bli.com.vn\/wp-content\/uploads\/2021\/04\/may-quet-ma-vach-Honeywell-1950GHD-2USB-A.jpg","width":600,"height":400,"caption":"M\u00e1y qu\u00e9t m\u00e3 v\u1ea1ch Honeywell Xenon 1950GHD-2USB-A"},{"@type":"BreadcrumbList","@id":"https:\/\/bli.com.vn\/may-quet-ma-vach-honeywell-1950ghd-2usb-a\/#breadcrumb","itemListElement":[{"@type":"ListItem","position":1,"name":"Home","item":"https:\/\/bli.com.vn\/"},{"@type":"ListItem","position":2,"name":"S\u1ea3n ph\u1ea9m","item":"https:\/\/bli.com.vn\/san-pham\/"},{"@type":"ListItem","position":3,"name":"M\u00e1y qu\u00e9t m\u00e3 v\u1ea1ch Honeywell 1950GHD-2USB-A"}]},{"@type":"WebSite","@id":"https:\/\/bli.com.vn\/#website","url":"https:\/\/bli.com.vn\/","name":"BLI Vi\u1ec7t Nam","description":"M\u00e1y in, m\u00e1y qu\u00e9t m\u00e3 v\u1ea1ch Zebra, Honeywell, Datalogic","publisher":{"@id":"https:\/\/bli.com.vn\/#organization"},"potentialAction":[{"@type":"SearchAction","target":{"@type":"EntryPoint","urlTemplate":"https:\/\/bli.com.vn\/?s={search_term_string}"},"query-input":{"@type":"PropertyValueSpecification","valueRequired":true,"valueName":"search_term_string"}}],"inLanguage":"en-US"},{"@type":"Organization","@id":"https:\/\/bli.com.vn\/#organization","name":"BLI Vi\u1ec7t Nam","url":"https:\/\/bli.com.vn\/","logo":{"@type":"ImageObject","inLanguage":"en-US","@id":"https:\/\/bli.com.vn\/#\/schema\/logo\/image\/","url":"https:\/\/bli.com.vn\/wp-content\/uploads\/2021\/03\/site-logo.png","contentUrl":"https:\/\/bli.com.vn\/wp-content\/uploads\/2021\/03\/site-logo.png","width":"400","height":"150","caption":"BLI Vi\u1ec7t Nam"},"image":{"@id":"https:\/\/bli.com.vn\/#\/schema\/logo\/image\/"}}]}},"_links":{"self":[{"href":"https:\/\/bli.com.vn\/en\/wp-json\/wp\/v2\/product\/348","targetHints":{"allow":["GET"]}}],"collection":[{"href":"https:\/\/bli.com.vn\/en\/wp-json\/wp\/v2\/product"}],"about":[{"href":"https:\/\/bli.com.vn\/en\/wp-json\/wp\/v2\/types\/product"}],"wp:featuredmedia":[{"embeddable":true,"href":"https:\/\/bli.com.vn\/en\/wp-json\/wp\/v2\/media\/349"}],"wp:attachment":[{"href":"https:\/\/bli.com.vn\/en\/wp-json\/wp\/v2\/media?parent=348"}],"wp:term":[{"taxonomy":"product_cat","embeddable":true,"href":"https:\/\/bli.com.vn\/en\/wp-json\/wp\/v2\/product_cat?post=348"},{"taxonomy":"product_tag","embeddable":true,"href":"https:\/\/bli.com.vn\/en\/wp-json\/wp\/v2\/product_tag?post=348"}],"curies":[{"name":"wp","href":"https:\/\/api.w.org\/{rel}","templated":true}]}}