{"id":350,"date":"2021-04-13T08:43:02","date_gmt":"2021-04-13T08:43:02","guid":{"rendered":"https:\/\/bli.com.vn\/?post_type=product&#038;p=350"},"modified":"2023-01-12T08:37:58","modified_gmt":"2023-01-12T08:37:58","slug":"may-quet-ma-vach-honeywell-1250g-2usb-1","status":"publish","type":"product","link":"https:\/\/bli.com.vn\/en\/may-quet-ma-vach-honeywell-1250g-2usb-1\/","title":{"rendered":"Honeywell 1250G-2USB-1 Barcode Scanner"},"content":{"rendered":"<p>The Honeywell Voyager 1250G connects easily to a computer or point of sale via its USB or RS-232 port. The machine is intelligently designed to be easy to move, light in weight to help you work for many hours without feeling tired. High durability thanks to its sturdy construction, can withstand many drops from a height of 1m, giving you a sense of peace of mind when working.<\/p>\n<table width=\"364\">\n<tbody>\n<tr>\n<td width=\"364\"><strong>Model: Honeywell 1250G-2USB-1<\/strong><\/td>\n<\/tr>\n<tr>\n<td>Scan technology: Laser<\/td>\n<\/tr>\n<tr>\n<td>Scan speed: quick<\/td>\n<\/tr>\n<tr>\n<td>Decode capbility: 1D<\/td>\n<\/tr>\n<tr>\n<td>Resolution: 5mil<\/td>\n<\/tr>\n<tr>\n<td>Scan speed: 100 scan\/s<\/td>\n<\/tr>\n<tr>\n<td>Automatic scan: Yes<\/td>\n<\/tr>\n<tr>\n<td>Scan angle: Horizontal 30\u00b0<\/td>\n<\/tr>\n<tr>\n<td>Pitch, skew: 60\u00b0<\/td>\n<\/tr>\n<tr>\n<td>Alarm type: Beep &amp; LED<\/td>\n<\/tr>\n<tr>\n<td>Interface: USB \/ RS-232<\/td>\n<\/tr>\n<tr>\n<td>Weight: 133g<\/td>\n<\/tr>\n<tr>\n<td>Drop specification: 1.5m<\/td>\n<\/tr>\n<\/tbody>\n<\/table>","protected":false},"excerpt":{"rendered":"<p>Honeywell Voyager 1250G-2USB-1 cheap 1D barcode scanner with 650nm laser scanning technology will give accuracy at the first scan. Reading distance up to 17 inches creates flexibility during use. The machine has the ability to read all 1D barcodes well, including scratched, translucent, nylon barcodes and small barcodes. Possessing a sophisticated black appearance, with a compact handle design, the Honeywell Voyager 1250G barcode reader will adorn your luxury store.<\/p>","protected":false},"featured_media":351,"template":"","meta":{"_genesis_hide_title":false,"_genesis_hide_breadcrumbs":false,"_genesis_hide_singular_image":false,"_genesis_hide_footer_widgets":false,"_genesis_custom_body_class":"","_genesis_custom_post_class":"","_genesis_layout":""},"product_cat":[18],"product_tag":[23],"class_list":{"0":"post-350","1":"product","2":"type-product","3":"status-publish","4":"has-post-thumbnail","6":"product_cat-may-quet-ma-vach","7":"product_tag-honeywell","8":"entry","10":"first","11":"instock","12":"featured","13":"shipping-taxable","14":"product-type-simple"},"yoast_head":"<!-- This site is optimized with the Yoast SEO plugin v27.3 - https:\/\/yoast.com\/product\/yoast-seo-wordpress\/ -->\n<title>M\u00e1y qu\u00e9t m\u00e3 v\u1ea1ch Honeywell 1250G-2USB-1 - BLI Vi\u1ec7t Nam<\/title>\n<meta name=\"description\" content=\"M\u00e1y qu\u00e9t m\u00e3 v\u1ea1ch Honeywell Voyager 1250G k\u1ebft n\u1ed1i d\u1ec5 d\u00e0ng v\u1edbi m\u00e1y t\u00ednh hay thi\u1ec7t b\u1ecb b\u00e1n h\u00e0ng th\u00f4ng qua c\u00e1c c\u1ed5ng USB hay RS-232. M\u00e1y \u0111\u01b0\u1ee3c thi\u1ebft k\u1ebf th\u00f4ng minh d\u1ea1ng c\u1ea7m tay, tr\u1ecdng l\u01b0\u1ee3ng nh\u1ecf nh\u1eb9 gi\u00fap b\u1ea1n l\u00e0m vi\u1ec7c nhi\u1ec1u gi\u1edd li\u1ec1n m\u00e0 kh\u00f4ng c\u1ea3m th\u1ea5y nh\u1ee9c m\u1ecfi.\" \/>\n<meta name=\"robots\" content=\"index, follow, max-snippet:-1, max-image-preview:large, max-video-preview:-1\" \/>\n<link rel=\"canonical\" href=\"https:\/\/bli.com.vn\/en\/may-quet-ma-vach-honeywell-1250g-2usb-1\/\" \/>\n<meta property=\"og:locale\" content=\"en_US\" \/>\n<meta property=\"og:type\" content=\"article\" \/>\n<meta property=\"og:title\" content=\"M\u00e1y qu\u00e9t m\u00e3 v\u1ea1ch Honeywell 1250G-2USB-1 - BLI Vi\u1ec7t Nam\" \/>\n<meta property=\"og:description\" content=\"M\u00e1y qu\u00e9t m\u00e3 v\u1ea1ch Honeywell Voyager 1250G k\u1ebft n\u1ed1i d\u1ec5 d\u00e0ng v\u1edbi m\u00e1y t\u00ednh hay thi\u1ec7t b\u1ecb b\u00e1n h\u00e0ng th\u00f4ng qua c\u00e1c c\u1ed5ng USB hay RS-232. M\u00e1y \u0111\u01b0\u1ee3c thi\u1ebft k\u1ebf th\u00f4ng minh d\u1ea1ng c\u1ea7m tay, tr\u1ecdng l\u01b0\u1ee3ng nh\u1ecf nh\u1eb9 gi\u00fap b\u1ea1n l\u00e0m vi\u1ec7c nhi\u1ec1u gi\u1edd li\u1ec1n m\u00e0 kh\u00f4ng c\u1ea3m th\u1ea5y nh\u1ee9c m\u1ecfi.\" \/>\n<meta property=\"og:url\" content=\"https:\/\/bli.com.vn\/en\/may-quet-ma-vach-honeywell-1250g-2usb-1\/\" \/>\n<meta property=\"og:site_name\" content=\"BLI Vi\u1ec7t Nam\" \/>\n<meta property=\"article:modified_time\" content=\"2023-01-12T08:37:58+00:00\" \/>\n<meta property=\"og:image\" content=\"https:\/\/bli.com.vn\/wp-content\/uploads\/2021\/04\/may-quet-ma-vach-Honeywell-1250G-2USB-1.jpg\" \/>\n\t<meta property=\"og:image:width\" content=\"600\" \/>\n\t<meta property=\"og:image:height\" content=\"400\" \/>\n\t<meta property=\"og:image:type\" content=\"image\/jpeg\" \/>\n<meta name=\"twitter:card\" content=\"summary_large_image\" \/>\n<meta name=\"twitter:image\" content=\"https:\/\/bli.com.vn\/wp-content\/uploads\/2021\/04\/may-quet-ma-vach-Honeywell-1250G-2USB-1.jpg\" \/>\n<meta name=\"twitter:label1\" content=\"Est. reading time\" \/>\n\t<meta name=\"twitter:data1\" content=\"1 minute\" \/>\n<script type=\"application\/ld+json\" class=\"yoast-schema-graph\">{\"@context\":\"https:\\\/\\\/schema.org\",\"@graph\":[{\"@type\":\"WebPage\",\"@id\":\"https:\\\/\\\/bli.com.vn\\\/may-quet-ma-vach-honeywell-1250g-2usb-1\\\/\",\"url\":\"https:\\\/\\\/bli.com.vn\\\/may-quet-ma-vach-honeywell-1250g-2usb-1\\\/\",\"name\":\"M\u00e1y qu\u00e9t m\u00e3 v\u1ea1ch Honeywell 1250G-2USB-1 - BLI Vi\u1ec7t Nam\",\"isPartOf\":{\"@id\":\"https:\\\/\\\/bli.com.vn\\\/#website\"},\"primaryImageOfPage\":{\"@id\":\"https:\\\/\\\/bli.com.vn\\\/may-quet-ma-vach-honeywell-1250g-2usb-1\\\/#primaryimage\"},\"image\":{\"@id\":\"https:\\\/\\\/bli.com.vn\\\/may-quet-ma-vach-honeywell-1250g-2usb-1\\\/#primaryimage\"},\"thumbnailUrl\":\"https:\\\/\\\/bli.com.vn\\\/wp-content\\\/uploads\\\/2021\\\/04\\\/may-quet-ma-vach-Honeywell-1250G-2USB-1.jpg\",\"datePublished\":\"2021-04-13T08:43:02+00:00\",\"dateModified\":\"2023-01-12T08:37:58+00:00\",\"description\":\"M\u00e1y qu\u00e9t m\u00e3 v\u1ea1ch Honeywell Voyager 1250G k\u1ebft n\u1ed1i d\u1ec5 d\u00e0ng v\u1edbi m\u00e1y t\u00ednh hay thi\u1ec7t b\u1ecb b\u00e1n h\u00e0ng th\u00f4ng qua c\u00e1c c\u1ed5ng USB hay RS-232. M\u00e1y \u0111\u01b0\u1ee3c thi\u1ebft k\u1ebf th\u00f4ng minh d\u1ea1ng c\u1ea7m tay, tr\u1ecdng l\u01b0\u1ee3ng nh\u1ecf nh\u1eb9 gi\u00fap b\u1ea1n l\u00e0m vi\u1ec7c nhi\u1ec1u gi\u1edd li\u1ec1n m\u00e0 kh\u00f4ng c\u1ea3m th\u1ea5y nh\u1ee9c m\u1ecfi.\",\"breadcrumb\":{\"@id\":\"https:\\\/\\\/bli.com.vn\\\/may-quet-ma-vach-honeywell-1250g-2usb-1\\\/#breadcrumb\"},\"inLanguage\":\"en-US\",\"potentialAction\":[{\"@type\":\"ReadAction\",\"target\":[\"https:\\\/\\\/bli.com.vn\\\/may-quet-ma-vach-honeywell-1250g-2usb-1\\\/\"]}]},{\"@type\":\"ImageObject\",\"inLanguage\":\"en-US\",\"@id\":\"https:\\\/\\\/bli.com.vn\\\/may-quet-ma-vach-honeywell-1250g-2usb-1\\\/#primaryimage\",\"url\":\"https:\\\/\\\/bli.com.vn\\\/wp-content\\\/uploads\\\/2021\\\/04\\\/may-quet-ma-vach-Honeywell-1250G-2USB-1.jpg\",\"contentUrl\":\"https:\\\/\\\/bli.com.vn\\\/wp-content\\\/uploads\\\/2021\\\/04\\\/may-quet-ma-vach-Honeywell-1250G-2USB-1.jpg\",\"width\":600,\"height\":400,\"caption\":\"M\u00e1y qu\u00e9t m\u00e3 v\u1ea1ch Honeywell Voyager 1250G-2USB-1\"},{\"@type\":\"BreadcrumbList\",\"@id\":\"https:\\\/\\\/bli.com.vn\\\/may-quet-ma-vach-honeywell-1250g-2usb-1\\\/#breadcrumb\",\"itemListElement\":[{\"@type\":\"ListItem\",\"position\":1,\"name\":\"Home\",\"item\":\"https:\\\/\\\/bli.com.vn\\\/\"},{\"@type\":\"ListItem\",\"position\":2,\"name\":\"S\u1ea3n ph\u1ea9m\",\"item\":\"https:\\\/\\\/bli.com.vn\\\/san-pham\\\/\"},{\"@type\":\"ListItem\",\"position\":3,\"name\":\"M\u00e1y qu\u00e9t m\u00e3 v\u1ea1ch Honeywell 1250G-2USB-1\"}]},{\"@type\":\"WebSite\",\"@id\":\"https:\\\/\\\/bli.com.vn\\\/#website\",\"url\":\"https:\\\/\\\/bli.com.vn\\\/\",\"name\":\"BLI Vi\u1ec7t Nam\",\"description\":\"M\u00e1y in, m\u00e1y qu\u00e9t m\u00e3 v\u1ea1ch Zebra, Honeywell, Datalogic\",\"publisher\":{\"@id\":\"https:\\\/\\\/bli.com.vn\\\/#organization\"},\"potentialAction\":[{\"@type\":\"SearchAction\",\"target\":{\"@type\":\"EntryPoint\",\"urlTemplate\":\"https:\\\/\\\/bli.com.vn\\\/?s={search_term_string}\"},\"query-input\":{\"@type\":\"PropertyValueSpecification\",\"valueRequired\":true,\"valueName\":\"search_term_string\"}}],\"inLanguage\":\"en-US\"},{\"@type\":\"Organization\",\"@id\":\"https:\\\/\\\/bli.com.vn\\\/#organization\",\"name\":\"BLI Vi\u1ec7t Nam\",\"url\":\"https:\\\/\\\/bli.com.vn\\\/\",\"logo\":{\"@type\":\"ImageObject\",\"inLanguage\":\"en-US\",\"@id\":\"https:\\\/\\\/bli.com.vn\\\/#\\\/schema\\\/logo\\\/image\\\/\",\"url\":\"https:\\\/\\\/bli.com.vn\\\/wp-content\\\/uploads\\\/2021\\\/03\\\/site-logo.png\",\"contentUrl\":\"https:\\\/\\\/bli.com.vn\\\/wp-content\\\/uploads\\\/2021\\\/03\\\/site-logo.png\",\"width\":\"400\",\"height\":\"150\",\"caption\":\"BLI Vi\u1ec7t Nam\"},\"image\":{\"@id\":\"https:\\\/\\\/bli.com.vn\\\/#\\\/schema\\\/logo\\\/image\\\/\"}}]}<\/script>\n<!-- \/ Yoast SEO plugin. -->","yoast_head_json":{"title":"M\u00e1y qu\u00e9t m\u00e3 v\u1ea1ch Honeywell 1250G-2USB-1 - BLI Vi\u1ec7t Nam","description":"M\u00e1y qu\u00e9t m\u00e3 v\u1ea1ch Honeywell Voyager 1250G k\u1ebft n\u1ed1i d\u1ec5 d\u00e0ng v\u1edbi m\u00e1y t\u00ednh hay thi\u1ec7t b\u1ecb b\u00e1n h\u00e0ng th\u00f4ng qua c\u00e1c c\u1ed5ng USB hay RS-232. M\u00e1y \u0111\u01b0\u1ee3c thi\u1ebft k\u1ebf th\u00f4ng minh d\u1ea1ng c\u1ea7m tay, tr\u1ecdng l\u01b0\u1ee3ng nh\u1ecf nh\u1eb9 gi\u00fap b\u1ea1n l\u00e0m vi\u1ec7c nhi\u1ec1u gi\u1edd li\u1ec1n m\u00e0 kh\u00f4ng c\u1ea3m th\u1ea5y nh\u1ee9c m\u1ecfi.","robots":{"index":"index","follow":"follow","max-snippet":"max-snippet:-1","max-image-preview":"max-image-preview:large","max-video-preview":"max-video-preview:-1"},"canonical":"https:\/\/bli.com.vn\/en\/may-quet-ma-vach-honeywell-1250g-2usb-1\/","og_locale":"en_US","og_type":"article","og_title":"M\u00e1y qu\u00e9t m\u00e3 v\u1ea1ch Honeywell 1250G-2USB-1 - BLI Vi\u1ec7t Nam","og_description":"M\u00e1y qu\u00e9t m\u00e3 v\u1ea1ch Honeywell Voyager 1250G k\u1ebft n\u1ed1i d\u1ec5 d\u00e0ng v\u1edbi m\u00e1y t\u00ednh hay thi\u1ec7t b\u1ecb b\u00e1n h\u00e0ng th\u00f4ng qua c\u00e1c c\u1ed5ng USB hay RS-232. M\u00e1y \u0111\u01b0\u1ee3c thi\u1ebft k\u1ebf th\u00f4ng minh d\u1ea1ng c\u1ea7m tay, tr\u1ecdng l\u01b0\u1ee3ng nh\u1ecf nh\u1eb9 gi\u00fap b\u1ea1n l\u00e0m vi\u1ec7c nhi\u1ec1u gi\u1edd li\u1ec1n m\u00e0 kh\u00f4ng c\u1ea3m th\u1ea5y nh\u1ee9c m\u1ecfi.","og_url":"https:\/\/bli.com.vn\/en\/may-quet-ma-vach-honeywell-1250g-2usb-1\/","og_site_name":"BLI Vi\u1ec7t Nam","article_modified_time":"2023-01-12T08:37:58+00:00","og_image":[{"width":600,"height":400,"url":"https:\/\/bli.com.vn\/wp-content\/uploads\/2021\/04\/may-quet-ma-vach-Honeywell-1250G-2USB-1.jpg","type":"image\/jpeg"}],"twitter_card":"summary_large_image","twitter_image":"https:\/\/bli.com.vn\/wp-content\/uploads\/2021\/04\/may-quet-ma-vach-Honeywell-1250G-2USB-1.jpg","twitter_misc":{"Est. reading time":"1 minute"},"schema":{"@context":"https:\/\/schema.org","@graph":[{"@type":"WebPage","@id":"https:\/\/bli.com.vn\/may-quet-ma-vach-honeywell-1250g-2usb-1\/","url":"https:\/\/bli.com.vn\/may-quet-ma-vach-honeywell-1250g-2usb-1\/","name":"M\u00e1y qu\u00e9t m\u00e3 v\u1ea1ch Honeywell 1250G-2USB-1 - BLI Vi\u1ec7t Nam","isPartOf":{"@id":"https:\/\/bli.com.vn\/#website"},"primaryImageOfPage":{"@id":"https:\/\/bli.com.vn\/may-quet-ma-vach-honeywell-1250g-2usb-1\/#primaryimage"},"image":{"@id":"https:\/\/bli.com.vn\/may-quet-ma-vach-honeywell-1250g-2usb-1\/#primaryimage"},"thumbnailUrl":"https:\/\/bli.com.vn\/wp-content\/uploads\/2021\/04\/may-quet-ma-vach-Honeywell-1250G-2USB-1.jpg","datePublished":"2021-04-13T08:43:02+00:00","dateModified":"2023-01-12T08:37:58+00:00","description":"M\u00e1y qu\u00e9t m\u00e3 v\u1ea1ch Honeywell Voyager 1250G k\u1ebft n\u1ed1i d\u1ec5 d\u00e0ng v\u1edbi m\u00e1y t\u00ednh hay thi\u1ec7t b\u1ecb b\u00e1n h\u00e0ng th\u00f4ng qua c\u00e1c c\u1ed5ng USB hay RS-232. M\u00e1y \u0111\u01b0\u1ee3c thi\u1ebft k\u1ebf th\u00f4ng minh d\u1ea1ng c\u1ea7m tay, tr\u1ecdng l\u01b0\u1ee3ng nh\u1ecf nh\u1eb9 gi\u00fap b\u1ea1n l\u00e0m vi\u1ec7c nhi\u1ec1u gi\u1edd li\u1ec1n m\u00e0 kh\u00f4ng c\u1ea3m th\u1ea5y nh\u1ee9c m\u1ecfi.","breadcrumb":{"@id":"https:\/\/bli.com.vn\/may-quet-ma-vach-honeywell-1250g-2usb-1\/#breadcrumb"},"inLanguage":"en-US","potentialAction":[{"@type":"ReadAction","target":["https:\/\/bli.com.vn\/may-quet-ma-vach-honeywell-1250g-2usb-1\/"]}]},{"@type":"ImageObject","inLanguage":"en-US","@id":"https:\/\/bli.com.vn\/may-quet-ma-vach-honeywell-1250g-2usb-1\/#primaryimage","url":"https:\/\/bli.com.vn\/wp-content\/uploads\/2021\/04\/may-quet-ma-vach-Honeywell-1250G-2USB-1.jpg","contentUrl":"https:\/\/bli.com.vn\/wp-content\/uploads\/2021\/04\/may-quet-ma-vach-Honeywell-1250G-2USB-1.jpg","width":600,"height":400,"caption":"M\u00e1y qu\u00e9t m\u00e3 v\u1ea1ch Honeywell Voyager 1250G-2USB-1"},{"@type":"BreadcrumbList","@id":"https:\/\/bli.com.vn\/may-quet-ma-vach-honeywell-1250g-2usb-1\/#breadcrumb","itemListElement":[{"@type":"ListItem","position":1,"name":"Home","item":"https:\/\/bli.com.vn\/"},{"@type":"ListItem","position":2,"name":"S\u1ea3n ph\u1ea9m","item":"https:\/\/bli.com.vn\/san-pham\/"},{"@type":"ListItem","position":3,"name":"M\u00e1y qu\u00e9t m\u00e3 v\u1ea1ch Honeywell 1250G-2USB-1"}]},{"@type":"WebSite","@id":"https:\/\/bli.com.vn\/#website","url":"https:\/\/bli.com.vn\/","name":"BLI Vi\u1ec7t Nam","description":"M\u00e1y in, m\u00e1y qu\u00e9t m\u00e3 v\u1ea1ch Zebra, Honeywell, Datalogic","publisher":{"@id":"https:\/\/bli.com.vn\/#organization"},"potentialAction":[{"@type":"SearchAction","target":{"@type":"EntryPoint","urlTemplate":"https:\/\/bli.com.vn\/?s={search_term_string}"},"query-input":{"@type":"PropertyValueSpecification","valueRequired":true,"valueName":"search_term_string"}}],"inLanguage":"en-US"},{"@type":"Organization","@id":"https:\/\/bli.com.vn\/#organization","name":"BLI Vi\u1ec7t Nam","url":"https:\/\/bli.com.vn\/","logo":{"@type":"ImageObject","inLanguage":"en-US","@id":"https:\/\/bli.com.vn\/#\/schema\/logo\/image\/","url":"https:\/\/bli.com.vn\/wp-content\/uploads\/2021\/03\/site-logo.png","contentUrl":"https:\/\/bli.com.vn\/wp-content\/uploads\/2021\/03\/site-logo.png","width":"400","height":"150","caption":"BLI Vi\u1ec7t Nam"},"image":{"@id":"https:\/\/bli.com.vn\/#\/schema\/logo\/image\/"}}]}},"_links":{"self":[{"href":"https:\/\/bli.com.vn\/en\/wp-json\/wp\/v2\/product\/350","targetHints":{"allow":["GET"]}}],"collection":[{"href":"https:\/\/bli.com.vn\/en\/wp-json\/wp\/v2\/product"}],"about":[{"href":"https:\/\/bli.com.vn\/en\/wp-json\/wp\/v2\/types\/product"}],"wp:featuredmedia":[{"embeddable":true,"href":"https:\/\/bli.com.vn\/en\/wp-json\/wp\/v2\/media\/351"}],"wp:attachment":[{"href":"https:\/\/bli.com.vn\/en\/wp-json\/wp\/v2\/media?parent=350"}],"wp:term":[{"taxonomy":"product_cat","embeddable":true,"href":"https:\/\/bli.com.vn\/en\/wp-json\/wp\/v2\/product_cat?post=350"},{"taxonomy":"product_tag","embeddable":true,"href":"https:\/\/bli.com.vn\/en\/wp-json\/wp\/v2\/product_tag?post=350"}],"curies":[{"name":"wp","href":"https:\/\/api.w.org\/{rel}","templated":true}]}}