{"id":392,"date":"2021-04-19T10:11:51","date_gmt":"2021-04-19T10:11:51","guid":{"rendered":"https:\/\/bli.com.vn\/?post_type=product&#038;p=392"},"modified":"2023-01-12T08:37:51","modified_gmt":"2023-01-12T08:37:51","slug":"may-in-ma-vach-cong-nghiep-datamax-oneil-i-4212e","status":"publish","type":"product","link":"https:\/\/bli.com.vn\/en\/may-in-ma-vach-cong-nghiep-datamax-oneil-i-4212e\/","title":{"rendered":"Datamax O'Neil Industrial Barcode Printer  I-4212E"},"content":{"rendered":"<p>Datamax I-4212E is a product of the industrial barcode printer series designed to be suitable for applications in many different industries and fields. The device is positioned as the mid-range product between the compact M-Class Mark II and the high-performance I-Class. Integrated with many outstanding features that many other devices do not have such as: faster processor, larger memory, multiple communication ports, smart printhead with coating for increased durability, resistance to abrasion Wear well with the new OPTIMedia feature that automatically adjusts heat and speed to produce good print quality.<\/p>\n<table width=\"462\">\n<tbody>\n<tr>\n<td width=\"462\"><strong>Model: Datamax O&#8217;Neil I-4212E (I-Class Mark II)<\/strong><\/td>\n<\/tr>\n<tr>\n<td>Printing technology: Direct thermal printing \/ Indirect thermal transfer (Optinal)<\/td>\n<\/tr>\n<tr>\n<td>Resolution: 203 dpi<\/td>\n<\/tr>\n<tr>\n<td>Print speed: 304 mm\/s (12 IPS)<\/td>\n<\/tr>\n<tr>\n<td>Print Width: 4.10\u201d (104.1 mm)<\/td>\n<\/tr>\n<tr>\n<td>Weight: 45 lbs (20.5 kg)<\/td>\n<\/tr>\n<tr>\n<td>Dimensions: 322.6 x 320.5 x 472.4 mm (12.7 x 12.6 x 18.6 in)<\/td>\n<\/tr>\n<tr>\n<td>Print length: 0.25\u2033- 99\u2033 (6.35 \u2013 2514.6 mm)<\/td>\n<\/tr>\n<tr>\n<td>Memory (SDRAM \/ Flash): 32MB \/ 64MB<\/td>\n<\/tr>\n<tr>\n<td>Connector: Serial RS232: Standard\/USB 2.0: Standard\/Parallel Bi-directional: Standard<\/td>\n<\/tr>\n<tr>\n<td width=\"462\"><strong>Barcode printing paper:<\/strong><br \/>\n\u2013 Roll diameter: 8.0\u2033 (203.2mm)<br \/>\n\u2013 Core diameter: 1.5\u2033- 3.0\u2033 (38.1mm \u2013 76.2mm)<br \/>\n\u2013 Label thickness: 0.0025\u2033 \u2013 0.01\u2033 (0.0635mm \u2013 0.254mm)<\/td>\n<\/tr>\n<tr>\n<td width=\"462\"><strong>Barcode ink:<\/strong><br \/>\n\u2013 Width: 1.0\u2033- 4.5\u2033 (25.4mm \u2013 114.3mm)<br \/>\nCore Diameter: 1.0\u2033 (25.4mm)<br \/>\n\u2013 Ink length: 1968\u2032 (600m)<\/td>\n<\/tr>\n<\/tbody>\n<\/table>","protected":false},"excerpt":{"rendered":"<p><strong>The Datamax O'Neil I-Class I-4212E barcode printer<\/strong> is a large mid-range industrial barcode printer, designed with many outstanding features, and high durability. The machine is equipped with a fast processor, large memory capacity that allows us to print a large number of labels. With a print speed of up to 12 ips, long-lasting performance, a sturdy, beautiful design, and an LCD display for easy operation, the I-4212E is a reliable choice in many different professions.<\/p>","protected":false},"featured_media":393,"template":"","meta":{"_genesis_hide_title":false,"_genesis_hide_breadcrumbs":false,"_genesis_hide_singular_image":false,"_genesis_hide_footer_widgets":false,"_genesis_custom_body_class":"","_genesis_custom_post_class":"","_genesis_layout":""},"product_cat":[17],"product_tag":[24],"class_list":{"0":"post-392","1":"product","2":"type-product","3":"status-publish","4":"has-post-thumbnail","6":"product_cat-may-in-ma-vach","7":"product_tag-datamax","8":"entry","10":"first","11":"instock","12":"featured","13":"shipping-taxable","14":"product-type-simple"},"yoast_head":"<!-- This site is optimized with the Yoast SEO plugin v27.3 - https:\/\/yoast.com\/product\/yoast-seo-wordpress\/ -->\n<title>M\u00e1y in m\u00e3 v\u1ea1ch c\u00f4ng nghi\u1ec7p Datamax O&#039;Neil I-4212E - BLI Vi\u1ec7t Nam<\/title>\n<meta name=\"description\" content=\"M\u00e1y in m\u00e3 v\u1ea1ch Datamax O&#039;Neil I-Class I-4212E \u0111\u01b0\u1ee3c t\u00edch h\u1ee3p nhi\u1ec1u t\u00ednh n\u0103ng n\u1ed5i tr\u1ed9i nh\u01b0: b\u1ed9 x\u1eed l\u00fd nhanh h\u01a1n, b\u1ed9 nh\u1edb l\u1edbn h\u01a1n, \u0111a d\u1ea1ng c\u1ed5ng giao ti\u1ebfp, \u0111\u1ea7u in th\u00f4ng minh v\u1edbi l\u1edbp ph\u1ee7 gi\u00fap t\u0103ng \u0111\u1ed9 b\u1ec1n, kh\u1ea3 n\u0103ng ch\u1ed1ng m\u00e0i m\u00f2n t\u1ed1t c\u00f9ng t\u00ednh n\u0103ng m\u1edbi OPTIMedia t\u00f9y ch\u1ec9nh nhi\u1ec7t v\u00e0 t\u1ed1c \u0111\u1ed9 t\u1ef1 \u0111\u1ed9ng \u0111\u1ec3 t\u1ea1o ra ch\u1ea5t l\u01b0\u1ee3ng in t\u1ed1t.\" \/>\n<meta name=\"robots\" content=\"index, follow, max-snippet:-1, max-image-preview:large, max-video-preview:-1\" \/>\n<link rel=\"canonical\" href=\"https:\/\/bli.com.vn\/en\/may-in-ma-vach-cong-nghiep-datamax-oneil-i-4212e\/\" \/>\n<meta property=\"og:locale\" content=\"en_US\" \/>\n<meta property=\"og:type\" content=\"article\" \/>\n<meta property=\"og:title\" content=\"M\u00e1y in m\u00e3 v\u1ea1ch c\u00f4ng nghi\u1ec7p Datamax O&#039;Neil I-4212E - BLI Vi\u1ec7t Nam\" \/>\n<meta property=\"og:description\" content=\"M\u00e1y in m\u00e3 v\u1ea1ch Datamax O&#039;Neil I-Class I-4212E \u0111\u01b0\u1ee3c t\u00edch h\u1ee3p nhi\u1ec1u t\u00ednh n\u0103ng n\u1ed5i tr\u1ed9i nh\u01b0: b\u1ed9 x\u1eed l\u00fd nhanh h\u01a1n, b\u1ed9 nh\u1edb l\u1edbn h\u01a1n, \u0111a d\u1ea1ng c\u1ed5ng giao ti\u1ebfp, \u0111\u1ea7u in th\u00f4ng minh v\u1edbi l\u1edbp ph\u1ee7 gi\u00fap t\u0103ng \u0111\u1ed9 b\u1ec1n, kh\u1ea3 n\u0103ng ch\u1ed1ng m\u00e0i m\u00f2n t\u1ed1t c\u00f9ng t\u00ednh n\u0103ng m\u1edbi OPTIMedia t\u00f9y ch\u1ec9nh nhi\u1ec7t v\u00e0 t\u1ed1c \u0111\u1ed9 t\u1ef1 \u0111\u1ed9ng \u0111\u1ec3 t\u1ea1o ra ch\u1ea5t l\u01b0\u1ee3ng in t\u1ed1t.\" \/>\n<meta property=\"og:url\" content=\"https:\/\/bli.com.vn\/en\/may-in-ma-vach-cong-nghiep-datamax-oneil-i-4212e\/\" \/>\n<meta property=\"og:site_name\" content=\"BLI Vi\u1ec7t Nam\" \/>\n<meta property=\"article:modified_time\" content=\"2023-01-12T08:37:51+00:00\" \/>\n<meta property=\"og:image\" content=\"https:\/\/bli.com.vn\/wp-content\/uploads\/2021\/04\/may-in-ma-vach-datamax-oneil-i-class-i-4212e.jpg\" \/>\n\t<meta property=\"og:image:width\" content=\"600\" \/>\n\t<meta property=\"og:image:height\" content=\"400\" \/>\n\t<meta property=\"og:image:type\" content=\"image\/jpeg\" \/>\n<meta name=\"twitter:card\" content=\"summary_large_image\" \/>\n<meta name=\"twitter:image\" content=\"https:\/\/bli.com.vn\/wp-content\/uploads\/2021\/04\/may-in-ma-vach-datamax-oneil-i-class-i-4212e.jpg\" \/>\n<meta name=\"twitter:label1\" content=\"Est. reading time\" \/>\n\t<meta name=\"twitter:data1\" content=\"2 minutes\" \/>\n<script type=\"application\/ld+json\" class=\"yoast-schema-graph\">{\"@context\":\"https:\\\/\\\/schema.org\",\"@graph\":[{\"@type\":\"WebPage\",\"@id\":\"https:\\\/\\\/bli.com.vn\\\/may-in-ma-vach-cong-nghiep-datamax-oneil-i-4212e\\\/\",\"url\":\"https:\\\/\\\/bli.com.vn\\\/may-in-ma-vach-cong-nghiep-datamax-oneil-i-4212e\\\/\",\"name\":\"M\u00e1y in m\u00e3 v\u1ea1ch c\u00f4ng nghi\u1ec7p Datamax O'Neil I-4212E - BLI Vi\u1ec7t Nam\",\"isPartOf\":{\"@id\":\"https:\\\/\\\/bli.com.vn\\\/#website\"},\"primaryImageOfPage\":{\"@id\":\"https:\\\/\\\/bli.com.vn\\\/may-in-ma-vach-cong-nghiep-datamax-oneil-i-4212e\\\/#primaryimage\"},\"image\":{\"@id\":\"https:\\\/\\\/bli.com.vn\\\/may-in-ma-vach-cong-nghiep-datamax-oneil-i-4212e\\\/#primaryimage\"},\"thumbnailUrl\":\"https:\\\/\\\/bli.com.vn\\\/wp-content\\\/uploads\\\/2021\\\/04\\\/may-in-ma-vach-datamax-oneil-i-class-i-4212e.jpg\",\"datePublished\":\"2021-04-19T10:11:51+00:00\",\"dateModified\":\"2023-01-12T08:37:51+00:00\",\"description\":\"M\u00e1y in m\u00e3 v\u1ea1ch Datamax O'Neil I-Class I-4212E \u0111\u01b0\u1ee3c t\u00edch h\u1ee3p nhi\u1ec1u t\u00ednh n\u0103ng n\u1ed5i tr\u1ed9i nh\u01b0: b\u1ed9 x\u1eed l\u00fd nhanh h\u01a1n, b\u1ed9 nh\u1edb l\u1edbn h\u01a1n, \u0111a d\u1ea1ng c\u1ed5ng giao ti\u1ebfp, \u0111\u1ea7u in th\u00f4ng minh v\u1edbi l\u1edbp ph\u1ee7 gi\u00fap t\u0103ng \u0111\u1ed9 b\u1ec1n, kh\u1ea3 n\u0103ng ch\u1ed1ng m\u00e0i m\u00f2n t\u1ed1t c\u00f9ng t\u00ednh n\u0103ng m\u1edbi OPTIMedia t\u00f9y ch\u1ec9nh nhi\u1ec7t v\u00e0 t\u1ed1c \u0111\u1ed9 t\u1ef1 \u0111\u1ed9ng \u0111\u1ec3 t\u1ea1o ra ch\u1ea5t l\u01b0\u1ee3ng in t\u1ed1t.\",\"breadcrumb\":{\"@id\":\"https:\\\/\\\/bli.com.vn\\\/may-in-ma-vach-cong-nghiep-datamax-oneil-i-4212e\\\/#breadcrumb\"},\"inLanguage\":\"en-US\",\"potentialAction\":[{\"@type\":\"ReadAction\",\"target\":[\"https:\\\/\\\/bli.com.vn\\\/may-in-ma-vach-cong-nghiep-datamax-oneil-i-4212e\\\/\"]}]},{\"@type\":\"ImageObject\",\"inLanguage\":\"en-US\",\"@id\":\"https:\\\/\\\/bli.com.vn\\\/may-in-ma-vach-cong-nghiep-datamax-oneil-i-4212e\\\/#primaryimage\",\"url\":\"https:\\\/\\\/bli.com.vn\\\/wp-content\\\/uploads\\\/2021\\\/04\\\/may-in-ma-vach-datamax-oneil-i-class-i-4212e.jpg\",\"contentUrl\":\"https:\\\/\\\/bli.com.vn\\\/wp-content\\\/uploads\\\/2021\\\/04\\\/may-in-ma-vach-datamax-oneil-i-class-i-4212e.jpg\",\"width\":600,\"height\":400,\"caption\":\"M\u00e1y in m\u00e3 v\u1ea1ch c\u00f4ng nghi\u1ec7p Datamax O'Neil I-Class I-4212E - bli.com.vn\"},{\"@type\":\"BreadcrumbList\",\"@id\":\"https:\\\/\\\/bli.com.vn\\\/may-in-ma-vach-cong-nghiep-datamax-oneil-i-4212e\\\/#breadcrumb\",\"itemListElement\":[{\"@type\":\"ListItem\",\"position\":1,\"name\":\"Home\",\"item\":\"https:\\\/\\\/bli.com.vn\\\/\"},{\"@type\":\"ListItem\",\"position\":2,\"name\":\"S\u1ea3n ph\u1ea9m\",\"item\":\"https:\\\/\\\/bli.com.vn\\\/san-pham\\\/\"},{\"@type\":\"ListItem\",\"position\":3,\"name\":\"M\u00e1y in m\u00e3 v\u1ea1ch c\u00f4ng nghi\u1ec7p Datamax O&#8217;Neil I-4212E\"}]},{\"@type\":\"WebSite\",\"@id\":\"https:\\\/\\\/bli.com.vn\\\/#website\",\"url\":\"https:\\\/\\\/bli.com.vn\\\/\",\"name\":\"BLI Vi\u1ec7t Nam\",\"description\":\"M\u00e1y in, m\u00e1y qu\u00e9t m\u00e3 v\u1ea1ch Zebra, Honeywell, Datalogic\",\"publisher\":{\"@id\":\"https:\\\/\\\/bli.com.vn\\\/#organization\"},\"potentialAction\":[{\"@type\":\"SearchAction\",\"target\":{\"@type\":\"EntryPoint\",\"urlTemplate\":\"https:\\\/\\\/bli.com.vn\\\/?s={search_term_string}\"},\"query-input\":{\"@type\":\"PropertyValueSpecification\",\"valueRequired\":true,\"valueName\":\"search_term_string\"}}],\"inLanguage\":\"en-US\"},{\"@type\":\"Organization\",\"@id\":\"https:\\\/\\\/bli.com.vn\\\/#organization\",\"name\":\"BLI Vi\u1ec7t Nam\",\"url\":\"https:\\\/\\\/bli.com.vn\\\/\",\"logo\":{\"@type\":\"ImageObject\",\"inLanguage\":\"en-US\",\"@id\":\"https:\\\/\\\/bli.com.vn\\\/#\\\/schema\\\/logo\\\/image\\\/\",\"url\":\"https:\\\/\\\/bli.com.vn\\\/wp-content\\\/uploads\\\/2021\\\/03\\\/site-logo.png\",\"contentUrl\":\"https:\\\/\\\/bli.com.vn\\\/wp-content\\\/uploads\\\/2021\\\/03\\\/site-logo.png\",\"width\":\"400\",\"height\":\"150\",\"caption\":\"BLI Vi\u1ec7t Nam\"},\"image\":{\"@id\":\"https:\\\/\\\/bli.com.vn\\\/#\\\/schema\\\/logo\\\/image\\\/\"}}]}<\/script>\n<!-- \/ Yoast SEO plugin. -->","yoast_head_json":{"title":"M\u00e1y in m\u00e3 v\u1ea1ch c\u00f4ng nghi\u1ec7p Datamax O'Neil I-4212E - BLI Vi\u1ec7t Nam","description":"M\u00e1y in m\u00e3 v\u1ea1ch Datamax O'Neil I-Class I-4212E \u0111\u01b0\u1ee3c t\u00edch h\u1ee3p nhi\u1ec1u t\u00ednh n\u0103ng n\u1ed5i tr\u1ed9i nh\u01b0: b\u1ed9 x\u1eed l\u00fd nhanh h\u01a1n, b\u1ed9 nh\u1edb l\u1edbn h\u01a1n, \u0111a d\u1ea1ng c\u1ed5ng giao ti\u1ebfp, \u0111\u1ea7u in th\u00f4ng minh v\u1edbi l\u1edbp ph\u1ee7 gi\u00fap t\u0103ng \u0111\u1ed9 b\u1ec1n, kh\u1ea3 n\u0103ng ch\u1ed1ng m\u00e0i m\u00f2n t\u1ed1t c\u00f9ng t\u00ednh n\u0103ng m\u1edbi OPTIMedia t\u00f9y ch\u1ec9nh nhi\u1ec7t v\u00e0 t\u1ed1c \u0111\u1ed9 t\u1ef1 \u0111\u1ed9ng \u0111\u1ec3 t\u1ea1o ra ch\u1ea5t l\u01b0\u1ee3ng in t\u1ed1t.","robots":{"index":"index","follow":"follow","max-snippet":"max-snippet:-1","max-image-preview":"max-image-preview:large","max-video-preview":"max-video-preview:-1"},"canonical":"https:\/\/bli.com.vn\/en\/may-in-ma-vach-cong-nghiep-datamax-oneil-i-4212e\/","og_locale":"en_US","og_type":"article","og_title":"M\u00e1y in m\u00e3 v\u1ea1ch c\u00f4ng nghi\u1ec7p Datamax O'Neil I-4212E - BLI Vi\u1ec7t Nam","og_description":"M\u00e1y in m\u00e3 v\u1ea1ch Datamax O'Neil I-Class I-4212E \u0111\u01b0\u1ee3c t\u00edch h\u1ee3p nhi\u1ec1u t\u00ednh n\u0103ng n\u1ed5i tr\u1ed9i nh\u01b0: b\u1ed9 x\u1eed l\u00fd nhanh h\u01a1n, b\u1ed9 nh\u1edb l\u1edbn h\u01a1n, \u0111a d\u1ea1ng c\u1ed5ng giao ti\u1ebfp, \u0111\u1ea7u in th\u00f4ng minh v\u1edbi l\u1edbp ph\u1ee7 gi\u00fap t\u0103ng \u0111\u1ed9 b\u1ec1n, kh\u1ea3 n\u0103ng ch\u1ed1ng m\u00e0i m\u00f2n t\u1ed1t c\u00f9ng t\u00ednh n\u0103ng m\u1edbi OPTIMedia t\u00f9y ch\u1ec9nh nhi\u1ec7t v\u00e0 t\u1ed1c \u0111\u1ed9 t\u1ef1 \u0111\u1ed9ng \u0111\u1ec3 t\u1ea1o ra ch\u1ea5t l\u01b0\u1ee3ng in t\u1ed1t.","og_url":"https:\/\/bli.com.vn\/en\/may-in-ma-vach-cong-nghiep-datamax-oneil-i-4212e\/","og_site_name":"BLI Vi\u1ec7t Nam","article_modified_time":"2023-01-12T08:37:51+00:00","og_image":[{"width":600,"height":400,"url":"https:\/\/bli.com.vn\/wp-content\/uploads\/2021\/04\/may-in-ma-vach-datamax-oneil-i-class-i-4212e.jpg","type":"image\/jpeg"}],"twitter_card":"summary_large_image","twitter_image":"https:\/\/bli.com.vn\/wp-content\/uploads\/2021\/04\/may-in-ma-vach-datamax-oneil-i-class-i-4212e.jpg","twitter_misc":{"Est. reading time":"2 minutes"},"schema":{"@context":"https:\/\/schema.org","@graph":[{"@type":"WebPage","@id":"https:\/\/bli.com.vn\/may-in-ma-vach-cong-nghiep-datamax-oneil-i-4212e\/","url":"https:\/\/bli.com.vn\/may-in-ma-vach-cong-nghiep-datamax-oneil-i-4212e\/","name":"M\u00e1y in m\u00e3 v\u1ea1ch c\u00f4ng nghi\u1ec7p Datamax O'Neil I-4212E - BLI Vi\u1ec7t Nam","isPartOf":{"@id":"https:\/\/bli.com.vn\/#website"},"primaryImageOfPage":{"@id":"https:\/\/bli.com.vn\/may-in-ma-vach-cong-nghiep-datamax-oneil-i-4212e\/#primaryimage"},"image":{"@id":"https:\/\/bli.com.vn\/may-in-ma-vach-cong-nghiep-datamax-oneil-i-4212e\/#primaryimage"},"thumbnailUrl":"https:\/\/bli.com.vn\/wp-content\/uploads\/2021\/04\/may-in-ma-vach-datamax-oneil-i-class-i-4212e.jpg","datePublished":"2021-04-19T10:11:51+00:00","dateModified":"2023-01-12T08:37:51+00:00","description":"M\u00e1y in m\u00e3 v\u1ea1ch Datamax O'Neil I-Class I-4212E \u0111\u01b0\u1ee3c t\u00edch h\u1ee3p nhi\u1ec1u t\u00ednh n\u0103ng n\u1ed5i tr\u1ed9i nh\u01b0: b\u1ed9 x\u1eed l\u00fd nhanh h\u01a1n, b\u1ed9 nh\u1edb l\u1edbn h\u01a1n, \u0111a d\u1ea1ng c\u1ed5ng giao ti\u1ebfp, \u0111\u1ea7u in th\u00f4ng minh v\u1edbi l\u1edbp ph\u1ee7 gi\u00fap t\u0103ng \u0111\u1ed9 b\u1ec1n, kh\u1ea3 n\u0103ng ch\u1ed1ng m\u00e0i m\u00f2n t\u1ed1t c\u00f9ng t\u00ednh n\u0103ng m\u1edbi OPTIMedia t\u00f9y ch\u1ec9nh nhi\u1ec7t v\u00e0 t\u1ed1c \u0111\u1ed9 t\u1ef1 \u0111\u1ed9ng \u0111\u1ec3 t\u1ea1o ra ch\u1ea5t l\u01b0\u1ee3ng in t\u1ed1t.","breadcrumb":{"@id":"https:\/\/bli.com.vn\/may-in-ma-vach-cong-nghiep-datamax-oneil-i-4212e\/#breadcrumb"},"inLanguage":"en-US","potentialAction":[{"@type":"ReadAction","target":["https:\/\/bli.com.vn\/may-in-ma-vach-cong-nghiep-datamax-oneil-i-4212e\/"]}]},{"@type":"ImageObject","inLanguage":"en-US","@id":"https:\/\/bli.com.vn\/may-in-ma-vach-cong-nghiep-datamax-oneil-i-4212e\/#primaryimage","url":"https:\/\/bli.com.vn\/wp-content\/uploads\/2021\/04\/may-in-ma-vach-datamax-oneil-i-class-i-4212e.jpg","contentUrl":"https:\/\/bli.com.vn\/wp-content\/uploads\/2021\/04\/may-in-ma-vach-datamax-oneil-i-class-i-4212e.jpg","width":600,"height":400,"caption":"M\u00e1y in m\u00e3 v\u1ea1ch c\u00f4ng nghi\u1ec7p Datamax O'Neil I-Class I-4212E - bli.com.vn"},{"@type":"BreadcrumbList","@id":"https:\/\/bli.com.vn\/may-in-ma-vach-cong-nghiep-datamax-oneil-i-4212e\/#breadcrumb","itemListElement":[{"@type":"ListItem","position":1,"name":"Home","item":"https:\/\/bli.com.vn\/"},{"@type":"ListItem","position":2,"name":"S\u1ea3n ph\u1ea9m","item":"https:\/\/bli.com.vn\/san-pham\/"},{"@type":"ListItem","position":3,"name":"M\u00e1y in m\u00e3 v\u1ea1ch c\u00f4ng nghi\u1ec7p Datamax O&#8217;Neil I-4212E"}]},{"@type":"WebSite","@id":"https:\/\/bli.com.vn\/#website","url":"https:\/\/bli.com.vn\/","name":"BLI Vi\u1ec7t Nam","description":"M\u00e1y in, m\u00e1y qu\u00e9t m\u00e3 v\u1ea1ch Zebra, Honeywell, Datalogic","publisher":{"@id":"https:\/\/bli.com.vn\/#organization"},"potentialAction":[{"@type":"SearchAction","target":{"@type":"EntryPoint","urlTemplate":"https:\/\/bli.com.vn\/?s={search_term_string}"},"query-input":{"@type":"PropertyValueSpecification","valueRequired":true,"valueName":"search_term_string"}}],"inLanguage":"en-US"},{"@type":"Organization","@id":"https:\/\/bli.com.vn\/#organization","name":"BLI Vi\u1ec7t Nam","url":"https:\/\/bli.com.vn\/","logo":{"@type":"ImageObject","inLanguage":"en-US","@id":"https:\/\/bli.com.vn\/#\/schema\/logo\/image\/","url":"https:\/\/bli.com.vn\/wp-content\/uploads\/2021\/03\/site-logo.png","contentUrl":"https:\/\/bli.com.vn\/wp-content\/uploads\/2021\/03\/site-logo.png","width":"400","height":"150","caption":"BLI Vi\u1ec7t Nam"},"image":{"@id":"https:\/\/bli.com.vn\/#\/schema\/logo\/image\/"}}]}},"_links":{"self":[{"href":"https:\/\/bli.com.vn\/en\/wp-json\/wp\/v2\/product\/392","targetHints":{"allow":["GET"]}}],"collection":[{"href":"https:\/\/bli.com.vn\/en\/wp-json\/wp\/v2\/product"}],"about":[{"href":"https:\/\/bli.com.vn\/en\/wp-json\/wp\/v2\/types\/product"}],"wp:featuredmedia":[{"embeddable":true,"href":"https:\/\/bli.com.vn\/en\/wp-json\/wp\/v2\/media\/393"}],"wp:attachment":[{"href":"https:\/\/bli.com.vn\/en\/wp-json\/wp\/v2\/media?parent=392"}],"wp:term":[{"taxonomy":"product_cat","embeddable":true,"href":"https:\/\/bli.com.vn\/en\/wp-json\/wp\/v2\/product_cat?post=392"},{"taxonomy":"product_tag","embeddable":true,"href":"https:\/\/bli.com.vn\/en\/wp-json\/wp\/v2\/product_tag?post=392"}],"curies":[{"name":"wp","href":"https:\/\/api.w.org\/{rel}","templated":true}]}}