{"id":466,"date":"2021-06-02T10:09:50","date_gmt":"2021-06-02T10:09:50","guid":{"rendered":"https:\/\/bli.com.vn\/?post_type=product&#038;p=466"},"modified":"2021-06-03T01:59:15","modified_gmt":"2021-06-03T01:59:15","slug":"may-kiem-kho-zebra-mc9300","status":"publish","type":"product","link":"https:\/\/bli.com.vn\/en\/may-kiem-kho-zebra-mc9300\/","title":{"rendered":"Zebra MC9300 Mobile Computer"},"content":{"rendered":"<p>Zebra MC9300 has a super durable design that meets IP67 standards for the standard version, IP65 for the version used for frozen environments, 2.4m shockproof to protect the device well. Corning Gorilla Glass technology provides maximum scratch and impact resistance. The device uses a 2.2 GHz octa-core Qualcomm Snapdragon 660 processor, combined with 4GB RAM and 32GB pSLC Flash memory of the Zebra MC9300 mobile computer, 16 times more powerful than the MC9200 to deliver performance that outperforms all voice applications. Advanced 1D, 2D scanning technology and long range scanning ensure efficient operation in any environment.<\/p>\n<table width=\"406\">\n<tbody>\n<tr>\n<td width=\"406\">Barcode scanner: 1D Laser, 2D Imager and DPM<\/td>\n<\/tr>\n<tr>\n<td>Long-range Reader (Optional): up to 21.4m<\/td>\n<\/tr>\n<tr>\n<td>Barcode type: all 1D, 2D standards<\/td>\n<\/tr>\n<tr>\n<td>Memory: 4GB RAM, 32GB Flash ROM<\/td>\n<\/tr>\n<tr>\n<td>OS: Android 8.1 Oreo<\/td>\n<\/tr>\n<tr>\n<td>Display screen: 4.3 inch WVGA touch screen with LED Backlight<\/td>\n<\/tr>\n<tr>\n<td>CPU: Qualcomm Snapdragon Octa-core @2.2 GHz<\/td>\n<\/tr>\n<tr>\n<td>Keyboard: 29, 34, 43, 53 v\u00e0 58 Key<\/td>\n<\/tr>\n<tr>\n<td width=\"406\"><strong>Interface:<\/strong><br \/>\n\u2013 USB 2.0 via cable or cradle<br \/>\n&#8211; Wifi 802.11 a\/b\/g\/n\/ac, Bluetooth V5.0<br \/>\n&#8211; NFC<\/td>\n<\/tr>\n<tr>\n<td width=\"406\"><strong>Power source:<\/strong><br \/>\n\u2013 Standard: Pin s\u1ea1c Li-Ion 7000mAh<br \/>\n\u2013 For cold storage: Li-Ion 5000mAh<\/td>\n<\/tr>\n<tr>\n<td>Camera: 5MP (front), 13MP (rear) Autofocus<\/td>\n<\/tr>\n<tr>\n<td width=\"406\"><strong>Operating temperature:<\/strong><br \/>\n\u2013 Standard: -20\u00b0C to 50\u00b0C,<br \/>\n\u2013 For cold storage: -30\u00b0C to 50\u00b0C<\/td>\n<\/tr>\n<tr>\n<td>Humidity: 5 \u2013 95% non-condensing<\/td>\n<\/tr>\n<tr>\n<td>Durability: Allowed to fall  from a height of 2.4m<\/td>\n<\/tr>\n<tr>\n<td>IP 67 standard<\/td>\n<\/tr>\n<\/tbody>\n<\/table>","protected":false},"excerpt":{"rendered":"<p>Zebra MC9300 is a modern line of inventory control machines of the famous brand Zebra. The Zebra MC9300 is the perfect combination of a 4.3-inch multi-touch WVGA keyboard and screen, with the familiar Android operating system that's easy to get used to. The user can select the keyboard to simplify data entry \u2013 alphanumeric, numeric and function keys.<\/p>","protected":false},"featured_media":467,"template":"","meta":{"_genesis_hide_title":false,"_genesis_hide_breadcrumbs":false,"_genesis_hide_singular_image":false,"_genesis_hide_footer_widgets":false,"_genesis_custom_body_class":"","_genesis_custom_post_class":"","_genesis_layout":""},"product_cat":[25],"product_tag":[],"class_list":{"0":"post-466","1":"product","2":"type-product","3":"status-publish","4":"has-post-thumbnail","6":"product_cat-may-kiem-kho","7":"entry","9":"first","10":"instock","11":"shipping-taxable","12":"product-type-simple"},"yoast_head":"<!-- This site is optimized with the Yoast SEO plugin v27.3 - https:\/\/yoast.com\/product\/yoast-seo-wordpress\/ -->\n<title>M\u00e1y ki\u1ec3m kho Zebra MC9300 - BLI Vi\u1ec7t Nam<\/title>\n<meta name=\"robots\" content=\"index, follow, max-snippet:-1, max-image-preview:large, max-video-preview:-1\" \/>\n<link rel=\"canonical\" href=\"https:\/\/bli.com.vn\/en\/may-kiem-kho-zebra-mc9300\/\" \/>\n<meta property=\"og:locale\" content=\"en_US\" \/>\n<meta property=\"og:type\" content=\"article\" \/>\n<meta property=\"og:title\" content=\"M\u00e1y ki\u1ec3m kho Zebra MC9300 - BLI Vi\u1ec7t Nam\" \/>\n<meta property=\"og:description\" content=\"M\u00e1y ki\u1ec3m kho Zebra MC9300 l\u00e0 d\u00f2ng m\u00e1y ki\u1ec3m kho hi\u1ec7n \u0111\u1ea1i c\u1ee7a th\u01b0\u01a1ng hi\u1ec7u danh ti\u1ebfng Zebra. Zebra MC9300 l\u00e0 s\u1ef1 k\u1ebft h\u1ee3p ho\u00e0n h\u1ea3o c\u1ee7a b\u00e0n ph\u00edm v\u00e0 m\u00e0n h\u00ecnh WVGA c\u1ea3m \u1ee9ng \u0111a \u0111i\u1ec3m 4.3 inch, v\u1edbi h\u1ec7 \u0111i\u1ec1u h\u00e0nh Android quen thu\u1ed9c d\u1ec5 l\u00e0m quen. Ng\u01b0\u1eddi d\u00f9ng c\u00f3 th\u1ec3 ch\u1ecdn b\u00e0n ph\u00edm \u0111\u1ec3 \u0111\u01a1n gi\u1ea3n ho\u00e1 vi\u1ec7c nh\u1eadp d\u1eef li\u1ec7u - ch\u1eef s\u1ed1, s\u1ed1 v\u00e0 ph\u00edm ch\u1ee9c n\u0103ng.\" \/>\n<meta property=\"og:url\" content=\"https:\/\/bli.com.vn\/en\/may-kiem-kho-zebra-mc9300\/\" \/>\n<meta property=\"og:site_name\" content=\"BLI Vi\u1ec7t Nam\" \/>\n<meta property=\"article:modified_time\" content=\"2021-06-03T01:59:15+00:00\" \/>\n<meta property=\"og:image\" content=\"https:\/\/bli.com.vn\/wp-content\/uploads\/2021\/06\/May-kiem-kho-Zebra-MC9300.jpg\" \/>\n\t<meta property=\"og:image:width\" content=\"600\" \/>\n\t<meta property=\"og:image:height\" content=\"400\" \/>\n\t<meta property=\"og:image:type\" content=\"image\/jpeg\" \/>\n<meta name=\"twitter:card\" content=\"summary_large_image\" \/>\n<meta name=\"twitter:image\" content=\"https:\/\/bli.com.vn\/wp-content\/uploads\/2021\/06\/May-kiem-kho-Zebra-MC9300.jpg\" \/>\n<meta name=\"twitter:label1\" content=\"Est. reading time\" \/>\n\t<meta name=\"twitter:data1\" content=\"2 minutes\" \/>\n<script type=\"application\/ld+json\" class=\"yoast-schema-graph\">{\"@context\":\"https:\\\/\\\/schema.org\",\"@graph\":[{\"@type\":\"WebPage\",\"@id\":\"https:\\\/\\\/bli.com.vn\\\/may-kiem-kho-zebra-mc9300\\\/\",\"url\":\"https:\\\/\\\/bli.com.vn\\\/may-kiem-kho-zebra-mc9300\\\/\",\"name\":\"M\u00e1y ki\u1ec3m kho Zebra MC9300 - BLI Vi\u1ec7t Nam\",\"isPartOf\":{\"@id\":\"https:\\\/\\\/bli.com.vn\\\/#website\"},\"primaryImageOfPage\":{\"@id\":\"https:\\\/\\\/bli.com.vn\\\/may-kiem-kho-zebra-mc9300\\\/#primaryimage\"},\"image\":{\"@id\":\"https:\\\/\\\/bli.com.vn\\\/may-kiem-kho-zebra-mc9300\\\/#primaryimage\"},\"thumbnailUrl\":\"https:\\\/\\\/bli.com.vn\\\/wp-content\\\/uploads\\\/2021\\\/06\\\/May-kiem-kho-Zebra-MC9300.jpg\",\"datePublished\":\"2021-06-02T10:09:50+00:00\",\"dateModified\":\"2021-06-03T01:59:15+00:00\",\"breadcrumb\":{\"@id\":\"https:\\\/\\\/bli.com.vn\\\/may-kiem-kho-zebra-mc9300\\\/#breadcrumb\"},\"inLanguage\":\"en-US\",\"potentialAction\":[{\"@type\":\"ReadAction\",\"target\":[\"https:\\\/\\\/bli.com.vn\\\/may-kiem-kho-zebra-mc9300\\\/\"]}]},{\"@type\":\"ImageObject\",\"inLanguage\":\"en-US\",\"@id\":\"https:\\\/\\\/bli.com.vn\\\/may-kiem-kho-zebra-mc9300\\\/#primaryimage\",\"url\":\"https:\\\/\\\/bli.com.vn\\\/wp-content\\\/uploads\\\/2021\\\/06\\\/May-kiem-kho-Zebra-MC9300.jpg\",\"contentUrl\":\"https:\\\/\\\/bli.com.vn\\\/wp-content\\\/uploads\\\/2021\\\/06\\\/May-kiem-kho-Zebra-MC9300.jpg\",\"width\":600,\"height\":400,\"caption\":\"M\u00e1y ki\u1ec3m kho Zebra MC9300 - bli.com.vn\"},{\"@type\":\"BreadcrumbList\",\"@id\":\"https:\\\/\\\/bli.com.vn\\\/may-kiem-kho-zebra-mc9300\\\/#breadcrumb\",\"itemListElement\":[{\"@type\":\"ListItem\",\"position\":1,\"name\":\"Home\",\"item\":\"https:\\\/\\\/bli.com.vn\\\/\"},{\"@type\":\"ListItem\",\"position\":2,\"name\":\"S\u1ea3n ph\u1ea9m\",\"item\":\"https:\\\/\\\/bli.com.vn\\\/san-pham\\\/\"},{\"@type\":\"ListItem\",\"position\":3,\"name\":\"M\u00e1y ki\u1ec3m kho Zebra MC9300\"}]},{\"@type\":\"WebSite\",\"@id\":\"https:\\\/\\\/bli.com.vn\\\/#website\",\"url\":\"https:\\\/\\\/bli.com.vn\\\/\",\"name\":\"BLI Vi\u1ec7t Nam\",\"description\":\"M\u00e1y in, m\u00e1y qu\u00e9t m\u00e3 v\u1ea1ch Zebra, Honeywell, Datalogic\",\"publisher\":{\"@id\":\"https:\\\/\\\/bli.com.vn\\\/#organization\"},\"potentialAction\":[{\"@type\":\"SearchAction\",\"target\":{\"@type\":\"EntryPoint\",\"urlTemplate\":\"https:\\\/\\\/bli.com.vn\\\/?s={search_term_string}\"},\"query-input\":{\"@type\":\"PropertyValueSpecification\",\"valueRequired\":true,\"valueName\":\"search_term_string\"}}],\"inLanguage\":\"en-US\"},{\"@type\":\"Organization\",\"@id\":\"https:\\\/\\\/bli.com.vn\\\/#organization\",\"name\":\"BLI Vi\u1ec7t Nam\",\"url\":\"https:\\\/\\\/bli.com.vn\\\/\",\"logo\":{\"@type\":\"ImageObject\",\"inLanguage\":\"en-US\",\"@id\":\"https:\\\/\\\/bli.com.vn\\\/#\\\/schema\\\/logo\\\/image\\\/\",\"url\":\"https:\\\/\\\/bli.com.vn\\\/wp-content\\\/uploads\\\/2021\\\/03\\\/site-logo.png\",\"contentUrl\":\"https:\\\/\\\/bli.com.vn\\\/wp-content\\\/uploads\\\/2021\\\/03\\\/site-logo.png\",\"width\":\"400\",\"height\":\"150\",\"caption\":\"BLI Vi\u1ec7t Nam\"},\"image\":{\"@id\":\"https:\\\/\\\/bli.com.vn\\\/#\\\/schema\\\/logo\\\/image\\\/\"}}]}<\/script>\n<!-- \/ Yoast SEO plugin. -->","yoast_head_json":{"title":"M\u00e1y ki\u1ec3m kho Zebra MC9300 - BLI Vi\u1ec7t Nam","robots":{"index":"index","follow":"follow","max-snippet":"max-snippet:-1","max-image-preview":"max-image-preview:large","max-video-preview":"max-video-preview:-1"},"canonical":"https:\/\/bli.com.vn\/en\/may-kiem-kho-zebra-mc9300\/","og_locale":"en_US","og_type":"article","og_title":"M\u00e1y ki\u1ec3m kho Zebra MC9300 - BLI Vi\u1ec7t Nam","og_description":"M\u00e1y ki\u1ec3m kho Zebra MC9300 l\u00e0 d\u00f2ng m\u00e1y ki\u1ec3m kho hi\u1ec7n \u0111\u1ea1i c\u1ee7a th\u01b0\u01a1ng hi\u1ec7u danh ti\u1ebfng Zebra. Zebra MC9300 l\u00e0 s\u1ef1 k\u1ebft h\u1ee3p ho\u00e0n h\u1ea3o c\u1ee7a b\u00e0n ph\u00edm v\u00e0 m\u00e0n h\u00ecnh WVGA c\u1ea3m \u1ee9ng \u0111a \u0111i\u1ec3m 4.3 inch, v\u1edbi h\u1ec7 \u0111i\u1ec1u h\u00e0nh Android quen thu\u1ed9c d\u1ec5 l\u00e0m quen. Ng\u01b0\u1eddi d\u00f9ng c\u00f3 th\u1ec3 ch\u1ecdn b\u00e0n ph\u00edm \u0111\u1ec3 \u0111\u01a1n gi\u1ea3n ho\u00e1 vi\u1ec7c nh\u1eadp d\u1eef li\u1ec7u - ch\u1eef s\u1ed1, s\u1ed1 v\u00e0 ph\u00edm ch\u1ee9c n\u0103ng.","og_url":"https:\/\/bli.com.vn\/en\/may-kiem-kho-zebra-mc9300\/","og_site_name":"BLI Vi\u1ec7t Nam","article_modified_time":"2021-06-03T01:59:15+00:00","og_image":[{"width":600,"height":400,"url":"https:\/\/bli.com.vn\/wp-content\/uploads\/2021\/06\/May-kiem-kho-Zebra-MC9300.jpg","type":"image\/jpeg"}],"twitter_card":"summary_large_image","twitter_image":"https:\/\/bli.com.vn\/wp-content\/uploads\/2021\/06\/May-kiem-kho-Zebra-MC9300.jpg","twitter_misc":{"Est. reading time":"2 minutes"},"schema":{"@context":"https:\/\/schema.org","@graph":[{"@type":"WebPage","@id":"https:\/\/bli.com.vn\/may-kiem-kho-zebra-mc9300\/","url":"https:\/\/bli.com.vn\/may-kiem-kho-zebra-mc9300\/","name":"M\u00e1y ki\u1ec3m kho Zebra MC9300 - BLI Vi\u1ec7t Nam","isPartOf":{"@id":"https:\/\/bli.com.vn\/#website"},"primaryImageOfPage":{"@id":"https:\/\/bli.com.vn\/may-kiem-kho-zebra-mc9300\/#primaryimage"},"image":{"@id":"https:\/\/bli.com.vn\/may-kiem-kho-zebra-mc9300\/#primaryimage"},"thumbnailUrl":"https:\/\/bli.com.vn\/wp-content\/uploads\/2021\/06\/May-kiem-kho-Zebra-MC9300.jpg","datePublished":"2021-06-02T10:09:50+00:00","dateModified":"2021-06-03T01:59:15+00:00","breadcrumb":{"@id":"https:\/\/bli.com.vn\/may-kiem-kho-zebra-mc9300\/#breadcrumb"},"inLanguage":"en-US","potentialAction":[{"@type":"ReadAction","target":["https:\/\/bli.com.vn\/may-kiem-kho-zebra-mc9300\/"]}]},{"@type":"ImageObject","inLanguage":"en-US","@id":"https:\/\/bli.com.vn\/may-kiem-kho-zebra-mc9300\/#primaryimage","url":"https:\/\/bli.com.vn\/wp-content\/uploads\/2021\/06\/May-kiem-kho-Zebra-MC9300.jpg","contentUrl":"https:\/\/bli.com.vn\/wp-content\/uploads\/2021\/06\/May-kiem-kho-Zebra-MC9300.jpg","width":600,"height":400,"caption":"M\u00e1y ki\u1ec3m kho Zebra MC9300 - bli.com.vn"},{"@type":"BreadcrumbList","@id":"https:\/\/bli.com.vn\/may-kiem-kho-zebra-mc9300\/#breadcrumb","itemListElement":[{"@type":"ListItem","position":1,"name":"Home","item":"https:\/\/bli.com.vn\/"},{"@type":"ListItem","position":2,"name":"S\u1ea3n ph\u1ea9m","item":"https:\/\/bli.com.vn\/san-pham\/"},{"@type":"ListItem","position":3,"name":"M\u00e1y ki\u1ec3m kho Zebra MC9300"}]},{"@type":"WebSite","@id":"https:\/\/bli.com.vn\/#website","url":"https:\/\/bli.com.vn\/","name":"BLI Vi\u1ec7t Nam","description":"M\u00e1y in, m\u00e1y qu\u00e9t m\u00e3 v\u1ea1ch Zebra, Honeywell, Datalogic","publisher":{"@id":"https:\/\/bli.com.vn\/#organization"},"potentialAction":[{"@type":"SearchAction","target":{"@type":"EntryPoint","urlTemplate":"https:\/\/bli.com.vn\/?s={search_term_string}"},"query-input":{"@type":"PropertyValueSpecification","valueRequired":true,"valueName":"search_term_string"}}],"inLanguage":"en-US"},{"@type":"Organization","@id":"https:\/\/bli.com.vn\/#organization","name":"BLI Vi\u1ec7t Nam","url":"https:\/\/bli.com.vn\/","logo":{"@type":"ImageObject","inLanguage":"en-US","@id":"https:\/\/bli.com.vn\/#\/schema\/logo\/image\/","url":"https:\/\/bli.com.vn\/wp-content\/uploads\/2021\/03\/site-logo.png","contentUrl":"https:\/\/bli.com.vn\/wp-content\/uploads\/2021\/03\/site-logo.png","width":"400","height":"150","caption":"BLI Vi\u1ec7t Nam"},"image":{"@id":"https:\/\/bli.com.vn\/#\/schema\/logo\/image\/"}}]}},"_links":{"self":[{"href":"https:\/\/bli.com.vn\/en\/wp-json\/wp\/v2\/product\/466","targetHints":{"allow":["GET"]}}],"collection":[{"href":"https:\/\/bli.com.vn\/en\/wp-json\/wp\/v2\/product"}],"about":[{"href":"https:\/\/bli.com.vn\/en\/wp-json\/wp\/v2\/types\/product"}],"wp:featuredmedia":[{"embeddable":true,"href":"https:\/\/bli.com.vn\/en\/wp-json\/wp\/v2\/media\/467"}],"wp:attachment":[{"href":"https:\/\/bli.com.vn\/en\/wp-json\/wp\/v2\/media?parent=466"}],"wp:term":[{"taxonomy":"product_cat","embeddable":true,"href":"https:\/\/bli.com.vn\/en\/wp-json\/wp\/v2\/product_cat?post=466"},{"taxonomy":"product_tag","embeddable":true,"href":"https:\/\/bli.com.vn\/en\/wp-json\/wp\/v2\/product_tag?post=466"}],"curies":[{"name":"wp","href":"https:\/\/api.w.org\/{rel}","templated":true}]}}