{"id":473,"date":"2021-06-03T03:56:06","date_gmt":"2021-06-03T03:56:06","guid":{"rendered":"https:\/\/bli.com.vn\/?post_type=product&#038;p=473"},"modified":"2021-06-03T03:56:06","modified_gmt":"2021-06-03T03:56:06","slug":"may-kiem-kho-honeywell-dolphin-6500","status":"publish","type":"product","link":"https:\/\/bli.com.vn\/en\/may-kiem-kho-honeywell-dolphin-6500\/","title":{"rendered":"Honeywell Dolphin 6500 mobile computer"},"content":{"rendered":"<p>Honeywell Dolphin 6500 uses Windows operating system, supports wifi and Bluetooth connectivity, with multi-touch screen and provides real-time collection connection. The Dolphin 6510 integrates standard 1D and 2D decoding barcode readers, providing enhanced data capture and real-time wireless communication for applications in retail and supply chain solutions and light industry.<\/p>\n<table width=\"447\">\n<tbody>\n<tr>\n<td width=\"447\"><strong>Model: Honeywell Dolphin 6500<\/strong><\/td>\n<\/tr>\n<tr>\n<td>CPU: Marvell XScale PXA300 624 MH<\/td>\n<\/tr>\n<tr>\n<td>OS: Microsoft\u00ae Windows CE 5.0; Windows\u00ae Embedded Handheld 6.5<\/td>\n<\/tr>\n<tr>\n<td>Memory: Windows\u00ae CE 5.0: 128 MB RAM X 128 MB Flash; Windows\u00ae Embedded Handheld 6.5: 256 MB RAM X 256 MB Flash<\/td>\n<\/tr>\n<tr>\n<td>Display scressn: 3.5\u02dd active matrix 65k color LCD with backlight, QVGA (240 x 320)<\/td>\n<\/tr>\n<tr>\n<td width=\"447\"><strong>Keyboard:<\/strong><br \/>\n&#8211; 28-key numeric with shifted alpha and backlit keys;<br \/>\n&#8211; 52-key full alphanumeric with backlit keys<\/td>\n<\/tr>\n<tr>\n<td>Interface: Full speed USB 1.1 from cradle (or I\/O cable); RS232 (115 Kbps) from cradle<\/td>\n<\/tr>\n<tr>\n<td>WLAN: Dual Mode 802.11 b\/g (11 Mbps\/54 Mbps) with internal antenna<\/td>\n<\/tr>\n<tr>\n<td>WLAN security: Wi-Fi Alliance Certification, Wireless Security Supplicant (DeviceScape), 802.1x, WPA2, EAP, WEP, LEAP, TKIP, MD5, EAP-TLS, EAP-TTLS, WPA-PSK, PEAP, CCXv4<\/td>\n<\/tr>\n<tr>\n<td>WPAN: Bluetooth\u00ae Class II (10 m) v2.0 Enhanced Data Rate (EDR) with on-board antenna. BQB certified<\/td>\n<\/tr>\n<\/tbody>\n<\/table>","protected":false},"excerpt":{"rendered":"<p>The Honeywell Dolphin 6500 has a compact and flexible design and advanced data collection capabilities. Dolphin 6500 has wireless connectivity, well supports applications in retail, price lookup, data checking, inventory management and industrial supply chains. Optional keyboard with 28 numeric keys and 52 alphanumeric keys allows users to change priority to meet different application requirements.<\/p>","protected":false},"featured_media":474,"template":"","meta":{"_genesis_hide_title":false,"_genesis_hide_breadcrumbs":false,"_genesis_hide_singular_image":false,"_genesis_hide_footer_widgets":false,"_genesis_custom_body_class":"","_genesis_custom_post_class":"","_genesis_layout":""},"product_cat":[25],"product_tag":[],"class_list":{"0":"post-473","1":"product","2":"type-product","3":"status-publish","4":"has-post-thumbnail","6":"product_cat-may-kiem-kho","7":"entry","9":"first","10":"instock","11":"shipping-taxable","12":"product-type-simple"},"yoast_head":"<!-- This site is optimized with the Yoast SEO plugin v27.3 - https:\/\/yoast.com\/product\/yoast-seo-wordpress\/ -->\n<title>M\u00e1y ki\u1ec3m kho Honeywell Dolphin 6500 - BLI Vi\u1ec7t Nam<\/title>\n<meta name=\"robots\" content=\"index, follow, max-snippet:-1, max-image-preview:large, max-video-preview:-1\" \/>\n<link rel=\"canonical\" href=\"https:\/\/bli.com.vn\/en\/may-kiem-kho-honeywell-dolphin-6500\/\" \/>\n<meta property=\"og:locale\" content=\"en_US\" \/>\n<meta property=\"og:type\" content=\"article\" \/>\n<meta property=\"og:title\" content=\"M\u00e1y ki\u1ec3m kho Honeywell Dolphin 6500 - BLI Vi\u1ec7t Nam\" \/>\n<meta property=\"og:description\" content=\"M\u00e1y ki\u1ec3m kho Honeywell Dolphin 6500 c\u00f3 thi\u1ebft k\u1ebf g\u1ecdn nh\u1eb9 v\u00e0 linh ho\u1ea1t c\u00f9ng kh\u1ea3 n\u0103ng thu th\u1eadp d\u1eef li\u1ec7u ti\u00ean ti\u1ebfn. Dolphin 6500 c\u00f3 k\u1ebft n\u1ed1i kh\u00f4ng d\u00e2y, h\u1ed7 tr\u1ee3 t\u1ed1t c\u00e1c \u1ee9ng d\u1ee5ng trong b\u00e1n l\u1ebb, tra c\u1ee9u gi\u00e1, ki\u1ec3m tra s\u1ed1 li\u1ec7u, qu\u1ea3n l\u00fd h\u00e0ng t\u1ed3n kho v\u00e0 c\u00e1c chu\u1ed7i cung \u1ee9ng c\u00f4ng nghi\u1ec7p. T\u00f9y ch\u1ecdn b\u00e0n ph\u00edm 28 ph\u00edm s\u1ed1 v\u00e0 52 ph\u00edm ch\u1eef cho ph\u00e9p ng\u01b0\u1eddi s\u1eed d\u1ee5ng \u01b0u ti\u00ean thay \u0111\u1ed5i \u0111\u1ec3 \u0111\u00e1p \u1ee9ng y\u00eau c\u1ea7u \u1ee9ng d\u1ee5ng kh\u00e1c nhau.\" \/>\n<meta property=\"og:url\" content=\"https:\/\/bli.com.vn\/en\/may-kiem-kho-honeywell-dolphin-6500\/\" \/>\n<meta property=\"og:site_name\" content=\"BLI Vi\u1ec7t Nam\" \/>\n<meta property=\"og:image\" content=\"https:\/\/bli.com.vn\/wp-content\/uploads\/2021\/06\/May-kiem-kho-Honeywell-Dolphin-6500.jpg\" \/>\n\t<meta property=\"og:image:width\" content=\"600\" \/>\n\t<meta property=\"og:image:height\" content=\"400\" \/>\n\t<meta property=\"og:image:type\" content=\"image\/jpeg\" \/>\n<meta name=\"twitter:card\" content=\"summary_large_image\" \/>\n<meta name=\"twitter:image\" content=\"https:\/\/bli.com.vn\/wp-content\/uploads\/2021\/06\/May-kiem-kho-Honeywell-Dolphin-6500.jpg\" \/>\n<meta name=\"twitter:label1\" content=\"Est. reading time\" \/>\n\t<meta name=\"twitter:data1\" content=\"2 minutes\" \/>\n<script type=\"application\/ld+json\" class=\"yoast-schema-graph\">{\"@context\":\"https:\\\/\\\/schema.org\",\"@graph\":[{\"@type\":\"WebPage\",\"@id\":\"https:\\\/\\\/bli.com.vn\\\/may-kiem-kho-honeywell-dolphin-6500\\\/\",\"url\":\"https:\\\/\\\/bli.com.vn\\\/may-kiem-kho-honeywell-dolphin-6500\\\/\",\"name\":\"M\u00e1y ki\u1ec3m kho Honeywell Dolphin 6500 - BLI Vi\u1ec7t Nam\",\"isPartOf\":{\"@id\":\"https:\\\/\\\/bli.com.vn\\\/#website\"},\"primaryImageOfPage\":{\"@id\":\"https:\\\/\\\/bli.com.vn\\\/may-kiem-kho-honeywell-dolphin-6500\\\/#primaryimage\"},\"image\":{\"@id\":\"https:\\\/\\\/bli.com.vn\\\/may-kiem-kho-honeywell-dolphin-6500\\\/#primaryimage\"},\"thumbnailUrl\":\"https:\\\/\\\/bli.com.vn\\\/wp-content\\\/uploads\\\/2021\\\/06\\\/May-kiem-kho-Honeywell-Dolphin-6500.jpg\",\"datePublished\":\"2021-06-03T03:56:06+00:00\",\"breadcrumb\":{\"@id\":\"https:\\\/\\\/bli.com.vn\\\/may-kiem-kho-honeywell-dolphin-6500\\\/#breadcrumb\"},\"inLanguage\":\"en-US\",\"potentialAction\":[{\"@type\":\"ReadAction\",\"target\":[\"https:\\\/\\\/bli.com.vn\\\/may-kiem-kho-honeywell-dolphin-6500\\\/\"]}]},{\"@type\":\"ImageObject\",\"inLanguage\":\"en-US\",\"@id\":\"https:\\\/\\\/bli.com.vn\\\/may-kiem-kho-honeywell-dolphin-6500\\\/#primaryimage\",\"url\":\"https:\\\/\\\/bli.com.vn\\\/wp-content\\\/uploads\\\/2021\\\/06\\\/May-kiem-kho-Honeywell-Dolphin-6500.jpg\",\"contentUrl\":\"https:\\\/\\\/bli.com.vn\\\/wp-content\\\/uploads\\\/2021\\\/06\\\/May-kiem-kho-Honeywell-Dolphin-6500.jpg\",\"width\":600,\"height\":400,\"caption\":\"M\u00e1y ki\u1ec3m kho Honeywell Dolphin 6500 - bli.com.vn\"},{\"@type\":\"BreadcrumbList\",\"@id\":\"https:\\\/\\\/bli.com.vn\\\/may-kiem-kho-honeywell-dolphin-6500\\\/#breadcrumb\",\"itemListElement\":[{\"@type\":\"ListItem\",\"position\":1,\"name\":\"Home\",\"item\":\"https:\\\/\\\/bli.com.vn\\\/\"},{\"@type\":\"ListItem\",\"position\":2,\"name\":\"S\u1ea3n ph\u1ea9m\",\"item\":\"https:\\\/\\\/bli.com.vn\\\/san-pham\\\/\"},{\"@type\":\"ListItem\",\"position\":3,\"name\":\"M\u00e1y ki\u1ec3m kho Honeywell Dolphin 6500\"}]},{\"@type\":\"WebSite\",\"@id\":\"https:\\\/\\\/bli.com.vn\\\/#website\",\"url\":\"https:\\\/\\\/bli.com.vn\\\/\",\"name\":\"BLI Vi\u1ec7t Nam\",\"description\":\"M\u00e1y in, m\u00e1y qu\u00e9t m\u00e3 v\u1ea1ch Zebra, Honeywell, Datalogic\",\"publisher\":{\"@id\":\"https:\\\/\\\/bli.com.vn\\\/#organization\"},\"potentialAction\":[{\"@type\":\"SearchAction\",\"target\":{\"@type\":\"EntryPoint\",\"urlTemplate\":\"https:\\\/\\\/bli.com.vn\\\/?s={search_term_string}\"},\"query-input\":{\"@type\":\"PropertyValueSpecification\",\"valueRequired\":true,\"valueName\":\"search_term_string\"}}],\"inLanguage\":\"en-US\"},{\"@type\":\"Organization\",\"@id\":\"https:\\\/\\\/bli.com.vn\\\/#organization\",\"name\":\"BLI Vi\u1ec7t Nam\",\"url\":\"https:\\\/\\\/bli.com.vn\\\/\",\"logo\":{\"@type\":\"ImageObject\",\"inLanguage\":\"en-US\",\"@id\":\"https:\\\/\\\/bli.com.vn\\\/#\\\/schema\\\/logo\\\/image\\\/\",\"url\":\"https:\\\/\\\/bli.com.vn\\\/wp-content\\\/uploads\\\/2021\\\/03\\\/site-logo.png\",\"contentUrl\":\"https:\\\/\\\/bli.com.vn\\\/wp-content\\\/uploads\\\/2021\\\/03\\\/site-logo.png\",\"width\":\"400\",\"height\":\"150\",\"caption\":\"BLI Vi\u1ec7t Nam\"},\"image\":{\"@id\":\"https:\\\/\\\/bli.com.vn\\\/#\\\/schema\\\/logo\\\/image\\\/\"}}]}<\/script>\n<!-- \/ Yoast SEO plugin. -->","yoast_head_json":{"title":"M\u00e1y ki\u1ec3m kho Honeywell Dolphin 6500 - BLI Vi\u1ec7t Nam","robots":{"index":"index","follow":"follow","max-snippet":"max-snippet:-1","max-image-preview":"max-image-preview:large","max-video-preview":"max-video-preview:-1"},"canonical":"https:\/\/bli.com.vn\/en\/may-kiem-kho-honeywell-dolphin-6500\/","og_locale":"en_US","og_type":"article","og_title":"M\u00e1y ki\u1ec3m kho Honeywell Dolphin 6500 - BLI Vi\u1ec7t Nam","og_description":"M\u00e1y ki\u1ec3m kho Honeywell Dolphin 6500 c\u00f3 thi\u1ebft k\u1ebf g\u1ecdn nh\u1eb9 v\u00e0 linh ho\u1ea1t c\u00f9ng kh\u1ea3 n\u0103ng thu th\u1eadp d\u1eef li\u1ec7u ti\u00ean ti\u1ebfn. Dolphin 6500 c\u00f3 k\u1ebft n\u1ed1i kh\u00f4ng d\u00e2y, h\u1ed7 tr\u1ee3 t\u1ed1t c\u00e1c \u1ee9ng d\u1ee5ng trong b\u00e1n l\u1ebb, tra c\u1ee9u gi\u00e1, ki\u1ec3m tra s\u1ed1 li\u1ec7u, qu\u1ea3n l\u00fd h\u00e0ng t\u1ed3n kho v\u00e0 c\u00e1c chu\u1ed7i cung \u1ee9ng c\u00f4ng nghi\u1ec7p. T\u00f9y ch\u1ecdn b\u00e0n ph\u00edm 28 ph\u00edm s\u1ed1 v\u00e0 52 ph\u00edm ch\u1eef cho ph\u00e9p ng\u01b0\u1eddi s\u1eed d\u1ee5ng \u01b0u ti\u00ean thay \u0111\u1ed5i \u0111\u1ec3 \u0111\u00e1p \u1ee9ng y\u00eau c\u1ea7u \u1ee9ng d\u1ee5ng kh\u00e1c nhau.","og_url":"https:\/\/bli.com.vn\/en\/may-kiem-kho-honeywell-dolphin-6500\/","og_site_name":"BLI Vi\u1ec7t Nam","og_image":[{"width":600,"height":400,"url":"https:\/\/bli.com.vn\/wp-content\/uploads\/2021\/06\/May-kiem-kho-Honeywell-Dolphin-6500.jpg","type":"image\/jpeg"}],"twitter_card":"summary_large_image","twitter_image":"https:\/\/bli.com.vn\/wp-content\/uploads\/2021\/06\/May-kiem-kho-Honeywell-Dolphin-6500.jpg","twitter_misc":{"Est. reading time":"2 minutes"},"schema":{"@context":"https:\/\/schema.org","@graph":[{"@type":"WebPage","@id":"https:\/\/bli.com.vn\/may-kiem-kho-honeywell-dolphin-6500\/","url":"https:\/\/bli.com.vn\/may-kiem-kho-honeywell-dolphin-6500\/","name":"M\u00e1y ki\u1ec3m kho Honeywell Dolphin 6500 - BLI Vi\u1ec7t Nam","isPartOf":{"@id":"https:\/\/bli.com.vn\/#website"},"primaryImageOfPage":{"@id":"https:\/\/bli.com.vn\/may-kiem-kho-honeywell-dolphin-6500\/#primaryimage"},"image":{"@id":"https:\/\/bli.com.vn\/may-kiem-kho-honeywell-dolphin-6500\/#primaryimage"},"thumbnailUrl":"https:\/\/bli.com.vn\/wp-content\/uploads\/2021\/06\/May-kiem-kho-Honeywell-Dolphin-6500.jpg","datePublished":"2021-06-03T03:56:06+00:00","breadcrumb":{"@id":"https:\/\/bli.com.vn\/may-kiem-kho-honeywell-dolphin-6500\/#breadcrumb"},"inLanguage":"en-US","potentialAction":[{"@type":"ReadAction","target":["https:\/\/bli.com.vn\/may-kiem-kho-honeywell-dolphin-6500\/"]}]},{"@type":"ImageObject","inLanguage":"en-US","@id":"https:\/\/bli.com.vn\/may-kiem-kho-honeywell-dolphin-6500\/#primaryimage","url":"https:\/\/bli.com.vn\/wp-content\/uploads\/2021\/06\/May-kiem-kho-Honeywell-Dolphin-6500.jpg","contentUrl":"https:\/\/bli.com.vn\/wp-content\/uploads\/2021\/06\/May-kiem-kho-Honeywell-Dolphin-6500.jpg","width":600,"height":400,"caption":"M\u00e1y ki\u1ec3m kho Honeywell Dolphin 6500 - bli.com.vn"},{"@type":"BreadcrumbList","@id":"https:\/\/bli.com.vn\/may-kiem-kho-honeywell-dolphin-6500\/#breadcrumb","itemListElement":[{"@type":"ListItem","position":1,"name":"Home","item":"https:\/\/bli.com.vn\/"},{"@type":"ListItem","position":2,"name":"S\u1ea3n ph\u1ea9m","item":"https:\/\/bli.com.vn\/san-pham\/"},{"@type":"ListItem","position":3,"name":"M\u00e1y ki\u1ec3m kho Honeywell Dolphin 6500"}]},{"@type":"WebSite","@id":"https:\/\/bli.com.vn\/#website","url":"https:\/\/bli.com.vn\/","name":"BLI Vi\u1ec7t Nam","description":"M\u00e1y in, m\u00e1y qu\u00e9t m\u00e3 v\u1ea1ch Zebra, Honeywell, Datalogic","publisher":{"@id":"https:\/\/bli.com.vn\/#organization"},"potentialAction":[{"@type":"SearchAction","target":{"@type":"EntryPoint","urlTemplate":"https:\/\/bli.com.vn\/?s={search_term_string}"},"query-input":{"@type":"PropertyValueSpecification","valueRequired":true,"valueName":"search_term_string"}}],"inLanguage":"en-US"},{"@type":"Organization","@id":"https:\/\/bli.com.vn\/#organization","name":"BLI Vi\u1ec7t Nam","url":"https:\/\/bli.com.vn\/","logo":{"@type":"ImageObject","inLanguage":"en-US","@id":"https:\/\/bli.com.vn\/#\/schema\/logo\/image\/","url":"https:\/\/bli.com.vn\/wp-content\/uploads\/2021\/03\/site-logo.png","contentUrl":"https:\/\/bli.com.vn\/wp-content\/uploads\/2021\/03\/site-logo.png","width":"400","height":"150","caption":"BLI Vi\u1ec7t Nam"},"image":{"@id":"https:\/\/bli.com.vn\/#\/schema\/logo\/image\/"}}]}},"_links":{"self":[{"href":"https:\/\/bli.com.vn\/en\/wp-json\/wp\/v2\/product\/473","targetHints":{"allow":["GET"]}}],"collection":[{"href":"https:\/\/bli.com.vn\/en\/wp-json\/wp\/v2\/product"}],"about":[{"href":"https:\/\/bli.com.vn\/en\/wp-json\/wp\/v2\/types\/product"}],"wp:featuredmedia":[{"embeddable":true,"href":"https:\/\/bli.com.vn\/en\/wp-json\/wp\/v2\/media\/474"}],"wp:attachment":[{"href":"https:\/\/bli.com.vn\/en\/wp-json\/wp\/v2\/media?parent=473"}],"wp:term":[{"taxonomy":"product_cat","embeddable":true,"href":"https:\/\/bli.com.vn\/en\/wp-json\/wp\/v2\/product_cat?post=473"},{"taxonomy":"product_tag","embeddable":true,"href":"https:\/\/bli.com.vn\/en\/wp-json\/wp\/v2\/product_tag?post=473"}],"curies":[{"name":"wp","href":"https:\/\/api.w.org\/{rel}","templated":true}]}}