{"id":475,"date":"2021-06-03T04:19:47","date_gmt":"2021-06-03T04:19:47","guid":{"rendered":"https:\/\/bli.com.vn\/?post_type=product&#038;p=475"},"modified":"2021-12-10T09:12:25","modified_gmt":"2021-12-10T09:12:25","slug":"may-kiem-kho-datalogic-dh60","status":"publish","type":"product","link":"https:\/\/bli.com.vn\/en\/may-kiem-kho-datalogic-dh60\/","title":{"rendered":"Datalogic DH60 Mobile Computer"},"content":{"rendered":"<p>Datalogic DH60 is developed on the basis of advanced wireless technology with an external design such as a 3.2 \"touch screen, supporting Microsoft Windows CE 6.0 operating system. Datalogic DH60 converges all new technologies with low investment cost. low investment, convincingly meet the needs of customers, creating a strong advantage to compete with the same product lines.<\/p>\n<table width=\"368\">\n<tbody>\n<tr>\n<td width=\"368\"><strong>Model: Datalogic DH60<\/strong><\/td>\n<\/tr>\n<tr>\n<td>OS: Windows CE 6.0<\/td>\n<\/tr>\n<tr>\n<td>CPU: Samsung A8 S5PV210 @ 800 MHz<\/td>\n<\/tr>\n<tr>\n<td width=\"368\"><strong>Barcode reader:<\/strong><br \/>\n&#8211; 2D Imager : Scan Rate: 60 frames \/ sec<br \/>\n\u2013 Support Green Spot<\/td>\n<\/tr>\n<tr>\n<td>Display screen: TTFT daylight readable color display, 240 x 320 pixels, 3.2 inch diagonal, 64 K colors,200 nit backlight, touch screen<\/td>\n<\/tr>\n<tr>\n<td width=\"368\"><strong>Memory:<\/strong><br \/>\n&#8211; Flash: 512 MB; RAM: 256 MB<br \/>\n\u2013 Extended: microSD slot<\/td>\n<\/tr>\n<tr>\n<td>Keyboard: 31-Key numeric with ten functional keys and two-side scan keys<\/td>\n<\/tr>\n<tr>\n<td>Battery: Li-ion Polymer battery2600 mAh @ 3.7 V (9.62 Watt-hours)<\/td>\n<\/tr>\n<tr>\n<td>Dimension:  185 x 73 x 38 mm<\/td>\n<\/tr>\n<tr>\n<td>Weight: 340g<\/td>\n<\/tr>\n<tr>\n<td>Standard: IP54<\/td>\n<\/tr>\n<tr>\n<td width=\"368\"><strong>Wireless:<\/strong><br \/>\n&#8211; Summit IEEE 802.11 b\/g\/n<br \/>\n&#8211; Bluetooth\u00ae Wireless Technology IEEE 802.15\u00a0Class 2.1<\/td>\n<\/tr>\n<tr>\n<td>Cable connection: Mini USB<\/td>\n<\/tr>\n<tr>\n<td>Barcode standard:  2D Codes + POSTAL CODES + STACKED CODES<\/td>\n<\/tr>\n<\/tbody>\n<\/table>","protected":false},"excerpt":{"rendered":"<p>Datalogic DH60 is widely used in retail, warehouse, manufacturing facilities, performing simple inventory management tasks, product traceability. The Datalogic DH60 2D barcode scanner is a great combination of low cost and reliable quality for inventory management and asset management solutions.<\/p>","protected":false},"featured_media":476,"template":"","meta":{"_genesis_hide_title":false,"_genesis_hide_breadcrumbs":false,"_genesis_hide_singular_image":false,"_genesis_hide_footer_widgets":false,"_genesis_custom_body_class":"","_genesis_custom_post_class":"","_genesis_layout":""},"product_cat":[25],"product_tag":[],"class_list":{"0":"post-475","1":"product","2":"type-product","3":"status-publish","4":"has-post-thumbnail","6":"product_cat-may-kiem-kho","7":"entry","9":"first","10":"instock","11":"shipping-taxable","12":"product-type-simple"},"yoast_head":"<!-- This site is optimized with the Yoast SEO plugin v27.3 - https:\/\/yoast.com\/product\/yoast-seo-wordpress\/ -->\n<title>M\u00e1y ki\u1ec3m kho Datalogic DH60 - BLI Vi\u1ec7t Nam<\/title>\n<meta name=\"robots\" content=\"index, follow, max-snippet:-1, max-image-preview:large, max-video-preview:-1\" \/>\n<link rel=\"canonical\" href=\"https:\/\/bli.com.vn\/en\/may-kiem-kho-datalogic-dh60\/\" \/>\n<meta property=\"og:locale\" content=\"en_US\" \/>\n<meta property=\"og:type\" content=\"article\" \/>\n<meta property=\"og:title\" content=\"M\u00e1y ki\u1ec3m kho Datalogic DH60 - BLI Vi\u1ec7t Nam\" \/>\n<meta property=\"og:description\" content=\"Datalogic DH60 \u0111\u01b0\u1ee3c d\u00f9ng nhi\u1ec1u trong b\u00e1n l\u1ebb, kho h\u00e0ng, c\u01a1 s\u1edf s\u1ea3n xu\u1ea5t, th\u1ef1c hi\u1ec7n nhi\u1ec7m v\u1ee5 qu\u1ea3n l\u00fd h\u00e0ng t\u1ed3n kho \u0111\u01a1n gi\u1ea3n, truy xu\u1ea5t ngu\u1ed3n g\u1ed1c s\u1ea3n ph\u1ea9m. M\u00e1y ki\u1ec3m kho Datalogic DH60 qu\u00e9t m\u00e3 v\u1ea1ch 2D l\u00e0 s\u1ef1 k\u1ebft h\u1ee3p tuy\u1ec7t v\u1eddi gi\u1eefa chi ph\u00ed th\u1ea5p v\u00e0 ch\u1ea5t l\u01b0\u1ee3ng \u0111\u00e1ng tin c\u1eady cho gi\u1ea3i ph\u00e1p qu\u1ea3n l\u00fd kho h\u00e0ng v\u00e0 ki\u1ec3m k\u00ea t\u00e0i s\u1ea3n.\" \/>\n<meta property=\"og:url\" content=\"https:\/\/bli.com.vn\/en\/may-kiem-kho-datalogic-dh60\/\" \/>\n<meta property=\"og:site_name\" content=\"BLI Vi\u1ec7t Nam\" \/>\n<meta property=\"article:modified_time\" content=\"2021-12-10T09:12:25+00:00\" \/>\n<meta property=\"og:image\" content=\"https:\/\/bli.com.vn\/wp-content\/uploads\/2021\/06\/May-kiem-kho-Datalogic-DH60.jpg\" \/>\n\t<meta property=\"og:image:width\" content=\"600\" \/>\n\t<meta property=\"og:image:height\" content=\"400\" \/>\n\t<meta property=\"og:image:type\" content=\"image\/jpeg\" \/>\n<meta name=\"twitter:card\" content=\"summary_large_image\" \/>\n<meta name=\"twitter:image\" content=\"https:\/\/bli.com.vn\/wp-content\/uploads\/2021\/06\/May-kiem-kho-Datalogic-DH60.jpg\" \/>\n<meta name=\"twitter:label1\" content=\"Est. reading time\" \/>\n\t<meta name=\"twitter:data1\" content=\"1 minute\" \/>\n<script type=\"application\/ld+json\" class=\"yoast-schema-graph\">{\"@context\":\"https:\\\/\\\/schema.org\",\"@graph\":[{\"@type\":\"WebPage\",\"@id\":\"https:\\\/\\\/bli.com.vn\\\/en\\\/may-kiem-kho-datalogic-dh60\\\/\",\"url\":\"https:\\\/\\\/bli.com.vn\\\/en\\\/may-kiem-kho-datalogic-dh60\\\/\",\"name\":\"M\u00e1y ki\u1ec3m kho Datalogic DH60 - BLI Vi\u1ec7t Nam\",\"isPartOf\":{\"@id\":\"https:\\\/\\\/bli.com.vn\\\/#website\"},\"primaryImageOfPage\":{\"@id\":\"https:\\\/\\\/bli.com.vn\\\/en\\\/may-kiem-kho-datalogic-dh60\\\/#primaryimage\"},\"image\":{\"@id\":\"https:\\\/\\\/bli.com.vn\\\/en\\\/may-kiem-kho-datalogic-dh60\\\/#primaryimage\"},\"thumbnailUrl\":\"https:\\\/\\\/bli.com.vn\\\/wp-content\\\/uploads\\\/2021\\\/06\\\/May-kiem-kho-Datalogic-DH60.jpg\",\"datePublished\":\"2021-06-03T04:19:47+00:00\",\"dateModified\":\"2021-12-10T09:12:25+00:00\",\"breadcrumb\":{\"@id\":\"https:\\\/\\\/bli.com.vn\\\/en\\\/may-kiem-kho-datalogic-dh60\\\/#breadcrumb\"},\"inLanguage\":\"en-US\",\"potentialAction\":[{\"@type\":\"ReadAction\",\"target\":[\"https:\\\/\\\/bli.com.vn\\\/en\\\/may-kiem-kho-datalogic-dh60\\\/\"]}]},{\"@type\":\"ImageObject\",\"inLanguage\":\"en-US\",\"@id\":\"https:\\\/\\\/bli.com.vn\\\/en\\\/may-kiem-kho-datalogic-dh60\\\/#primaryimage\",\"url\":\"https:\\\/\\\/bli.com.vn\\\/wp-content\\\/uploads\\\/2021\\\/06\\\/May-kiem-kho-Datalogic-DH60.jpg\",\"contentUrl\":\"https:\\\/\\\/bli.com.vn\\\/wp-content\\\/uploads\\\/2021\\\/06\\\/May-kiem-kho-Datalogic-DH60.jpg\",\"width\":600,\"height\":400,\"caption\":\"M\u00e1y ki\u1ec3m kho Datalogic DH60 - bli.com.vn\"},{\"@type\":\"BreadcrumbList\",\"@id\":\"https:\\\/\\\/bli.com.vn\\\/en\\\/may-kiem-kho-datalogic-dh60\\\/#breadcrumb\",\"itemListElement\":[{\"@type\":\"ListItem\",\"position\":1,\"name\":\"Home\",\"item\":\"https:\\\/\\\/bli.com.vn\\\/\"},{\"@type\":\"ListItem\",\"position\":2,\"name\":\"S\u1ea3n ph\u1ea9m\",\"item\":\"https:\\\/\\\/bli.com.vn\\\/san-pham\\\/\"},{\"@type\":\"ListItem\",\"position\":3,\"name\":\"M\u00e1y ki\u1ec3m kho Datalogic DH60\"}]},{\"@type\":\"WebSite\",\"@id\":\"https:\\\/\\\/bli.com.vn\\\/#website\",\"url\":\"https:\\\/\\\/bli.com.vn\\\/\",\"name\":\"BLI Vi\u1ec7t Nam\",\"description\":\"M\u00e1y in, m\u00e1y qu\u00e9t m\u00e3 v\u1ea1ch Zebra, Honeywell, Datalogic\",\"publisher\":{\"@id\":\"https:\\\/\\\/bli.com.vn\\\/#organization\"},\"potentialAction\":[{\"@type\":\"SearchAction\",\"target\":{\"@type\":\"EntryPoint\",\"urlTemplate\":\"https:\\\/\\\/bli.com.vn\\\/?s={search_term_string}\"},\"query-input\":{\"@type\":\"PropertyValueSpecification\",\"valueRequired\":true,\"valueName\":\"search_term_string\"}}],\"inLanguage\":\"en-US\"},{\"@type\":\"Organization\",\"@id\":\"https:\\\/\\\/bli.com.vn\\\/#organization\",\"name\":\"BLI Vi\u1ec7t Nam\",\"url\":\"https:\\\/\\\/bli.com.vn\\\/\",\"logo\":{\"@type\":\"ImageObject\",\"inLanguage\":\"en-US\",\"@id\":\"https:\\\/\\\/bli.com.vn\\\/#\\\/schema\\\/logo\\\/image\\\/\",\"url\":\"https:\\\/\\\/bli.com.vn\\\/wp-content\\\/uploads\\\/2021\\\/03\\\/site-logo.png\",\"contentUrl\":\"https:\\\/\\\/bli.com.vn\\\/wp-content\\\/uploads\\\/2021\\\/03\\\/site-logo.png\",\"width\":\"400\",\"height\":\"150\",\"caption\":\"BLI Vi\u1ec7t Nam\"},\"image\":{\"@id\":\"https:\\\/\\\/bli.com.vn\\\/#\\\/schema\\\/logo\\\/image\\\/\"}}]}<\/script>\n<!-- \/ Yoast SEO plugin. -->","yoast_head_json":{"title":"M\u00e1y ki\u1ec3m kho Datalogic DH60 - BLI Vi\u1ec7t Nam","robots":{"index":"index","follow":"follow","max-snippet":"max-snippet:-1","max-image-preview":"max-image-preview:large","max-video-preview":"max-video-preview:-1"},"canonical":"https:\/\/bli.com.vn\/en\/may-kiem-kho-datalogic-dh60\/","og_locale":"en_US","og_type":"article","og_title":"M\u00e1y ki\u1ec3m kho Datalogic DH60 - BLI Vi\u1ec7t Nam","og_description":"Datalogic DH60 \u0111\u01b0\u1ee3c d\u00f9ng nhi\u1ec1u trong b\u00e1n l\u1ebb, kho h\u00e0ng, c\u01a1 s\u1edf s\u1ea3n xu\u1ea5t, th\u1ef1c hi\u1ec7n nhi\u1ec7m v\u1ee5 qu\u1ea3n l\u00fd h\u00e0ng t\u1ed3n kho \u0111\u01a1n gi\u1ea3n, truy xu\u1ea5t ngu\u1ed3n g\u1ed1c s\u1ea3n ph\u1ea9m. M\u00e1y ki\u1ec3m kho Datalogic DH60 qu\u00e9t m\u00e3 v\u1ea1ch 2D l\u00e0 s\u1ef1 k\u1ebft h\u1ee3p tuy\u1ec7t v\u1eddi gi\u1eefa chi ph\u00ed th\u1ea5p v\u00e0 ch\u1ea5t l\u01b0\u1ee3ng \u0111\u00e1ng tin c\u1eady cho gi\u1ea3i ph\u00e1p qu\u1ea3n l\u00fd kho h\u00e0ng v\u00e0 ki\u1ec3m k\u00ea t\u00e0i s\u1ea3n.","og_url":"https:\/\/bli.com.vn\/en\/may-kiem-kho-datalogic-dh60\/","og_site_name":"BLI Vi\u1ec7t Nam","article_modified_time":"2021-12-10T09:12:25+00:00","og_image":[{"width":600,"height":400,"url":"https:\/\/bli.com.vn\/wp-content\/uploads\/2021\/06\/May-kiem-kho-Datalogic-DH60.jpg","type":"image\/jpeg"}],"twitter_card":"summary_large_image","twitter_image":"https:\/\/bli.com.vn\/wp-content\/uploads\/2021\/06\/May-kiem-kho-Datalogic-DH60.jpg","twitter_misc":{"Est. reading time":"1 minute"},"schema":{"@context":"https:\/\/schema.org","@graph":[{"@type":"WebPage","@id":"https:\/\/bli.com.vn\/en\/may-kiem-kho-datalogic-dh60\/","url":"https:\/\/bli.com.vn\/en\/may-kiem-kho-datalogic-dh60\/","name":"M\u00e1y ki\u1ec3m kho Datalogic DH60 - BLI Vi\u1ec7t Nam","isPartOf":{"@id":"https:\/\/bli.com.vn\/#website"},"primaryImageOfPage":{"@id":"https:\/\/bli.com.vn\/en\/may-kiem-kho-datalogic-dh60\/#primaryimage"},"image":{"@id":"https:\/\/bli.com.vn\/en\/may-kiem-kho-datalogic-dh60\/#primaryimage"},"thumbnailUrl":"https:\/\/bli.com.vn\/wp-content\/uploads\/2021\/06\/May-kiem-kho-Datalogic-DH60.jpg","datePublished":"2021-06-03T04:19:47+00:00","dateModified":"2021-12-10T09:12:25+00:00","breadcrumb":{"@id":"https:\/\/bli.com.vn\/en\/may-kiem-kho-datalogic-dh60\/#breadcrumb"},"inLanguage":"en-US","potentialAction":[{"@type":"ReadAction","target":["https:\/\/bli.com.vn\/en\/may-kiem-kho-datalogic-dh60\/"]}]},{"@type":"ImageObject","inLanguage":"en-US","@id":"https:\/\/bli.com.vn\/en\/may-kiem-kho-datalogic-dh60\/#primaryimage","url":"https:\/\/bli.com.vn\/wp-content\/uploads\/2021\/06\/May-kiem-kho-Datalogic-DH60.jpg","contentUrl":"https:\/\/bli.com.vn\/wp-content\/uploads\/2021\/06\/May-kiem-kho-Datalogic-DH60.jpg","width":600,"height":400,"caption":"M\u00e1y ki\u1ec3m kho Datalogic DH60 - bli.com.vn"},{"@type":"BreadcrumbList","@id":"https:\/\/bli.com.vn\/en\/may-kiem-kho-datalogic-dh60\/#breadcrumb","itemListElement":[{"@type":"ListItem","position":1,"name":"Home","item":"https:\/\/bli.com.vn\/"},{"@type":"ListItem","position":2,"name":"S\u1ea3n ph\u1ea9m","item":"https:\/\/bli.com.vn\/san-pham\/"},{"@type":"ListItem","position":3,"name":"M\u00e1y ki\u1ec3m kho Datalogic DH60"}]},{"@type":"WebSite","@id":"https:\/\/bli.com.vn\/#website","url":"https:\/\/bli.com.vn\/","name":"BLI Vi\u1ec7t Nam","description":"M\u00e1y in, m\u00e1y qu\u00e9t m\u00e3 v\u1ea1ch Zebra, Honeywell, Datalogic","publisher":{"@id":"https:\/\/bli.com.vn\/#organization"},"potentialAction":[{"@type":"SearchAction","target":{"@type":"EntryPoint","urlTemplate":"https:\/\/bli.com.vn\/?s={search_term_string}"},"query-input":{"@type":"PropertyValueSpecification","valueRequired":true,"valueName":"search_term_string"}}],"inLanguage":"en-US"},{"@type":"Organization","@id":"https:\/\/bli.com.vn\/#organization","name":"BLI Vi\u1ec7t Nam","url":"https:\/\/bli.com.vn\/","logo":{"@type":"ImageObject","inLanguage":"en-US","@id":"https:\/\/bli.com.vn\/#\/schema\/logo\/image\/","url":"https:\/\/bli.com.vn\/wp-content\/uploads\/2021\/03\/site-logo.png","contentUrl":"https:\/\/bli.com.vn\/wp-content\/uploads\/2021\/03\/site-logo.png","width":"400","height":"150","caption":"BLI Vi\u1ec7t Nam"},"image":{"@id":"https:\/\/bli.com.vn\/#\/schema\/logo\/image\/"}}]}},"_links":{"self":[{"href":"https:\/\/bli.com.vn\/en\/wp-json\/wp\/v2\/product\/475","targetHints":{"allow":["GET"]}}],"collection":[{"href":"https:\/\/bli.com.vn\/en\/wp-json\/wp\/v2\/product"}],"about":[{"href":"https:\/\/bli.com.vn\/en\/wp-json\/wp\/v2\/types\/product"}],"wp:featuredmedia":[{"embeddable":true,"href":"https:\/\/bli.com.vn\/en\/wp-json\/wp\/v2\/media\/476"}],"wp:attachment":[{"href":"https:\/\/bli.com.vn\/en\/wp-json\/wp\/v2\/media?parent=475"}],"wp:term":[{"taxonomy":"product_cat","embeddable":true,"href":"https:\/\/bli.com.vn\/en\/wp-json\/wp\/v2\/product_cat?post=475"},{"taxonomy":"product_tag","embeddable":true,"href":"https:\/\/bli.com.vn\/en\/wp-json\/wp\/v2\/product_tag?post=475"}],"curies":[{"name":"wp","href":"https:\/\/api.w.org\/{rel}","templated":true}]}}