{"id":482,"date":"2021-06-30T08:13:58","date_gmt":"2021-06-30T08:13:58","guid":{"rendered":"https:\/\/bli.com.vn\/?post_type=product&#038;p=482"},"modified":"2023-01-12T08:37:16","modified_gmt":"2023-01-12T08:37:16","slug":"may-kiem-kho-zebra-tc21","status":"publish","type":"product","link":"https:\/\/bli.com.vn\/en\/may-kiem-kho-zebra-tc21\/","title":{"rendered":"Zebra TC21 Mobile Computer"},"content":{"rendered":"<p>The Zebra TC21 has all the right features for businesses to help your employees capture and access the data they need to work times faster and more efficiently. The TC21 features a compact yet rugged design that provides reliable performance on a daily basis.<\/p>\n<table width=\"505\">\n<tbody>\n<tr>\n<td width=\"505\">OS: Android 10<\/td>\n<\/tr>\n<tr>\n<td width=\"505\">CPU: Qualcomm Snapdragon\u2122 660 octa-core, 1.8 GHz<\/td>\n<\/tr>\n<tr>\n<td width=\"505\">Barcode scanner: SE4710 1D\/2D imager + rear camera<\/td>\n<\/tr>\n<tr>\n<td width=\"505\">Display screen: 5.0 in. color HD (1280 x 720); LED backlight; Corning\u00ae Gorilla\u00ae Glass<\/td>\n<\/tr>\n<tr>\n<td width=\"505\">Memory: 3GB RAM\/32 GB Flash memory<\/td>\n<\/tr>\n<tr>\n<td width=\"505\">Keyboard: On-screen Keypad<\/td>\n<\/tr>\n<tr>\n<td width=\"505\">Dimension: 158 mm L x 79 mm W x 13.7 mm D<\/td>\n<\/tr>\n<tr>\n<td width=\"505\">Weight: 236 g (included battery)<\/td>\n<\/tr>\n<tr>\n<td width=\"505\">IP67 standard<\/td>\n<\/tr>\n<tr>\n<td width=\"505\"><strong>Wireless:<\/strong><br \/>\n&#8211; WLAN :\u00a0IEEE 802.11 a\/b\/g\/n\/ac\/d\/h\/i\/r\/k; Wi-Fi\u2122 certified;IPv4, IPv6, 1&#215;1 MU-MIMO<br \/>\n&#8211; WPAN :\u00a0Bluetooth 4.2 BLE<\/td>\n<\/tr>\n<\/tbody>\n<\/table>","protected":false},"excerpt":{"rendered":"<p>The Zebra TC21 (TC210K-01A222-A6) is the first in a barcode-scanning PDA that runs on Android 10 and is easy to upgrade in the future. The 5-inch, high-resolution touch screen offers plenty of space to display and interact with your applications. The display's premium quality can be easily viewed whether in a warehouse or outside in bright sunlight, and users can enter data with their bare fingers or even wearing gloves.<\/p>","protected":false},"featured_media":483,"template":"","meta":{"_genesis_hide_title":false,"_genesis_hide_breadcrumbs":false,"_genesis_hide_singular_image":false,"_genesis_hide_footer_widgets":false,"_genesis_custom_body_class":"","_genesis_custom_post_class":"","_genesis_layout":""},"product_cat":[25],"product_tag":[],"class_list":{"0":"post-482","1":"product","2":"type-product","3":"status-publish","4":"has-post-thumbnail","6":"product_cat-may-kiem-kho","7":"entry","9":"first","10":"instock","11":"shipping-taxable","12":"product-type-simple"},"yoast_head":"<!-- This site is optimized with the Yoast SEO plugin v27.3 - https:\/\/yoast.com\/product\/yoast-seo-wordpress\/ -->\n<title>M\u00e1y ki\u1ec3m kho Zebra TC21 - BLI Vi\u1ec7t Nam<\/title>\n<meta name=\"robots\" content=\"index, follow, max-snippet:-1, max-image-preview:large, max-video-preview:-1\" \/>\n<link rel=\"canonical\" href=\"https:\/\/bli.com.vn\/en\/may-kiem-kho-zebra-tc21\/\" \/>\n<meta property=\"og:locale\" content=\"en_US\" \/>\n<meta property=\"og:type\" content=\"article\" \/>\n<meta property=\"og:title\" content=\"M\u00e1y ki\u1ec3m kho Zebra TC21 - BLI Vi\u1ec7t Nam\" \/>\n<meta property=\"og:description\" content=\"M\u00e1y ki\u1ec3m kho Zebra TC21 (TC210K-01A222-A6) l\u00e0 thi\u1ebft b\u1ecb \u0111\u1ea7u ti\u00ean trong s\u1ea3n ph\u1ea9m PDA qu\u00e9t m\u00e3 v\u1ea1ch \u0111\u01b0\u1ee3c s\u1eed d\u1ee5ng phi\u00ean b\u1ea3n h\u1ec7 \u0111i\u1ec1u h\u00e0nh Android 10 v\u00e0 d\u1ec5 d\u00e0ng n\u00e2ng c\u1ea5p trong t\u01b0\u01a1ng lai. M\u00e0n h\u00ecnh c\u1ea3m \u1ee9ng cao c\u1ea5p v\u1edbi v\u1edbi k\u00edch th\u01b0\u1edbc 5 inches, c\u00f9ng \u0111\u1ed9 ph\u00e2n gi\u1ea3i cao gi\u00fap c\u00f3 nhi\u1ec1u kh\u00f4ng gian \u0111\u1ec3 hi\u1ec3n th\u1ecb v\u00e0 t\u01b0\u01a1ng t\u00e1c v\u1edbi c\u00e1c \u1ee9ng d\u1ee5ng c\u1ee7a b\u1ea1n. Ch\u1ea5t l\u01b0\u1ee3ng cao c\u1ea5p c\u1ee7a m\u00e0n h\u00ecnh c\u00f3 th\u1ec3 d\u1ec5 d\u00e0ng \u0111\u01b0\u1ee3c xem d\u00f9 trong kho x\u01b0\u1edfng hay b\u00ean ngo\u00e0i s\u00e1ng \u00e1nh s\u00e1ng m\u1eb7t tr\u1eddi v\u00e0 ng\u01b0\u1eddi s\u1eed d\u1ee5ng c\u00f3 th\u1ec3 nh\u1eadp d\u1eef li\u1ec7u b\u1eb1ng ng\u00f3n tay tr\u1ea7n ho\u1eb7c c\u1ea3 l\u00fac \u0111eo g\u0103ng tay.\" \/>\n<meta property=\"og:url\" content=\"https:\/\/bli.com.vn\/en\/may-kiem-kho-zebra-tc21\/\" \/>\n<meta property=\"og:site_name\" content=\"BLI Vi\u1ec7t Nam\" \/>\n<meta property=\"article:modified_time\" content=\"2023-01-12T08:37:16+00:00\" \/>\n<meta property=\"og:image\" content=\"https:\/\/bli.com.vn\/wp-content\/uploads\/2021\/06\/May-kiem-kho-Zebra-TC21.jpg\" \/>\n\t<meta property=\"og:image:width\" content=\"600\" \/>\n\t<meta property=\"og:image:height\" content=\"400\" \/>\n\t<meta property=\"og:image:type\" content=\"image\/jpeg\" \/>\n<meta name=\"twitter:card\" content=\"summary_large_image\" \/>\n<meta name=\"twitter:image\" content=\"https:\/\/bli.com.vn\/wp-content\/uploads\/2021\/06\/May-kiem-kho-Zebra-TC21.jpg\" \/>\n<meta name=\"twitter:label1\" content=\"Est. reading time\" \/>\n\t<meta name=\"twitter:data1\" content=\"1 minute\" \/>\n<script type=\"application\/ld+json\" class=\"yoast-schema-graph\">{\"@context\":\"https:\\\/\\\/schema.org\",\"@graph\":[{\"@type\":\"WebPage\",\"@id\":\"https:\\\/\\\/bli.com.vn\\\/may-kiem-kho-zebra-tc21\\\/\",\"url\":\"https:\\\/\\\/bli.com.vn\\\/may-kiem-kho-zebra-tc21\\\/\",\"name\":\"M\u00e1y ki\u1ec3m kho Zebra TC21 - BLI Vi\u1ec7t Nam\",\"isPartOf\":{\"@id\":\"https:\\\/\\\/bli.com.vn\\\/#website\"},\"primaryImageOfPage\":{\"@id\":\"https:\\\/\\\/bli.com.vn\\\/may-kiem-kho-zebra-tc21\\\/#primaryimage\"},\"image\":{\"@id\":\"https:\\\/\\\/bli.com.vn\\\/may-kiem-kho-zebra-tc21\\\/#primaryimage\"},\"thumbnailUrl\":\"https:\\\/\\\/bli.com.vn\\\/wp-content\\\/uploads\\\/2021\\\/06\\\/May-kiem-kho-Zebra-TC21.jpg\",\"datePublished\":\"2021-06-30T08:13:58+00:00\",\"dateModified\":\"2023-01-12T08:37:16+00:00\",\"breadcrumb\":{\"@id\":\"https:\\\/\\\/bli.com.vn\\\/may-kiem-kho-zebra-tc21\\\/#breadcrumb\"},\"inLanguage\":\"en-US\",\"potentialAction\":[{\"@type\":\"ReadAction\",\"target\":[\"https:\\\/\\\/bli.com.vn\\\/may-kiem-kho-zebra-tc21\\\/\"]}]},{\"@type\":\"ImageObject\",\"inLanguage\":\"en-US\",\"@id\":\"https:\\\/\\\/bli.com.vn\\\/may-kiem-kho-zebra-tc21\\\/#primaryimage\",\"url\":\"https:\\\/\\\/bli.com.vn\\\/wp-content\\\/uploads\\\/2021\\\/06\\\/May-kiem-kho-Zebra-TC21.jpg\",\"contentUrl\":\"https:\\\/\\\/bli.com.vn\\\/wp-content\\\/uploads\\\/2021\\\/06\\\/May-kiem-kho-Zebra-TC21.jpg\",\"width\":600,\"height\":400,\"caption\":\"M\u00e1y ki\u1ec3m kho Zebra TC21 - bli.com.vn\"},{\"@type\":\"BreadcrumbList\",\"@id\":\"https:\\\/\\\/bli.com.vn\\\/may-kiem-kho-zebra-tc21\\\/#breadcrumb\",\"itemListElement\":[{\"@type\":\"ListItem\",\"position\":1,\"name\":\"Home\",\"item\":\"https:\\\/\\\/bli.com.vn\\\/\"},{\"@type\":\"ListItem\",\"position\":2,\"name\":\"S\u1ea3n ph\u1ea9m\",\"item\":\"https:\\\/\\\/bli.com.vn\\\/san-pham\\\/\"},{\"@type\":\"ListItem\",\"position\":3,\"name\":\"M\u00e1y ki\u1ec3m kho Zebra TC21\"}]},{\"@type\":\"WebSite\",\"@id\":\"https:\\\/\\\/bli.com.vn\\\/#website\",\"url\":\"https:\\\/\\\/bli.com.vn\\\/\",\"name\":\"BLI Vi\u1ec7t Nam\",\"description\":\"M\u00e1y in, m\u00e1y qu\u00e9t m\u00e3 v\u1ea1ch Zebra, Honeywell, Datalogic\",\"publisher\":{\"@id\":\"https:\\\/\\\/bli.com.vn\\\/#organization\"},\"potentialAction\":[{\"@type\":\"SearchAction\",\"target\":{\"@type\":\"EntryPoint\",\"urlTemplate\":\"https:\\\/\\\/bli.com.vn\\\/?s={search_term_string}\"},\"query-input\":{\"@type\":\"PropertyValueSpecification\",\"valueRequired\":true,\"valueName\":\"search_term_string\"}}],\"inLanguage\":\"en-US\"},{\"@type\":\"Organization\",\"@id\":\"https:\\\/\\\/bli.com.vn\\\/#organization\",\"name\":\"BLI Vi\u1ec7t Nam\",\"url\":\"https:\\\/\\\/bli.com.vn\\\/\",\"logo\":{\"@type\":\"ImageObject\",\"inLanguage\":\"en-US\",\"@id\":\"https:\\\/\\\/bli.com.vn\\\/#\\\/schema\\\/logo\\\/image\\\/\",\"url\":\"https:\\\/\\\/bli.com.vn\\\/wp-content\\\/uploads\\\/2021\\\/03\\\/site-logo.png\",\"contentUrl\":\"https:\\\/\\\/bli.com.vn\\\/wp-content\\\/uploads\\\/2021\\\/03\\\/site-logo.png\",\"width\":\"400\",\"height\":\"150\",\"caption\":\"BLI Vi\u1ec7t Nam\"},\"image\":{\"@id\":\"https:\\\/\\\/bli.com.vn\\\/#\\\/schema\\\/logo\\\/image\\\/\"}}]}<\/script>\n<!-- \/ Yoast SEO plugin. -->","yoast_head_json":{"title":"M\u00e1y ki\u1ec3m kho Zebra TC21 - BLI Vi\u1ec7t Nam","robots":{"index":"index","follow":"follow","max-snippet":"max-snippet:-1","max-image-preview":"max-image-preview:large","max-video-preview":"max-video-preview:-1"},"canonical":"https:\/\/bli.com.vn\/en\/may-kiem-kho-zebra-tc21\/","og_locale":"en_US","og_type":"article","og_title":"M\u00e1y ki\u1ec3m kho Zebra TC21 - BLI Vi\u1ec7t Nam","og_description":"M\u00e1y ki\u1ec3m kho Zebra TC21 (TC210K-01A222-A6) l\u00e0 thi\u1ebft b\u1ecb \u0111\u1ea7u ti\u00ean trong s\u1ea3n ph\u1ea9m PDA qu\u00e9t m\u00e3 v\u1ea1ch \u0111\u01b0\u1ee3c s\u1eed d\u1ee5ng phi\u00ean b\u1ea3n h\u1ec7 \u0111i\u1ec1u h\u00e0nh Android 10 v\u00e0 d\u1ec5 d\u00e0ng n\u00e2ng c\u1ea5p trong t\u01b0\u01a1ng lai. M\u00e0n h\u00ecnh c\u1ea3m \u1ee9ng cao c\u1ea5p v\u1edbi v\u1edbi k\u00edch th\u01b0\u1edbc 5 inches, c\u00f9ng \u0111\u1ed9 ph\u00e2n gi\u1ea3i cao gi\u00fap c\u00f3 nhi\u1ec1u kh\u00f4ng gian \u0111\u1ec3 hi\u1ec3n th\u1ecb v\u00e0 t\u01b0\u01a1ng t\u00e1c v\u1edbi c\u00e1c \u1ee9ng d\u1ee5ng c\u1ee7a b\u1ea1n. Ch\u1ea5t l\u01b0\u1ee3ng cao c\u1ea5p c\u1ee7a m\u00e0n h\u00ecnh c\u00f3 th\u1ec3 d\u1ec5 d\u00e0ng \u0111\u01b0\u1ee3c xem d\u00f9 trong kho x\u01b0\u1edfng hay b\u00ean ngo\u00e0i s\u00e1ng \u00e1nh s\u00e1ng m\u1eb7t tr\u1eddi v\u00e0 ng\u01b0\u1eddi s\u1eed d\u1ee5ng c\u00f3 th\u1ec3 nh\u1eadp d\u1eef li\u1ec7u b\u1eb1ng ng\u00f3n tay tr\u1ea7n ho\u1eb7c c\u1ea3 l\u00fac \u0111eo g\u0103ng tay.","og_url":"https:\/\/bli.com.vn\/en\/may-kiem-kho-zebra-tc21\/","og_site_name":"BLI Vi\u1ec7t Nam","article_modified_time":"2023-01-12T08:37:16+00:00","og_image":[{"width":600,"height":400,"url":"https:\/\/bli.com.vn\/wp-content\/uploads\/2021\/06\/May-kiem-kho-Zebra-TC21.jpg","type":"image\/jpeg"}],"twitter_card":"summary_large_image","twitter_image":"https:\/\/bli.com.vn\/wp-content\/uploads\/2021\/06\/May-kiem-kho-Zebra-TC21.jpg","twitter_misc":{"Est. reading time":"1 minute"},"schema":{"@context":"https:\/\/schema.org","@graph":[{"@type":"WebPage","@id":"https:\/\/bli.com.vn\/may-kiem-kho-zebra-tc21\/","url":"https:\/\/bli.com.vn\/may-kiem-kho-zebra-tc21\/","name":"M\u00e1y ki\u1ec3m kho Zebra TC21 - BLI Vi\u1ec7t Nam","isPartOf":{"@id":"https:\/\/bli.com.vn\/#website"},"primaryImageOfPage":{"@id":"https:\/\/bli.com.vn\/may-kiem-kho-zebra-tc21\/#primaryimage"},"image":{"@id":"https:\/\/bli.com.vn\/may-kiem-kho-zebra-tc21\/#primaryimage"},"thumbnailUrl":"https:\/\/bli.com.vn\/wp-content\/uploads\/2021\/06\/May-kiem-kho-Zebra-TC21.jpg","datePublished":"2021-06-30T08:13:58+00:00","dateModified":"2023-01-12T08:37:16+00:00","breadcrumb":{"@id":"https:\/\/bli.com.vn\/may-kiem-kho-zebra-tc21\/#breadcrumb"},"inLanguage":"en-US","potentialAction":[{"@type":"ReadAction","target":["https:\/\/bli.com.vn\/may-kiem-kho-zebra-tc21\/"]}]},{"@type":"ImageObject","inLanguage":"en-US","@id":"https:\/\/bli.com.vn\/may-kiem-kho-zebra-tc21\/#primaryimage","url":"https:\/\/bli.com.vn\/wp-content\/uploads\/2021\/06\/May-kiem-kho-Zebra-TC21.jpg","contentUrl":"https:\/\/bli.com.vn\/wp-content\/uploads\/2021\/06\/May-kiem-kho-Zebra-TC21.jpg","width":600,"height":400,"caption":"M\u00e1y ki\u1ec3m kho Zebra TC21 - bli.com.vn"},{"@type":"BreadcrumbList","@id":"https:\/\/bli.com.vn\/may-kiem-kho-zebra-tc21\/#breadcrumb","itemListElement":[{"@type":"ListItem","position":1,"name":"Home","item":"https:\/\/bli.com.vn\/"},{"@type":"ListItem","position":2,"name":"S\u1ea3n ph\u1ea9m","item":"https:\/\/bli.com.vn\/san-pham\/"},{"@type":"ListItem","position":3,"name":"M\u00e1y ki\u1ec3m kho Zebra TC21"}]},{"@type":"WebSite","@id":"https:\/\/bli.com.vn\/#website","url":"https:\/\/bli.com.vn\/","name":"BLI Vi\u1ec7t Nam","description":"M\u00e1y in, m\u00e1y qu\u00e9t m\u00e3 v\u1ea1ch Zebra, Honeywell, Datalogic","publisher":{"@id":"https:\/\/bli.com.vn\/#organization"},"potentialAction":[{"@type":"SearchAction","target":{"@type":"EntryPoint","urlTemplate":"https:\/\/bli.com.vn\/?s={search_term_string}"},"query-input":{"@type":"PropertyValueSpecification","valueRequired":true,"valueName":"search_term_string"}}],"inLanguage":"en-US"},{"@type":"Organization","@id":"https:\/\/bli.com.vn\/#organization","name":"BLI Vi\u1ec7t Nam","url":"https:\/\/bli.com.vn\/","logo":{"@type":"ImageObject","inLanguage":"en-US","@id":"https:\/\/bli.com.vn\/#\/schema\/logo\/image\/","url":"https:\/\/bli.com.vn\/wp-content\/uploads\/2021\/03\/site-logo.png","contentUrl":"https:\/\/bli.com.vn\/wp-content\/uploads\/2021\/03\/site-logo.png","width":"400","height":"150","caption":"BLI Vi\u1ec7t Nam"},"image":{"@id":"https:\/\/bli.com.vn\/#\/schema\/logo\/image\/"}}]}},"_links":{"self":[{"href":"https:\/\/bli.com.vn\/en\/wp-json\/wp\/v2\/product\/482","targetHints":{"allow":["GET"]}}],"collection":[{"href":"https:\/\/bli.com.vn\/en\/wp-json\/wp\/v2\/product"}],"about":[{"href":"https:\/\/bli.com.vn\/en\/wp-json\/wp\/v2\/types\/product"}],"wp:featuredmedia":[{"embeddable":true,"href":"https:\/\/bli.com.vn\/en\/wp-json\/wp\/v2\/media\/483"}],"wp:attachment":[{"href":"https:\/\/bli.com.vn\/en\/wp-json\/wp\/v2\/media?parent=482"}],"wp:term":[{"taxonomy":"product_cat","embeddable":true,"href":"https:\/\/bli.com.vn\/en\/wp-json\/wp\/v2\/product_cat?post=482"},{"taxonomy":"product_tag","embeddable":true,"href":"https:\/\/bli.com.vn\/en\/wp-json\/wp\/v2\/product_tag?post=482"}],"curies":[{"name":"wp","href":"https:\/\/api.w.org\/{rel}","templated":true}]}}