{"id":486,"date":"2021-07-07T03:46:25","date_gmt":"2021-07-07T03:46:25","guid":{"rendered":"https:\/\/bli.com.vn\/?post_type=product&#038;p=486"},"modified":"2023-01-12T08:36:39","modified_gmt":"2023-01-12T08:36:39","slug":"may-tinh-xe-nang-zebra-vc70n0","status":"publish","type":"product","link":"https:\/\/bli.com.vn\/en\/may-tinh-xe-nang-zebra-vc70n0\/","title":{"rendered":"Zebra VC70N0 Vehicle-Mounted Computer"},"content":{"rendered":"<p>The Zebra VC70N0 vehicle-mounted computer is a mobile device for mounting on a medium-sized truck or warehouse forklift. Compact design, increased visibility and safety in all lighting conditions. The machine has a large screen, high resolution to help display information clearly, and operators can see more clearly, increasing productivity and accuracy in work.<\/p>\n<table width=\"297\">\n<tbody>\n<tr>\n<td width=\"297\">CPU: Dual core 1 GHz<\/td>\n<\/tr>\n<tr>\n<td>OS: Windows embedded compact 7<\/td>\n<\/tr>\n<tr>\n<td width=\"297\">Screen: XGA 10.4 inch color 1024\u00d7768 600 nits<\/td>\n<\/tr>\n<tr>\n<td>Memory: 1 GB \/ 2 GB<\/td>\n<\/tr>\n<tr>\n<td>Cable connection: USB, RS232, Ethernet<\/td>\n<\/tr>\n<tr>\n<td>Wireless connection: Wifi, Bluetooth 2.1<\/td>\n<\/tr>\n<tr>\n<td>Dimension: 291 x 225.4 x 60 mm<\/td>\n<\/tr>\n<tr>\n<td>Weight: 4,3 kg<\/td>\n<\/tr>\n<tr>\n<td>IP standard: IP66<\/td>\n<\/tr>\n<tr>\n<td width=\"297\">Power source: 9 \u2013 60 VDC<\/td>\n<\/tr>\n<\/tbody>\n<\/table>","protected":false},"excerpt":{"rendered":"<p>The Zebra VC70N0 forklift computer features a rugged design that is ready for the harshest environments in the warehouse, on the yard, on the dock, and more. With wireless connection via Wifi, Bluetooth and the ability to attach expansion devices such as scanners and microphones, it is easy to manage goods more flexibly and efficiently.<\/p>","protected":false},"featured_media":487,"template":"","meta":{"_genesis_hide_title":false,"_genesis_hide_breadcrumbs":false,"_genesis_hide_singular_image":false,"_genesis_hide_footer_widgets":false,"_genesis_custom_body_class":"","_genesis_custom_post_class":"","_genesis_layout":""},"product_cat":[25],"product_tag":[],"class_list":{"0":"post-486","1":"product","2":"type-product","3":"status-publish","4":"has-post-thumbnail","6":"product_cat-may-kiem-kho","7":"entry","9":"first","10":"instock","11":"shipping-taxable","12":"product-type-simple"},"yoast_head":"<!-- This site is optimized with the Yoast SEO plugin v27.3 - https:\/\/yoast.com\/product\/yoast-seo-wordpress\/ -->\n<title>M\u00e1y t\u00ednh xe n\u00e2ng Zebra VC70N0 - BLI Vi\u1ec7t Nam<\/title>\n<meta name=\"robots\" content=\"index, follow, max-snippet:-1, max-image-preview:large, max-video-preview:-1\" \/>\n<link rel=\"canonical\" href=\"https:\/\/bli.com.vn\/en\/may-tinh-xe-nang-zebra-vc70n0\/\" \/>\n<meta property=\"og:locale\" content=\"en_US\" \/>\n<meta property=\"og:type\" content=\"article\" \/>\n<meta property=\"og:title\" content=\"M\u00e1y t\u00ednh xe n\u00e2ng Zebra VC70N0 - BLI Vi\u1ec7t Nam\" \/>\n<meta property=\"og:description\" content=\"M\u00e1y t\u00ednh xe n\u00e2ng Zebra VC70N0 c\u00f3 thi\u1ebft k\u1ebf b\u1ec1n ch\u1eafc, s\u1eb5n s\u00e0ng cho c\u00e1c m\u00f4i tr\u01b0\u1eddng kh\u1eafc nghi\u1ec7t nh\u1ea5t trong nh\u00e0 kho, ngo\u00e0i s\u00e2n b\u00e3i, tr\u00ean b\u1ebfn t\u00e0u, v.v. V\u1edbi k\u1ebft n\u1ed1i kh\u00f4ng d\u00e2y qua Wifi, Bluetooth c\u00f9ng kh\u1ea3 n\u0103ng g\u1eafn c\u00e1c thi\u1ebft b\u1ecb m\u1edf r\u1ed9ng nh\u01b0 m\u00e1y qu\u00e9t, micro gi\u00fap d\u1ec5 d\u00e0ng trong vi\u1ec7c qu\u1ea3n l\u00fd h\u00e0ng h\u00f3a \u0111\u01b0\u1ee3c linh \u0111\u1ed9ng v\u00e0 hi\u1ec7u qu\u1ea3 h\u01a1n.\" \/>\n<meta property=\"og:url\" content=\"https:\/\/bli.com.vn\/en\/may-tinh-xe-nang-zebra-vc70n0\/\" \/>\n<meta property=\"og:site_name\" content=\"BLI Vi\u1ec7t Nam\" \/>\n<meta property=\"article:modified_time\" content=\"2023-01-12T08:36:39+00:00\" \/>\n<meta property=\"og:image\" content=\"https:\/\/bli.com.vn\/wp-content\/uploads\/2021\/06\/may-tinh-xe-nang-Zebra-VC70N0.jpg\" \/>\n\t<meta property=\"og:image:width\" content=\"600\" \/>\n\t<meta property=\"og:image:height\" content=\"400\" \/>\n\t<meta property=\"og:image:type\" content=\"image\/jpeg\" \/>\n<meta name=\"twitter:card\" content=\"summary_large_image\" \/>\n<meta name=\"twitter:image\" content=\"https:\/\/bli.com.vn\/wp-content\/uploads\/2021\/06\/may-tinh-xe-nang-Zebra-VC70N0.jpg\" \/>\n<meta name=\"twitter:label1\" content=\"Est. reading time\" \/>\n\t<meta name=\"twitter:data1\" content=\"1 minute\" \/>\n<script type=\"application\/ld+json\" class=\"yoast-schema-graph\">{\"@context\":\"https:\\\/\\\/schema.org\",\"@graph\":[{\"@type\":\"WebPage\",\"@id\":\"https:\\\/\\\/bli.com.vn\\\/may-tinh-xe-nang-zebra-vc70n0\\\/\",\"url\":\"https:\\\/\\\/bli.com.vn\\\/may-tinh-xe-nang-zebra-vc70n0\\\/\",\"name\":\"M\u00e1y t\u00ednh xe n\u00e2ng Zebra VC70N0 - BLI Vi\u1ec7t Nam\",\"isPartOf\":{\"@id\":\"https:\\\/\\\/bli.com.vn\\\/#website\"},\"primaryImageOfPage\":{\"@id\":\"https:\\\/\\\/bli.com.vn\\\/may-tinh-xe-nang-zebra-vc70n0\\\/#primaryimage\"},\"image\":{\"@id\":\"https:\\\/\\\/bli.com.vn\\\/may-tinh-xe-nang-zebra-vc70n0\\\/#primaryimage\"},\"thumbnailUrl\":\"https:\\\/\\\/bli.com.vn\\\/wp-content\\\/uploads\\\/2021\\\/06\\\/may-tinh-xe-nang-Zebra-VC70N0.jpg\",\"datePublished\":\"2021-07-07T03:46:25+00:00\",\"dateModified\":\"2023-01-12T08:36:39+00:00\",\"breadcrumb\":{\"@id\":\"https:\\\/\\\/bli.com.vn\\\/may-tinh-xe-nang-zebra-vc70n0\\\/#breadcrumb\"},\"inLanguage\":\"en-US\",\"potentialAction\":[{\"@type\":\"ReadAction\",\"target\":[\"https:\\\/\\\/bli.com.vn\\\/may-tinh-xe-nang-zebra-vc70n0\\\/\"]}]},{\"@type\":\"ImageObject\",\"inLanguage\":\"en-US\",\"@id\":\"https:\\\/\\\/bli.com.vn\\\/may-tinh-xe-nang-zebra-vc70n0\\\/#primaryimage\",\"url\":\"https:\\\/\\\/bli.com.vn\\\/wp-content\\\/uploads\\\/2021\\\/06\\\/may-tinh-xe-nang-Zebra-VC70N0.jpg\",\"contentUrl\":\"https:\\\/\\\/bli.com.vn\\\/wp-content\\\/uploads\\\/2021\\\/06\\\/may-tinh-xe-nang-Zebra-VC70N0.jpg\",\"width\":600,\"height\":400,\"caption\":\"M\u00e1y t\u00ednh xe n\u00e2ng Zebra VC70N0 - bli.com.vn\"},{\"@type\":\"BreadcrumbList\",\"@id\":\"https:\\\/\\\/bli.com.vn\\\/may-tinh-xe-nang-zebra-vc70n0\\\/#breadcrumb\",\"itemListElement\":[{\"@type\":\"ListItem\",\"position\":1,\"name\":\"Home\",\"item\":\"https:\\\/\\\/bli.com.vn\\\/\"},{\"@type\":\"ListItem\",\"position\":2,\"name\":\"S\u1ea3n ph\u1ea9m\",\"item\":\"https:\\\/\\\/bli.com.vn\\\/san-pham\\\/\"},{\"@type\":\"ListItem\",\"position\":3,\"name\":\"M\u00e1y t\u00ednh xe n\u00e2ng Zebra VC70N0\"}]},{\"@type\":\"WebSite\",\"@id\":\"https:\\\/\\\/bli.com.vn\\\/#website\",\"url\":\"https:\\\/\\\/bli.com.vn\\\/\",\"name\":\"BLI Vi\u1ec7t Nam\",\"description\":\"M\u00e1y in, m\u00e1y qu\u00e9t m\u00e3 v\u1ea1ch Zebra, Honeywell, Datalogic\",\"publisher\":{\"@id\":\"https:\\\/\\\/bli.com.vn\\\/#organization\"},\"potentialAction\":[{\"@type\":\"SearchAction\",\"target\":{\"@type\":\"EntryPoint\",\"urlTemplate\":\"https:\\\/\\\/bli.com.vn\\\/?s={search_term_string}\"},\"query-input\":{\"@type\":\"PropertyValueSpecification\",\"valueRequired\":true,\"valueName\":\"search_term_string\"}}],\"inLanguage\":\"en-US\"},{\"@type\":\"Organization\",\"@id\":\"https:\\\/\\\/bli.com.vn\\\/#organization\",\"name\":\"BLI Vi\u1ec7t Nam\",\"url\":\"https:\\\/\\\/bli.com.vn\\\/\",\"logo\":{\"@type\":\"ImageObject\",\"inLanguage\":\"en-US\",\"@id\":\"https:\\\/\\\/bli.com.vn\\\/#\\\/schema\\\/logo\\\/image\\\/\",\"url\":\"https:\\\/\\\/bli.com.vn\\\/wp-content\\\/uploads\\\/2021\\\/03\\\/site-logo.png\",\"contentUrl\":\"https:\\\/\\\/bli.com.vn\\\/wp-content\\\/uploads\\\/2021\\\/03\\\/site-logo.png\",\"width\":\"400\",\"height\":\"150\",\"caption\":\"BLI Vi\u1ec7t Nam\"},\"image\":{\"@id\":\"https:\\\/\\\/bli.com.vn\\\/#\\\/schema\\\/logo\\\/image\\\/\"}}]}<\/script>\n<!-- \/ Yoast SEO plugin. -->","yoast_head_json":{"title":"M\u00e1y t\u00ednh xe n\u00e2ng Zebra VC70N0 - BLI Vi\u1ec7t Nam","robots":{"index":"index","follow":"follow","max-snippet":"max-snippet:-1","max-image-preview":"max-image-preview:large","max-video-preview":"max-video-preview:-1"},"canonical":"https:\/\/bli.com.vn\/en\/may-tinh-xe-nang-zebra-vc70n0\/","og_locale":"en_US","og_type":"article","og_title":"M\u00e1y t\u00ednh xe n\u00e2ng Zebra VC70N0 - BLI Vi\u1ec7t Nam","og_description":"M\u00e1y t\u00ednh xe n\u00e2ng Zebra VC70N0 c\u00f3 thi\u1ebft k\u1ebf b\u1ec1n ch\u1eafc, s\u1eb5n s\u00e0ng cho c\u00e1c m\u00f4i tr\u01b0\u1eddng kh\u1eafc nghi\u1ec7t nh\u1ea5t trong nh\u00e0 kho, ngo\u00e0i s\u00e2n b\u00e3i, tr\u00ean b\u1ebfn t\u00e0u, v.v. V\u1edbi k\u1ebft n\u1ed1i kh\u00f4ng d\u00e2y qua Wifi, Bluetooth c\u00f9ng kh\u1ea3 n\u0103ng g\u1eafn c\u00e1c thi\u1ebft b\u1ecb m\u1edf r\u1ed9ng nh\u01b0 m\u00e1y qu\u00e9t, micro gi\u00fap d\u1ec5 d\u00e0ng trong vi\u1ec7c qu\u1ea3n l\u00fd h\u00e0ng h\u00f3a \u0111\u01b0\u1ee3c linh \u0111\u1ed9ng v\u00e0 hi\u1ec7u qu\u1ea3 h\u01a1n.","og_url":"https:\/\/bli.com.vn\/en\/may-tinh-xe-nang-zebra-vc70n0\/","og_site_name":"BLI Vi\u1ec7t Nam","article_modified_time":"2023-01-12T08:36:39+00:00","og_image":[{"width":600,"height":400,"url":"https:\/\/bli.com.vn\/wp-content\/uploads\/2021\/06\/may-tinh-xe-nang-Zebra-VC70N0.jpg","type":"image\/jpeg"}],"twitter_card":"summary_large_image","twitter_image":"https:\/\/bli.com.vn\/wp-content\/uploads\/2021\/06\/may-tinh-xe-nang-Zebra-VC70N0.jpg","twitter_misc":{"Est. reading time":"1 minute"},"schema":{"@context":"https:\/\/schema.org","@graph":[{"@type":"WebPage","@id":"https:\/\/bli.com.vn\/may-tinh-xe-nang-zebra-vc70n0\/","url":"https:\/\/bli.com.vn\/may-tinh-xe-nang-zebra-vc70n0\/","name":"M\u00e1y t\u00ednh xe n\u00e2ng Zebra VC70N0 - BLI Vi\u1ec7t Nam","isPartOf":{"@id":"https:\/\/bli.com.vn\/#website"},"primaryImageOfPage":{"@id":"https:\/\/bli.com.vn\/may-tinh-xe-nang-zebra-vc70n0\/#primaryimage"},"image":{"@id":"https:\/\/bli.com.vn\/may-tinh-xe-nang-zebra-vc70n0\/#primaryimage"},"thumbnailUrl":"https:\/\/bli.com.vn\/wp-content\/uploads\/2021\/06\/may-tinh-xe-nang-Zebra-VC70N0.jpg","datePublished":"2021-07-07T03:46:25+00:00","dateModified":"2023-01-12T08:36:39+00:00","breadcrumb":{"@id":"https:\/\/bli.com.vn\/may-tinh-xe-nang-zebra-vc70n0\/#breadcrumb"},"inLanguage":"en-US","potentialAction":[{"@type":"ReadAction","target":["https:\/\/bli.com.vn\/may-tinh-xe-nang-zebra-vc70n0\/"]}]},{"@type":"ImageObject","inLanguage":"en-US","@id":"https:\/\/bli.com.vn\/may-tinh-xe-nang-zebra-vc70n0\/#primaryimage","url":"https:\/\/bli.com.vn\/wp-content\/uploads\/2021\/06\/may-tinh-xe-nang-Zebra-VC70N0.jpg","contentUrl":"https:\/\/bli.com.vn\/wp-content\/uploads\/2021\/06\/may-tinh-xe-nang-Zebra-VC70N0.jpg","width":600,"height":400,"caption":"M\u00e1y t\u00ednh xe n\u00e2ng Zebra VC70N0 - bli.com.vn"},{"@type":"BreadcrumbList","@id":"https:\/\/bli.com.vn\/may-tinh-xe-nang-zebra-vc70n0\/#breadcrumb","itemListElement":[{"@type":"ListItem","position":1,"name":"Home","item":"https:\/\/bli.com.vn\/"},{"@type":"ListItem","position":2,"name":"S\u1ea3n ph\u1ea9m","item":"https:\/\/bli.com.vn\/san-pham\/"},{"@type":"ListItem","position":3,"name":"M\u00e1y t\u00ednh xe n\u00e2ng Zebra VC70N0"}]},{"@type":"WebSite","@id":"https:\/\/bli.com.vn\/#website","url":"https:\/\/bli.com.vn\/","name":"BLI Vi\u1ec7t Nam","description":"M\u00e1y in, m\u00e1y qu\u00e9t m\u00e3 v\u1ea1ch Zebra, Honeywell, Datalogic","publisher":{"@id":"https:\/\/bli.com.vn\/#organization"},"potentialAction":[{"@type":"SearchAction","target":{"@type":"EntryPoint","urlTemplate":"https:\/\/bli.com.vn\/?s={search_term_string}"},"query-input":{"@type":"PropertyValueSpecification","valueRequired":true,"valueName":"search_term_string"}}],"inLanguage":"en-US"},{"@type":"Organization","@id":"https:\/\/bli.com.vn\/#organization","name":"BLI Vi\u1ec7t Nam","url":"https:\/\/bli.com.vn\/","logo":{"@type":"ImageObject","inLanguage":"en-US","@id":"https:\/\/bli.com.vn\/#\/schema\/logo\/image\/","url":"https:\/\/bli.com.vn\/wp-content\/uploads\/2021\/03\/site-logo.png","contentUrl":"https:\/\/bli.com.vn\/wp-content\/uploads\/2021\/03\/site-logo.png","width":"400","height":"150","caption":"BLI Vi\u1ec7t Nam"},"image":{"@id":"https:\/\/bli.com.vn\/#\/schema\/logo\/image\/"}}]}},"_links":{"self":[{"href":"https:\/\/bli.com.vn\/en\/wp-json\/wp\/v2\/product\/486","targetHints":{"allow":["GET"]}}],"collection":[{"href":"https:\/\/bli.com.vn\/en\/wp-json\/wp\/v2\/product"}],"about":[{"href":"https:\/\/bli.com.vn\/en\/wp-json\/wp\/v2\/types\/product"}],"wp:featuredmedia":[{"embeddable":true,"href":"https:\/\/bli.com.vn\/en\/wp-json\/wp\/v2\/media\/487"}],"wp:attachment":[{"href":"https:\/\/bli.com.vn\/en\/wp-json\/wp\/v2\/media?parent=486"}],"wp:term":[{"taxonomy":"product_cat","embeddable":true,"href":"https:\/\/bli.com.vn\/en\/wp-json\/wp\/v2\/product_cat?post=486"},{"taxonomy":"product_tag","embeddable":true,"href":"https:\/\/bli.com.vn\/en\/wp-json\/wp\/v2\/product_tag?post=486"}],"curies":[{"name":"wp","href":"https:\/\/api.w.org\/{rel}","templated":true}]}}