{"id":502,"date":"2021-07-07T04:46:30","date_gmt":"2021-07-07T04:46:30","guid":{"rendered":"https:\/\/bli.com.vn\/?post_type=product&#038;p=502"},"modified":"2023-01-12T08:36:05","modified_gmt":"2023-01-12T08:36:05","slug":"dau-in-may-in-ma-vach-zebra-zt620-300dpi","status":"publish","type":"product","link":"https:\/\/bli.com.vn\/en\/dau-in-may-in-ma-vach-zebra-zt620-300dpi\/","title":{"rendered":"Printhead for Zebra ZT620 300dpi barcode printer"},"content":{"rendered":"","protected":false},"excerpt":{"rendered":"<p><strong>Zebra Printhead P1083320-016 for ZT620 Thermal Label Printer 300 DPI<\/strong><\/p>\n<p>Part number: P1083320-016<\/p>\n<p>Dimension: 7.09 x 3.94 x 1.97 inches<\/p>","protected":false},"featured_media":420,"template":"","meta":{"_genesis_hide_title":false,"_genesis_hide_breadcrumbs":false,"_genesis_hide_singular_image":false,"_genesis_hide_footer_widgets":false,"_genesis_custom_body_class":"","_genesis_custom_post_class":"","_genesis_layout":""},"product_cat":[26],"product_tag":[],"class_list":{"0":"post-502","1":"product","2":"type-product","3":"status-publish","4":"has-post-thumbnail","6":"product_cat-dau-in-phu-kien-in-ma-vach","7":"entry","9":"first","10":"instock","11":"shipping-taxable","12":"product-type-simple"},"yoast_head":"<!-- This site is optimized with the Yoast SEO plugin v27.3 - https:\/\/yoast.com\/product\/yoast-seo-wordpress\/ -->\n<title>\u0110\u1ea7u in m\u00e1y in m\u00e3 v\u1ea1ch Zebra ZT620 300dpi - BLI Vi\u1ec7t Nam<\/title>\n<meta name=\"robots\" content=\"index, follow, max-snippet:-1, max-image-preview:large, max-video-preview:-1\" \/>\n<link rel=\"canonical\" href=\"https:\/\/bli.com.vn\/en\/dau-in-may-in-ma-vach-zebra-zt620-300dpi\/\" \/>\n<meta property=\"og:locale\" content=\"en_US\" \/>\n<meta property=\"og:type\" content=\"article\" \/>\n<meta property=\"og:title\" content=\"\u0110\u1ea7u in m\u00e1y in m\u00e3 v\u1ea1ch Zebra ZT620 300dpi - BLI Vi\u1ec7t Nam\" \/>\n<meta property=\"og:description\" content=\"Zebra Printhead P1083320-016 for ZT620 Thermal Label Printer 300 DPI  Part number: P1083320-016  K\u00edch th\u01b0\u1edbc: 7.09 x 3.94 x 1.97 inches\" \/>\n<meta property=\"og:url\" content=\"https:\/\/bli.com.vn\/en\/dau-in-may-in-ma-vach-zebra-zt620-300dpi\/\" \/>\n<meta property=\"og:site_name\" content=\"BLI Vi\u1ec7t Nam\" \/>\n<meta property=\"article:modified_time\" content=\"2023-01-12T08:36:05+00:00\" \/>\n<meta property=\"og:image\" content=\"https:\/\/bli.com.vn\/wp-content\/uploads\/2021\/03\/P1083320-016.jpg\" \/>\n\t<meta property=\"og:image:width\" content=\"600\" \/>\n\t<meta property=\"og:image:height\" content=\"400\" \/>\n\t<meta property=\"og:image:type\" content=\"image\/jpeg\" \/>\n<meta name=\"twitter:card\" content=\"summary_large_image\" \/>\n<meta name=\"twitter:image\" content=\"https:\/\/bli.com.vn\/wp-content\/uploads\/2021\/03\/P1083320-016.jpg\" \/>\n<script type=\"application\/ld+json\" class=\"yoast-schema-graph\">{\"@context\":\"https:\\\/\\\/schema.org\",\"@graph\":[{\"@type\":\"WebPage\",\"@id\":\"https:\\\/\\\/bli.com.vn\\\/dau-in-may-in-ma-vach-zebra-zt620-300dpi\\\/\",\"url\":\"https:\\\/\\\/bli.com.vn\\\/dau-in-may-in-ma-vach-zebra-zt620-300dpi\\\/\",\"name\":\"\u0110\u1ea7u in m\u00e1y in m\u00e3 v\u1ea1ch Zebra ZT620 300dpi - BLI Vi\u1ec7t Nam\",\"isPartOf\":{\"@id\":\"https:\\\/\\\/bli.com.vn\\\/#website\"},\"primaryImageOfPage\":{\"@id\":\"https:\\\/\\\/bli.com.vn\\\/dau-in-may-in-ma-vach-zebra-zt620-300dpi\\\/#primaryimage\"},\"image\":{\"@id\":\"https:\\\/\\\/bli.com.vn\\\/dau-in-may-in-ma-vach-zebra-zt620-300dpi\\\/#primaryimage\"},\"thumbnailUrl\":\"https:\\\/\\\/bli.com.vn\\\/wp-content\\\/uploads\\\/2021\\\/03\\\/P1083320-016.jpg\",\"datePublished\":\"2021-07-07T04:46:30+00:00\",\"dateModified\":\"2023-01-12T08:36:05+00:00\",\"breadcrumb\":{\"@id\":\"https:\\\/\\\/bli.com.vn\\\/dau-in-may-in-ma-vach-zebra-zt620-300dpi\\\/#breadcrumb\"},\"inLanguage\":\"en-US\",\"potentialAction\":[{\"@type\":\"ReadAction\",\"target\":[\"https:\\\/\\\/bli.com.vn\\\/dau-in-may-in-ma-vach-zebra-zt620-300dpi\\\/\"]}]},{\"@type\":\"ImageObject\",\"inLanguage\":\"en-US\",\"@id\":\"https:\\\/\\\/bli.com.vn\\\/dau-in-may-in-ma-vach-zebra-zt620-300dpi\\\/#primaryimage\",\"url\":\"https:\\\/\\\/bli.com.vn\\\/wp-content\\\/uploads\\\/2021\\\/03\\\/P1083320-016.jpg\",\"contentUrl\":\"https:\\\/\\\/bli.com.vn\\\/wp-content\\\/uploads\\\/2021\\\/03\\\/P1083320-016.jpg\",\"width\":600,\"height\":400,\"caption\":\"P1083320-016 - Barcode printhead Zebra ZT620 300dpi\"},{\"@type\":\"BreadcrumbList\",\"@id\":\"https:\\\/\\\/bli.com.vn\\\/dau-in-may-in-ma-vach-zebra-zt620-300dpi\\\/#breadcrumb\",\"itemListElement\":[{\"@type\":\"ListItem\",\"position\":1,\"name\":\"Home\",\"item\":\"https:\\\/\\\/bli.com.vn\\\/\"},{\"@type\":\"ListItem\",\"position\":2,\"name\":\"S\u1ea3n ph\u1ea9m\",\"item\":\"https:\\\/\\\/bli.com.vn\\\/san-pham\\\/\"},{\"@type\":\"ListItem\",\"position\":3,\"name\":\"\u0110\u1ea7u in m\u00e1y in m\u00e3 v\u1ea1ch Zebra ZT620 300dpi\"}]},{\"@type\":\"WebSite\",\"@id\":\"https:\\\/\\\/bli.com.vn\\\/#website\",\"url\":\"https:\\\/\\\/bli.com.vn\\\/\",\"name\":\"BLI Vi\u1ec7t Nam\",\"description\":\"M\u00e1y in, m\u00e1y qu\u00e9t m\u00e3 v\u1ea1ch Zebra, Honeywell, Datalogic\",\"publisher\":{\"@id\":\"https:\\\/\\\/bli.com.vn\\\/#organization\"},\"potentialAction\":[{\"@type\":\"SearchAction\",\"target\":{\"@type\":\"EntryPoint\",\"urlTemplate\":\"https:\\\/\\\/bli.com.vn\\\/?s={search_term_string}\"},\"query-input\":{\"@type\":\"PropertyValueSpecification\",\"valueRequired\":true,\"valueName\":\"search_term_string\"}}],\"inLanguage\":\"en-US\"},{\"@type\":\"Organization\",\"@id\":\"https:\\\/\\\/bli.com.vn\\\/#organization\",\"name\":\"BLI Vi\u1ec7t Nam\",\"url\":\"https:\\\/\\\/bli.com.vn\\\/\",\"logo\":{\"@type\":\"ImageObject\",\"inLanguage\":\"en-US\",\"@id\":\"https:\\\/\\\/bli.com.vn\\\/#\\\/schema\\\/logo\\\/image\\\/\",\"url\":\"https:\\\/\\\/bli.com.vn\\\/wp-content\\\/uploads\\\/2021\\\/03\\\/site-logo.png\",\"contentUrl\":\"https:\\\/\\\/bli.com.vn\\\/wp-content\\\/uploads\\\/2021\\\/03\\\/site-logo.png\",\"width\":\"400\",\"height\":\"150\",\"caption\":\"BLI Vi\u1ec7t Nam\"},\"image\":{\"@id\":\"https:\\\/\\\/bli.com.vn\\\/#\\\/schema\\\/logo\\\/image\\\/\"}}]}<\/script>\n<!-- \/ Yoast SEO plugin. -->","yoast_head_json":{"title":"\u0110\u1ea7u in m\u00e1y in m\u00e3 v\u1ea1ch Zebra ZT620 300dpi - BLI Vi\u1ec7t Nam","robots":{"index":"index","follow":"follow","max-snippet":"max-snippet:-1","max-image-preview":"max-image-preview:large","max-video-preview":"max-video-preview:-1"},"canonical":"https:\/\/bli.com.vn\/en\/dau-in-may-in-ma-vach-zebra-zt620-300dpi\/","og_locale":"en_US","og_type":"article","og_title":"\u0110\u1ea7u in m\u00e1y in m\u00e3 v\u1ea1ch Zebra ZT620 300dpi - BLI Vi\u1ec7t Nam","og_description":"Zebra Printhead P1083320-016 for ZT620 Thermal Label Printer 300 DPI  Part number: P1083320-016  K\u00edch th\u01b0\u1edbc: 7.09 x 3.94 x 1.97 inches","og_url":"https:\/\/bli.com.vn\/en\/dau-in-may-in-ma-vach-zebra-zt620-300dpi\/","og_site_name":"BLI Vi\u1ec7t Nam","article_modified_time":"2023-01-12T08:36:05+00:00","og_image":[{"width":600,"height":400,"url":"https:\/\/bli.com.vn\/wp-content\/uploads\/2021\/03\/P1083320-016.jpg","type":"image\/jpeg"}],"twitter_card":"summary_large_image","twitter_image":"https:\/\/bli.com.vn\/wp-content\/uploads\/2021\/03\/P1083320-016.jpg","schema":{"@context":"https:\/\/schema.org","@graph":[{"@type":"WebPage","@id":"https:\/\/bli.com.vn\/dau-in-may-in-ma-vach-zebra-zt620-300dpi\/","url":"https:\/\/bli.com.vn\/dau-in-may-in-ma-vach-zebra-zt620-300dpi\/","name":"\u0110\u1ea7u in m\u00e1y in m\u00e3 v\u1ea1ch Zebra ZT620 300dpi - BLI Vi\u1ec7t Nam","isPartOf":{"@id":"https:\/\/bli.com.vn\/#website"},"primaryImageOfPage":{"@id":"https:\/\/bli.com.vn\/dau-in-may-in-ma-vach-zebra-zt620-300dpi\/#primaryimage"},"image":{"@id":"https:\/\/bli.com.vn\/dau-in-may-in-ma-vach-zebra-zt620-300dpi\/#primaryimage"},"thumbnailUrl":"https:\/\/bli.com.vn\/wp-content\/uploads\/2021\/03\/P1083320-016.jpg","datePublished":"2021-07-07T04:46:30+00:00","dateModified":"2023-01-12T08:36:05+00:00","breadcrumb":{"@id":"https:\/\/bli.com.vn\/dau-in-may-in-ma-vach-zebra-zt620-300dpi\/#breadcrumb"},"inLanguage":"en-US","potentialAction":[{"@type":"ReadAction","target":["https:\/\/bli.com.vn\/dau-in-may-in-ma-vach-zebra-zt620-300dpi\/"]}]},{"@type":"ImageObject","inLanguage":"en-US","@id":"https:\/\/bli.com.vn\/dau-in-may-in-ma-vach-zebra-zt620-300dpi\/#primaryimage","url":"https:\/\/bli.com.vn\/wp-content\/uploads\/2021\/03\/P1083320-016.jpg","contentUrl":"https:\/\/bli.com.vn\/wp-content\/uploads\/2021\/03\/P1083320-016.jpg","width":600,"height":400,"caption":"P1083320-016 - Barcode printhead Zebra ZT620 300dpi"},{"@type":"BreadcrumbList","@id":"https:\/\/bli.com.vn\/dau-in-may-in-ma-vach-zebra-zt620-300dpi\/#breadcrumb","itemListElement":[{"@type":"ListItem","position":1,"name":"Home","item":"https:\/\/bli.com.vn\/"},{"@type":"ListItem","position":2,"name":"S\u1ea3n ph\u1ea9m","item":"https:\/\/bli.com.vn\/san-pham\/"},{"@type":"ListItem","position":3,"name":"\u0110\u1ea7u in m\u00e1y in m\u00e3 v\u1ea1ch Zebra ZT620 300dpi"}]},{"@type":"WebSite","@id":"https:\/\/bli.com.vn\/#website","url":"https:\/\/bli.com.vn\/","name":"BLI Vi\u1ec7t Nam","description":"M\u00e1y in, m\u00e1y qu\u00e9t m\u00e3 v\u1ea1ch Zebra, Honeywell, Datalogic","publisher":{"@id":"https:\/\/bli.com.vn\/#organization"},"potentialAction":[{"@type":"SearchAction","target":{"@type":"EntryPoint","urlTemplate":"https:\/\/bli.com.vn\/?s={search_term_string}"},"query-input":{"@type":"PropertyValueSpecification","valueRequired":true,"valueName":"search_term_string"}}],"inLanguage":"en-US"},{"@type":"Organization","@id":"https:\/\/bli.com.vn\/#organization","name":"BLI Vi\u1ec7t Nam","url":"https:\/\/bli.com.vn\/","logo":{"@type":"ImageObject","inLanguage":"en-US","@id":"https:\/\/bli.com.vn\/#\/schema\/logo\/image\/","url":"https:\/\/bli.com.vn\/wp-content\/uploads\/2021\/03\/site-logo.png","contentUrl":"https:\/\/bli.com.vn\/wp-content\/uploads\/2021\/03\/site-logo.png","width":"400","height":"150","caption":"BLI Vi\u1ec7t Nam"},"image":{"@id":"https:\/\/bli.com.vn\/#\/schema\/logo\/image\/"}}]}},"_links":{"self":[{"href":"https:\/\/bli.com.vn\/en\/wp-json\/wp\/v2\/product\/502","targetHints":{"allow":["GET"]}}],"collection":[{"href":"https:\/\/bli.com.vn\/en\/wp-json\/wp\/v2\/product"}],"about":[{"href":"https:\/\/bli.com.vn\/en\/wp-json\/wp\/v2\/types\/product"}],"wp:featuredmedia":[{"embeddable":true,"href":"https:\/\/bli.com.vn\/en\/wp-json\/wp\/v2\/media\/420"}],"wp:attachment":[{"href":"https:\/\/bli.com.vn\/en\/wp-json\/wp\/v2\/media?parent=502"}],"wp:term":[{"taxonomy":"product_cat","embeddable":true,"href":"https:\/\/bli.com.vn\/en\/wp-json\/wp\/v2\/product_cat?post=502"},{"taxonomy":"product_tag","embeddable":true,"href":"https:\/\/bli.com.vn\/en\/wp-json\/wp\/v2\/product_tag?post=502"}],"curies":[{"name":"wp","href":"https:\/\/api.w.org\/{rel}","templated":true}]}}