{"id":70,"date":"2021-03-19T07:27:52","date_gmt":"2021-03-19T07:27:52","guid":{"rendered":"https:\/\/bli.com.vn\/?post_type=product&#038;p=70"},"modified":"2023-01-12T08:40:47","modified_gmt":"2023-01-12T08:40:47","slug":"may-in-ma-vach-zebra-zd230","status":"publish","type":"product","link":"https:\/\/bli.com.vn\/en\/may-in-ma-vach-zebra-zd230\/","title":{"rendered":"Barcode Printer Zebra ZD230"},"content":{"rendered":"<table width=\"422\">\n<tbody>\n<tr>\n<td width=\"422\"><strong>Model: Zebra ZD230<\/strong><\/td>\n<\/tr>\n<tr>\n<td>Print methods: direct-thermal or thermal-transfer<\/td>\n<\/tr>\n<tr>\n<td>Prinhead resolution: 203 dpi<\/td>\n<\/tr>\n<tr>\n<td>Print speed: 6 ips (152 mm\/s)<\/td>\n<\/tr>\n<tr>\n<td>Print width: 4,09\u2033 (104 mm)<\/td>\n<\/tr>\n<tr>\n<td>Maximum print length: 39\u2033 (990 mm)<\/td>\n<\/tr>\n<tr>\n<td>Memory: 256 MB FLASH, 128 MB SDRAM Wax, Wax Resin, Resin<\/td>\n<\/tr>\n<tr>\n<td width=\"422\">Ribbon core diameter: 0,5\u2033 (12,7 mm) or 1\u2033 (25,4 mm)<br \/>\nMaximum ribbon diameter: 2,6\u2033 (66 mm)<br \/>\nRibbon width: 1,33 ~ 4,3\u2033 (33,8 ~ 109 mm)<br \/>\nMaximum ribbon length<br \/>\n.<br \/>\n.<\/td>\n<\/tr>\n<tr>\n<td width=\"422\"><strong>Media:<\/strong><br \/>\nCore inner diameter: 0.5 in. (12.7 mm) and 1.0 in. (25.4 mm)<br \/>\nMaximum outer diameter: 5.00 in.\/127 mm<br \/>\nMedia width: 1 ~ 4,4\u2033 (25,4 ~ 112 mm)<br \/>\nMaximum media length: 39\u2033 (990 mm)<br \/>\nThickness: 0,003 ~ 0,0075\u2033 (0,08 ~ 0,19 mm)<\/td>\n<\/tr>\n<tr>\n<td width=\"422\">Communication: USB 2.0, 10\/100 M-bit Ethernet, WIFI 802.11ac v\u00e0 Bluetooth 4.1<\/td>\n<\/tr>\n<tr>\n<td width=\"422\">Dimension: 10,5\u2033 (L) x 7,75\u2033 (W) x 7,5 \u201c(H)<br \/>\n267 mm (L) x 197 mm (W) x 191 mm (H)<\/td>\n<\/tr>\n<tr>\n<td>Weight: 2,5kg<\/td>\n<\/tr>\n<\/tbody>\n<\/table>","protected":false},"excerpt":{"rendered":"<p>The Zebra ZD230 desktop barcode printer is designed with high quality in mind, providing customers with additional features and reliable operation at an affordable price. Built to last for years, the ZD230 offers an outstanding return on investment. The Zebra ZD230 has a very simple design that is easy to install, making it ideal for use in areas such as shipping and logistics, light manufacturing, retail and healthcare applications for multiple printing. ticket types, tags, labels and receipts.<\/p>","protected":false},"featured_media":71,"template":"","meta":{"_genesis_hide_title":false,"_genesis_hide_breadcrumbs":false,"_genesis_hide_singular_image":false,"_genesis_hide_footer_widgets":false,"_genesis_custom_body_class":"","_genesis_custom_post_class":"","_genesis_layout":""},"product_cat":[17],"product_tag":[],"class_list":{"0":"post-70","1":"product","2":"type-product","3":"status-publish","4":"has-post-thumbnail","6":"product_cat-may-in-ma-vach","7":"entry","9":"first","10":"instock","11":"featured","12":"shipping-taxable","13":"product-type-simple"},"yoast_head":"<!-- This site is optimized with the Yoast SEO plugin v27.3 - https:\/\/yoast.com\/product\/yoast-seo-wordpress\/ -->\n<title>M\u00e1y in m\u00e3 v\u1ea1ch Zebra ZD230 - BLI Vi\u1ec7t Nam<\/title>\n<meta name=\"description\" content=\"M\u00e1y in m\u00e3 v\u1ea1ch \u0111\u1ec3 b\u00e0n Zebra ZD230 \u0111\u01b0\u1ee3c thi\u1ebft k\u1ebf v\u1edbi ch\u1ea5t l\u01b0\u1ee3ng cao, cung c\u1ea5p cho kh\u00e1ch h\u00e0ng c\u00e1c t\u00ednh n\u0103ng b\u1ed5 sung v\u00e0 ho\u1ea1t \u0111\u1ed9ng \u0111\u00e1ng tin c\u1eady v\u1edbi gi\u00e1 c\u1ea3 ph\u1ea3i ch\u0103ng. ZD230 c\u00f3 thi\u1ebft k\u1ebf r\u1ea5t \u0111\u01a1n gi\u1ea3n, d\u1ec5 c\u00e0i \u0111\u1eb7t, l\u00fd t\u01b0\u1edfng \u0111\u1ec3 s\u1eed d\u1ee5ng in tem nh\u00e3n decal trong c\u00e1c l\u0129nh v\u1ef1c nh\u01b0 v\u1eadn chuy\u1ec3n v\u00e0 h\u1eadu c\u1ea7n, s\u1ea3n xu\u1ea5t nh\u1eb9, b\u00e1n l\u1ebb v\u00e0 c\u00e1c \u1ee9ng d\u1ee5ng ch\u0103m s\u00f3c s\u1ee9c kh\u1ecfe \u0111\u1ec3 in nhi\u1ec1u lo\u1ea1i v\u00e9, th\u1ebb, nh\u00e3n v\u00e0 bi\u00ean lai.\" \/>\n<meta name=\"robots\" content=\"index, follow, max-snippet:-1, max-image-preview:large, max-video-preview:-1\" \/>\n<link rel=\"canonical\" href=\"https:\/\/bli.com.vn\/en\/may-in-ma-vach-zebra-zd230\/\" \/>\n<meta property=\"og:locale\" content=\"en_US\" \/>\n<meta property=\"og:type\" content=\"article\" \/>\n<meta property=\"og:title\" content=\"M\u00e1y in m\u00e3 v\u1ea1ch Zebra ZD230 - BLI Vi\u1ec7t Nam\" \/>\n<meta property=\"og:description\" content=\"M\u00e1y in m\u00e3 v\u1ea1ch \u0111\u1ec3 b\u00e0n Zebra ZD230 \u0111\u01b0\u1ee3c thi\u1ebft k\u1ebf v\u1edbi ch\u1ea5t l\u01b0\u1ee3ng cao, cung c\u1ea5p cho kh\u00e1ch h\u00e0ng c\u00e1c t\u00ednh n\u0103ng b\u1ed5 sung v\u00e0 ho\u1ea1t \u0111\u1ed9ng \u0111\u00e1ng tin c\u1eady v\u1edbi gi\u00e1 c\u1ea3 ph\u1ea3i ch\u0103ng. ZD230 c\u00f3 thi\u1ebft k\u1ebf r\u1ea5t \u0111\u01a1n gi\u1ea3n, d\u1ec5 c\u00e0i \u0111\u1eb7t, l\u00fd t\u01b0\u1edfng \u0111\u1ec3 s\u1eed d\u1ee5ng in tem nh\u00e3n decal trong c\u00e1c l\u0129nh v\u1ef1c nh\u01b0 v\u1eadn chuy\u1ec3n v\u00e0 h\u1eadu c\u1ea7n, s\u1ea3n xu\u1ea5t nh\u1eb9, b\u00e1n l\u1ebb v\u00e0 c\u00e1c \u1ee9ng d\u1ee5ng ch\u0103m s\u00f3c s\u1ee9c kh\u1ecfe \u0111\u1ec3 in nhi\u1ec1u lo\u1ea1i v\u00e9, th\u1ebb, nh\u00e3n v\u00e0 bi\u00ean lai.\" \/>\n<meta property=\"og:url\" content=\"https:\/\/bli.com.vn\/en\/may-in-ma-vach-zebra-zd230\/\" \/>\n<meta property=\"og:site_name\" content=\"BLI Vi\u1ec7t Nam\" \/>\n<meta property=\"article:modified_time\" content=\"2023-01-12T08:40:47+00:00\" \/>\n<meta property=\"og:image\" content=\"https:\/\/bli.com.vn\/wp-content\/uploads\/2021\/03\/May-in-ma-vach-Zebra-ZD230.jpg\" \/>\n\t<meta property=\"og:image:width\" content=\"600\" \/>\n\t<meta property=\"og:image:height\" content=\"400\" \/>\n\t<meta property=\"og:image:type\" content=\"image\/jpeg\" \/>\n<meta name=\"twitter:card\" content=\"summary_large_image\" \/>\n<meta name=\"twitter:image\" content=\"https:\/\/bli.com.vn\/wp-content\/uploads\/2021\/03\/May-in-ma-vach-Zebra-ZD230.jpg\" \/>\n<meta name=\"twitter:label1\" content=\"Est. reading time\" \/>\n\t<meta name=\"twitter:data1\" content=\"1 minute\" \/>\n<script type=\"application\/ld+json\" class=\"yoast-schema-graph\">{\"@context\":\"https:\\\/\\\/schema.org\",\"@graph\":[{\"@type\":\"WebPage\",\"@id\":\"https:\\\/\\\/bli.com.vn\\\/may-in-ma-vach-zebra-zd230\\\/\",\"url\":\"https:\\\/\\\/bli.com.vn\\\/may-in-ma-vach-zebra-zd230\\\/\",\"name\":\"M\u00e1y in m\u00e3 v\u1ea1ch Zebra ZD230 - BLI Vi\u1ec7t Nam\",\"isPartOf\":{\"@id\":\"https:\\\/\\\/bli.com.vn\\\/#website\"},\"primaryImageOfPage\":{\"@id\":\"https:\\\/\\\/bli.com.vn\\\/may-in-ma-vach-zebra-zd230\\\/#primaryimage\"},\"image\":{\"@id\":\"https:\\\/\\\/bli.com.vn\\\/may-in-ma-vach-zebra-zd230\\\/#primaryimage\"},\"thumbnailUrl\":\"https:\\\/\\\/bli.com.vn\\\/wp-content\\\/uploads\\\/2021\\\/03\\\/May-in-ma-vach-Zebra-ZD230.jpg\",\"datePublished\":\"2021-03-19T07:27:52+00:00\",\"dateModified\":\"2023-01-12T08:40:47+00:00\",\"description\":\"M\u00e1y in m\u00e3 v\u1ea1ch \u0111\u1ec3 b\u00e0n Zebra ZD230 \u0111\u01b0\u1ee3c thi\u1ebft k\u1ebf v\u1edbi ch\u1ea5t l\u01b0\u1ee3ng cao, cung c\u1ea5p cho kh\u00e1ch h\u00e0ng c\u00e1c t\u00ednh n\u0103ng b\u1ed5 sung v\u00e0 ho\u1ea1t \u0111\u1ed9ng \u0111\u00e1ng tin c\u1eady v\u1edbi gi\u00e1 c\u1ea3 ph\u1ea3i ch\u0103ng. ZD230 c\u00f3 thi\u1ebft k\u1ebf r\u1ea5t \u0111\u01a1n gi\u1ea3n, d\u1ec5 c\u00e0i \u0111\u1eb7t, l\u00fd t\u01b0\u1edfng \u0111\u1ec3 s\u1eed d\u1ee5ng in tem nh\u00e3n decal trong c\u00e1c l\u0129nh v\u1ef1c nh\u01b0 v\u1eadn chuy\u1ec3n v\u00e0 h\u1eadu c\u1ea7n, s\u1ea3n xu\u1ea5t nh\u1eb9, b\u00e1n l\u1ebb v\u00e0 c\u00e1c \u1ee9ng d\u1ee5ng ch\u0103m s\u00f3c s\u1ee9c kh\u1ecfe \u0111\u1ec3 in nhi\u1ec1u lo\u1ea1i v\u00e9, th\u1ebb, nh\u00e3n v\u00e0 bi\u00ean lai.\",\"breadcrumb\":{\"@id\":\"https:\\\/\\\/bli.com.vn\\\/may-in-ma-vach-zebra-zd230\\\/#breadcrumb\"},\"inLanguage\":\"en-US\",\"potentialAction\":[{\"@type\":\"ReadAction\",\"target\":[\"https:\\\/\\\/bli.com.vn\\\/may-in-ma-vach-zebra-zd230\\\/\"]}]},{\"@type\":\"ImageObject\",\"inLanguage\":\"en-US\",\"@id\":\"https:\\\/\\\/bli.com.vn\\\/may-in-ma-vach-zebra-zd230\\\/#primaryimage\",\"url\":\"https:\\\/\\\/bli.com.vn\\\/wp-content\\\/uploads\\\/2021\\\/03\\\/May-in-ma-vach-Zebra-ZD230.jpg\",\"contentUrl\":\"https:\\\/\\\/bli.com.vn\\\/wp-content\\\/uploads\\\/2021\\\/03\\\/May-in-ma-vach-Zebra-ZD230.jpg\",\"width\":600,\"height\":400,\"caption\":\"M\u00e1y in m\u00e3 v\u1ea1ch Zebra ZD230 - bli.com.vn\"},{\"@type\":\"BreadcrumbList\",\"@id\":\"https:\\\/\\\/bli.com.vn\\\/may-in-ma-vach-zebra-zd230\\\/#breadcrumb\",\"itemListElement\":[{\"@type\":\"ListItem\",\"position\":1,\"name\":\"Home\",\"item\":\"https:\\\/\\\/bli.com.vn\\\/\"},{\"@type\":\"ListItem\",\"position\":2,\"name\":\"S\u1ea3n ph\u1ea9m\",\"item\":\"https:\\\/\\\/bli.com.vn\\\/san-pham\\\/\"},{\"@type\":\"ListItem\",\"position\":3,\"name\":\"M\u00e1y in m\u00e3 v\u1ea1ch Zebra ZD230\"}]},{\"@type\":\"WebSite\",\"@id\":\"https:\\\/\\\/bli.com.vn\\\/#website\",\"url\":\"https:\\\/\\\/bli.com.vn\\\/\",\"name\":\"BLI Vi\u1ec7t Nam\",\"description\":\"M\u00e1y in, m\u00e1y qu\u00e9t m\u00e3 v\u1ea1ch Zebra, Honeywell, Datalogic\",\"publisher\":{\"@id\":\"https:\\\/\\\/bli.com.vn\\\/#organization\"},\"potentialAction\":[{\"@type\":\"SearchAction\",\"target\":{\"@type\":\"EntryPoint\",\"urlTemplate\":\"https:\\\/\\\/bli.com.vn\\\/?s={search_term_string}\"},\"query-input\":{\"@type\":\"PropertyValueSpecification\",\"valueRequired\":true,\"valueName\":\"search_term_string\"}}],\"inLanguage\":\"en-US\"},{\"@type\":\"Organization\",\"@id\":\"https:\\\/\\\/bli.com.vn\\\/#organization\",\"name\":\"BLI Vi\u1ec7t Nam\",\"url\":\"https:\\\/\\\/bli.com.vn\\\/\",\"logo\":{\"@type\":\"ImageObject\",\"inLanguage\":\"en-US\",\"@id\":\"https:\\\/\\\/bli.com.vn\\\/#\\\/schema\\\/logo\\\/image\\\/\",\"url\":\"https:\\\/\\\/bli.com.vn\\\/wp-content\\\/uploads\\\/2021\\\/03\\\/site-logo.png\",\"contentUrl\":\"https:\\\/\\\/bli.com.vn\\\/wp-content\\\/uploads\\\/2021\\\/03\\\/site-logo.png\",\"width\":\"400\",\"height\":\"150\",\"caption\":\"BLI Vi\u1ec7t Nam\"},\"image\":{\"@id\":\"https:\\\/\\\/bli.com.vn\\\/#\\\/schema\\\/logo\\\/image\\\/\"}}]}<\/script>\n<!-- \/ Yoast SEO plugin. -->","yoast_head_json":{"title":"M\u00e1y in m\u00e3 v\u1ea1ch Zebra ZD230 - BLI Vi\u1ec7t Nam","description":"M\u00e1y in m\u00e3 v\u1ea1ch \u0111\u1ec3 b\u00e0n Zebra ZD230 \u0111\u01b0\u1ee3c thi\u1ebft k\u1ebf v\u1edbi ch\u1ea5t l\u01b0\u1ee3ng cao, cung c\u1ea5p cho kh\u00e1ch h\u00e0ng c\u00e1c t\u00ednh n\u0103ng b\u1ed5 sung v\u00e0 ho\u1ea1t \u0111\u1ed9ng \u0111\u00e1ng tin c\u1eady v\u1edbi gi\u00e1 c\u1ea3 ph\u1ea3i ch\u0103ng. ZD230 c\u00f3 thi\u1ebft k\u1ebf r\u1ea5t \u0111\u01a1n gi\u1ea3n, d\u1ec5 c\u00e0i \u0111\u1eb7t, l\u00fd t\u01b0\u1edfng \u0111\u1ec3 s\u1eed d\u1ee5ng in tem nh\u00e3n decal trong c\u00e1c l\u0129nh v\u1ef1c nh\u01b0 v\u1eadn chuy\u1ec3n v\u00e0 h\u1eadu c\u1ea7n, s\u1ea3n xu\u1ea5t nh\u1eb9, b\u00e1n l\u1ebb v\u00e0 c\u00e1c \u1ee9ng d\u1ee5ng ch\u0103m s\u00f3c s\u1ee9c kh\u1ecfe \u0111\u1ec3 in nhi\u1ec1u lo\u1ea1i v\u00e9, th\u1ebb, nh\u00e3n v\u00e0 bi\u00ean lai.","robots":{"index":"index","follow":"follow","max-snippet":"max-snippet:-1","max-image-preview":"max-image-preview:large","max-video-preview":"max-video-preview:-1"},"canonical":"https:\/\/bli.com.vn\/en\/may-in-ma-vach-zebra-zd230\/","og_locale":"en_US","og_type":"article","og_title":"M\u00e1y in m\u00e3 v\u1ea1ch Zebra ZD230 - BLI Vi\u1ec7t Nam","og_description":"M\u00e1y in m\u00e3 v\u1ea1ch \u0111\u1ec3 b\u00e0n Zebra ZD230 \u0111\u01b0\u1ee3c thi\u1ebft k\u1ebf v\u1edbi ch\u1ea5t l\u01b0\u1ee3ng cao, cung c\u1ea5p cho kh\u00e1ch h\u00e0ng c\u00e1c t\u00ednh n\u0103ng b\u1ed5 sung v\u00e0 ho\u1ea1t \u0111\u1ed9ng \u0111\u00e1ng tin c\u1eady v\u1edbi gi\u00e1 c\u1ea3 ph\u1ea3i ch\u0103ng. ZD230 c\u00f3 thi\u1ebft k\u1ebf r\u1ea5t \u0111\u01a1n gi\u1ea3n, d\u1ec5 c\u00e0i \u0111\u1eb7t, l\u00fd t\u01b0\u1edfng \u0111\u1ec3 s\u1eed d\u1ee5ng in tem nh\u00e3n decal trong c\u00e1c l\u0129nh v\u1ef1c nh\u01b0 v\u1eadn chuy\u1ec3n v\u00e0 h\u1eadu c\u1ea7n, s\u1ea3n xu\u1ea5t nh\u1eb9, b\u00e1n l\u1ebb v\u00e0 c\u00e1c \u1ee9ng d\u1ee5ng ch\u0103m s\u00f3c s\u1ee9c kh\u1ecfe \u0111\u1ec3 in nhi\u1ec1u lo\u1ea1i v\u00e9, th\u1ebb, nh\u00e3n v\u00e0 bi\u00ean lai.","og_url":"https:\/\/bli.com.vn\/en\/may-in-ma-vach-zebra-zd230\/","og_site_name":"BLI Vi\u1ec7t Nam","article_modified_time":"2023-01-12T08:40:47+00:00","og_image":[{"width":600,"height":400,"url":"https:\/\/bli.com.vn\/wp-content\/uploads\/2021\/03\/May-in-ma-vach-Zebra-ZD230.jpg","type":"image\/jpeg"}],"twitter_card":"summary_large_image","twitter_image":"https:\/\/bli.com.vn\/wp-content\/uploads\/2021\/03\/May-in-ma-vach-Zebra-ZD230.jpg","twitter_misc":{"Est. reading time":"1 minute"},"schema":{"@context":"https:\/\/schema.org","@graph":[{"@type":"WebPage","@id":"https:\/\/bli.com.vn\/may-in-ma-vach-zebra-zd230\/","url":"https:\/\/bli.com.vn\/may-in-ma-vach-zebra-zd230\/","name":"M\u00e1y in m\u00e3 v\u1ea1ch Zebra ZD230 - BLI Vi\u1ec7t Nam","isPartOf":{"@id":"https:\/\/bli.com.vn\/#website"},"primaryImageOfPage":{"@id":"https:\/\/bli.com.vn\/may-in-ma-vach-zebra-zd230\/#primaryimage"},"image":{"@id":"https:\/\/bli.com.vn\/may-in-ma-vach-zebra-zd230\/#primaryimage"},"thumbnailUrl":"https:\/\/bli.com.vn\/wp-content\/uploads\/2021\/03\/May-in-ma-vach-Zebra-ZD230.jpg","datePublished":"2021-03-19T07:27:52+00:00","dateModified":"2023-01-12T08:40:47+00:00","description":"M\u00e1y in m\u00e3 v\u1ea1ch \u0111\u1ec3 b\u00e0n Zebra ZD230 \u0111\u01b0\u1ee3c thi\u1ebft k\u1ebf v\u1edbi ch\u1ea5t l\u01b0\u1ee3ng cao, cung c\u1ea5p cho kh\u00e1ch h\u00e0ng c\u00e1c t\u00ednh n\u0103ng b\u1ed5 sung v\u00e0 ho\u1ea1t \u0111\u1ed9ng \u0111\u00e1ng tin c\u1eady v\u1edbi gi\u00e1 c\u1ea3 ph\u1ea3i ch\u0103ng. ZD230 c\u00f3 thi\u1ebft k\u1ebf r\u1ea5t \u0111\u01a1n gi\u1ea3n, d\u1ec5 c\u00e0i \u0111\u1eb7t, l\u00fd t\u01b0\u1edfng \u0111\u1ec3 s\u1eed d\u1ee5ng in tem nh\u00e3n decal trong c\u00e1c l\u0129nh v\u1ef1c nh\u01b0 v\u1eadn chuy\u1ec3n v\u00e0 h\u1eadu c\u1ea7n, s\u1ea3n xu\u1ea5t nh\u1eb9, b\u00e1n l\u1ebb v\u00e0 c\u00e1c \u1ee9ng d\u1ee5ng ch\u0103m s\u00f3c s\u1ee9c kh\u1ecfe \u0111\u1ec3 in nhi\u1ec1u lo\u1ea1i v\u00e9, th\u1ebb, nh\u00e3n v\u00e0 bi\u00ean lai.","breadcrumb":{"@id":"https:\/\/bli.com.vn\/may-in-ma-vach-zebra-zd230\/#breadcrumb"},"inLanguage":"en-US","potentialAction":[{"@type":"ReadAction","target":["https:\/\/bli.com.vn\/may-in-ma-vach-zebra-zd230\/"]}]},{"@type":"ImageObject","inLanguage":"en-US","@id":"https:\/\/bli.com.vn\/may-in-ma-vach-zebra-zd230\/#primaryimage","url":"https:\/\/bli.com.vn\/wp-content\/uploads\/2021\/03\/May-in-ma-vach-Zebra-ZD230.jpg","contentUrl":"https:\/\/bli.com.vn\/wp-content\/uploads\/2021\/03\/May-in-ma-vach-Zebra-ZD230.jpg","width":600,"height":400,"caption":"M\u00e1y in m\u00e3 v\u1ea1ch Zebra ZD230 - bli.com.vn"},{"@type":"BreadcrumbList","@id":"https:\/\/bli.com.vn\/may-in-ma-vach-zebra-zd230\/#breadcrumb","itemListElement":[{"@type":"ListItem","position":1,"name":"Home","item":"https:\/\/bli.com.vn\/"},{"@type":"ListItem","position":2,"name":"S\u1ea3n ph\u1ea9m","item":"https:\/\/bli.com.vn\/san-pham\/"},{"@type":"ListItem","position":3,"name":"M\u00e1y in m\u00e3 v\u1ea1ch Zebra ZD230"}]},{"@type":"WebSite","@id":"https:\/\/bli.com.vn\/#website","url":"https:\/\/bli.com.vn\/","name":"BLI Vi\u1ec7t Nam","description":"M\u00e1y in, m\u00e1y qu\u00e9t m\u00e3 v\u1ea1ch Zebra, Honeywell, Datalogic","publisher":{"@id":"https:\/\/bli.com.vn\/#organization"},"potentialAction":[{"@type":"SearchAction","target":{"@type":"EntryPoint","urlTemplate":"https:\/\/bli.com.vn\/?s={search_term_string}"},"query-input":{"@type":"PropertyValueSpecification","valueRequired":true,"valueName":"search_term_string"}}],"inLanguage":"en-US"},{"@type":"Organization","@id":"https:\/\/bli.com.vn\/#organization","name":"BLI Vi\u1ec7t Nam","url":"https:\/\/bli.com.vn\/","logo":{"@type":"ImageObject","inLanguage":"en-US","@id":"https:\/\/bli.com.vn\/#\/schema\/logo\/image\/","url":"https:\/\/bli.com.vn\/wp-content\/uploads\/2021\/03\/site-logo.png","contentUrl":"https:\/\/bli.com.vn\/wp-content\/uploads\/2021\/03\/site-logo.png","width":"400","height":"150","caption":"BLI Vi\u1ec7t Nam"},"image":{"@id":"https:\/\/bli.com.vn\/#\/schema\/logo\/image\/"}}]}},"_links":{"self":[{"href":"https:\/\/bli.com.vn\/en\/wp-json\/wp\/v2\/product\/70","targetHints":{"allow":["GET"]}}],"collection":[{"href":"https:\/\/bli.com.vn\/en\/wp-json\/wp\/v2\/product"}],"about":[{"href":"https:\/\/bli.com.vn\/en\/wp-json\/wp\/v2\/types\/product"}],"wp:featuredmedia":[{"embeddable":true,"href":"https:\/\/bli.com.vn\/en\/wp-json\/wp\/v2\/media\/71"}],"wp:attachment":[{"href":"https:\/\/bli.com.vn\/en\/wp-json\/wp\/v2\/media?parent=70"}],"wp:term":[{"taxonomy":"product_cat","embeddable":true,"href":"https:\/\/bli.com.vn\/en\/wp-json\/wp\/v2\/product_cat?post=70"},{"taxonomy":"product_tag","embeddable":true,"href":"https:\/\/bli.com.vn\/en\/wp-json\/wp\/v2\/product_tag?post=70"}],"curies":[{"name":"wp","href":"https:\/\/api.w.org\/{rel}","templated":true}]}}