{"id":93,"date":"2021-03-20T02:01:10","date_gmt":"2021-03-20T02:01:10","guid":{"rendered":"https:\/\/bli.com.vn\/?post_type=product&#038;p=93"},"modified":"2023-01-12T08:40:41","modified_gmt":"2023-01-12T08:40:41","slug":"may-in-ma-vach-zebra-zd220","status":"publish","type":"product","link":"https:\/\/bli.com.vn\/en\/may-in-ma-vach-zebra-zd220\/","title":{"rendered":"Zebra ZD220 Barcode Printer"},"content":{"rendered":"<p>The Zebra ZD220 barcode printer is the market leader in barcode thermal printers. Zebra is renowned for producing high-quality printers and the Zebra ZD220 is no exception, offering a simple and rugged construction to a cost-constrained market segment.<\/p>\n<table width=\"597\">\n<tbody>\n<tr>\n<td width=\"597\"><strong>Model: Zebra ZD220<\/strong><\/td>\n<\/tr>\n<tr>\n<td>Printhead resolution: 203 dpi \/ 8 dot per mm<\/td>\n<\/tr>\n<tr>\n<td width=\"597\">Memory: 256 MB Flash; 128 MB SDRAM<\/td>\n<\/tr>\n<tr>\n<td width=\"597\">Maximum print width: 4,09 in.\/104 mm<\/td>\n<\/tr>\n<tr>\n<td>Print speed: 4 inch \/ s \u2013 102 mm \/ s<\/td>\n<\/tr>\n<tr>\n<td>Control software: ZPL II; EPL 2; XML<\/td>\n<\/tr>\n<tr>\n<td width=\"597\">Maximum Label Length: 39 inch \/ 991 mm<\/td>\n<\/tr>\n<tr>\n<td>Media width: 1 - 4,4 inch (25,4 - 112 mm)<\/td>\n<\/tr>\n<tr>\n<td width=\"597\"><strong>Media roll size:<\/strong><br \/>\nOuter diameter Core: 127 mm<br \/>\nInner diameter: 12,7 mm &amp; 25,4 mm<\/td>\n<\/tr>\n<tr>\n<td width=\"597\"><strong>Media thickness:<\/strong><br \/>\nMinimum: 0,08 mm<br \/>\nMaximum: 0,195 mm<\/td>\n<\/tr>\n<tr>\n<td>Maximum ribbon length: 244 ft. (74 m)<\/td>\n<\/tr>\n<tr>\n<td width=\"597\">Ribbon core I.D.: 0,5 in .\/12,7 mm<\/td>\n<\/tr>\n<tr>\n<td width=\"597\"><strong>Operating characteristics:<\/strong><br \/>\nOperating Temp.: 40 - 105\u00b0F \/ 4,4  - 41\u00b0C<br \/>\nStorage temp.: -40 - 140\u00b0F \/ -40 - 60\u00b0C<br \/>\nOperating humidity: 10% to 90% non-condensing<br \/>\nStorage humidity: 5% to 95% non-condensing<\/td>\n<\/tr>\n<tr>\n<td width=\"597\">Electrical: Auto-detectable (PFC Compliant) 100-240VAC, 50-60Hz; ENERGY STAR qualified<\/td>\n<\/tr>\n<tr>\n<td>Bar Code Ratios: 2: 1 and 3: 1<\/td>\n<\/tr>\n<tr>\n<td width=\"597\"><strong>Media characteristics:<\/strong><br \/>\nHeight x 0,5 inch. Length x 7,75 inch. Width x 7,5 inch.<br \/>\nH 267 mm L x 197 mm W x 191 mm<\/td>\n<\/tr>\n<tr>\n<td>Weight: 2,5 lbs .\/1,1 kg<\/td>\n<\/tr>\n<\/tbody>\n<\/table>","protected":false},"excerpt":{"rendered":"<p>The Zebra ZD220 desktop barcode printer gives you reliable operation and basic features at an affordable price. Complying with the ENERGY STAR\u00ae quality standard, the ZD220 provides many years of reliable operation at low cost, providing an outstanding return on investment for customers. The machine is fully equipped with basic features to meet the needs of label printing, especially in stores, supermarkets, etc. in the retail sector.<\/p>","protected":false},"featured_media":448,"template":"","meta":{"_genesis_hide_title":false,"_genesis_hide_breadcrumbs":false,"_genesis_hide_singular_image":false,"_genesis_hide_footer_widgets":false,"_genesis_custom_body_class":"","_genesis_custom_post_class":"","_genesis_layout":""},"product_cat":[17],"product_tag":[],"class_list":{"0":"post-93","1":"product","2":"type-product","3":"status-publish","4":"has-post-thumbnail","6":"product_cat-may-in-ma-vach","7":"entry","9":"first","10":"instock","11":"featured","12":"shipping-taxable","13":"product-type-simple"},"yoast_head":"<!-- This site is optimized with the Yoast SEO plugin v27.3 - https:\/\/yoast.com\/product\/yoast-seo-wordpress\/ -->\n<title>M\u00e1y in m\u00e3 v\u1ea1ch Zebra ZD220 - BLI Vi\u1ec7t Nam<\/title>\n<meta name=\"description\" content=\"M\u00e1y in m\u00e3 v\u1ea1ch \u0111\u1ec3 b\u00e0n Zebra ZD220 mang \u0111\u1ebfn cho b\u1ea1n kh\u1ea3 n\u0103ng ho\u1ea1t \u0111\u1ed9ng \u0111\u00e1ng tin c\u1eady v\u00e0 c\u00e1c t\u00ednh n\u0103ng c\u01a1 b\u1ea3n v\u1edbi gi\u00e1 c\u1ea3 ph\u1ea3i ch\u0103ng. \u0110\u1ea1t ti\u00eau chu\u1ea9n ch\u1ea5t l\u01b0\u1ee3ng ENERGY STAR\u00ae, ZD220 ho\u1ea1t \u0111\u1ed9ng b\u1ec1n b\u1ec9 trong nhi\u1ec1u n\u0103m v\u1edbi chi ph\u00ed th\u1ea5p, mang l\u1ea1i l\u1ee3i t\u1ee9c \u0111\u1ea7u t\u01b0 v\u01b0\u1ee3t tr\u1ed9i cho kh\u00e1ch h\u00e0ng.\" \/>\n<meta name=\"robots\" content=\"index, follow, max-snippet:-1, max-image-preview:large, max-video-preview:-1\" \/>\n<link rel=\"canonical\" href=\"https:\/\/bli.com.vn\/en\/may-in-ma-vach-zebra-zd220\/\" \/>\n<meta property=\"og:locale\" content=\"en_US\" \/>\n<meta property=\"og:type\" content=\"article\" \/>\n<meta property=\"og:title\" content=\"M\u00e1y in m\u00e3 v\u1ea1ch Zebra ZD220 - BLI Vi\u1ec7t Nam\" \/>\n<meta property=\"og:description\" content=\"M\u00e1y in m\u00e3 v\u1ea1ch \u0111\u1ec3 b\u00e0n Zebra ZD220 mang \u0111\u1ebfn cho b\u1ea1n kh\u1ea3 n\u0103ng ho\u1ea1t \u0111\u1ed9ng \u0111\u00e1ng tin c\u1eady v\u00e0 c\u00e1c t\u00ednh n\u0103ng c\u01a1 b\u1ea3n v\u1edbi gi\u00e1 c\u1ea3 ph\u1ea3i ch\u0103ng. \u0110\u1ea1t ti\u00eau chu\u1ea9n ch\u1ea5t l\u01b0\u1ee3ng ENERGY STAR\u00ae, ZD220 ho\u1ea1t \u0111\u1ed9ng b\u1ec1n b\u1ec9 trong nhi\u1ec1u n\u0103m v\u1edbi chi ph\u00ed th\u1ea5p, mang l\u1ea1i l\u1ee3i t\u1ee9c \u0111\u1ea7u t\u01b0 v\u01b0\u1ee3t tr\u1ed9i cho kh\u00e1ch h\u00e0ng.\" \/>\n<meta property=\"og:url\" content=\"https:\/\/bli.com.vn\/en\/may-in-ma-vach-zebra-zd220\/\" \/>\n<meta property=\"og:site_name\" content=\"BLI Vi\u1ec7t Nam\" \/>\n<meta property=\"article:modified_time\" content=\"2023-01-12T08:40:41+00:00\" \/>\n<meta property=\"og:image\" content=\"https:\/\/bli.com.vn\/wp-content\/uploads\/2021\/03\/May-in-ma-vach-Zebra-ZD220.jpg\" \/>\n\t<meta property=\"og:image:width\" content=\"600\" \/>\n\t<meta property=\"og:image:height\" content=\"400\" \/>\n\t<meta property=\"og:image:type\" content=\"image\/jpeg\" \/>\n<meta name=\"twitter:card\" content=\"summary_large_image\" \/>\n<meta name=\"twitter:image\" content=\"https:\/\/bli.com.vn\/wp-content\/uploads\/2021\/03\/May-in-ma-vach-Zebra-ZD220.jpg\" \/>\n<meta name=\"twitter:label1\" content=\"Est. reading time\" \/>\n\t<meta name=\"twitter:data1\" content=\"2 minutes\" \/>\n<script type=\"application\/ld+json\" class=\"yoast-schema-graph\">{\"@context\":\"https:\\\/\\\/schema.org\",\"@graph\":[{\"@type\":\"WebPage\",\"@id\":\"https:\\\/\\\/bli.com.vn\\\/may-in-ma-vach-zebra-zd220\\\/\",\"url\":\"https:\\\/\\\/bli.com.vn\\\/may-in-ma-vach-zebra-zd220\\\/\",\"name\":\"M\u00e1y in m\u00e3 v\u1ea1ch Zebra ZD220 - BLI Vi\u1ec7t Nam\",\"isPartOf\":{\"@id\":\"https:\\\/\\\/bli.com.vn\\\/#website\"},\"primaryImageOfPage\":{\"@id\":\"https:\\\/\\\/bli.com.vn\\\/may-in-ma-vach-zebra-zd220\\\/#primaryimage\"},\"image\":{\"@id\":\"https:\\\/\\\/bli.com.vn\\\/may-in-ma-vach-zebra-zd220\\\/#primaryimage\"},\"thumbnailUrl\":\"https:\\\/\\\/bli.com.vn\\\/wp-content\\\/uploads\\\/2021\\\/03\\\/May-in-ma-vach-Zebra-ZD220_1.jpg\",\"datePublished\":\"2021-03-20T02:01:10+00:00\",\"dateModified\":\"2023-01-12T08:40:41+00:00\",\"description\":\"M\u00e1y in m\u00e3 v\u1ea1ch \u0111\u1ec3 b\u00e0n Zebra ZD220 mang \u0111\u1ebfn cho b\u1ea1n kh\u1ea3 n\u0103ng ho\u1ea1t \u0111\u1ed9ng \u0111\u00e1ng tin c\u1eady v\u00e0 c\u00e1c t\u00ednh n\u0103ng c\u01a1 b\u1ea3n v\u1edbi gi\u00e1 c\u1ea3 ph\u1ea3i ch\u0103ng. \u0110\u1ea1t ti\u00eau chu\u1ea9n ch\u1ea5t l\u01b0\u1ee3ng ENERGY STAR\u00ae, ZD220 ho\u1ea1t \u0111\u1ed9ng b\u1ec1n b\u1ec9 trong nhi\u1ec1u n\u0103m v\u1edbi chi ph\u00ed th\u1ea5p, mang l\u1ea1i l\u1ee3i t\u1ee9c \u0111\u1ea7u t\u01b0 v\u01b0\u1ee3t tr\u1ed9i cho kh\u00e1ch h\u00e0ng.\",\"breadcrumb\":{\"@id\":\"https:\\\/\\\/bli.com.vn\\\/may-in-ma-vach-zebra-zd220\\\/#breadcrumb\"},\"inLanguage\":\"en-US\",\"potentialAction\":[{\"@type\":\"ReadAction\",\"target\":[\"https:\\\/\\\/bli.com.vn\\\/may-in-ma-vach-zebra-zd220\\\/\"]}]},{\"@type\":\"ImageObject\",\"inLanguage\":\"en-US\",\"@id\":\"https:\\\/\\\/bli.com.vn\\\/may-in-ma-vach-zebra-zd220\\\/#primaryimage\",\"url\":\"https:\\\/\\\/bli.com.vn\\\/wp-content\\\/uploads\\\/2021\\\/03\\\/May-in-ma-vach-Zebra-ZD220_1.jpg\",\"contentUrl\":\"https:\\\/\\\/bli.com.vn\\\/wp-content\\\/uploads\\\/2021\\\/03\\\/May-in-ma-vach-Zebra-ZD220_1.jpg\",\"width\":600,\"height\":400,\"caption\":\"M\u00e1y in m\u00e3 v\u1ea1ch Zebra ZD220 - bli.com.vn\"},{\"@type\":\"BreadcrumbList\",\"@id\":\"https:\\\/\\\/bli.com.vn\\\/may-in-ma-vach-zebra-zd220\\\/#breadcrumb\",\"itemListElement\":[{\"@type\":\"ListItem\",\"position\":1,\"name\":\"Home\",\"item\":\"https:\\\/\\\/bli.com.vn\\\/\"},{\"@type\":\"ListItem\",\"position\":2,\"name\":\"S\u1ea3n ph\u1ea9m\",\"item\":\"https:\\\/\\\/bli.com.vn\\\/san-pham\\\/\"},{\"@type\":\"ListItem\",\"position\":3,\"name\":\"M\u00e1y in m\u00e3 v\u1ea1ch Zebra ZD220\"}]},{\"@type\":\"WebSite\",\"@id\":\"https:\\\/\\\/bli.com.vn\\\/#website\",\"url\":\"https:\\\/\\\/bli.com.vn\\\/\",\"name\":\"BLI Vi\u1ec7t Nam\",\"description\":\"M\u00e1y in, m\u00e1y qu\u00e9t m\u00e3 v\u1ea1ch Zebra, Honeywell, Datalogic\",\"publisher\":{\"@id\":\"https:\\\/\\\/bli.com.vn\\\/#organization\"},\"potentialAction\":[{\"@type\":\"SearchAction\",\"target\":{\"@type\":\"EntryPoint\",\"urlTemplate\":\"https:\\\/\\\/bli.com.vn\\\/?s={search_term_string}\"},\"query-input\":{\"@type\":\"PropertyValueSpecification\",\"valueRequired\":true,\"valueName\":\"search_term_string\"}}],\"inLanguage\":\"en-US\"},{\"@type\":\"Organization\",\"@id\":\"https:\\\/\\\/bli.com.vn\\\/#organization\",\"name\":\"BLI Vi\u1ec7t Nam\",\"url\":\"https:\\\/\\\/bli.com.vn\\\/\",\"logo\":{\"@type\":\"ImageObject\",\"inLanguage\":\"en-US\",\"@id\":\"https:\\\/\\\/bli.com.vn\\\/#\\\/schema\\\/logo\\\/image\\\/\",\"url\":\"https:\\\/\\\/bli.com.vn\\\/wp-content\\\/uploads\\\/2021\\\/03\\\/site-logo.png\",\"contentUrl\":\"https:\\\/\\\/bli.com.vn\\\/wp-content\\\/uploads\\\/2021\\\/03\\\/site-logo.png\",\"width\":\"400\",\"height\":\"150\",\"caption\":\"BLI Vi\u1ec7t Nam\"},\"image\":{\"@id\":\"https:\\\/\\\/bli.com.vn\\\/#\\\/schema\\\/logo\\\/image\\\/\"}}]}<\/script>\n<!-- \/ Yoast SEO plugin. -->","yoast_head_json":{"title":"M\u00e1y in m\u00e3 v\u1ea1ch Zebra ZD220 - BLI Vi\u1ec7t Nam","description":"M\u00e1y in m\u00e3 v\u1ea1ch \u0111\u1ec3 b\u00e0n Zebra ZD220 mang \u0111\u1ebfn cho b\u1ea1n kh\u1ea3 n\u0103ng ho\u1ea1t \u0111\u1ed9ng \u0111\u00e1ng tin c\u1eady v\u00e0 c\u00e1c t\u00ednh n\u0103ng c\u01a1 b\u1ea3n v\u1edbi gi\u00e1 c\u1ea3 ph\u1ea3i ch\u0103ng. \u0110\u1ea1t ti\u00eau chu\u1ea9n ch\u1ea5t l\u01b0\u1ee3ng ENERGY STAR\u00ae, ZD220 ho\u1ea1t \u0111\u1ed9ng b\u1ec1n b\u1ec9 trong nhi\u1ec1u n\u0103m v\u1edbi chi ph\u00ed th\u1ea5p, mang l\u1ea1i l\u1ee3i t\u1ee9c \u0111\u1ea7u t\u01b0 v\u01b0\u1ee3t tr\u1ed9i cho kh\u00e1ch h\u00e0ng.","robots":{"index":"index","follow":"follow","max-snippet":"max-snippet:-1","max-image-preview":"max-image-preview:large","max-video-preview":"max-video-preview:-1"},"canonical":"https:\/\/bli.com.vn\/en\/may-in-ma-vach-zebra-zd220\/","og_locale":"en_US","og_type":"article","og_title":"M\u00e1y in m\u00e3 v\u1ea1ch Zebra ZD220 - BLI Vi\u1ec7t Nam","og_description":"M\u00e1y in m\u00e3 v\u1ea1ch \u0111\u1ec3 b\u00e0n Zebra ZD220 mang \u0111\u1ebfn cho b\u1ea1n kh\u1ea3 n\u0103ng ho\u1ea1t \u0111\u1ed9ng \u0111\u00e1ng tin c\u1eady v\u00e0 c\u00e1c t\u00ednh n\u0103ng c\u01a1 b\u1ea3n v\u1edbi gi\u00e1 c\u1ea3 ph\u1ea3i ch\u0103ng. \u0110\u1ea1t ti\u00eau chu\u1ea9n ch\u1ea5t l\u01b0\u1ee3ng ENERGY STAR\u00ae, ZD220 ho\u1ea1t \u0111\u1ed9ng b\u1ec1n b\u1ec9 trong nhi\u1ec1u n\u0103m v\u1edbi chi ph\u00ed th\u1ea5p, mang l\u1ea1i l\u1ee3i t\u1ee9c \u0111\u1ea7u t\u01b0 v\u01b0\u1ee3t tr\u1ed9i cho kh\u00e1ch h\u00e0ng.","og_url":"https:\/\/bli.com.vn\/en\/may-in-ma-vach-zebra-zd220\/","og_site_name":"BLI Vi\u1ec7t Nam","article_modified_time":"2023-01-12T08:40:41+00:00","og_image":[{"width":600,"height":400,"url":"https:\/\/bli.com.vn\/wp-content\/uploads\/2021\/03\/May-in-ma-vach-Zebra-ZD220.jpg","type":"image\/jpeg"}],"twitter_card":"summary_large_image","twitter_image":"https:\/\/bli.com.vn\/wp-content\/uploads\/2021\/03\/May-in-ma-vach-Zebra-ZD220.jpg","twitter_misc":{"Est. reading time":"2 minutes"},"schema":{"@context":"https:\/\/schema.org","@graph":[{"@type":"WebPage","@id":"https:\/\/bli.com.vn\/may-in-ma-vach-zebra-zd220\/","url":"https:\/\/bli.com.vn\/may-in-ma-vach-zebra-zd220\/","name":"M\u00e1y in m\u00e3 v\u1ea1ch Zebra ZD220 - BLI Vi\u1ec7t Nam","isPartOf":{"@id":"https:\/\/bli.com.vn\/#website"},"primaryImageOfPage":{"@id":"https:\/\/bli.com.vn\/may-in-ma-vach-zebra-zd220\/#primaryimage"},"image":{"@id":"https:\/\/bli.com.vn\/may-in-ma-vach-zebra-zd220\/#primaryimage"},"thumbnailUrl":"https:\/\/bli.com.vn\/wp-content\/uploads\/2021\/03\/May-in-ma-vach-Zebra-ZD220_1.jpg","datePublished":"2021-03-20T02:01:10+00:00","dateModified":"2023-01-12T08:40:41+00:00","description":"M\u00e1y in m\u00e3 v\u1ea1ch \u0111\u1ec3 b\u00e0n Zebra ZD220 mang \u0111\u1ebfn cho b\u1ea1n kh\u1ea3 n\u0103ng ho\u1ea1t \u0111\u1ed9ng \u0111\u00e1ng tin c\u1eady v\u00e0 c\u00e1c t\u00ednh n\u0103ng c\u01a1 b\u1ea3n v\u1edbi gi\u00e1 c\u1ea3 ph\u1ea3i ch\u0103ng. \u0110\u1ea1t ti\u00eau chu\u1ea9n ch\u1ea5t l\u01b0\u1ee3ng ENERGY STAR\u00ae, ZD220 ho\u1ea1t \u0111\u1ed9ng b\u1ec1n b\u1ec9 trong nhi\u1ec1u n\u0103m v\u1edbi chi ph\u00ed th\u1ea5p, mang l\u1ea1i l\u1ee3i t\u1ee9c \u0111\u1ea7u t\u01b0 v\u01b0\u1ee3t tr\u1ed9i cho kh\u00e1ch h\u00e0ng.","breadcrumb":{"@id":"https:\/\/bli.com.vn\/may-in-ma-vach-zebra-zd220\/#breadcrumb"},"inLanguage":"en-US","potentialAction":[{"@type":"ReadAction","target":["https:\/\/bli.com.vn\/may-in-ma-vach-zebra-zd220\/"]}]},{"@type":"ImageObject","inLanguage":"en-US","@id":"https:\/\/bli.com.vn\/may-in-ma-vach-zebra-zd220\/#primaryimage","url":"https:\/\/bli.com.vn\/wp-content\/uploads\/2021\/03\/May-in-ma-vach-Zebra-ZD220_1.jpg","contentUrl":"https:\/\/bli.com.vn\/wp-content\/uploads\/2021\/03\/May-in-ma-vach-Zebra-ZD220_1.jpg","width":600,"height":400,"caption":"M\u00e1y in m\u00e3 v\u1ea1ch Zebra ZD220 - bli.com.vn"},{"@type":"BreadcrumbList","@id":"https:\/\/bli.com.vn\/may-in-ma-vach-zebra-zd220\/#breadcrumb","itemListElement":[{"@type":"ListItem","position":1,"name":"Home","item":"https:\/\/bli.com.vn\/"},{"@type":"ListItem","position":2,"name":"S\u1ea3n ph\u1ea9m","item":"https:\/\/bli.com.vn\/san-pham\/"},{"@type":"ListItem","position":3,"name":"M\u00e1y in m\u00e3 v\u1ea1ch Zebra ZD220"}]},{"@type":"WebSite","@id":"https:\/\/bli.com.vn\/#website","url":"https:\/\/bli.com.vn\/","name":"BLI Vi\u1ec7t Nam","description":"M\u00e1y in, m\u00e1y qu\u00e9t m\u00e3 v\u1ea1ch Zebra, Honeywell, Datalogic","publisher":{"@id":"https:\/\/bli.com.vn\/#organization"},"potentialAction":[{"@type":"SearchAction","target":{"@type":"EntryPoint","urlTemplate":"https:\/\/bli.com.vn\/?s={search_term_string}"},"query-input":{"@type":"PropertyValueSpecification","valueRequired":true,"valueName":"search_term_string"}}],"inLanguage":"en-US"},{"@type":"Organization","@id":"https:\/\/bli.com.vn\/#organization","name":"BLI Vi\u1ec7t Nam","url":"https:\/\/bli.com.vn\/","logo":{"@type":"ImageObject","inLanguage":"en-US","@id":"https:\/\/bli.com.vn\/#\/schema\/logo\/image\/","url":"https:\/\/bli.com.vn\/wp-content\/uploads\/2021\/03\/site-logo.png","contentUrl":"https:\/\/bli.com.vn\/wp-content\/uploads\/2021\/03\/site-logo.png","width":"400","height":"150","caption":"BLI Vi\u1ec7t Nam"},"image":{"@id":"https:\/\/bli.com.vn\/#\/schema\/logo\/image\/"}}]}},"_links":{"self":[{"href":"https:\/\/bli.com.vn\/en\/wp-json\/wp\/v2\/product\/93","targetHints":{"allow":["GET"]}}],"collection":[{"href":"https:\/\/bli.com.vn\/en\/wp-json\/wp\/v2\/product"}],"about":[{"href":"https:\/\/bli.com.vn\/en\/wp-json\/wp\/v2\/types\/product"}],"wp:featuredmedia":[{"embeddable":true,"href":"https:\/\/bli.com.vn\/en\/wp-json\/wp\/v2\/media\/448"}],"wp:attachment":[{"href":"https:\/\/bli.com.vn\/en\/wp-json\/wp\/v2\/media?parent=93"}],"wp:term":[{"taxonomy":"product_cat","embeddable":true,"href":"https:\/\/bli.com.vn\/en\/wp-json\/wp\/v2\/product_cat?post=93"},{"taxonomy":"product_tag","embeddable":true,"href":"https:\/\/bli.com.vn\/en\/wp-json\/wp\/v2\/product_tag?post=93"}],"curies":[{"name":"wp","href":"https:\/\/api.w.org\/{rel}","templated":true}]}}