{"id":98,"date":"2021-03-20T03:41:16","date_gmt":"2021-03-20T03:41:16","guid":{"rendered":"https:\/\/bli.com.vn\/?post_type=product&#038;p=98"},"modified":"2021-12-09T03:05:57","modified_gmt":"2021-12-09T03:05:57","slug":"may-quet-ma-vach-khong-day-zebra-ds2278-sr","status":"publish","type":"product","link":"https:\/\/bli.com.vn\/en\/may-quet-ma-vach-khong-day-zebra-ds2278-sr\/","title":{"rendered":"Zebra DS2278-SR Wireless Barcode Scanner"},"content":{"rendered":"<table width=\"484\">\n<tbody>\n<tr>\n<td width=\"484\"><strong>Model: Zebra DS2278-SR<\/strong><\/td>\n<\/tr>\n<tr>\n<td width=\"484\">Scan technology: Linear image scaning (camera) 1D\/2D<\/td>\n<\/tr>\n<tr>\n<td width=\"484\">Motion tolerance: up to 5 in.\/13 cm per second for 13 mil UPC<\/td>\n<\/tr>\n<tr>\n<td width=\"484\">Resolution: 640 x 480 pixel<\/td>\n<\/tr>\n<tr>\n<td width=\"484\">Minimum element resolution: code 39 - 4.0 mil; code 128 - 4.0 mil; datamatric 6.0 mil; QR code 6.7 mil<\/td>\n<\/tr>\n<tr>\n<td width=\"484\">Wireless connection: Standard Bluetooth 4.0 with BLE: class 2 (10.0m)<\/td>\n<\/tr>\n<tr>\n<td width=\"484\">Interfaces: USB, RS232, Keyboard Wedge, TGCS (IBM) 46XX over RS485<\/td>\n<\/tr>\n<tr>\n<td width=\"484\">Light source: Aiming pattern Linear 623mm Amber LED<\/td>\n<\/tr>\n<tr>\n<td width=\"484\">Dimension: 16,8 cm. H x 6,6 cm. W x 10,7 cm. D<\/td>\n<\/tr>\n<tr>\n<td width=\"484\">Weight: 235.3 g<\/td>\n<\/tr>\n<tr>\n<td width=\"484\">Standard: IP42<\/td>\n<\/tr>\n<tr>\n<td width=\"484\">Battery: Li-Ion 2.400 mAh.<br \/>\n100,000 scans at 60 scans per minute or 60,000 scans at 10 scans per minute<\/td>\n<\/tr>\n<\/tbody>\n<\/table>","protected":false},"excerpt":{"rendered":"<p>With the Zebra DS2278 wireless barcode scanner, you can scan both 1D and 2D barcodes at an affordable price with high performance. The Zebra DS2278 has the affordability your budget requires, and is easy to deploy, use and manage for your business requirements.<\/p>","protected":false},"featured_media":450,"template":"","meta":{"_genesis_hide_title":false,"_genesis_hide_breadcrumbs":false,"_genesis_hide_singular_image":false,"_genesis_hide_footer_widgets":false,"_genesis_custom_body_class":"","_genesis_custom_post_class":"","_genesis_layout":""},"product_cat":[18],"product_tag":[],"class_list":{"0":"post-98","1":"product","2":"type-product","3":"status-publish","4":"has-post-thumbnail","6":"product_cat-may-quet-ma-vach","7":"entry","9":"first","10":"instock","11":"shipping-taxable","12":"product-type-simple"},"yoast_head":"<!-- This site is optimized with the Yoast SEO plugin v27.3 - https:\/\/yoast.com\/product\/yoast-seo-wordpress\/ -->\n<title>M\u00e1y qu\u00e9t m\u00e3 v\u1ea1ch kh\u00f4ng d\u00e2y Zebra DS2278-SR - BLI Vi\u1ec7t Nam<\/title>\n<meta name=\"description\" content=\"V\u1edbi m\u00e1y qu\u00e9t m\u00e3 v\u1ea1ch kh\u00f4ng d\u00e2y Zebra DS2278, b\u1ea1n c\u00f3 th\u1ec3 qu\u00e9t c\u1ea3 m\u00e3 v\u1ea1ch 1D v\u00e0 2D v\u1edbi gi\u00e1 c\u1ea3 ph\u1ea3i ch\u0103ng m\u00e0 v\u1eabn \u0111\u1ea1t \u0111\u01b0\u1ee3c hi\u1ec7u su\u1ea5t cao. Zebra DS2278 \u0111\u00e1p \u1ee9ng kh\u1ea3 n\u0103ng chi tr\u1ea3 m\u00e0 ng\u00e2n s\u00e1ch c\u1ee7a b\u1ea1n y\u00eau c\u1ea7u, d\u1ec5 d\u00e0ng trong vi\u1ec7c tri\u1ec3n khai, s\u1eed d\u1ee5ng v\u00e0 qu\u1ea3n l\u00fd cho c\u00e1c y\u00eau c\u1ea7u c\u1ee7a doanh nghi\u1ec7p.\" \/>\n<meta name=\"robots\" content=\"index, follow, max-snippet:-1, max-image-preview:large, max-video-preview:-1\" \/>\n<link rel=\"canonical\" href=\"https:\/\/bli.com.vn\/en\/may-quet-ma-vach-khong-day-zebra-ds2278-sr\/\" \/>\n<meta property=\"og:locale\" content=\"en_US\" \/>\n<meta property=\"og:type\" content=\"article\" \/>\n<meta property=\"og:title\" content=\"M\u00e1y qu\u00e9t m\u00e3 v\u1ea1ch kh\u00f4ng d\u00e2y Zebra DS2278-SR - BLI Vi\u1ec7t Nam\" \/>\n<meta property=\"og:description\" content=\"V\u1edbi m\u00e1y qu\u00e9t m\u00e3 v\u1ea1ch kh\u00f4ng d\u00e2y Zebra DS2278, b\u1ea1n c\u00f3 th\u1ec3 qu\u00e9t c\u1ea3 m\u00e3 v\u1ea1ch 1D v\u00e0 2D v\u1edbi gi\u00e1 c\u1ea3 ph\u1ea3i ch\u0103ng m\u00e0 v\u1eabn \u0111\u1ea1t \u0111\u01b0\u1ee3c hi\u1ec7u su\u1ea5t cao. Zebra DS2278 \u0111\u00e1p \u1ee9ng kh\u1ea3 n\u0103ng chi tr\u1ea3 m\u00e0 ng\u00e2n s\u00e1ch c\u1ee7a b\u1ea1n y\u00eau c\u1ea7u, d\u1ec5 d\u00e0ng trong vi\u1ec7c tri\u1ec3n khai, s\u1eed d\u1ee5ng v\u00e0 qu\u1ea3n l\u00fd cho c\u00e1c y\u00eau c\u1ea7u c\u1ee7a doanh nghi\u1ec7p.\" \/>\n<meta property=\"og:url\" content=\"https:\/\/bli.com.vn\/en\/may-quet-ma-vach-khong-day-zebra-ds2278-sr\/\" \/>\n<meta property=\"og:site_name\" content=\"BLI Vi\u1ec7t Nam\" \/>\n<meta property=\"article:modified_time\" content=\"2021-12-09T03:05:57+00:00\" \/>\n<meta property=\"og:image\" content=\"https:\/\/bli.com.vn\/wp-content\/uploads\/2021\/03\/May-quet-ma-vach-Zebra-DS2278-SR.jpg\" \/>\n\t<meta property=\"og:image:width\" content=\"600\" \/>\n\t<meta property=\"og:image:height\" content=\"400\" \/>\n\t<meta property=\"og:image:type\" content=\"image\/jpeg\" \/>\n<meta name=\"twitter:card\" content=\"summary_large_image\" \/>\n<meta name=\"twitter:image\" content=\"https:\/\/bli.com.vn\/wp-content\/uploads\/2021\/03\/May-quet-ma-vach-Zebra-DS2278-SR.jpg\" \/>\n<meta name=\"twitter:label1\" content=\"Est. reading time\" \/>\n\t<meta name=\"twitter:data1\" content=\"1 minute\" \/>\n<script type=\"application\/ld+json\" class=\"yoast-schema-graph\">{\"@context\":\"https:\\\/\\\/schema.org\",\"@graph\":[{\"@type\":\"WebPage\",\"@id\":\"https:\\\/\\\/bli.com.vn\\\/en\\\/may-quet-ma-vach-khong-day-zebra-ds2278-sr\\\/\",\"url\":\"https:\\\/\\\/bli.com.vn\\\/en\\\/may-quet-ma-vach-khong-day-zebra-ds2278-sr\\\/\",\"name\":\"M\u00e1y qu\u00e9t m\u00e3 v\u1ea1ch kh\u00f4ng d\u00e2y Zebra DS2278-SR - BLI Vi\u1ec7t Nam\",\"isPartOf\":{\"@id\":\"https:\\\/\\\/bli.com.vn\\\/#website\"},\"primaryImageOfPage\":{\"@id\":\"https:\\\/\\\/bli.com.vn\\\/en\\\/may-quet-ma-vach-khong-day-zebra-ds2278-sr\\\/#primaryimage\"},\"image\":{\"@id\":\"https:\\\/\\\/bli.com.vn\\\/en\\\/may-quet-ma-vach-khong-day-zebra-ds2278-sr\\\/#primaryimage\"},\"thumbnailUrl\":\"https:\\\/\\\/bli.com.vn\\\/wp-content\\\/uploads\\\/2021\\\/03\\\/may-quet-ma-vach-Zebra-DS2278-SR_2.jpg\",\"datePublished\":\"2021-03-20T03:41:16+00:00\",\"dateModified\":\"2021-12-09T03:05:57+00:00\",\"description\":\"V\u1edbi m\u00e1y qu\u00e9t m\u00e3 v\u1ea1ch kh\u00f4ng d\u00e2y Zebra DS2278, b\u1ea1n c\u00f3 th\u1ec3 qu\u00e9t c\u1ea3 m\u00e3 v\u1ea1ch 1D v\u00e0 2D v\u1edbi gi\u00e1 c\u1ea3 ph\u1ea3i ch\u0103ng m\u00e0 v\u1eabn \u0111\u1ea1t \u0111\u01b0\u1ee3c hi\u1ec7u su\u1ea5t cao. Zebra DS2278 \u0111\u00e1p \u1ee9ng kh\u1ea3 n\u0103ng chi tr\u1ea3 m\u00e0 ng\u00e2n s\u00e1ch c\u1ee7a b\u1ea1n y\u00eau c\u1ea7u, d\u1ec5 d\u00e0ng trong vi\u1ec7c tri\u1ec3n khai, s\u1eed d\u1ee5ng v\u00e0 qu\u1ea3n l\u00fd cho c\u00e1c y\u00eau c\u1ea7u c\u1ee7a doanh nghi\u1ec7p.\",\"breadcrumb\":{\"@id\":\"https:\\\/\\\/bli.com.vn\\\/en\\\/may-quet-ma-vach-khong-day-zebra-ds2278-sr\\\/#breadcrumb\"},\"inLanguage\":\"en-US\",\"potentialAction\":[{\"@type\":\"ReadAction\",\"target\":[\"https:\\\/\\\/bli.com.vn\\\/en\\\/may-quet-ma-vach-khong-day-zebra-ds2278-sr\\\/\"]}]},{\"@type\":\"ImageObject\",\"inLanguage\":\"en-US\",\"@id\":\"https:\\\/\\\/bli.com.vn\\\/en\\\/may-quet-ma-vach-khong-day-zebra-ds2278-sr\\\/#primaryimage\",\"url\":\"https:\\\/\\\/bli.com.vn\\\/wp-content\\\/uploads\\\/2021\\\/03\\\/may-quet-ma-vach-Zebra-DS2278-SR_2.jpg\",\"contentUrl\":\"https:\\\/\\\/bli.com.vn\\\/wp-content\\\/uploads\\\/2021\\\/03\\\/may-quet-ma-vach-Zebra-DS2278-SR_2.jpg\",\"width\":600,\"height\":400,\"caption\":\"M\u00e1y qu\u00e9t m\u00e3 v\u1ea1ch Zebra DS2278-SR\"},{\"@type\":\"BreadcrumbList\",\"@id\":\"https:\\\/\\\/bli.com.vn\\\/en\\\/may-quet-ma-vach-khong-day-zebra-ds2278-sr\\\/#breadcrumb\",\"itemListElement\":[{\"@type\":\"ListItem\",\"position\":1,\"name\":\"Home\",\"item\":\"https:\\\/\\\/bli.com.vn\\\/\"},{\"@type\":\"ListItem\",\"position\":2,\"name\":\"S\u1ea3n ph\u1ea9m\",\"item\":\"https:\\\/\\\/bli.com.vn\\\/san-pham\\\/\"},{\"@type\":\"ListItem\",\"position\":3,\"name\":\"M\u00e1y qu\u00e9t m\u00e3 v\u1ea1ch kh\u00f4ng d\u00e2y Zebra DS2278-SR\"}]},{\"@type\":\"WebSite\",\"@id\":\"https:\\\/\\\/bli.com.vn\\\/#website\",\"url\":\"https:\\\/\\\/bli.com.vn\\\/\",\"name\":\"BLI Vi\u1ec7t Nam\",\"description\":\"M\u00e1y in, m\u00e1y qu\u00e9t m\u00e3 v\u1ea1ch Zebra, Honeywell, Datalogic\",\"publisher\":{\"@id\":\"https:\\\/\\\/bli.com.vn\\\/#organization\"},\"potentialAction\":[{\"@type\":\"SearchAction\",\"target\":{\"@type\":\"EntryPoint\",\"urlTemplate\":\"https:\\\/\\\/bli.com.vn\\\/?s={search_term_string}\"},\"query-input\":{\"@type\":\"PropertyValueSpecification\",\"valueRequired\":true,\"valueName\":\"search_term_string\"}}],\"inLanguage\":\"en-US\"},{\"@type\":\"Organization\",\"@id\":\"https:\\\/\\\/bli.com.vn\\\/#organization\",\"name\":\"BLI Vi\u1ec7t Nam\",\"url\":\"https:\\\/\\\/bli.com.vn\\\/\",\"logo\":{\"@type\":\"ImageObject\",\"inLanguage\":\"en-US\",\"@id\":\"https:\\\/\\\/bli.com.vn\\\/#\\\/schema\\\/logo\\\/image\\\/\",\"url\":\"https:\\\/\\\/bli.com.vn\\\/wp-content\\\/uploads\\\/2021\\\/03\\\/site-logo.png\",\"contentUrl\":\"https:\\\/\\\/bli.com.vn\\\/wp-content\\\/uploads\\\/2021\\\/03\\\/site-logo.png\",\"width\":\"400\",\"height\":\"150\",\"caption\":\"BLI Vi\u1ec7t Nam\"},\"image\":{\"@id\":\"https:\\\/\\\/bli.com.vn\\\/#\\\/schema\\\/logo\\\/image\\\/\"}}]}<\/script>\n<!-- \/ Yoast SEO plugin. -->","yoast_head_json":{"title":"M\u00e1y qu\u00e9t m\u00e3 v\u1ea1ch kh\u00f4ng d\u00e2y Zebra DS2278-SR - BLI Vi\u1ec7t Nam","description":"V\u1edbi m\u00e1y qu\u00e9t m\u00e3 v\u1ea1ch kh\u00f4ng d\u00e2y Zebra DS2278, b\u1ea1n c\u00f3 th\u1ec3 qu\u00e9t c\u1ea3 m\u00e3 v\u1ea1ch 1D v\u00e0 2D v\u1edbi gi\u00e1 c\u1ea3 ph\u1ea3i ch\u0103ng m\u00e0 v\u1eabn \u0111\u1ea1t \u0111\u01b0\u1ee3c hi\u1ec7u su\u1ea5t cao. Zebra DS2278 \u0111\u00e1p \u1ee9ng kh\u1ea3 n\u0103ng chi tr\u1ea3 m\u00e0 ng\u00e2n s\u00e1ch c\u1ee7a b\u1ea1n y\u00eau c\u1ea7u, d\u1ec5 d\u00e0ng trong vi\u1ec7c tri\u1ec3n khai, s\u1eed d\u1ee5ng v\u00e0 qu\u1ea3n l\u00fd cho c\u00e1c y\u00eau c\u1ea7u c\u1ee7a doanh nghi\u1ec7p.","robots":{"index":"index","follow":"follow","max-snippet":"max-snippet:-1","max-image-preview":"max-image-preview:large","max-video-preview":"max-video-preview:-1"},"canonical":"https:\/\/bli.com.vn\/en\/may-quet-ma-vach-khong-day-zebra-ds2278-sr\/","og_locale":"en_US","og_type":"article","og_title":"M\u00e1y qu\u00e9t m\u00e3 v\u1ea1ch kh\u00f4ng d\u00e2y Zebra DS2278-SR - BLI Vi\u1ec7t Nam","og_description":"V\u1edbi m\u00e1y qu\u00e9t m\u00e3 v\u1ea1ch kh\u00f4ng d\u00e2y Zebra DS2278, b\u1ea1n c\u00f3 th\u1ec3 qu\u00e9t c\u1ea3 m\u00e3 v\u1ea1ch 1D v\u00e0 2D v\u1edbi gi\u00e1 c\u1ea3 ph\u1ea3i ch\u0103ng m\u00e0 v\u1eabn \u0111\u1ea1t \u0111\u01b0\u1ee3c hi\u1ec7u su\u1ea5t cao. Zebra DS2278 \u0111\u00e1p \u1ee9ng kh\u1ea3 n\u0103ng chi tr\u1ea3 m\u00e0 ng\u00e2n s\u00e1ch c\u1ee7a b\u1ea1n y\u00eau c\u1ea7u, d\u1ec5 d\u00e0ng trong vi\u1ec7c tri\u1ec3n khai, s\u1eed d\u1ee5ng v\u00e0 qu\u1ea3n l\u00fd cho c\u00e1c y\u00eau c\u1ea7u c\u1ee7a doanh nghi\u1ec7p.","og_url":"https:\/\/bli.com.vn\/en\/may-quet-ma-vach-khong-day-zebra-ds2278-sr\/","og_site_name":"BLI Vi\u1ec7t Nam","article_modified_time":"2021-12-09T03:05:57+00:00","og_image":[{"width":600,"height":400,"url":"https:\/\/bli.com.vn\/wp-content\/uploads\/2021\/03\/May-quet-ma-vach-Zebra-DS2278-SR.jpg","type":"image\/jpeg"}],"twitter_card":"summary_large_image","twitter_image":"https:\/\/bli.com.vn\/wp-content\/uploads\/2021\/03\/May-quet-ma-vach-Zebra-DS2278-SR.jpg","twitter_misc":{"Est. reading time":"1 minute"},"schema":{"@context":"https:\/\/schema.org","@graph":[{"@type":"WebPage","@id":"https:\/\/bli.com.vn\/en\/may-quet-ma-vach-khong-day-zebra-ds2278-sr\/","url":"https:\/\/bli.com.vn\/en\/may-quet-ma-vach-khong-day-zebra-ds2278-sr\/","name":"M\u00e1y qu\u00e9t m\u00e3 v\u1ea1ch kh\u00f4ng d\u00e2y Zebra DS2278-SR - BLI Vi\u1ec7t Nam","isPartOf":{"@id":"https:\/\/bli.com.vn\/#website"},"primaryImageOfPage":{"@id":"https:\/\/bli.com.vn\/en\/may-quet-ma-vach-khong-day-zebra-ds2278-sr\/#primaryimage"},"image":{"@id":"https:\/\/bli.com.vn\/en\/may-quet-ma-vach-khong-day-zebra-ds2278-sr\/#primaryimage"},"thumbnailUrl":"https:\/\/bli.com.vn\/wp-content\/uploads\/2021\/03\/may-quet-ma-vach-Zebra-DS2278-SR_2.jpg","datePublished":"2021-03-20T03:41:16+00:00","dateModified":"2021-12-09T03:05:57+00:00","description":"V\u1edbi m\u00e1y qu\u00e9t m\u00e3 v\u1ea1ch kh\u00f4ng d\u00e2y Zebra DS2278, b\u1ea1n c\u00f3 th\u1ec3 qu\u00e9t c\u1ea3 m\u00e3 v\u1ea1ch 1D v\u00e0 2D v\u1edbi gi\u00e1 c\u1ea3 ph\u1ea3i ch\u0103ng m\u00e0 v\u1eabn \u0111\u1ea1t \u0111\u01b0\u1ee3c hi\u1ec7u su\u1ea5t cao. Zebra DS2278 \u0111\u00e1p \u1ee9ng kh\u1ea3 n\u0103ng chi tr\u1ea3 m\u00e0 ng\u00e2n s\u00e1ch c\u1ee7a b\u1ea1n y\u00eau c\u1ea7u, d\u1ec5 d\u00e0ng trong vi\u1ec7c tri\u1ec3n khai, s\u1eed d\u1ee5ng v\u00e0 qu\u1ea3n l\u00fd cho c\u00e1c y\u00eau c\u1ea7u c\u1ee7a doanh nghi\u1ec7p.","breadcrumb":{"@id":"https:\/\/bli.com.vn\/en\/may-quet-ma-vach-khong-day-zebra-ds2278-sr\/#breadcrumb"},"inLanguage":"en-US","potentialAction":[{"@type":"ReadAction","target":["https:\/\/bli.com.vn\/en\/may-quet-ma-vach-khong-day-zebra-ds2278-sr\/"]}]},{"@type":"ImageObject","inLanguage":"en-US","@id":"https:\/\/bli.com.vn\/en\/may-quet-ma-vach-khong-day-zebra-ds2278-sr\/#primaryimage","url":"https:\/\/bli.com.vn\/wp-content\/uploads\/2021\/03\/may-quet-ma-vach-Zebra-DS2278-SR_2.jpg","contentUrl":"https:\/\/bli.com.vn\/wp-content\/uploads\/2021\/03\/may-quet-ma-vach-Zebra-DS2278-SR_2.jpg","width":600,"height":400,"caption":"M\u00e1y qu\u00e9t m\u00e3 v\u1ea1ch Zebra DS2278-SR"},{"@type":"BreadcrumbList","@id":"https:\/\/bli.com.vn\/en\/may-quet-ma-vach-khong-day-zebra-ds2278-sr\/#breadcrumb","itemListElement":[{"@type":"ListItem","position":1,"name":"Home","item":"https:\/\/bli.com.vn\/"},{"@type":"ListItem","position":2,"name":"S\u1ea3n ph\u1ea9m","item":"https:\/\/bli.com.vn\/san-pham\/"},{"@type":"ListItem","position":3,"name":"M\u00e1y qu\u00e9t m\u00e3 v\u1ea1ch kh\u00f4ng d\u00e2y Zebra DS2278-SR"}]},{"@type":"WebSite","@id":"https:\/\/bli.com.vn\/#website","url":"https:\/\/bli.com.vn\/","name":"BLI Vi\u1ec7t Nam","description":"M\u00e1y in, m\u00e1y qu\u00e9t m\u00e3 v\u1ea1ch Zebra, Honeywell, Datalogic","publisher":{"@id":"https:\/\/bli.com.vn\/#organization"},"potentialAction":[{"@type":"SearchAction","target":{"@type":"EntryPoint","urlTemplate":"https:\/\/bli.com.vn\/?s={search_term_string}"},"query-input":{"@type":"PropertyValueSpecification","valueRequired":true,"valueName":"search_term_string"}}],"inLanguage":"en-US"},{"@type":"Organization","@id":"https:\/\/bli.com.vn\/#organization","name":"BLI Vi\u1ec7t Nam","url":"https:\/\/bli.com.vn\/","logo":{"@type":"ImageObject","inLanguage":"en-US","@id":"https:\/\/bli.com.vn\/#\/schema\/logo\/image\/","url":"https:\/\/bli.com.vn\/wp-content\/uploads\/2021\/03\/site-logo.png","contentUrl":"https:\/\/bli.com.vn\/wp-content\/uploads\/2021\/03\/site-logo.png","width":"400","height":"150","caption":"BLI Vi\u1ec7t Nam"},"image":{"@id":"https:\/\/bli.com.vn\/#\/schema\/logo\/image\/"}}]}},"_links":{"self":[{"href":"https:\/\/bli.com.vn\/en\/wp-json\/wp\/v2\/product\/98","targetHints":{"allow":["GET"]}}],"collection":[{"href":"https:\/\/bli.com.vn\/en\/wp-json\/wp\/v2\/product"}],"about":[{"href":"https:\/\/bli.com.vn\/en\/wp-json\/wp\/v2\/types\/product"}],"wp:featuredmedia":[{"embeddable":true,"href":"https:\/\/bli.com.vn\/en\/wp-json\/wp\/v2\/media\/450"}],"wp:attachment":[{"href":"https:\/\/bli.com.vn\/en\/wp-json\/wp\/v2\/media?parent=98"}],"wp:term":[{"taxonomy":"product_cat","embeddable":true,"href":"https:\/\/bli.com.vn\/en\/wp-json\/wp\/v2\/product_cat?post=98"},{"taxonomy":"product_tag","embeddable":true,"href":"https:\/\/bli.com.vn\/en\/wp-json\/wp\/v2\/product_tag?post=98"}],"curies":[{"name":"wp","href":"https:\/\/api.w.org\/{rel}","templated":true}]}}